{"id":25097,"date":"2019-04-05T09:23:56","date_gmt":"2019-04-05T06:23:56","guid":{"rendered":"https:\/\/sakolifetransfer.com\/ueber-uns\/"},"modified":"2024-07-12T17:10:57","modified_gmt":"2024-07-12T14:10:57","slug":"ueber-uns","status":"publish","type":"page","link":"https:\/\/sakolifetransfer.com\/de\/ueber-uns\/","title":{"rendered":"\u00dcber uns"},"content":{"rendered":"<div class=\"wpb-content-wrapper\"><p>[vc_row][vc_column width=&#8220;1\/2&#8243;][vc_custom_heading text=&#8220;\u00dcber uns&#8220; font_container=&#8220;tag:h3|text_align:left&#8220; use_theme_fonts=&#8220;yes&#8220; css=&#8220;&#8220;][vc_column_text css=&#8220;&#8220;]Wir von SakoLifeTransfer haben es uns zur Aufgabe gemacht, komfortable und zuverl\u00e4ssige Transferservices anzubieten. Ob Sie einen Transfer vom Flughafen zu Ihrem Hotel, vom Hotel zum Flughafen oder innerhalb der Stadt ben\u00f6tigen, wir sind f\u00fcr Sie da. Unser Ziel ist es, Ihre Reisen stressfrei und angenehm zu gestalten, indem wir die Kundenzufriedenheit in den Vordergrund stellen.[\/vc_column_text]<div class=\"theme-component-list theme-component-list-style-2 theme-margin-top-40\">\n<ul>\n<li>Professionally Trained Chauffeurs<\/li>\n<li>24\/7 Full-Service Transportation<\/li>\n<li>Global network of Transportation Partners<\/li>\n<\/ul>\n<\/div>[\/vc_column][vc_column width=&#8220;1\/2&#8243;][vc_single_image image=&#8220;23916&#8243; img_size=&#8220;full&#8220; css=&#8220;&#8220; el_class=&#8220;theme-image-style-1&#8243;][\/vc_column][\/vc_row][vc_row][vc_column width=&#8220;1\/2&#8243;][vc_single_image image=&#8220;23914&#8243; img_size=&#8220;full&#8220; css=&#8220;&#8220; el_class=&#8220;theme-image-style-1&#8243;][\/vc_column][vc_column width=&#8220;1\/2&#8243;][vc_custom_heading text=&#8220;Unser Auftrag&#8220; font_container=&#8220;tag:h3|text_align:left&#8220; use_theme_fonts=&#8220;yes&#8220; css=&#8220;&#8220;][vc_column_text css=&#8220;&#8220;]Unser Ziel ist es, die Reise unserer Kunden zu erleichtern und zu verbessern, indem wir die zuverl\u00e4ssigsten und komfortabelsten Transferdienste anbieten. Wir sind uns bewusst, dass jeder unserer Kunden einzigartig und wichtig ist, und wir bem\u00fchen uns, entsprechend personalisierte Dienstleistungen anzubieten.[\/vc_column_text][\/vc_column][\/vc_row][vc_row][vc_column width=&#8220;1\/2&#8243;][vc_custom_heading text=&#8220;Unsere Werte&#8220; font_container=&#8220;tag:h3|text_align:left&#8220; use_theme_fonts=&#8220;yes&#8220; css=&#8220;&#8220;][vc_column_text css=&#8220;&#8220;]<\/p>\n<ul>\n<li><strong>Verl\u00e4sslichkeit<\/strong>: Wir halten unsere Versprechen gegen\u00fcber unseren Kunden und bieten p\u00fcnktliche und sichere Dienstleistungen.<\/li>\n<li><strong>Kundenzufriedenheit<\/strong>: Wir arbeiten mit einem kundenorientierten Ansatz und gehen auf die Bed\u00fcrfnisse und Erwartungen unserer Kunden bestm\u00f6glich ein.<\/li>\n<li><strong>Professionalit\u00e4t<\/strong>: Mit unserem geschulten und erfahrenen Team liefern wir Dienstleistungen von h\u00f6chster Qualit\u00e4t.<\/li>\n<li><strong>Flexibilit\u00e4t<\/strong>: Wir bieten flexible L\u00f6sungen, die auf die Bed\u00fcrfnisse unserer Kunden zugeschnitten sind.<\/li>\n<\/ul>\n<p>[\/vc_column_text][\/vc_column][vc_column width=&#8220;1\/2&#8243;][vc_single_image image=&#8220;23917&#8243; img_size=&#8220;full&#8220; css=&#8220;&#8220; el_class=&#8220;theme-image-style-1&#8243;][\/vc_column][\/vc_row][vc_row][vc_column width=&#8220;1\/2&#8243;][vc_single_image image=&#8220;23796&#8243; img_size=&#8220;full&#8220; css=&#8220;&#8220; el_class=&#8220;theme-image-style-1&#8243;][\/vc_column][vc_column width=&#8220;1\/2&#8243;][vc_custom_heading text=&#8220;Warum SakoLifeTransfer w\u00e4hlen?&#8220; font_container=&#8220;tag:h3|text_align:left&#8220; use_theme_fonts=&#8220;yes&#8220; css=&#8220;&#8220;][vc_column_text css=&#8220;&#8220;]<\/p>\n<ul>\n<li><strong>24\/7 Service<\/strong>: Unser Kundenbetreuungsteam ist rund um die Uhr f\u00fcr Sie da und steht Ihnen w\u00e4hrend Ihrer Reise jederzeit zur Verf\u00fcgung.<\/li>\n<li><strong>Komfortable Fahrzeuge<\/strong>: Mit unserem modernen und gut gewarteten Fuhrpark sorgen wir f\u00fcr komfortable und sichere Fahrten.<\/li>\n<li><strong>Konkurrenzf\u00e4hige Preise<\/strong>: Wir bieten qualitativ hochwertige Dienstleistungen zu erschwinglichen Preisen, die Ihr Budget schonen.<\/li>\n<\/ul>\n<p>[\/vc_column_text]<div class=\"theme-component-list theme-component-list-style-2 theme-margin-top-40\">Bei SakoLifeTransfer sind wir stolz darauf, unseren gesch\u00e4tzten Kunden den besten Service zu bieten. Wir sind hier, um Ihre Reisen noch angenehmer zu machen. Danke, dass Sie uns gew\u00e4hlt haben.<\/div>[\/vc_column][\/vc_row][vc_row full_width=&#8220;stretch_row_content_no_spaces&#8220;][vc_column]\n            <div class=\"theme-component-process-list\">\n                [vc_row_inner equal_height=&#8220;yes&#8220;][vc_column_inner width=&#8220;1\/4&#8243;]\n            <div class=\"theme-component-process-list-item theme-component-process-list-item-even\">\n                <div>01<\/div>\n                <span class=\"theme-icon-feature-calendar\"><\/span>\n                <p>Jeder unserer Fahrer zeichnet sich durch Professionalit\u00e4t und P\u00fcnktlichkeit aus<\/p>\n            <\/div>\n        [\/vc_column_inner][vc_column_inner width=&#8220;1\/4&#8243;]\n            <div class=\"theme-component-process-list-item theme-component-process-list-item-odd\">\n                <div>02<\/div>\n                <span class=\"theme-icon-feature-recurring-1\"><\/span>\n                <p>Wir gehen immer einen Schritt weiter, wenn es um die Sicherheit<\/p>\n            <\/div>\n        [\/vc_column_inner][vc_column_inner width=&#8220;1\/4&#8243;]\n            <div class=\"theme-component-process-list-item theme-component-process-list-item-even\">\n                <div>03<\/div>\n                <span class=\"theme-icon-feature-bag-1\"><\/span>\n                <p>Sie k\u00f6nnen sich darauf verlassen, dass wir Sie mit unserem Wissen und unserer Erfahrung auf Ihrer Tour begleiten<\/p>\n            <\/div>\n        [\/vc_column_inner][vc_column_inner width=&#8220;1\/4&#8243;]\n            <div class=\"theme-component-process-list-item theme-component-process-list-item-odd\">\n                <div>04<\/div>\n                <span class=\"theme-icon-feature-award\"><\/span>\n                <p>Erstklassige Qualit\u00e4t und preisgekr\u00f6nter Kundenservice<\/p>\n            <\/div>\n        [\/vc_column_inner][\/vc_row_inner]\n            <\/div>\n        [\/vc_column][\/vc_row][vc_row el_class=&#8220;theme-margin-top-40&#8243;][vc_column]\n            <div class=\"theme-component-counter-box\" data-animation_duration=\"2000\">\n                [vc_row_inner el_class=&#8220;theme-column-margin-0&#8243;][vc_column_inner width=&#8220;1\/4&#8243;]\n            <div class=\"theme-component-counter-box-item\" data-value=\"3412\">\n                <span class=\"theme-component-counter-box-item-circle-1\"><\/span>\n                <span class=\"theme-component-counter-box-item-circle-2\"><\/span>\n                <span class=\"theme-component-counter-box-item-value\">0<\/span>\n                <span class=\"theme-component-counter-box-item-label\">Zufriedener Kunde<\/span>\n                <span class=\"theme-component-counter-box-item-tick theme-icon-meta-tick-3\"><\/span>   \n            <\/div>\n        [\/vc_column_inner][vc_column_inner width=&#8220;1\/4&#8243;]\n            <div class=\"theme-component-counter-box-item\" data-value=\"1706\">\n                <span class=\"theme-component-counter-box-item-circle-1\"><\/span>\n                <span class=\"theme-component-counter-box-item-circle-2\"><\/span>\n                <span class=\"theme-component-counter-box-item-value\">0<\/span>\n                <span class=\"theme-component-counter-box-item-label\">Abgeschlossene \u00dcbertragung<\/span>\n                <span class=\"theme-component-counter-box-item-tick theme-icon-meta-tick-3\"><\/span>   \n            <\/div>\n        [\/vc_column_inner][vc_column_inner width=&#8220;1\/4&#8243;]\n            <div class=\"theme-component-counter-box-item\" data-value=\"795\">\n                <span class=\"theme-component-counter-box-item-circle-1\"><\/span>\n                <span class=\"theme-component-counter-box-item-circle-2\"><\/span>\n                <span class=\"theme-component-counter-box-item-value\">0<\/span>\n                <span class=\"theme-component-counter-box-item-label\">VIP-Service<\/span>\n                <span class=\"theme-component-counter-box-item-tick theme-icon-meta-tick-3\"><\/span>   \n            <\/div>\n        [\/vc_column_inner][vc_column_inner width=&#8220;1\/4&#8243;]\n            <div class=\"theme-component-counter-box-item\" data-value=\"15\">\n                <span class=\"theme-component-counter-box-item-circle-1\"><\/span>\n                <span class=\"theme-component-counter-box-item-circle-2\"><\/span>\n                <span class=\"theme-component-counter-box-item-value\">0<\/span>\n                <span class=\"theme-component-counter-box-item-label\">Jahre der Erfahrung<\/span>\n                <span class=\"theme-component-counter-box-item-tick theme-icon-meta-tick-3\"><\/span>   \n            <\/div>\n        [\/vc_column_inner][\/vc_row_inner]\n            <\/div>\n        [\/vc_column][\/vc_row][vc_row disable_element=&#8220;yes&#8220; el_class=&#8220;theme-section-padding&#8220;][vc_column el_class=&#8220;theme-margin-top-100 theme-margin-bottom-0&#8243;]\r\n            <p class=\"theme-component-paragraph-large theme-component-paragraph-large-style-2 aligncenter theme-padding-bottom-80\">\r\n                Private chauffeur, sightseeing tour?<br \/>\nPlease fill out the form below with questions or comments\r\n            <\/p>\r\n        [vc_row][vc_column el_class=\"theme-margin-bottom-0\"]<p class=\"wpcf7-contact-form-not-found\"><strong>Fehler:<\/strong> Kontaktformular wurde nicht gefunden.<\/p>[\/vc_column][\/vc_row][\/vc_column][\/vc_row]<\/p>\n<\/div>","protected":false},"excerpt":{"rendered":"<p>[vc_row][vc_column width=&#8220;1\/2&#8243;][vc_custom_heading text=&#8220;\u00dcber uns&#8220; font_container=&#8220;tag:h3|text_align:left&#8220; use_theme_fonts=&#8220;yes&#8220; css=&#8220;&#8220;][vc_column_text css=&#8220;&#8220;]Wir von SakoLifeTransfer haben es uns zur Aufgabe gemacht, komfortable und zuverl\u00e4ssige Transferservices anzubieten. Ob Sie einen Transfer vom Flughafen zu Ihrem Hotel, vom Hotel zum Flughafen oder innerhalb der Stadt ben\u00f6tigen, wir sind f\u00fcr Sie da. Unser Ziel ist es, Ihre Reisen stressfrei und angenehm zu gestalten, [&#8230;]<\/p>\n","protected":false},"author":5,"featured_media":24733,"parent":0,"menu_order":0,"comment_status":"closed","ping_status":"closed","template":"","meta":{"footnotes":""},"class_list":["post-25097","page","type-page","status-publish","has-post-thumbnail","hentry"],"_links":{"self":[{"href":"https:\/\/sakolifetransfer.com\/de\/wp-json\/wp\/v2\/pages\/25097","targetHints":{"allow":["GET"]}}],"collection":[{"href":"https:\/\/sakolifetransfer.com\/de\/wp-json\/wp\/v2\/pages"}],"about":[{"href":"https:\/\/sakolifetransfer.com\/de\/wp-json\/wp\/v2\/types\/page"}],"author":[{"embeddable":true,"href":"https:\/\/sakolifetransfer.com\/de\/wp-json\/wp\/v2\/users\/5"}],"replies":[{"embeddable":true,"href":"https:\/\/sakolifetransfer.com\/de\/wp-json\/wp\/v2\/comments?post=25097"}],"version-history":[{"count":10,"href":"https:\/\/sakolifetransfer.com\/de\/wp-json\/wp\/v2\/pages\/25097\/revisions"}],"predecessor-version":[{"id":26078,"href":"https:\/\/sakolifetransfer.com\/de\/wp-json\/wp\/v2\/pages\/25097\/revisions\/26078"}],"wp:featuredmedia":[{"embeddable":true,"href":"https:\/\/sakolifetransfer.com\/de\/wp-json\/wp\/v2\/media\/24733"}],"wp:attachment":[{"href":"https:\/\/sakolifetransfer.com\/de\/wp-json\/wp\/v2\/media?parent=25097"}],"curies":[{"name":"wp","href":"https:\/\/api.w.org\/{rel}","templated":true}]}}