{"id":25106,"date":"2024-07-03T11:25:42","date_gmt":"2024-07-03T08:25:42","guid":{"rendered":"https:\/\/sakolifetransfer.com\/cookie-policy\/"},"modified":"2024-07-12T17:13:50","modified_gmt":"2024-07-12T14:13:50","slug":"cookie-richtlinie","status":"publish","type":"page","link":"https:\/\/sakolifetransfer.com\/de\/cookie-richtlinie\/","title":{"rendered":"Cookie-Richtlinie"},"content":{"rendered":"<div class=\"wpb-content-wrapper\"><p>[vc_row][vc_column width=&#8220;2\/3&#8243;][vc_custom_heading text=&#8220;Definitionen&#8220; font_container=&#8220;tag:h3|text_align:left&#8220; use_theme_fonts=&#8220;yes&#8220; css=&#8220;&#8220;][vc_column_text css=&#8220;&#8220;]Cookies sind kleine Textdateien, die verwendet werden, um die Benutzerfreundlichkeit zu verbessern und den effizienten Betrieb von Websites zu gew\u00e4hrleisten. Diese Richtlinie erkl\u00e4rt, wie Cookies auf der Website von SakoLifeTour (im Folgenden als &#8222;Website&#8220; bezeichnet) verwendet werden und wie sie kontrolliert werden k\u00f6nnen.[\/vc_column_text][\/vc_column][vc_column width=&#8220;1\/3&#8243;][vc_single_image image=&#8220;23919&#8243; img_size=&#8220;full&#8220; css=&#8220;&#8220; el_class=&#8220;theme-image-style-1&#8243;][\/vc_column][\/vc_row][vc_row][vc_column][vc_custom_heading text=&#8220;Verwendung von Cookies&#8220; font_container=&#8220;tag:h3|text_align:left&#8220; use_theme_fonts=&#8220;yes&#8220; css=&#8220;&#8220;][vc_column_text css=&#8220;&#8220;]<\/p>\n<ul>\n<li><strong>Wesentliche Cookies<\/strong>: Sie sind notwendig, um die grundlegende Funktionalit\u00e4t der Website zu gew\u00e4hrleisten. Diese Cookies reagieren auf Anfragen, die an die Website gestellt werden, und gew\u00e4hrleisten das ordnungsgem\u00e4\u00dfe Funktionieren der Website.<\/li>\n<li><strong>Leistungs- und Analyse-Cookies<\/strong>: Diese werden verwendet, um die Leistung der Website zu messen und zu verbessern. Diese Cookies helfen uns zu verstehen, welche Seiten besucht werden, welche Links angeklickt werden und wie Sie die Website nutzen.<\/li>\n<li><strong>Werbe-Cookies<\/strong>: Diese werden verwendet, um personalisierte Werbung auf der Grundlage Ihrer Interessen zu liefern. Diese Cookies k\u00f6nnen Werbetreibenden helfen, die Effektivit\u00e4t ihrer Werbekampagnen zu messen.<\/li>\n<\/ul>\n<p>[\/vc_column_text][\/vc_column][\/vc_row][vc_row][vc_column width=&#8220;1\/2&#8243;][vc_custom_heading text=&#8220;Cookies kontrollieren&#8220; font_container=&#8220;tag:h3|text_align:left&#8220; use_theme_fonts=&#8220;yes&#8220; css=&#8220;&#8220;][vc_column_text css=&#8220;&#8220;]Sie k\u00f6nnen Cookies \u00fcber Ihre Browsereinstellungen kontrollieren oder l\u00f6schen. Die Deaktivierung einiger Cookies kann jedoch dazu f\u00fchren, dass bestimmte Funktionen der Website nicht mehr richtig funktionieren.[\/vc_column_text][\/vc_column][vc_column width=&#8220;1\/2&#8243;][vc_custom_heading text=&#8220;Aktualisierungen&#8220; font_container=&#8220;tag:h3|text_align:left&#8220; use_theme_fonts=&#8220;yes&#8220; css=&#8220;&#8220;][vc_column_text css=&#8220;&#8220;]Diese Cookie-Richtlinie kann bei Bedarf aktualisiert oder ge\u00e4ndert werden. Wenn Sie die Website nach der Ver\u00f6ffentlichung der aktualisierten Richtlinien weiter nutzen, bedeutet dies, dass Sie diese Richtlinien akzeptieren.[\/vc_column_text][\/vc_column][\/vc_row][vc_row][vc_column][vc_custom_heading text=&#8220;Kontakt&#8220; font_container=&#8220;tag:h3|text_align:left&#8220; use_theme_fonts=&#8220;yes&#8220; css=&#8220;&#8220;][vc_column_text css=&#8220;&#8220;]Wenn Sie weitere Informationen \u00fcber unsere Cookie-Richtlinie w\u00fcnschen oder Fragen haben, senden Sie bitte eine E-Mail an <strong>[info@sakolifetransfer .com]<\/strong>[\/vc_column_text][\/vc_column][\/vc_row]<\/p>\n<\/div>","protected":false},"excerpt":{"rendered":"<p>[vc_row][vc_column width=&#8220;2\/3&#8243;][vc_custom_heading text=&#8220;Definitionen&#8220; font_container=&#8220;tag:h3|text_align:left&#8220; use_theme_fonts=&#8220;yes&#8220; css=&#8220;&#8220;][vc_column_text css=&#8220;&#8220;]Cookies sind kleine Textdateien, die verwendet werden, um die Benutzerfreundlichkeit zu verbessern und den effizienten Betrieb von Websites zu gew\u00e4hrleisten. Diese Richtlinie erkl\u00e4rt, wie Cookies auf der Website von SakoLifeTour (im Folgenden als &#8222;Website&#8220; bezeichnet) verwendet werden und wie sie kontrolliert werden k\u00f6nnen.[\/vc_column_text][\/vc_column][vc_column width=&#8220;1\/3&#8243;][vc_single_image image=&#8220;23919&#8243; img_size=&#8220;full&#8220; css=&#8220;&#8220; el_class=&#8220;theme-image-style-1&#8243;][\/vc_column][\/vc_row][vc_row][vc_column][vc_custom_heading text=&#8220;Verwendung [&#8230;]<\/p>\n","protected":false},"author":5,"featured_media":0,"parent":0,"menu_order":0,"comment_status":"closed","ping_status":"closed","template":"","meta":{"footnotes":""},"class_list":["post-25106","page","type-page","status-publish","hentry"],"_links":{"self":[{"href":"https:\/\/sakolifetransfer.com\/de\/wp-json\/wp\/v2\/pages\/25106","targetHints":{"allow":["GET"]}}],"collection":[{"href":"https:\/\/sakolifetransfer.com\/de\/wp-json\/wp\/v2\/pages"}],"about":[{"href":"https:\/\/sakolifetransfer.com\/de\/wp-json\/wp\/v2\/types\/page"}],"author":[{"embeddable":true,"href":"https:\/\/sakolifetransfer.com\/de\/wp-json\/wp\/v2\/users\/5"}],"replies":[{"embeddable":true,"href":"https:\/\/sakolifetransfer.com\/de\/wp-json\/wp\/v2\/comments?post=25106"}],"version-history":[{"count":4,"href":"https:\/\/sakolifetransfer.com\/de\/wp-json\/wp\/v2\/pages\/25106\/revisions"}],"predecessor-version":[{"id":25496,"href":"https:\/\/sakolifetransfer.com\/de\/wp-json\/wp\/v2\/pages\/25106\/revisions\/25496"}],"wp:attachment":[{"href":"https:\/\/sakolifetransfer.com\/de\/wp-json\/wp\/v2\/media?parent=25106"}],"curies":[{"name":"wp","href":"https:\/\/api.w.org\/{rel}","templated":true}]}}