{"id":25122,"date":"2024-07-04T14:37:41","date_gmt":"2024-07-04T11:37:41","guid":{"rendered":"https:\/\/sakolifetransfer.com\/tour\/"},"modified":"2024-07-14T14:00:41","modified_gmt":"2024-07-14T11:00:41","slug":"tour","status":"publish","type":"page","link":"https:\/\/sakolifetransfer.com\/de\/tour\/","title":{"rendered":"Tour"},"content":{"rendered":"<div class=\"wpb-content-wrapper\"><p>[vc_row css=&#8220;.vc_custom_1720094857542{margin-bottom: 50px !important;padding-top: 25px !important;padding-right: 25px !important;padding-bottom: 25px !important;padding-left: 25px !important;background-color: rgba(153,153,153,0.14) !important;*background-color: rgb(153,153,153) !important;border-radius: 5px !important;}&#8220;][vc_column el_class=&#8220;theme-margin-bottom-0&#8243;][vc_column_text css=&#8220;&#8220;]<\/p>\n<h3 style=\"text-align: center;\">Discover Turkey with SakoLife Tour<\/h3>\n<p>We, SakoLife Tour, a local travel agency in Alanya, organize affordable day trips. Join us for excursions from popular holiday resorts like Alanya, Side, Mahmutlar, Manavgat, Bodrum, Marmaris, Fethiye, Sarigerme, Ozdere, Belek, Antalya, Kemer, Kusadas\u0131, Didim, Istanbul and many more in the Aegean and Mediterranean regions. Explore both the European and partially Asian sides of Turkey with Turkish guides.<\/p>\n<p>Traveling with SakoLife Tour means professionalism, punctuality, and sincerity. We can also organize special tour programs upon request. Check out the attractions we offer and add your dream destinations to your list! Discover, explore, and travel with us. We eagerly await our valued customers![\/vc_column_text][\/vc_column][\/vc_row][vc_row el_class=&#8220;tourrow&#8220;][vc_column width=&#8220;1\/3&#8243; el_class=&#8220;theme-margin-bottom-0&#8243;][vc_single_image image=&#8220;24044&#8243; img_size=&#8220;400&#8243; alignment=&#8220;center&#8220; style=&#8220;vc_box_rounded&#8220; onclick=&#8220;custom_link&#8220; css=&#8220;&#8220; link=&#8220;https:\/\/sakolifetour.com\/wycieczki\/alanya&#8220;][vc_column_text css=&#8220;.vc_custom_1720877102899{margin-top: 10px !important;margin-right: 10px !important;margin-left: 10px !important;padding-bottom: 5px !important;background-color: #ff700a !important;border-radius: 3px !important;border-color: #ff700a !important;}&#8220;]<\/p>\n<p style=\"text-align: center; color: white; font-weight: 600; text-decoration: none;\"><strong><img loading=\"lazy\" decoding=\"async\" class=\"alignnone size-full wp-image-24043\" style=\"display: block; margin-left: auto; margin-right: auto;\" src=\"https:\/\/sakolifetransfer.com\/wp-content\/uploads\/2024\/07\/Basliksiz-1.png\" alt=\"\" width=\"20\" height=\"20\" \/><a style=\"color: white; text-decoration: none; font-weight: 600;\" href=\"https:\/\/sakolifetour.com\/wycieczki\/alanya\">Review Offers<\/a><br \/>\n<\/strong>[\/vc_column_text][vc_column_text css=&#8220;.vc_custom_1720877118626{padding-right: 10px !important;padding-bottom: 10px !important;padding-left: 10px !important;}&#8220;]<a style=\"color: #556677; text-decoration: none;\" href=\"https:\/\/sakolifetour.com\/wycieczki\/alanya\">Unser Reiseb\u00fcro bietet optionale Ausfl\u00fcge von jedem Hotel in Alanya und seiner Umgebung an! Wir laden Sie ein, uns bei Ausfl\u00fcgen in das magische Pamukkale und Kappadokien zu begleiten.<\/a>[\/vc_column_text][\/vc_column][vc_column width=&#8220;1\/3&#8243;][vc_single_image image=&#8220;24065&#8243; img_size=&#8220;400&#8243; alignment=&#8220;center&#8220; style=&#8220;vc_box_rounded&#8220; onclick=&#8220;custom_link&#8220; css=&#8220;&#8220; link=&#8220;https:\/\/sakolifetour.com\/wycieczki\/side&#8220;][vc_column_text css=&#8220;.vc_custom_1720877143299{margin-top: 10px !important;margin-right: 10px !important;margin-left: 10px !important;padding-bottom: 5px !important;background-color: #ff700a !important;border-radius: 3px !important;border-color: #ff700a !important;}&#8220;]<\/p>\n<p style=\"text-align: center; color: white; font-weight: 600; text-decoration: none;\"><strong><img loading=\"lazy\" decoding=\"async\" class=\"alignnone size-full wp-image-24043\" style=\"display: block; margin-left: auto; margin-right: auto;\" src=\"https:\/\/sakolifetransfer.com\/wp-content\/uploads\/2024\/07\/Basliksiz-1.png\" alt=\"\" width=\"20\" height=\"20\" \/><a style=\"color: white; text-decoration: none; font-weight: 600;\" href=\"https:\/\/sakolifetour.com\/wycieczki\/side\">Review Offers<\/a><br \/>\n<\/strong>[\/vc_column_text][vc_column_text css=&#8220;.vc_custom_1720877153379{padding-right: 10px !important;padding-bottom: 10px !important;padding-left: 10px !important;}&#8220;]<a style=\"color: #556677; text-decoration: none;\" href=\"https:\/\/sakolifetour.com\/wycieczki\/side\">Diese malerische Stadt bietet sowohl sch\u00f6ne Str\u00e4nde als auch ein reiches historisches Erbe, das Touristen aus der ganzen Welt anzieht. Side ist die Heimat vieler antiker Ruinen.<\/a>[\/vc_column_text][\/vc_column][vc_column width=&#8220;1\/3&#8243;][vc_single_image image=&#8220;24067&#8243; img_size=&#8220;400&#8243; alignment=&#8220;center&#8220; style=&#8220;vc_box_rounded&#8220; onclick=&#8220;custom_link&#8220; css=&#8220;&#8220; link=&#8220;https:\/\/sakolifetour.com\/wycieczki\/manavgat&#8220;][vc_column_text css=&#8220;.vc_custom_1720877172170{margin-top: 10px !important;margin-right: 10px !important;margin-left: 10px !important;padding-bottom: 5px !important;background-color: #ff700a !important;border-radius: 3px !important;border-color: #ff700a !important;}&#8220;]<\/p>\n<p style=\"text-align: center; color: white; font-weight: 600; text-decoration: none;\"><strong><img loading=\"lazy\" decoding=\"async\" class=\"alignnone size-full wp-image-24043\" style=\"display: block; margin-left: auto; margin-right: auto;\" src=\"https:\/\/sakolifetransfer.com\/wp-content\/uploads\/2024\/07\/Basliksiz-1.png\" alt=\"\" width=\"20\" height=\"20\" \/><a style=\"color: white; text-decoration: none; font-weight: 600;\" href=\"https:\/\/sakolifetour.com\/wycieczki\/manavgat\">Review Offers<\/a><br \/>\n<\/strong>[\/vc_column_text][vc_column_text css=&#8220;.vc_custom_1720877181186{padding-right: 10px !important;padding-bottom: 10px !important;padding-left: 10px !important;}&#8220;]<a style=\"color: #556677; text-decoration: none;\" href=\"https:\/\/sakolifetour.com\/wycieczki\/manavgat\">Der Manavgat-Wasserfall ist eine der Hauptattraktionen der Stadt. Es ist ein beeindruckender Anblick, besonders in den Fr\u00fchlings- und Sommermonaten, wenn der Wasserfallbach voll Wasser ist.<\/a>[\/vc_column_text][\/vc_column][\/vc_row][vc_row el_class=&#8220;tourrow&#8220;][vc_column width=&#8220;1\/3&#8243; el_class=&#8220;theme-margin-bottom-0&#8243;][vc_single_image image=&#8220;24069&#8243; img_size=&#8220;400&#8243; alignment=&#8220;center&#8220; style=&#8220;vc_box_rounded&#8220; onclick=&#8220;custom_link&#8220; css=&#8220;&#8220; link=&#8220;https:\/\/sakolifetour.com\/wycieczki\/antalya&#8220;][vc_column_text css=&#8220;.vc_custom_1720877206140{margin-top: 10px !important;margin-right: 10px !important;margin-left: 10px !important;padding-bottom: 5px !important;background-color: #ff700a !important;border-radius: 3px !important;border-color: #ff700a !important;}&#8220;]<\/p>\n<p style=\"text-align: center; color: white; font-weight: 600; text-decoration: none;\"><strong><img loading=\"lazy\" decoding=\"async\" class=\"alignnone size-full wp-image-24043\" style=\"display: block; margin-left: auto; margin-right: auto;\" src=\"https:\/\/sakolifetransfer.com\/wp-content\/uploads\/2024\/07\/Basliksiz-1.png\" alt=\"\" width=\"20\" height=\"20\" \/><a style=\"color: white; text-decoration: none; font-weight: 600;\" href=\"https:\/\/sakolifetour.com\/wycieczki\/antalya\">Review Offers<\/a><br \/>\n<\/strong>[\/vc_column_text][vc_column_text css=&#8220;.vc_custom_1720877259923{padding-right: 10px !important;padding-bottom: 10px !important;padding-left: 10px !important;}&#8220;]<a style=\"color: #556677; text-decoration: none;\" href=\"https:\/\/sakolifetour.com\/wycieczki\/antalya\">Dies ist ein bezaubernder Ort, der die Sch\u00f6nheit des Mittelmeers, eine faszinierende Geschichte und eine breite Palette an touristischen Attraktionen wie die Altstadt und den D\u00fcden-Wasserfall vereint.<\/a>[\/vc_column_text][\/vc_column][vc_column width=&#8220;1\/3&#8243;][vc_single_image image=&#8220;24071&#8243; img_size=&#8220;400&#8243; alignment=&#8220;center&#8220; style=&#8220;vc_box_rounded&#8220; onclick=&#8220;custom_link&#8220; css=&#8220;&#8220; link=&#8220;https:\/\/sakolifetour.com\/wycieczki\/belek&#8220;][vc_column_text css=&#8220;.vc_custom_1720104610508{margin-top: 10px !important;margin-right: 10px !important;margin-left: 10px !important;padding-bottom: 5px !important;background-color: #ff700a !important;border-radius: 3px !important;border-color: #ff700a !important;}&#8220;]<\/p>\n<p style=\"text-align: center; color: white; font-weight: 600; text-decoration: none;\"><strong><img loading=\"lazy\" decoding=\"async\" class=\"alignnone size-full wp-image-24043\" style=\"display: block; margin-left: auto; margin-right: auto;\" src=\"https:\/\/sakolifetransfer.com\/wp-content\/uploads\/2024\/07\/Basliksiz-1.png\" alt=\"\" width=\"20\" height=\"20\" \/><a style=\"color: white; text-decoration: none; font-weight: 600;\" href=\"https:\/\/sakolifetour.com\/offers\/belek\">Review Offers<\/a><br \/>\n<\/strong>[\/vc_column_text][vc_column_text css=&#8220;.vc_custom_1720877218515{padding-right: 10px !important;padding-bottom: 10px !important;padding-left: 10px !important;}&#8220;]<a style=\"color: #556677; text-decoration: none;\" href=\"https:\/\/sakolifetour.com\/wycieczki\/kemer\">Dieses luxuri\u00f6se Resort ist vor allem f\u00fcr seine sch\u00f6nen Str\u00e4nde, seine Weltklasse-Golfpl\u00e4tze und seine hochwertigen Hoteleinrichtungen bekannt. Das K\u00f6pr\u00fcl\u00fc River Nature Reserve liegt in der N\u00e4he von Belek.<\/a>[\/vc_column_text][\/vc_column][vc_column width=&#8220;1\/3&#8243;][vc_single_image image=&#8220;24072&#8243; img_size=&#8220;400&#8243; alignment=&#8220;center&#8220; style=&#8220;vc_box_rounded&#8220; onclick=&#8220;custom_link&#8220; css=&#8220;&#8220; link=&#8220;https:\/\/sakolifetour.com\/wycieczki\/kemer&#8220;][vc_column_text css=&#8220;.vc_custom_1720877317459{margin-top: 10px !important;margin-right: 10px !important;margin-left: 10px !important;padding-bottom: 5px !important;background-color: #ff700a !important;border-radius: 3px !important;border-color: #ff700a !important;}&#8220;]<\/p>\n<p style=\"text-align: center; color: white; font-weight: 600; text-decoration: none;\"><strong><img loading=\"lazy\" decoding=\"async\" class=\"alignnone size-full wp-image-24043\" style=\"display: block; margin-left: auto; margin-right: auto;\" src=\"https:\/\/sakolifetransfer.com\/wp-content\/uploads\/2024\/07\/Basliksiz-1.png\" alt=\"\" width=\"20\" height=\"20\" \/><a style=\"color: white; text-decoration: none; font-weight: 600;\" href=\"https:\/\/sakolifetour.com\/wycieczki\/manavgat\">Review Offers<\/a><br \/>\n<\/strong>[\/vc_column_text][vc_column_text css=&#8220;.vc_custom_1720881024586{padding-right: 10px !important;padding-bottom: 10px !important;padding-left: 10px !important;}&#8220;]<a style=\"color: #556677; text-decoration: none;\" href=\"https:\/\/sakolifetour.com\/wycieczki\/kemer\">Near Kemer, there are the G\u00f6yn\u00fck Canyon Nature Reserve, Olimpos-Beyda\u011flar\u0131 National Park, and the ancient city of Olimpos. Kemer offers many opportunities for water sports activities.<\/a>[\/vc_column_text][\/vc_column][\/vc_row][vc_row el_class=&#8220;tourrow&#8220;][vc_column width=&#8220;1\/3&#8243; el_class=&#8220;theme-margin-bottom-0&#8243;][vc_single_image image=&#8220;24074&#8243; img_size=&#8220;400&#8243; alignment=&#8220;center&#8220; style=&#8220;vc_box_rounded&#8220; onclick=&#8220;custom_link&#8220; css=&#8220;&#8220; link=&#8220;https:\/\/sakolifetour.com\/wycieczki\/kusadasi&#8220;][vc_column_text css=&#8220;.vc_custom_1720877377691{margin-top: 10px !important;margin-right: 10px !important;margin-left: 10px !important;padding-bottom: 5px !important;background-color: #ff700a !important;border-radius: 3px !important;border-color: #ff700a !important;}&#8220;]<\/p>\n<p style=\"text-align: center; color: white; font-weight: 600; text-decoration: none;\"><strong><img loading=\"lazy\" decoding=\"async\" class=\"alignnone size-full wp-image-24043\" style=\"display: block; margin-left: auto; margin-right: auto;\" src=\"https:\/\/sakolifetransfer.com\/wp-content\/uploads\/2024\/07\/Basliksiz-1.png\" alt=\"\" width=\"20\" height=\"20\" \/><a style=\"color: white; text-decoration: none; font-weight: 600;\" href=\"https:\/\/sakolifetour.com\/wycieczki\/kusadasi\">Review Offers<\/a><br \/>\n<\/strong>[\/vc_column_text][vc_column_text css=&#8220;.vc_custom_1720877424011{padding-right: 10px !important;padding-bottom: 10px !important;padding-left: 10px !important;}&#8220;]<a style=\"color: #556677; text-decoration: none;\" href=\"https:\/\/sakolifetour.com\/offers\/kusadasi\">Kusadasi begr\u00fc\u00dft Sie mit seinen bezaubernden Str\u00e4nden und dem t\u00fcrkisblauen Meer. W\u00e4hrend Sie am Ufer entlang spazieren, k\u00f6nnen Sie die erfrischende Meeresbrise sp\u00fcren und die Sonne aufsaugen.<\/a>[\/vc_column_text][\/vc_column][vc_column width=&#8220;1\/3&#8243;][vc_single_image image=&#8220;24075&#8243; img_size=&#8220;400&#8243; alignment=&#8220;center&#8220; style=&#8220;vc_box_rounded&#8220; onclick=&#8220;custom_link&#8220; css=&#8220;&#8220; link=&#8220;https:\/\/sakolifetour.com\/wycieczki\/marmaris&#8220;][vc_column_text css=&#8220;.vc_custom_1720877386091{margin-top: 10px !important;margin-right: 10px !important;margin-left: 10px !important;padding-bottom: 5px !important;background-color: #ff700a !important;border-radius: 3px !important;border-color: #ff700a !important;}&#8220;]<\/p>\n<p style=\"text-align: center; color: white; font-weight: 600; text-decoration: none;\"><strong><img loading=\"lazy\" decoding=\"async\" class=\"alignnone size-full wp-image-24043\" style=\"display: block; margin-left: auto; margin-right: auto;\" src=\"https:\/\/sakolifetransfer.com\/wp-content\/uploads\/2024\/07\/Basliksiz-1.png\" alt=\"\" width=\"20\" height=\"20\" \/><a style=\"color: white; text-decoration: none; font-weight: 600;\" href=\"https:\/\/sakolifetour.com\/wycieczki\/marmaris\">Review Offers<\/a><br \/>\n<\/strong>[\/vc_column_text][vc_column_text css=&#8220;.vc_custom_1720877413914{padding-right: 10px !important;padding-bottom: 10px !important;padding-left: 10px !important;}&#8220;]<a style=\"color: #556677; text-decoration: none;\" href=\"https:\/\/sakolifetour.com\/wycieczki\/marmaris\">Die Burg von Marmaris liegt auf einem H\u00fcgel oberhalb der Stadt und bietet einen spektakul\u00e4ren Blick auf Marmaris und die umliegende K\u00fcste. Auch das antike r\u00f6mische Amphitheater ist sehenswert.<\/a>[\/vc_column_text][\/vc_column][vc_column width=&#8220;1\/3&#8243;][vc_single_image image=&#8220;24076&#8243; img_size=&#8220;400&#8243; alignment=&#8220;center&#8220; style=&#8220;vc_box_rounded&#8220; onclick=&#8220;custom_link&#8220; css=&#8220;&#8220; link=&#8220;https:\/\/sakolifetour.com\/wycieczki\/bodrum&#8220;][vc_column_text css=&#8220;.vc_custom_1720877393803{margin-top: 10px !important;margin-right: 10px !important;margin-left: 10px !important;padding-bottom: 5px !important;background-color: #ff700a !important;border-radius: 3px !important;border-color: #ff700a !important;}&#8220;]<\/p>\n<p style=\"text-align: center; color: white; font-weight: 600; text-decoration: none;\"><strong><img loading=\"lazy\" decoding=\"async\" class=\"alignnone size-full wp-image-24043\" style=\"display: block; margin-left: auto; margin-right: auto;\" src=\"https:\/\/sakolifetransfer.com\/wp-content\/uploads\/2024\/07\/Basliksiz-1.png\" alt=\"\" width=\"20\" height=\"20\" \/><a style=\"color: white; text-decoration: none; font-weight: 600;\" href=\"https:\/\/sakolifetour.com\/wycieczki\/bodrum\">Review Offers<\/a><br \/>\n<\/strong>[\/vc_column_text][vc_column_text css=&#8220;.vc_custom_1720877404394{padding-right: 10px !important;padding-bottom: 10px !important;padding-left: 10px !important;}&#8220;]<a style=\"color: #556677; text-decoration: none;\" href=\"https:\/\/sakolifetour.com\/wycieczki\/bodrum\">Bodrum ist ein guter Ausgangspunkt f\u00fcr optionale Ausfl\u00fcge. Wir bieten Ausfl\u00fcge zu den Monumenten von Ephesus und Pamukkale sowie Kreuzfahrten zu den griechischen Inseln Kos und Rhodos an.<\/a>[\/vc_column_text][\/vc_column][\/vc_row][vc_row el_class=&#8220;tourrow&#8220;][vc_column width=&#8220;1\/3&#8243; el_class=&#8220;theme-margin-bottom-0&#8243;][vc_single_image image=&#8220;24081&#8243; img_size=&#8220;400&#8243; alignment=&#8220;center&#8220; style=&#8220;vc_box_rounded&#8220; onclick=&#8220;custom_link&#8220; css=&#8220;&#8220; link=&#8220;https:\/\/sakolifetour.com\/wycieczki\/istanbul&#8220;][vc_column_text css=&#8220;.vc_custom_1720877480906{margin-top: 10px !important;margin-right: 10px !important;margin-left: 10px !important;padding-bottom: 5px !important;background-color: #ff700a !important;border-radius: 3px !important;border-color: #ff700a !important;}&#8220;]<\/p>\n<p style=\"text-align: center; color: white; font-weight: 600; text-decoration: none;\"><strong><img loading=\"lazy\" decoding=\"async\" class=\"alignnone size-full wp-image-24043\" style=\"display: block; margin-left: auto; margin-right: auto;\" src=\"https:\/\/sakolifetransfer.com\/wp-content\/uploads\/2024\/07\/Basliksiz-1.png\" alt=\"\" width=\"20\" height=\"20\" \/><a style=\"color: white; text-decoration: none; font-weight: 600;\" href=\"https:\/\/sakolifetour.com\/wycieczki\/istanbul\">Review Offers<\/a><br \/>\n<\/strong>[\/vc_column_text][vc_column_text css=&#8220;.vc_custom_1720877490243{padding-right: 10px !important;padding-bottom: 10px !important;padding-left: 10px !important;}&#8220;]<a style=\"color: #556677; text-decoration: none;\" href=\"https:\/\/sakolifetour.com\/wycieczki\/istanbul\">Istanbul ist eine der faszinierendsten und historischsten St\u00e4dte der Welt. Sie ist die einzige Stadt, die auf zwei Kontinenten liegt: Europa und Asien. Sie k\u00f6nnen die Blaue Moschee, die Hagia Sophia und den Topkapi-Palast besuchen.<\/a>[\/vc_column_text][\/vc_column][vc_column width=&#8220;1\/3&#8243;][vc_single_image image=&#8220;24082&#8243; img_size=&#8220;400&#8243; alignment=&#8220;center&#8220; style=&#8220;vc_box_rounded&#8220; onclick=&#8220;custom_link&#8220; css=&#8220;&#8220; link=&#8220;https:\/\/sakolifetour.com\/wycieczki\/izmir&#8220;][vc_column_text css=&#8220;.vc_custom_1720877468555{margin-top: 10px !important;margin-right: 10px !important;margin-left: 10px !important;padding-bottom: 5px !important;background-color: #ff700a !important;border-radius: 3px !important;border-color: #ff700a !important;}&#8220;]<\/p>\n<p style=\"text-align: center; color: white; font-weight: 600; text-decoration: none;\"><strong><img loading=\"lazy\" decoding=\"async\" class=\"alignnone size-full wp-image-24043\" style=\"display: block; margin-left: auto; margin-right: auto;\" src=\"https:\/\/sakolifetransfer.com\/wp-content\/uploads\/2024\/07\/Basliksiz-1.png\" alt=\"\" width=\"20\" height=\"20\" \/><a style=\"color: white; text-decoration: none; font-weight: 600;\" href=\"https:\/\/sakolifetour.com\/wycieczki\/izmir\">Review Offers<\/a><br \/>\n<\/strong>[\/vc_column_text][vc_column_text css=&#8220;.vc_custom_1720877499283{padding-right: 10px !important;padding-bottom: 10px !important;padding-left: 10px !important;}&#8220;]<a style=\"color: #556677; text-decoration: none;\" href=\"https:\/\/sakolifetour.com\/wycieczki\/izmir\">Begleiten Sie uns in dieser faszinierenden Stadt auf eine Reise der Entdeckung und Bereicherung. Izmir, eine harmonische Mischung aus Geschichte, Kultur und Natur, wartet darauf, Sie zu verzaubern.  <\/a>[\/vc_column_text][\/vc_column][vc_column width=&#8220;1\/3&#8243;][vc_single_image image=&#8220;24078&#8243; img_size=&#8220;400&#8243; alignment=&#8220;center&#8220; style=&#8220;vc_box_rounded&#8220; onclick=&#8220;custom_link&#8220; css=&#8220;&#8220; link=&#8220;https:\/\/sakolifetour.com\/wycieczki\/fethiye&#8220;][vc_column_text css=&#8220;.vc_custom_1720877460243{margin-top: 10px !important;margin-right: 10px !important;margin-left: 10px !important;padding-bottom: 5px !important;background-color: #ff700a !important;border-radius: 3px !important;border-color: #ff700a !important;}&#8220;]<\/p>\n<p style=\"text-align: center; color: white; font-weight: 600; text-decoration: none;\"><strong><img loading=\"lazy\" decoding=\"async\" class=\"alignnone size-full wp-image-24043\" style=\"display: block; margin-left: auto; margin-right: auto;\" src=\"https:\/\/sakolifetransfer.com\/wp-content\/uploads\/2024\/07\/Basliksiz-1.png\" alt=\"\" width=\"20\" height=\"20\" \/><a style=\"color: white; text-decoration: none; font-weight: 600;\" href=\"https:\/\/sakolifetour.com\/wycieczki\/fethiye\">Review Offers<\/a><br \/>\n<\/strong>[\/vc_column_text][vc_column_text css=&#8220;.vc_custom_1720877508466{padding-right: 10px !important;padding-bottom: 10px !important;padding-left: 10px !important;}&#8220;]<a style=\"color: #556677; text-decoration: none;\" href=\"https:\/\/sakolifetour.com\/wycieczki\/fethiye\">Ein beliebter Urlaubsort, der sch\u00f6ne Str\u00e4nde, malerische Landschaften, historische Denkm\u00e4ler und verschiedene Touristenattraktionen wie \u00d6l\u00fcdeniz, den Yachthafen von Fethiye und die Sakl\u0131kent-Schlucht bietet.<\/a>[\/vc_column_text][\/vc_column][\/vc_row]<\/p>\n<\/div>","protected":false},"excerpt":{"rendered":"<p>[vc_row css=&#8220;.vc_custom_1720094857542{margin-bottom: 50px !important;padding-top: 25px !important;padding-right: 25px !important;padding-bottom: 25px !important;padding-left: 25px !important;background-color: rgba(153,153,153,0.14) !important;*background-color: rgb(153,153,153) !important;border-radius: 5px !important;}&#8220;][vc_column el_class=&#8220;theme-margin-bottom-0&#8243;][vc_column_text css=&#8220;&#8220;] Discover Turkey with SakoLife Tour We, SakoLife Tour, a local travel agency in Alanya, organize affordable day trips. Join us for excursions from popular holiday resorts like Alanya, Side, Mahmutlar, Manavgat, Bodrum, Marmaris, Fethiye, Sarigerme, [&#8230;]<\/p>\n","protected":false},"author":5,"featured_media":0,"parent":0,"menu_order":0,"comment_status":"closed","ping_status":"closed","template":"","meta":{"footnotes":""},"class_list":["post-25122","page","type-page","status-publish","hentry"],"_links":{"self":[{"href":"https:\/\/sakolifetransfer.com\/de\/wp-json\/wp\/v2\/pages\/25122","targetHints":{"allow":["GET"]}}],"collection":[{"href":"https:\/\/sakolifetransfer.com\/de\/wp-json\/wp\/v2\/pages"}],"about":[{"href":"https:\/\/sakolifetransfer.com\/de\/wp-json\/wp\/v2\/types\/page"}],"author":[{"embeddable":true,"href":"https:\/\/sakolifetransfer.com\/de\/wp-json\/wp\/v2\/users\/5"}],"replies":[{"embeddable":true,"href":"https:\/\/sakolifetransfer.com\/de\/wp-json\/wp\/v2\/comments?post=25122"}],"version-history":[{"count":71,"href":"https:\/\/sakolifetransfer.com\/de\/wp-json\/wp\/v2\/pages\/25122\/revisions"}],"predecessor-version":[{"id":26409,"href":"https:\/\/sakolifetransfer.com\/de\/wp-json\/wp\/v2\/pages\/25122\/revisions\/26409"}],"wp:attachment":[{"href":"https:\/\/sakolifetransfer.com\/de\/wp-json\/wp\/v2\/media?parent=25122"}],"curies":[{"name":"wp","href":"https:\/\/api.w.org\/{rel}","templated":true}]}}