{"id":25126,"date":"2024-07-03T13:02:17","date_gmt":"2024-07-03T10:02:17","guid":{"rendered":"https:\/\/sakolifetransfer.com\/vip-transfer-services\/"},"modified":"2024-07-12T17:38:19","modified_gmt":"2024-07-12T14:38:19","slug":"vip-transferdienste","status":"publish","type":"page","link":"https:\/\/sakolifetransfer.com\/de\/vip-transferdienste\/","title":{"rendered":"VIP-Transferdienste"},"content":{"rendered":"<div class=\"wpb-content-wrapper\"><p>[vc_row][vc_column width=&#8220;1\/3&#8243;][vc_single_image image=&#8220;23931&#8243; img_size=&#8220;full&#8220; css=&#8220;&#8220;][\/vc_column][vc_column width=&#8220;2\/3&#8243;]\r\n            <p class=\"theme-component-paragraph-large theme-component-paragraph-large-style-2 alignleft theme-padding-top-0 theme-padding-bottom-0\">\r\n                VIP-Transferdienste\r\n            <\/p>\r\n        [vc_column_text css=&#8220;&#8220; el_class=&#8220;theme-padding-top-30&#8243;]Bei SakoLifeTransfer bieten wir VIP-Transferdienste an, um Ihr Reiseerlebnis noch komfortabler und luxuri\u00f6ser zu gestalten. Unser VIP-Transfer-Service umfasst private Fahrzeuge und erfahrenes Personal f\u00fcr Flughafentransfers und Transfers vom Hotel zum Flughafen. Unser VIP-Transferservice wurde entwickelt, um Ihnen ein pers\u00f6nliches und komfortables Reiseerlebnis zu bieten und Ihre Reise angenehmer und stressfreier zu gestalten.[\/vc_column_text][\/vc_column][\/vc_row][vc_row el_class=&#8220;theme-margin-top-20&#8243;][vc_column]\r\n            <p class=\"theme-component-paragraph-large theme-component-paragraph-large-style-2 alignleft theme-padding-top-0 theme-padding-bottom-0\">\r\n                Unsere Dienstleistungen\r\n            <\/p>\r\n        [vc_column_text css=&#8220;&#8220; el_class=&#8220;theme-padding-top-30&#8243;]<\/p>\n<ul>\n<li><strong>Komfortable Fahrzeuge<\/strong>: In unserem VIP-Transfer-Service verwenden wir speziell ausgew\u00e4hlte Luxusfahrzeuge f\u00fcr Ihren Komfort. Mit ger\u00e4umigen Innenr\u00e4umen, bequemen Sitzen und einer hochmodernen Ausstattung m\u00f6chten wir Ihnen die Fahrt so angenehm wie m\u00f6glich machen.<\/li>\n<li><strong>Privater Fahrerservice<\/strong>: Unsere erfahrenen und freundlichen Fahrer begleiten Sie w\u00e4hrend Ihrer gesamten Reise und bieten Ihnen alle Unterst\u00fctzung, die Sie f\u00fcr Ihren Komfort ben\u00f6tigen.<\/li>\n<li><strong>Pers\u00f6nlicher Service<\/strong>: Unser VIP-Transferservice ist auf die besonderen Bed\u00fcrfnisse und Vorlieben unserer Kunden abgestimmt. Wir bem\u00fchen uns, Ihre W\u00fcnsche zu ber\u00fccksichtigen und Ihre Reise so angenehm wie m\u00f6glich zu gestalten.<\/li>\n<li><strong>Sicherheit und Verl\u00e4sslichkeit<\/strong>: Ihre Sicherheit steht bei uns an erster Stelle und wir sorgen daf\u00fcr, dass alle unsere Fahrzeuge gut gewartet und von erfahrenen Profis gefahren werden.<\/li>\n<\/ul>\n<p>Erleben Sie den Luxus und Komfort unserer VIP-Transferdienste. Buchen Sie noch heute Ihren VIP-Transfer mit SakoLifeTransfer.[\/vc_column_text][\/vc_column][\/vc_row][vc_row el_class=&#8220;theme-column-style-6 theme-padding-bottom-0&#8243;][vc_column el_class=&#8220;theme-margin-bottom-20&#8243;]<div class=\"theme-component-list theme-component-list-style-2\">\n<ul>\n<li>Professionell ausgebildete Chauffeure<\/li>\n<li>24\/7 Full-Service-Transport<\/li>\n<li>Globales Netzwerk von Transportpartnern<\/li>\n<\/ul>\n<\/div>[\/vc_column][\/vc_row][vc_row][vc_column el_class=&#8220;theme-margin-bottom-0&#8243;][vc_custom_heading text=&#8220;Vorteile&#8220; font_container=&#8220;tag:h3|text_align:center&#8220; use_theme_fonts=&#8220;yes&#8220; el_class=&#8220;theme-margin-top-60 theme-margin-bottom-50&#8243;][\/vc_column][\/vc_row][vc_row][vc_column el_class=&#8220;theme-margin-bottom-0&#8243;]\n            <div class=\"theme-component-feature theme-component-feature-style-1\">\n                [vc_row_inner][vc_column_inner width=&#8220;1\/3&#8243;]\r\n            <div class=\"theme-component-feature-item\">\r\n                <span class=\"theme-icon-feature-check theme-component-feature-item-icon\"><span><\/span><\/span>\r\n                <h4 class=\"theme-component-feature-item-header\">Sicherheit<\/h4><p>Erfahrenes Personal und professionell ausgebildete Chauffeure.<\/p>\n\r\n            <\/div>\r\n        [\/vc_column_inner][vc_column_inner width=&#8220;1\/3&#8243;]\r\n            <div class=\"theme-component-feature-item\">\r\n                <span class=\"theme-icon-feature-price theme-component-feature-item-icon\"><span><\/span><\/span>\r\n                <h4 class=\"theme-component-feature-item-header\">Erschwingliche Preise<\/h4><p>Wir k\u00f6nnen Ihnen das richtige Fahrzeug zum richtigen Preis anbieten, das zu Ihrem Budget passt.<\/p>\n\r\n            <\/div>\r\n        [\/vc_column_inner][vc_column_inner width=&#8220;1\/3&#8243;]\r\n            <div class=\"theme-component-feature-item\">\r\n                <span class=\"theme-icon-feature-route-1 theme-component-feature-item-icon\"><span><\/span><\/span>\r\n                <h4 class=\"theme-component-feature-item-header\">Eine gro\u00dfe Flotte<\/h4><p>Wir verf\u00fcgen \u00fcber eine gro\u00dfe Fahrzeugflotte, die Vip-Transfers und private Bustransferservices anbietet.<\/p>\n\r\n            <\/div>\r\n        [\/vc_column_inner][\/vc_row_inner]\n            <\/div>\n        [\/vc_column][\/vc_row]<\/p>\n<\/div>","protected":false},"excerpt":{"rendered":"<p>[vc_row][vc_column width=&#8220;1\/3&#8243;][vc_single_image image=&#8220;23931&#8243; img_size=&#8220;full&#8220; css=&#8220;&#8220;][\/vc_column][vc_column width=&#8220;2\/3&#8243;][vc_column_text css=&#8220;&#8220; el_class=&#8220;theme-padding-top-30&#8243;]Bei SakoLifeTransfer bieten wir VIP-Transferdienste an, um Ihr Reiseerlebnis noch komfortabler und luxuri\u00f6ser zu gestalten. Unser VIP-Transfer-Service umfasst private Fahrzeuge und erfahrenes Personal f\u00fcr Flughafentransfers und Transfers vom Hotel zum Flughafen. Unser VIP-Transferservice wurde entwickelt, um Ihnen ein pers\u00f6nliches und komfortables Reiseerlebnis zu bieten und Ihre Reise angenehmer [&#8230;]<\/p>\n","protected":false},"author":5,"featured_media":0,"parent":0,"menu_order":0,"comment_status":"closed","ping_status":"closed","template":"","meta":{"footnotes":""},"class_list":["post-25126","page","type-page","status-publish","hentry"],"_links":{"self":[{"href":"https:\/\/sakolifetransfer.com\/de\/wp-json\/wp\/v2\/pages\/25126","targetHints":{"allow":["GET"]}}],"collection":[{"href":"https:\/\/sakolifetransfer.com\/de\/wp-json\/wp\/v2\/pages"}],"about":[{"href":"https:\/\/sakolifetransfer.com\/de\/wp-json\/wp\/v2\/types\/page"}],"author":[{"embeddable":true,"href":"https:\/\/sakolifetransfer.com\/de\/wp-json\/wp\/v2\/users\/5"}],"replies":[{"embeddable":true,"href":"https:\/\/sakolifetransfer.com\/de\/wp-json\/wp\/v2\/comments?post=25126"}],"version-history":[{"count":11,"href":"https:\/\/sakolifetransfer.com\/de\/wp-json\/wp\/v2\/pages\/25126\/revisions"}],"predecessor-version":[{"id":26086,"href":"https:\/\/sakolifetransfer.com\/de\/wp-json\/wp\/v2\/pages\/25126\/revisions\/26086"}],"wp:attachment":[{"href":"https:\/\/sakolifetransfer.com\/de\/wp-json\/wp\/v2\/media?parent=25126"}],"curies":[{"name":"wp","href":"https:\/\/api.w.org\/{rel}","templated":true}]}}