{"id":25134,"date":"2024-07-03T12:58:00","date_gmt":"2024-07-03T09:58:00","guid":{"rendered":"https:\/\/sakolifetransfer.com\/hotel-transfer-services\/"},"modified":"2024-07-12T17:39:59","modified_gmt":"2024-07-12T14:39:59","slug":"hotel-transferdienste","status":"publish","type":"page","link":"https:\/\/sakolifetransfer.com\/de\/hotel-transferdienste\/","title":{"rendered":"Hotel-Transferdienste"},"content":{"rendered":"<div class=\"wpb-content-wrapper\"><p>[vc_row][vc_column width=&#8220;1\/3&#8243;][vc_single_image image=&#8220;23933&#8243; img_size=&#8220;full&#8220; css=&#8220;&#8220;][\/vc_column][vc_column width=&#8220;2\/3&#8243;]\r\n            <p class=\"theme-component-paragraph-large theme-component-paragraph-large-style-2 alignleft theme-padding-top-0 theme-padding-bottom-0\">\r\n                Hotel-Transferdienste\r\n            <\/p>\r\n        [vc_column_text css=&#8220;&#8220; el_class=&#8220;theme-padding-top-30&#8243;]SakoLifeTransfer bietet zuverl\u00e4ssige und bequeme Hoteltransferdienste an, um unseren G\u00e4sten ein reibungsloses und angenehmes Reiseerlebnis zu erm\u00f6glichen. Ganz gleich, ob Sie am Flughafen ankommen oder einen Transfer von einem anderen Ort zu Ihrem Hotel ben\u00f6tigen, unsere Hoteltransferdienste sind auf Ihre Bed\u00fcrfnisse zugeschnitten.[\/vc_column_text][\/vc_column][\/vc_row][vc_row el_class=&#8220;theme-margin-top-20&#8243;][vc_column]\r\n            <p class=\"theme-component-paragraph-large theme-component-paragraph-large-style-2 alignleft theme-padding-top-0 theme-padding-bottom-0\">\r\n                Hauptmerkmale unserer Hoteltransferdienste:\r\n            <\/p>\r\n        [vc_column_text css=&#8220;&#8220; el_class=&#8220;theme-padding-top-30&#8243;]<\/p>\n<ul>\n<li><strong>Effiziente Transfers<\/strong>: Wir sorgen f\u00fcr einen effizienten und p\u00fcnktlichen Transfer zu und von Ihrem Hotel, damit Sie p\u00fcnktlich und problemlos an Ihrem Ziel ankommen.<\/li>\n<li><strong>Komfortable Fahrzeuge<\/strong>: Unsere Fahrzeugflotte ist gut gewartet und auf Komfort ausgelegt, um Ihnen eine angenehme Reise zu Ihrem Hotel zu erm\u00f6glichen.<\/li>\n<li><strong>Professionelle Fahrer<\/strong>: Unsere Fahrer sind erfahren und ortskundig und sorgen daf\u00fcr, dass Sie Ihr Hotel sicher und effizient erreichen.<\/li>\n<li><strong>24\/7 Verf\u00fcgbarkeit<\/strong>: Unsere Hoteltransferdienste stehen Ihnen 24 Stunden am Tag, 7 Tage die Woche zur Verf\u00fcgung, so dass Sie sich auf uns verlassen k\u00f6nnen.<\/li>\n<li><strong>Ma\u00dfgeschneiderter Service<\/strong>: Wir bieten Ihnen einen ma\u00dfgeschneiderten Transferservice, der Ihren Bed\u00fcrfnissen entspricht, egal ob Sie alleine oder mit einer Gruppe reisen.<\/li>\n<\/ul>\n<p>Erleben Sie die Bequemlichkeit und den Komfort unserer Hoteltransferdienste. Kontaktieren Sie SakoLifeTransfer noch heute, um Ihren Hoteltransfer zu buchen und eine stressfreie Fahrt zu Ihrer Unterkunft zu genie\u00dfen.[\/vc_column_text][\/vc_column][\/vc_row][vc_row el_class=&#8220;theme-column-style-6 theme-padding-bottom-0&#8243;][vc_column el_class=&#8220;theme-margin-bottom-20&#8243;]<div class=\"theme-component-list theme-component-list-style-2\">\n<ul>\n<li>Professionell ausgebildete Chauffeure<\/li>\n<li>24\/7 Full-Service-Transport<\/li>\n<li>Globales Netzwerk von Transportpartnern<\/li>\n<\/ul>\n<\/div>[\/vc_column][\/vc_row][vc_row][vc_column el_class=&#8220;theme-margin-bottom-0&#8243;][vc_custom_heading text=&#8220;Vorteile&#8220; font_container=&#8220;tag:h3|text_align:center&#8220; use_theme_fonts=&#8220;yes&#8220; el_class=&#8220;theme-margin-top-60 theme-margin-bottom-50&#8243;][\/vc_column][\/vc_row][vc_row][vc_column el_class=&#8220;theme-margin-bottom-0&#8243;]\n            <div class=\"theme-component-feature theme-component-feature-style-1\">\n                [vc_row_inner][vc_column_inner width=&#8220;1\/3&#8243;]\r\n            <div class=\"theme-component-feature-item\">\r\n                <span class=\"theme-icon-feature-check theme-component-feature-item-icon\"><span><\/span><\/span>\r\n                <h4 class=\"theme-component-feature-item-header\">Sicherheit<\/h4><p>Erfahrenes Personal und professionell ausgebildete Chauffeure.<\/p>\n\r\n            <\/div>\r\n        [\/vc_column_inner][vc_column_inner width=&#8220;1\/3&#8243;]\r\n            <div class=\"theme-component-feature-item\">\r\n                <span class=\"theme-icon-feature-price theme-component-feature-item-icon\"><span><\/span><\/span>\r\n                <h4 class=\"theme-component-feature-item-header\">Erschwingliche Preise<\/h4><p>Wir k\u00f6nnen Ihnen das richtige Fahrzeug zum richtigen Preis anbieten, das zu Ihrem Budget passt.<\/p>\n\r\n            <\/div>\r\n        [\/vc_column_inner][vc_column_inner width=&#8220;1\/3&#8243;]\r\n            <div class=\"theme-component-feature-item\">\r\n                <span class=\"theme-icon-feature-route-1 theme-component-feature-item-icon\"><span><\/span><\/span>\r\n                <h4 class=\"theme-component-feature-item-header\">Eine gro\u00dfe Flotte<\/h4><p>Wir verf\u00fcgen \u00fcber eine gro\u00dfe Fahrzeugflotte, die Vip-Transfers und private Bustransferservices anbietet.<\/p>\n\r\n            <\/div>\r\n        [\/vc_column_inner][\/vc_row_inner]\n            <\/div>\n        [\/vc_column][\/vc_row]<\/p>\n<\/div>","protected":false},"excerpt":{"rendered":"<p>[vc_row][vc_column width=&#8220;1\/3&#8243;][vc_single_image image=&#8220;23933&#8243; img_size=&#8220;full&#8220; css=&#8220;&#8220;][\/vc_column][vc_column width=&#8220;2\/3&#8243;][vc_column_text css=&#8220;&#8220; el_class=&#8220;theme-padding-top-30&#8243;]SakoLifeTransfer bietet zuverl\u00e4ssige und bequeme Hoteltransferdienste an, um unseren G\u00e4sten ein reibungsloses und angenehmes Reiseerlebnis zu erm\u00f6glichen. Ganz gleich, ob Sie am Flughafen ankommen oder einen Transfer von einem anderen Ort zu Ihrem Hotel ben\u00f6tigen, unsere Hoteltransferdienste sind auf Ihre Bed\u00fcrfnisse zugeschnitten.[\/vc_column_text][\/vc_column][\/vc_row][vc_row el_class=&#8220;theme-margin-top-20&#8243;][vc_column][vc_column_text css=&#8220;&#8220; el_class=&#8220;theme-padding-top-30&#8243;] Effiziente Transfers: Wir [&#8230;]<\/p>\n","protected":false},"author":5,"featured_media":0,"parent":0,"menu_order":0,"comment_status":"closed","ping_status":"closed","template":"","meta":{"footnotes":""},"class_list":["post-25134","page","type-page","status-publish","hentry"],"_links":{"self":[{"href":"https:\/\/sakolifetransfer.com\/de\/wp-json\/wp\/v2\/pages\/25134","targetHints":{"allow":["GET"]}}],"collection":[{"href":"https:\/\/sakolifetransfer.com\/de\/wp-json\/wp\/v2\/pages"}],"about":[{"href":"https:\/\/sakolifetransfer.com\/de\/wp-json\/wp\/v2\/types\/page"}],"author":[{"embeddable":true,"href":"https:\/\/sakolifetransfer.com\/de\/wp-json\/wp\/v2\/users\/5"}],"replies":[{"embeddable":true,"href":"https:\/\/sakolifetransfer.com\/de\/wp-json\/wp\/v2\/comments?post=25134"}],"version-history":[{"count":9,"href":"https:\/\/sakolifetransfer.com\/de\/wp-json\/wp\/v2\/pages\/25134\/revisions"}],"predecessor-version":[{"id":26088,"href":"https:\/\/sakolifetransfer.com\/de\/wp-json\/wp\/v2\/pages\/25134\/revisions\/26088"}],"wp:attachment":[{"href":"https:\/\/sakolifetransfer.com\/de\/wp-json\/wp\/v2\/media?parent=25134"}],"curies":[{"name":"wp","href":"https:\/\/api.w.org\/{rel}","templated":true}]}}