{"id":25142,"date":"2024-07-03T12:25:37","date_gmt":"2024-07-03T09:25:37","guid":{"rendered":"https:\/\/sakolifetransfer.com\/airport-pickup\/"},"modified":"2024-07-12T17:33:06","modified_gmt":"2024-07-12T14:33:06","slug":"abholung-vom-flughafen","status":"publish","type":"page","link":"https:\/\/sakolifetransfer.com\/de\/abholung-vom-flughafen\/","title":{"rendered":"Abholung vom Flughafen"},"content":{"rendered":"<div class=\"wpb-content-wrapper\"><p>[vc_row][vc_column width=&#8220;1\/3&#8243;][vc_single_image image=&#8220;23925&#8243; img_size=&#8220;full&#8220; css=&#8220;&#8220;][\/vc_column][vc_column width=&#8220;2\/3&#8243;]\r\n            <p class=\"theme-component-paragraph-large theme-component-paragraph-large-style-2 alignleft theme-padding-top-0 theme-padding-bottom-0\">\r\n                Abhol- und Begr\u00fc\u00dfungsdienste am Flughafen\r\n            <\/p>\r\n        [vc_column_text css=&#8220;&#8220; el_class=&#8220;theme-padding-top-30&#8243;]Wir von SakoLifeTransfer bieten einen Abholservice am Flughafen an, um unseren Kunden eine reibungslose und stressfreie Reise zu erm\u00f6glichen. Unser Abhol- und Begr\u00fc\u00dfungsservice umfasst einen pers\u00f6nlichen Concierge, der Sie am Flughafen abholt, Ihnen mit dem Gep\u00e4ck hilft und Sie zu Ihrem Fahrzeug begleitet. Egal, ob Sie ankommen oder abfliegen, unser Abhol- und Begr\u00fc\u00dfungsservice sorgt f\u00fcr einen nahtlosen \u00dcbergang am Flughafen.[\/vc_column_text][\/vc_column][\/vc_row][vc_row el_class=&#8220;theme-margin-top-20&#8243;][vc_column]\r\n            <p class=\"theme-component-paragraph-large theme-component-paragraph-large-style-2 alignleft theme-padding-top-0 theme-padding-bottom-0\">\r\n                Die wichtigsten Merkmale unseres Meet-and-Greet-Service:\r\n            <\/p>\r\n        [vc_column_text css=&#8220;&#8220; el_class=&#8220;theme-padding-top-30&#8243;]<\/p>\n<ul>\n<li><strong>Pers\u00f6nlicher Service<\/strong>: Unser professioneller Concierge wird Sie mit einem pers\u00f6nlichen Schild begr\u00fc\u00dfen, so dass Sie ihn im Flughafen leicht finden k\u00f6nnen.<\/li>\n<li><strong>Hilfe beim Gep\u00e4ck<\/strong>: Unser Concierge hilft Ihnen mit Ihrem Gep\u00e4ck und sorgt daf\u00fcr, dass es sicher in Ihr Fahrzeug ein- und ausgeladen wird.<\/li>\n<li><strong>Effiziente Transfers<\/strong>: Wir bieten effiziente und p\u00fcnktliche Transfers vom und zum Flughafen, damit Sie p\u00fcnktlich und stressfrei an Ihrem Ziel ankommen.<\/li>\n<li><strong>24\/7 Verf\u00fcgbarkeit<\/strong>: Unser Abholservice steht Ihnen 24 Stunden am Tag, 7 Tage die Woche zur Verf\u00fcgung, so dass Sie sich auf uns verlassen k\u00f6nnen, wenn Sie einen Flughafentransfer ben\u00f6tigen.<\/li>\n<\/ul>\n<p>Erleben Sie die Bequemlichkeit und den Komfort unseres Abhol- und Abholdienstes am Flughafen. Kontaktieren Sie SakoLifeTransfer noch heute, um Ihren Flughafentransfer mit Abholservice zu buchen.[\/vc_column_text][\/vc_column][\/vc_row][vc_row el_class=&#8220;theme-column-style-6 theme-padding-bottom-0&#8243;][vc_column el_class=&#8220;theme-margin-bottom-20&#8243;]<div class=\"theme-component-list theme-component-list-style-2\">\n<ul>\n<li>Professionell ausgebildete Chauffeure<\/li>\n<li>24\/7 Full-Service-Transport<\/li>\n<li>Globales Netzwerk von Transportpartnern<\/li>\n<\/ul>\n<\/div>[\/vc_column][\/vc_row][vc_row][vc_column el_class=&#8220;theme-margin-bottom-0&#8243;][vc_custom_heading text=&#8220;Vorteile&#8220; font_container=&#8220;tag:h3|text_align:center&#8220; use_theme_fonts=&#8220;yes&#8220; el_class=&#8220;theme-margin-top-60 theme-margin-bottom-50&#8243;][\/vc_column][\/vc_row][vc_row][vc_column el_class=&#8220;theme-margin-bottom-0&#8243;]\n            <div class=\"theme-component-feature theme-component-feature-style-1\">\n                [vc_row_inner][vc_column_inner width=&#8220;1\/3&#8243;]\r\n            <div class=\"theme-component-feature-item\">\r\n                <span class=\"theme-icon-feature-check theme-component-feature-item-icon\"><span><\/span><\/span>\r\n                <h4 class=\"theme-component-feature-item-header\">Sicherheit<\/h4><p>Erfahrenes Personal und professionell ausgebildete Chauffeure.<\/p>\n\r\n            <\/div>\r\n        [\/vc_column_inner][vc_column_inner width=&#8220;1\/3&#8243;]\r\n            <div class=\"theme-component-feature-item\">\r\n                <span class=\"theme-icon-feature-price theme-component-feature-item-icon\"><span><\/span><\/span>\r\n                <h4 class=\"theme-component-feature-item-header\">Erschwingliche Preise<\/h4><p>Wir k\u00f6nnen Ihnen das richtige Fahrzeug zum richtigen Preis anbieten, das zu Ihrem Budget passt.<\/p>\n\r\n            <\/div>\r\n        [\/vc_column_inner][vc_column_inner width=&#8220;1\/3&#8243;]\r\n            <div class=\"theme-component-feature-item\">\r\n                <span class=\"theme-icon-feature-route-1 theme-component-feature-item-icon\"><span><\/span><\/span>\r\n                <h4 class=\"theme-component-feature-item-header\">Eine gro\u00dfe Flotte<\/h4><p>Wir verf\u00fcgen \u00fcber eine gro\u00dfe Fahrzeugflotte, die Vip-Transfers und private Bustransferservices anbietet.<\/p>\n\r\n            <\/div>\r\n        [\/vc_column_inner][\/vc_row_inner]\n            <\/div>\n        [\/vc_column][\/vc_row]<\/p>\n<\/div>","protected":false},"excerpt":{"rendered":"<p>[vc_row][vc_column width=&#8220;1\/3&#8243;][vc_single_image image=&#8220;23925&#8243; img_size=&#8220;full&#8220; css=&#8220;&#8220;][\/vc_column][vc_column width=&#8220;2\/3&#8243;][vc_column_text css=&#8220;&#8220; el_class=&#8220;theme-padding-top-30&#8243;]Wir von SakoLifeTransfer bieten einen Abholservice am Flughafen an, um unseren Kunden eine reibungslose und stressfreie Reise zu erm\u00f6glichen. Unser Abhol- und Begr\u00fc\u00dfungsservice umfasst einen pers\u00f6nlichen Concierge, der Sie am Flughafen abholt, Ihnen mit dem Gep\u00e4ck hilft und Sie zu Ihrem Fahrzeug begleitet. Egal, ob Sie ankommen oder [&#8230;]<\/p>\n","protected":false},"author":5,"featured_media":0,"parent":0,"menu_order":0,"comment_status":"closed","ping_status":"closed","template":"","meta":{"footnotes":""},"class_list":["post-25142","page","type-page","status-publish","hentry"],"_links":{"self":[{"href":"https:\/\/sakolifetransfer.com\/de\/wp-json\/wp\/v2\/pages\/25142","targetHints":{"allow":["GET"]}}],"collection":[{"href":"https:\/\/sakolifetransfer.com\/de\/wp-json\/wp\/v2\/pages"}],"about":[{"href":"https:\/\/sakolifetransfer.com\/de\/wp-json\/wp\/v2\/types\/page"}],"author":[{"embeddable":true,"href":"https:\/\/sakolifetransfer.com\/de\/wp-json\/wp\/v2\/users\/5"}],"replies":[{"embeddable":true,"href":"https:\/\/sakolifetransfer.com\/de\/wp-json\/wp\/v2\/comments?post=25142"}],"version-history":[{"count":9,"href":"https:\/\/sakolifetransfer.com\/de\/wp-json\/wp\/v2\/pages\/25142\/revisions"}],"predecessor-version":[{"id":26080,"href":"https:\/\/sakolifetransfer.com\/de\/wp-json\/wp\/v2\/pages\/25142\/revisions\/26080"}],"wp:attachment":[{"href":"https:\/\/sakolifetransfer.com\/de\/wp-json\/wp\/v2\/media?parent=25142"}],"curies":[{"name":"wp","href":"https:\/\/api.w.org\/{rel}","templated":true}]}}