{"id":25146,"date":"2024-07-03T11:28:55","date_gmt":"2024-07-03T08:28:55","guid":{"rendered":"https:\/\/sakolifetransfer.com\/frequently-asked-questions\/"},"modified":"2024-09-09T14:14:22","modified_gmt":"2024-09-09T11:14:22","slug":"haeufig-gestellte-fragen","status":"publish","type":"page","link":"https:\/\/sakolifetransfer.com\/de\/haeufig-gestellte-fragen\/","title":{"rendered":"H\u00e4ufig gestellte Fragen"},"content":{"rendered":"<div class=\"wpb-content-wrapper\"><p>[vc_row][vc_column][vc_column_text css=&#8220;&#8220;]<\/p>\n<h2><strong>H\u00e4ufig gestellte Fragen<\/strong><\/h2>\n<p>[\/vc_column_text][\/vc_column][\/vc_row][vc_row][vc_column][vc_custom_heading text=&#8220;1. Wie kann ich einen Transfer buchen?&#8220; font_container=&#8220;tag:h3|text_align:left&#8220; use_theme_fonts=&#8220;yes&#8220; css=&#8220;&#8220;][vc_column_text css=&#8220;&#8220;]<\/p>\n<ul>\n<li>Sie k\u00f6nnen ganz einfach eine Reservierung \u00fcber unsere SakoLife Transfer-Website vornehmen. Folgen Sie den Buchungsschritten, indem Sie die gew\u00fcnschte Strecke ausw\u00e4hlen und das Datum und die Uhrzeit eingeben. Sie k\u00f6nnen auch eine Reservierung \u00fcber unser Call Center vornehmen.  <\/li>\n<\/ul>\n<p>[\/vc_column_text][\/vc_column][\/vc_row][vc_row][vc_column][vc_custom_heading text=&#8220;2. Wie kann ich meine Reisebuchung stornieren?&#8220; font_container=&#8220;tag:h3|text_align:left&#8220; use_theme_fonts=&#8220;yes&#8220; css=&#8220;&#8220;][vc_column_text css=&#8220;&#8220;]<\/p>\n<ul>\n<li>Sie k\u00f6nnen sich an unser Call Center wenden, um Ihre Reservierung zu stornieren, oder Sie k\u00f6nnen Ihre Reservierungen \u00fcber Ihr Konto auf unserer Website verwalten.<\/li>\n<\/ul>\n<p>[\/vc_column_text][\/vc_column][\/vc_row][vc_row][vc_column][vc_custom_heading text=&#8220;3. Was sind die Zahlungsm\u00f6glichkeiten?&#8220; font_container=&#8220;tag:h3|text_align:left&#8220; use_theme_fonts=&#8220;yes&#8220; css=&#8220;&#8220;][vc_column_text css=&#8220;&#8220;]<\/p>\n<ul>\n<li>Sie k\u00f6nnen unsere Transferleistungen w\u00e4hrend des Transfers in bar bezahlen<\/li>\n<\/ul>\n<p>[\/vc_column_text][\/vc_column][\/vc_row][vc_row][vc_column][vc_custom_heading text=&#8220;4. Mit welchen Fahrzeugtypen bieten Sie Transferdienste an?&#8220; font_container=&#8220;tag:h3|text_align:left&#8220; use_theme_fonts=&#8220;yes&#8220; css=&#8220;&#8220;][vc_column_text css=&#8220;&#8220;]<\/p>\n<ul>\n<li>Als SakoLife Transfer bieten wir Ihnen eine komfortable und luxuri\u00f6se Reise mit unseren VIP-Fahrzeugen und VIP-Shuttles. Sie k\u00f6nnen die Art des Fahrzeugs nach Ihren Bed\u00fcrfnissen w\u00e4hlen. <\/li>\n<\/ul>\n<p>[\/vc_column_text][\/vc_column][\/vc_row][vc_row][vc_column][vc_custom_heading text=&#8220;5. Was ist im Preis der Transfer enthalten?&#8220; font_container=&#8220;tag:h3|text_align:left&#8220; use_theme_fonts=&#8220;yes&#8220; css=&#8220;&#8220;][vc_column_text css=&#8220;&#8220;]<\/p>\n<ul>\n<li>Die Transfergeb\u00fchr beinhaltet den Transport und den professionellen Fahrerservice entlang der angegebenen Route. F\u00fcr VIP-Services und Extraw\u00fcnsche k\u00f6nnen zus\u00e4tzliche Geb\u00fchren anfallen. Sie k\u00f6nnen die Details bei der Buchung einsehen.  <\/li>\n<\/ul>\n<p>[\/vc_column_text][\/vc_column][\/vc_row][vc_row][vc_column][vc_custom_heading text=&#8220;6. Welche Vorsichtsma\u00dfnahmen treffen Sie w\u00e4hrend der Transfer?&#8220; font_container=&#8220;tag:h3|text_align:left&#8220; use_theme_fonts=&#8220;yes&#8220; css=&#8220;&#8220;][vc_column_text css=&#8220;&#8220;]<\/p>\n<ul>\n<li>Unsere Fahrzeuge werden regelm\u00e4\u00dfig desinfiziert, und unsere Fahrer erbringen ihren Dienst unter Einhaltung der Hygienevorschriften.<\/li>\n<\/ul>\n<p>[\/vc_column_text][\/vc_column][\/vc_row][vc_row][vc_column][vc_custom_heading text=&#8220;7. Sollte ich eine Reiseversicherung abschlie\u00dfen?&#8220; font_container=&#8220;tag:h3|text_align:left&#8220; use_theme_fonts=&#8220;yes&#8220; css=&#8220;&#8220;][vc_column_text css=&#8220;&#8220;]<\/p>\n<ul>\n<li>Wir empfehlen Ihnen den Abschluss einer Reiseversicherung. Sie sch\u00fctzt Sie vor zus\u00e4tzlichen Kosten, indem sie Ihre Reise in m\u00f6glichen unerwarteten Situationen absichert. <\/li>\n<\/ul>\n<p>[\/vc_column_text][\/vc_column][\/vc_row][vc_row][vc_column][vc_custom_heading text=&#8220;8. Haben Sie spezielle Sitzm\u00f6glichkeiten f\u00fcr Kinder?&#8220; font_container=&#8220;tag:h3|text_align:left&#8220; use_theme_fonts=&#8220;yes&#8220; css=&#8220;&#8220;][vc_column_text css=&#8220;&#8220;]<\/p>\n<ul>\n<li>Ja, wir bieten kindgerechte Sicherheitssitze an. Sie k\u00f6nnen eine Anfrage machen, indem Sie diese Anfrage zum Zeitpunkt der Buchung angeben. <\/li>\n<\/ul>\n<p>[\/vc_column_text][\/vc_column][\/vc_row][vc_row][vc_column][vc_custom_heading text=&#8220;9. Ist es m\u00f6glich, mit Haustieren umzuziehen?&#8220; font_container=&#8220;tag:h3|text_align:left&#8220; use_theme_fonts=&#8220;yes&#8220; css=&#8220;&#8220;][vc_column_text css=&#8220;&#8220;]<\/p>\n<ul>\n<li>Unser Transferservice ist auch f\u00fcr Haustiere verf\u00fcgbar. Sie k\u00f6nnen Ihre W\u00fcnsche f\u00fcr das Reisen mit Haustieren zum Zeitpunkt der Buchung einreichen. <\/li>\n<\/ul>\n<p>[\/vc_column_text][\/vc_column][\/vc_row][vc_row][vc_column][vc_custom_heading text=&#8220;10. Wie kann ich meine Reservierung \u00e4ndern?&#8220; font_container=&#8220;tag:h3|text_align:left&#8220; use_theme_fonts=&#8220;yes&#8220; css=&#8220;&#8220;][vc_column_text css=&#8220;&#8220;]<\/p>\n<ul>\n<li>Sie k\u00f6nnen Ihre Reservierung \u00fcber den Bereich Reservierungsverwaltung auf unserer Website oder \u00fcber unser Call Center \u00e4ndern.<\/li>\n<\/ul>\n<p>[\/vc_column_text][\/vc_column][\/vc_row][vc_row][vc_column][vc_column_text css=&#8220;&#8220;]<\/p>\n<h5><strong>Diese FAQs sollen allgemeine Informationen \u00fcber SakoLife Transfer liefern. F\u00fcr detailliertere Informationen \u00fcber Transferpakete und Reservierungen kontaktieren Sie uns bitte. <\/strong><\/h5>\n<p>[\/vc_column_text][\/vc_column][\/vc_row]<\/p>\n<\/div>","protected":false},"excerpt":{"rendered":"<p>[vc_row][vc_column][vc_column_text css=&#8220;&#8220;] H\u00e4ufig gestellte Fragen [\/vc_column_text][\/vc_column][\/vc_row][vc_row][vc_column][vc_custom_heading text=&#8220;1. Wie kann ich einen Transfer buchen?&#8220; font_container=&#8220;tag:h3|text_align:left&#8220; use_theme_fonts=&#8220;yes&#8220; css=&#8220;&#8220;][vc_column_text css=&#8220;&#8220;] Sie k\u00f6nnen ganz einfach eine Reservierung \u00fcber unsere SakoLife Transfer-Website vornehmen. Folgen Sie den Buchungsschritten, indem Sie die gew\u00fcnschte Strecke ausw\u00e4hlen und das Datum und die Uhrzeit eingeben. Sie k\u00f6nnen auch eine Reservierung \u00fcber unser Call Center vornehmen. [&#8230;]<\/p>\n","protected":false},"author":3,"featured_media":0,"parent":0,"menu_order":0,"comment_status":"closed","ping_status":"closed","template":"","meta":{"footnotes":""},"class_list":["post-25146","page","type-page","status-publish","hentry"],"_links":{"self":[{"href":"https:\/\/sakolifetransfer.com\/de\/wp-json\/wp\/v2\/pages\/25146","targetHints":{"allow":["GET"]}}],"collection":[{"href":"https:\/\/sakolifetransfer.com\/de\/wp-json\/wp\/v2\/pages"}],"about":[{"href":"https:\/\/sakolifetransfer.com\/de\/wp-json\/wp\/v2\/types\/page"}],"author":[{"embeddable":true,"href":"https:\/\/sakolifetransfer.com\/de\/wp-json\/wp\/v2\/users\/3"}],"replies":[{"embeddable":true,"href":"https:\/\/sakolifetransfer.com\/de\/wp-json\/wp\/v2\/comments?post=25146"}],"version-history":[{"count":4,"href":"https:\/\/sakolifetransfer.com\/de\/wp-json\/wp\/v2\/pages\/25146\/revisions"}],"predecessor-version":[{"id":27052,"href":"https:\/\/sakolifetransfer.com\/de\/wp-json\/wp\/v2\/pages\/25146\/revisions\/27052"}],"wp:attachment":[{"href":"https:\/\/sakolifetransfer.com\/de\/wp-json\/wp\/v2\/media?parent=25146"}],"curies":[{"name":"wp","href":"https:\/\/api.w.org\/{rel}","templated":true}]}}