{"id":25222,"date":"2019-12-12T09:24:48","date_gmt":"2019-12-12T06:24:48","guid":{"rendered":"https:\/\/sakolifetransfer.com\/intercity-transfers\/"},"modified":"2024-07-12T17:36:48","modified_gmt":"2024-07-12T14:36:48","slug":"ueberregionaler-transfer","status":"publish","type":"page","link":"https:\/\/sakolifetransfer.com\/de\/ueberregionaler-transfer\/","title":{"rendered":"\u00dcberregionaler Transfer"},"content":{"rendered":"<div class=\"wpb-content-wrapper\"><p>[vc_row][vc_column width=&#8220;1\/3&#8243;][vc_single_image image=&#8220;23929&#8243; img_size=&#8220;full&#8220; css=&#8220;&#8220;][\/vc_column][vc_column width=&#8220;2\/3&#8243;]\r\n            <p class=\"theme-component-paragraph-large theme-component-paragraph-large-style-2 alignleft theme-padding-top-0 theme-padding-bottom-0\">\r\n                \u00dcberlandtransfers\r\n            <\/p>\r\n        [vc_column_text css=&#8220;&#8220; el_class=&#8220;theme-padding-top-30&#8243;]SakoLifeTransfer bietet zuverl\u00e4ssige und bequeme \u00dcberlandtransferdienste f\u00fcr alle, die zwischen St\u00e4dten reisen m\u00f6chten. Unsere Intercity-Transfers sind so konzipiert, dass Sie problemlos reisen k\u00f6nnen, egal ob Sie gesch\u00e4ftlich oder privat unterwegs sind.[\/vc_column_text][\/vc_column][\/vc_row][vc_row el_class=&#8220;theme-margin-top-20&#8243;][vc_column]\r\n            <p class=\"theme-component-paragraph-large theme-component-paragraph-large-style-2 alignleft theme-padding-top-0 theme-padding-bottom-0\">\r\n                Hauptmerkmale unseres Intercity-Transfer-Service:\r\n            <\/p>\r\n        [vc_column_text css=&#8220;&#8220; el_class=&#8220;theme-padding-top-30&#8243;]<\/p>\n<ul>\n<li><strong>Bequeme Fahrzeuge<\/strong>: Wir stellen Ihnen ger\u00e4umige und komfortable Fahrzeuge f\u00fcr Ihren \u00dcberlandtransfer zur Verf\u00fcgung, um eine angenehme Reise zu gew\u00e4hrleisten.<\/li>\n<li><strong>Professionelle Fahrer<\/strong>: Unsere Fahrer sind erfahren und sachkundig und sorgen daf\u00fcr, dass Sie Ihr Ziel sicher und p\u00fcnktlich erreichen.<\/li>\n<li><strong>Ma\u00dfgeschneiderte Reisepl\u00e4ne<\/strong>: Wir bieten Ihnen ma\u00dfgeschneiderte Reisepl\u00e4ne, die Ihren Bed\u00fcrfnissen entsprechen, egal ob Sie alleine oder mit einer Gruppe unterwegs sind.<\/li>\n<li><strong>24\/7 Verf\u00fcgbarkeit<\/strong>: Unser Intercity-Transferservice ist 24 Stunden am Tag, 7 Tage die Woche verf\u00fcgbar, so dass Sie reisen k\u00f6nnen, wann immer es Ihnen passt.<\/li>\n<li><strong>Konkurrenzf\u00e4hige Preise<\/strong>: Wir bieten wettbewerbsf\u00e4hige Tarife f\u00fcr unsere Intercity-Transferdienste, die eine erschwingliche Option f\u00fcr Ihre Reisebed\u00fcrfnisse darstellen.<\/li>\n<\/ul>\n<p>Erleben Sie einen komfortablen und bequemen Intercity-Transfer mit SakoLifeTransfer. Kontaktieren Sie uns noch heute, um Ihren Intercity-Transfer zu buchen und eine problemlose Reise zwischen St\u00e4dten zu genie\u00dfen.[\/vc_column_text][\/vc_column][\/vc_row][vc_row el_class=&#8220;theme-column-style-6 theme-padding-bottom-0&#8243;][vc_column el_class=&#8220;theme-margin-bottom-20&#8243;]<div class=\"theme-component-list theme-component-list-style-2\">\n<ul>\n<li>Professionell ausgebildete Chauffeure<\/li>\n<li>24\/7 Full-Service-Transport<\/li>\n<li>Globales Netzwerk von Transportpartnern<\/li>\n<\/ul>\n<\/div>[\/vc_column][\/vc_row][vc_row][vc_column el_class=&#8220;theme-margin-bottom-0&#8243;][vc_custom_heading text=&#8220;Vorteile&#8220; font_container=&#8220;tag:h3|text_align:center&#8220; use_theme_fonts=&#8220;yes&#8220; el_class=&#8220;theme-margin-top-60 theme-margin-bottom-50&#8243;][\/vc_column][\/vc_row][vc_row][vc_column el_class=&#8220;theme-margin-bottom-0&#8243;]\n            <div class=\"theme-component-feature theme-component-feature-style-1\">\n                [vc_row_inner][vc_column_inner width=&#8220;1\/3&#8243;]\r\n            <div class=\"theme-component-feature-item\">\r\n                <span class=\"theme-icon-feature-check theme-component-feature-item-icon\"><span><\/span><\/span>\r\n                <h4 class=\"theme-component-feature-item-header\">Sicherheit<\/h4><p>Erfahrenes Personal und professionell ausgebildete Chauffeure.<\/p>\n\r\n            <\/div>\r\n        [\/vc_column_inner][vc_column_inner width=&#8220;1\/3&#8243;]\r\n            <div class=\"theme-component-feature-item\">\r\n                <span class=\"theme-icon-feature-price theme-component-feature-item-icon\"><span><\/span><\/span>\r\n                <h4 class=\"theme-component-feature-item-header\">Erschwingliche Preise<\/h4><p>Wir k\u00f6nnen Ihnen das richtige Fahrzeug zum richtigen Preis anbieten, das zu Ihrem Budget passt.<\/p>\n\r\n            <\/div>\r\n        [\/vc_column_inner][vc_column_inner width=&#8220;1\/3&#8243;]\r\n            <div class=\"theme-component-feature-item\">\r\n                <span class=\"theme-icon-feature-route-1 theme-component-feature-item-icon\"><span><\/span><\/span>\r\n                <h4 class=\"theme-component-feature-item-header\">Eine gro\u00dfe Flotte<\/h4><p>Wir verf\u00fcgen \u00fcber eine gro\u00dfe Fahrzeugflotte, die Vip-Transfers und private Bustransferservices anbietet.<\/p>\n\r\n            <\/div>\r\n        [\/vc_column_inner][\/vc_row_inner]\n            <\/div>\n        [\/vc_column][\/vc_row]<\/p>\n<\/div>","protected":false},"excerpt":{"rendered":"<p>[vc_row][vc_column width=&#8220;1\/3&#8243;][vc_single_image image=&#8220;23929&#8243; img_size=&#8220;full&#8220; css=&#8220;&#8220;][\/vc_column][vc_column width=&#8220;2\/3&#8243;][vc_column_text css=&#8220;&#8220; el_class=&#8220;theme-padding-top-30&#8243;]SakoLifeTransfer bietet zuverl\u00e4ssige und bequeme \u00dcberlandtransferdienste f\u00fcr alle, die zwischen St\u00e4dten reisen m\u00f6chten. Unsere Intercity-Transfers sind so konzipiert, dass Sie problemlos reisen k\u00f6nnen, egal ob Sie gesch\u00e4ftlich oder privat unterwegs sind.[\/vc_column_text][\/vc_column][\/vc_row][vc_row el_class=&#8220;theme-margin-top-20&#8243;][vc_column][vc_column_text css=&#8220;&#8220; el_class=&#8220;theme-padding-top-30&#8243;] Bequeme Fahrzeuge: Wir stellen Ihnen ger\u00e4umige und komfortable Fahrzeuge f\u00fcr Ihren \u00dcberlandtransfer zur Verf\u00fcgung, [&#8230;]<\/p>\n","protected":false},"author":5,"featured_media":0,"parent":0,"menu_order":0,"comment_status":"closed","ping_status":"closed","template":"","meta":{"footnotes":""},"class_list":["post-25222","page","type-page","status-publish","hentry"],"_links":{"self":[{"href":"https:\/\/sakolifetransfer.com\/de\/wp-json\/wp\/v2\/pages\/25222","targetHints":{"allow":["GET"]}}],"collection":[{"href":"https:\/\/sakolifetransfer.com\/de\/wp-json\/wp\/v2\/pages"}],"about":[{"href":"https:\/\/sakolifetransfer.com\/de\/wp-json\/wp\/v2\/types\/page"}],"author":[{"embeddable":true,"href":"https:\/\/sakolifetransfer.com\/de\/wp-json\/wp\/v2\/users\/5"}],"replies":[{"embeddable":true,"href":"https:\/\/sakolifetransfer.com\/de\/wp-json\/wp\/v2\/comments?post=25222"}],"version-history":[{"count":10,"href":"https:\/\/sakolifetransfer.com\/de\/wp-json\/wp\/v2\/pages\/25222\/revisions"}],"predecessor-version":[{"id":26084,"href":"https:\/\/sakolifetransfer.com\/de\/wp-json\/wp\/v2\/pages\/25222\/revisions\/26084"}],"wp:attachment":[{"href":"https:\/\/sakolifetransfer.com\/de\/wp-json\/wp\/v2\/media?parent=25222"}],"curies":[{"name":"wp","href":"https:\/\/api.w.org\/{rel}","templated":true}]}}