{"id":25309,"date":"2019-12-12T09:19:06","date_gmt":"2019-12-12T06:19:06","guid":{"rendered":"https:\/\/sakolifetransfer.com\/airport-transfer\/"},"modified":"2024-07-12T17:35:05","modified_gmt":"2024-07-12T14:35:05","slug":"flughafen-transfer","status":"publish","type":"page","link":"https:\/\/sakolifetransfer.com\/de\/flughafen-transfer\/","title":{"rendered":"Flughafen-Transfer"},"content":{"rendered":"<div class=\"wpb-content-wrapper\"><p>[vc_row][vc_column width=&#8220;1\/3&#8243;][vc_single_image image=&#8220;23927&#8243; img_size=&#8220;full&#8220; css=&#8220;&#8220;][\/vc_column][vc_column width=&#8220;2\/3&#8243;]\r\n            <p class=\"theme-component-paragraph-large theme-component-paragraph-large-style-2 alignleft theme-padding-top-0 theme-padding-bottom-0\">\r\n                Flughafen-Transfer\r\n            <\/p>\r\n        [vc_column_text css=&#8220;&#8220; el_class=&#8220;theme-padding-top-30&#8243;]Wir von SakoLifeTransfer machen Ihre Reisen mit unserem Flughafentransfer-Service einfacher und bequemer. Der Flughafentransfer bietet Ihnen einen komfortablen und zuverl\u00e4ssigen Transport am Anfang oder Ende Ihrer Reise. Mit unseren Privatfahrzeugen und erfahrenen Fahrern sorgen wir daf\u00fcr, dass Ihr Flughafentransfer reibungslos und komfortabel verl\u00e4uft.[\/vc_column_text][\/vc_column][\/vc_row][vc_row el_class=&#8220;theme-margin-top-20&#8243;][vc_column]\r\n            <p class=\"theme-component-paragraph-large theme-component-paragraph-large-style-2 alignleft theme-padding-top-0 theme-padding-bottom-0\">\r\n                Unsere Dienstleistungen\r\n            <\/p>\r\n        [vc_column_text css=&#8220;&#8220; el_class=&#8220;theme-padding-top-30&#8243;]<\/p>\n<ul>\n<li><strong>Private Fahrzeuge<\/strong>: Wir verwenden sorgf\u00e4ltig ausgew\u00e4hlte Fahrzeuge f\u00fcr unsere Transfers, um Ihren Komfort zu gew\u00e4hrleisten. Mit ger\u00e4umigen Innenr\u00e4umen und modernen Annehmlichkeiten machen wir Ihre Reise noch angenehmer.<\/li>\n<li><strong>Professionelle Fahrer<\/strong>: Unsere erfahrenen und freundlichen Fahrer unterst\u00fctzen Sie w\u00e4hrend Ihres Flughafentransfers und sorgen daf\u00fcr, dass Sie sicher reisen.<\/li>\n<li><strong>24\/7 Service<\/strong>: Unser Flughafentransfer-Service ist 24 Stunden am Tag, 7 Tage die Woche verf\u00fcgbar. Sie k\u00f6nnen uns jederzeit kontaktieren und Ihren Transfer ganz einfach arrangieren.<\/li>\n<li><strong>Sicherheit und Komfort<\/strong>: Kundenzufriedenheit und Sicherheit sind f\u00fcr uns wichtig. Unsere Fahrzeuge werden regelm\u00e4\u00dfig gewartet, um Ihre Sicherheit w\u00e4hrend der Fahrt zu gew\u00e4hrleisten.<\/li>\n<\/ul>\n<p>W\u00e4hlen Sie SakoLifeTransfer f\u00fcr einen komfortablen und sicheren Flughafentransfer am Anfang oder Ende Ihrer Reise. Kontaktieren Sie uns noch heute, um unsere Dienste in Anspruch zu nehmen und eine Reservierung vorzunehmen.[\/vc_column_text][\/vc_column][\/vc_row][vc_row el_class=&#8220;theme-column-style-6 theme-padding-bottom-0&#8243;][vc_column el_class=&#8220;theme-margin-bottom-20&#8243;]<div class=\"theme-component-list theme-component-list-style-2\">\n<ul>\n<li>Professionell ausgebildete Chauffeure<\/li>\n<li>24\/7 Full-Service-Transport<\/li>\n<li>Globales Netzwerk von Transportpartnern<\/li>\n<\/ul>\n<\/div>[\/vc_column][\/vc_row][vc_row][vc_column el_class=&#8220;theme-margin-bottom-0&#8243;][vc_custom_heading text=&#8220;Vorteile&#8220; font_container=&#8220;tag:h3|text_align:center&#8220; use_theme_fonts=&#8220;yes&#8220; css=&#8220;&#8220; el_class=&#8220;theme-margin-top-60 theme-margin-bottom-50&#8243;][\/vc_column][\/vc_row][vc_row][vc_column el_class=&#8220;theme-margin-bottom-0&#8243;]\n            <div class=\"theme-component-feature theme-component-feature-style-1\">\n                [vc_row_inner][vc_column_inner width=&#8220;1\/3&#8243;]\r\n            <div class=\"theme-component-feature-item\">\r\n                <span class=\"theme-icon-feature-check theme-component-feature-item-icon\"><span><\/span><\/span>\r\n                <h4 class=\"theme-component-feature-item-header\">Sicherheit<\/h4><p>Erfahrenes Personal und professionell ausgebildete Chauffeure.<\/p>\n\r\n            <\/div>\r\n        [\/vc_column_inner][vc_column_inner width=&#8220;1\/3&#8243;]\r\n            <div class=\"theme-component-feature-item\">\r\n                <span class=\"theme-icon-feature-price theme-component-feature-item-icon\"><span><\/span><\/span>\r\n                <h4 class=\"theme-component-feature-item-header\">Erschwingliche Preise<\/h4><p>Wir k\u00f6nnen Ihnen das richtige Fahrzeug zum richtigen Preis anbieten, das zu Ihrem Budget passt.<\/p>\n\r\n            <\/div>\r\n        [\/vc_column_inner][vc_column_inner width=&#8220;1\/3&#8243;]\r\n            <div class=\"theme-component-feature-item\">\r\n                <span class=\"theme-icon-feature-route-1 theme-component-feature-item-icon\"><span><\/span><\/span>\r\n                <h4 class=\"theme-component-feature-item-header\">Eine gro\u00dfe Flotte<\/h4><p>Wir verf\u00fcgen \u00fcber eine gro\u00dfe Fahrzeugflotte, die Vip-Transfers und private Bustransferservices anbietet.<\/p>\n\r\n            <\/div>\r\n        [\/vc_column_inner][\/vc_row_inner]\n            <\/div>\n        [\/vc_column][\/vc_row]<\/p>\n<\/div>","protected":false},"excerpt":{"rendered":"<p>[vc_row][vc_column width=&#8220;1\/3&#8243;][vc_single_image image=&#8220;23927&#8243; img_size=&#8220;full&#8220; css=&#8220;&#8220;][\/vc_column][vc_column width=&#8220;2\/3&#8243;][vc_column_text css=&#8220;&#8220; el_class=&#8220;theme-padding-top-30&#8243;]Wir von SakoLifeTransfer machen Ihre Reisen mit unserem Flughafentransfer-Service einfacher und bequemer. Der Flughafentransfer bietet Ihnen einen komfortablen und zuverl\u00e4ssigen Transport am Anfang oder Ende Ihrer Reise. Mit unseren Privatfahrzeugen und erfahrenen Fahrern sorgen wir daf\u00fcr, dass Ihr Flughafentransfer reibungslos und komfortabel verl\u00e4uft.[\/vc_column_text][\/vc_column][\/vc_row][vc_row el_class=&#8220;theme-margin-top-20&#8243;][vc_column][vc_column_text css=&#8220;&#8220; el_class=&#8220;theme-padding-top-30&#8243;] Private Fahrzeuge: [&#8230;]<\/p>\n","protected":false},"author":5,"featured_media":0,"parent":0,"menu_order":0,"comment_status":"closed","ping_status":"closed","template":"","meta":{"footnotes":""},"class_list":["post-25309","page","type-page","status-publish","hentry"],"_links":{"self":[{"href":"https:\/\/sakolifetransfer.com\/de\/wp-json\/wp\/v2\/pages\/25309","targetHints":{"allow":["GET"]}}],"collection":[{"href":"https:\/\/sakolifetransfer.com\/de\/wp-json\/wp\/v2\/pages"}],"about":[{"href":"https:\/\/sakolifetransfer.com\/de\/wp-json\/wp\/v2\/types\/page"}],"author":[{"embeddable":true,"href":"https:\/\/sakolifetransfer.com\/de\/wp-json\/wp\/v2\/users\/5"}],"replies":[{"embeddable":true,"href":"https:\/\/sakolifetransfer.com\/de\/wp-json\/wp\/v2\/comments?post=25309"}],"version-history":[{"count":9,"href":"https:\/\/sakolifetransfer.com\/de\/wp-json\/wp\/v2\/pages\/25309\/revisions"}],"predecessor-version":[{"id":26082,"href":"https:\/\/sakolifetransfer.com\/de\/wp-json\/wp\/v2\/pages\/25309\/revisions\/26082"}],"wp:attachment":[{"href":"https:\/\/sakolifetransfer.com\/de\/wp-json\/wp\/v2\/media?parent=25309"}],"curies":[{"name":"wp","href":"https:\/\/api.w.org\/{rel}","templated":true}]}}