{"id":25313,"date":"2019-12-12T09:20:18","date_gmt":"2019-12-12T06:20:18","guid":{"rendered":"https:\/\/sakolifetransfer.com\/corporate-travel\/"},"modified":"2024-07-14T13:30:42","modified_gmt":"2024-07-14T10:30:42","slug":"vip-autovermietung-mit-chauffeur","status":"publish","type":"page","link":"https:\/\/sakolifetransfer.com\/de\/vip-autovermietung-mit-chauffeur\/","title":{"rendered":"VIP-Autovermietung mit Chauffeur"},"content":{"rendered":"<div class=\"wpb-content-wrapper\"><p>[vc_row][vc_column width=&#8220;1\/3&#8243;][vc_single_image image=&#8220;23938&#8243; img_size=&#8220;full&#8220; css=&#8220;&#8220;][\/vc_column][vc_column width=&#8220;2\/3&#8243;]\r\n            <p class=\"theme-component-paragraph-large theme-component-paragraph-large-style-2 alignleft theme-padding-top-0 theme-padding-bottom-0\">\r\n                Chauffeured VIP Car Rental\r\n            <\/p>\r\n        [vc_column_text css=&#8220;&#8220; el_class=&#8220;theme-padding-top-30&#8243;]SakoLifeTransfer bietet einen chauffierten VIP-Autovermietungsservice f\u00fcr diejenigen, die ein luxuri\u00f6ses und komfortables Reiseerlebnis suchen. Unser VIP-Autovermietungsservice umfasst einen professionellen Fahrer, der sich um all Ihre Reisew\u00fcnsche k\u00fcmmert und f\u00fcr eine reibungslose und angenehme Reise sorgt.[\/vc_column_text][\/vc_column][\/vc_row][vc_row el_class=&#8220;theme-margin-top-20&#8243;][vc_column]\r\n            <p class=\"theme-component-paragraph-large theme-component-paragraph-large-style-2 alignleft theme-padding-top-0 theme-padding-bottom-0\">\r\n                Key Features of Our Chauffeured VIP Car Rental Service:\r\n            <\/p>\r\n        [vc_column_text css=&#8220;&#8220; el_class=&#8220;theme-padding-top-30&#8243;]<\/p>\n<ul>\n<li><strong>Luxurious Vehicles<\/strong>: We provide a fleet of high-end, luxury vehicles for your VIP car rental, ensuring a stylish and comfortable ride.<\/li>\n<li><strong>Professional Chauffeurs<\/strong>: Our chauffeurs are experienced, courteous, and well-trained, ensuring a safe and enjoyable journey.<\/li>\n<li><strong>Customized Itineraries<\/strong>: We offer customized travel itineraries to suit your needs, whether you&#8217;re traveling for business or pleasure.<\/li>\n<li><strong>Privacy and Comfort<\/strong>: Our VIP car rental service offers complete privacy and comfort, allowing you to relax and enjoy your journey.<\/li>\n<li><strong>24\/7 Availability<\/strong>: Our chauffeured VIP car rental service is available 24 hours a day, 7 days a week, so you can travel at any time that suits you.<\/li>\n<\/ul>\n<p>Experience the ultimate in luxury and comfort with our chauffeured VIP car rental service. Contact SakoLifeTransfer today to book your VIP car rental and enjoy a luxurious travel experience.[\/vc_column_text][\/vc_column][\/vc_row][vc_row el_class=&#8220;theme-column-style-6 theme-padding-bottom-0&#8243;][vc_column el_class=&#8220;theme-margin-bottom-20&#8243;]<div class=\"theme-component-list theme-component-list-style-2\">\n<ul>\n<li>Professionally Trained Chauffeurs<\/li>\n<li>24\/7 Full-Service Transportation<\/li>\n<li>Global network of Transportation Partners<\/li>\n<\/ul>\n<\/div>[\/vc_column][\/vc_row][vc_row][vc_column el_class=&#8220;theme-margin-bottom-0&#8243;][vc_custom_heading text=&#8220;Vorteile der Beauftragung von AutoRide&#8220; font_container=&#8220;tag:h3|text_align:center&#8220; use_theme_fonts=&#8220;yes&#8220; el_class=&#8220;theme-margin-top-60 theme-margin-bottom-50&#8243;][\/vc_column][\/vc_row][vc_row][vc_column el_class=&#8220;theme-margin-bottom-0&#8243;]\n            <div class=\"theme-component-feature theme-component-feature-style-1\">\n                [vc_row_inner][vc_column_inner width=&#8220;1\/3&#8243;]\r\n            <div class=\"theme-component-feature-item\">\r\n                <span class=\"theme-icon-feature-check theme-component-feature-item-icon\"><span><\/span><\/span>\r\n                <h4 class=\"theme-component-feature-item-header\">Safety First<\/h4><p>Erfahrenes Personal und professionell ausgebildete Chauffeure.<\/p>\n\r\n            <\/div>\r\n        [\/vc_column_inner][vc_column_inner width=&#8220;1\/3&#8243;]\r\n            <div class=\"theme-component-feature-item\">\r\n                <span class=\"theme-icon-feature-price theme-component-feature-item-icon\"><span><\/span><\/span>\r\n                <h4 class=\"theme-component-feature-item-header\">Resonable Rates<\/h4><p>Wir k\u00f6nnen Ihnen das richtige Fahrzeug zum richtigen Preis anbieten, das zu Ihrem Budget passt.<\/p>\n\r\n            <\/div>\r\n        [\/vc_column_inner][vc_column_inner width=&#8220;1\/3&#8243;]\r\n            <div class=\"theme-component-feature-item\">\r\n                <span class=\"theme-icon-feature-route-1 theme-component-feature-item-icon\"><span><\/span><\/span>\r\n                <h4 class=\"theme-component-feature-item-header\">Largest Fleet<\/h4><p>Wir verf\u00fcgen \u00fcber eine gro\u00dfe Fahrzeugflotte, die Vip-Transfers und private Bustransferservices anbietet.<\/p>\n\r\n            <\/div>\r\n        [\/vc_column_inner][\/vc_row_inner]\n            <\/div>\n        [\/vc_column][\/vc_row]<\/p>\n<\/div>","protected":false},"excerpt":{"rendered":"<p>[vc_row][vc_column width=&#8220;1\/3&#8243;][vc_single_image image=&#8220;23938&#8243; img_size=&#8220;full&#8220; css=&#8220;&#8220;][\/vc_column][vc_column width=&#8220;2\/3&#8243;][vc_column_text css=&#8220;&#8220; el_class=&#8220;theme-padding-top-30&#8243;]SakoLifeTransfer bietet einen chauffierten VIP-Autovermietungsservice f\u00fcr diejenigen, die ein luxuri\u00f6ses und komfortables Reiseerlebnis suchen. Unser VIP-Autovermietungsservice umfasst einen professionellen Fahrer, der sich um all Ihre Reisew\u00fcnsche k\u00fcmmert und f\u00fcr eine reibungslose und angenehme Reise sorgt.[\/vc_column_text][\/vc_column][\/vc_row][vc_row el_class=&#8220;theme-margin-top-20&#8243;][vc_column][vc_column_text css=&#8220;&#8220; el_class=&#8220;theme-padding-top-30&#8243;] Luxurious Vehicles: We provide a fleet of high-end, luxury vehicles [&#8230;]<\/p>\n","protected":false},"author":5,"featured_media":0,"parent":0,"menu_order":0,"comment_status":"closed","ping_status":"closed","template":"","meta":{"footnotes":""},"class_list":["post-25313","page","type-page","status-publish","hentry"],"_links":{"self":[{"href":"https:\/\/sakolifetransfer.com\/de\/wp-json\/wp\/v2\/pages\/25313","targetHints":{"allow":["GET"]}}],"collection":[{"href":"https:\/\/sakolifetransfer.com\/de\/wp-json\/wp\/v2\/pages"}],"about":[{"href":"https:\/\/sakolifetransfer.com\/de\/wp-json\/wp\/v2\/types\/page"}],"author":[{"embeddable":true,"href":"https:\/\/sakolifetransfer.com\/de\/wp-json\/wp\/v2\/users\/5"}],"replies":[{"embeddable":true,"href":"https:\/\/sakolifetransfer.com\/de\/wp-json\/wp\/v2\/comments?post=25313"}],"version-history":[{"count":15,"href":"https:\/\/sakolifetransfer.com\/de\/wp-json\/wp\/v2\/pages\/25313\/revisions"}],"predecessor-version":[{"id":26405,"href":"https:\/\/sakolifetransfer.com\/de\/wp-json\/wp\/v2\/pages\/25313\/revisions\/26405"}],"wp:attachment":[{"href":"https:\/\/sakolifetransfer.com\/de\/wp-json\/wp\/v2\/media?parent=25313"}],"curies":[{"name":"wp","href":"https:\/\/api.w.org\/{rel}","templated":true}]}}