{"id":25317,"date":"2019-12-12T09:20:43","date_gmt":"2019-12-12T06:20:43","guid":{"rendered":"https:\/\/sakolifetransfer.com\/charter-service\/"},"modified":"2024-07-12T17:44:53","modified_gmt":"2024-07-12T14:44:53","slug":"dienstleistungen-fuer-unternehmenstransfers","status":"publish","type":"page","link":"https:\/\/sakolifetransfer.com\/de\/dienstleistungen-fuer-unternehmenstransfers\/","title":{"rendered":"Dienstleistungen f\u00fcr Unternehmenstransfers"},"content":{"rendered":"<div class=\"wpb-content-wrapper\"><p>[vc_row][vc_column width=&#8220;1\/3&#8243;][vc_single_image image=&#8220;23941&#8243; img_size=&#8220;full&#8220; css=&#8220;&#8220;][\/vc_column][vc_column width=&#8220;2\/3&#8243;]\r\n            <p class=\"theme-component-paragraph-large theme-component-paragraph-large-style-2 alignleft theme-padding-top-0 theme-padding-bottom-0\">\r\n                Unternehmens\u00fcbertragungsdienste\r\n            <\/p>\r\n        [vc_column_text css=&#8220;&#8220; el_class=&#8220;theme-padding-top-30&#8243;]SakoLifeTransfer bietet professionelle und zuverl\u00e4ssige Transferservices f\u00fcr Unternehmen und Organisationen. Ganz gleich, ob Sie einen Transport f\u00fcr Firmenveranstaltungen, Meetings oder Flughafentransfers f\u00fcr Ihre F\u00fchrungskr\u00e4fte ben\u00f6tigen, unsere Transferservices f\u00fcr Unternehmen sind genau auf Ihre Bed\u00fcrfnisse zugeschnitten.[\/vc_column_text][\/vc_column][\/vc_row][vc_row el_class=&#8220;theme-margin-top-20&#8243;][vc_column]\r\n            <p class=\"theme-component-paragraph-large theme-component-paragraph-large-style-2 alignleft theme-padding-top-0 theme-padding-bottom-0\">\r\n                Hauptmerkmale unserer Unternehmens\u00fcbertragungsdienste:\r\n            <\/p>\r\n        [vc_column_text css=&#8220;&#8220; el_class=&#8220;theme-padding-top-30&#8243;]<\/p>\n<ul>\n<li><strong>Professionalit\u00e4t<\/strong>: Unsere Fahrer sind erfahren und geschult, um unseren Firmenkunden ein H\u00f6chstma\u00df an Professionalit\u00e4t und Service zu bieten.<\/li>\n<li><strong>P\u00fcnktlichkeit<\/strong>: Wir wissen, wie wichtig es ist, bei Firmenveranstaltungen und Meetings p\u00fcnktlich zu sein. Deshalb sorgen wir daf\u00fcr, dass unsere Transfers immer p\u00fcnktlich sind.<\/li>\n<li><strong>Komfort<\/strong>: Unsere Fahrzeugflotte ist gut gewartet und auf Komfort ausgelegt, um eine angenehme und entspannte Reise f\u00fcr Ihre F\u00fchrungskr\u00e4fte zu gew\u00e4hrleisten.<\/li>\n<li><strong>Datenschutz<\/strong>: Wir respektieren die Privatsph\u00e4re unserer Firmenkunden und stellen sicher, dass alle \u00dcberweisungen diskret und vertraulich durchgef\u00fchrt werden.<\/li>\n<li><strong>Ma\u00dfgeschneiderter Service<\/strong>: Wir bieten ma\u00dfgeschneiderte Transferservices f\u00fcr die speziellen Bed\u00fcrfnisse Ihrer Organisation, egal ob Sie einen Transport f\u00fcr eine kleine Gruppe oder eine gro\u00dfe Firmenveranstaltung ben\u00f6tigen.<\/li>\n<\/ul>\n<p>Erleben Sie die Zuverl\u00e4ssigkeit und Professionalit\u00e4t unseres Transferservices f\u00fcr Unternehmen. Setzen Sie sich noch heute mit SakoLifeTransfer in Verbindung, um Ihren Unternehmenstransfer zu buchen und einen reibungslosen und nahtlosen Transport f\u00fcr Ihr Unternehmen zu gew\u00e4hrleisten.[\/vc_column_text][\/vc_column][\/vc_row][vc_row el_class=&#8220;theme-column-style-6 theme-padding-bottom-0&#8243;][vc_column el_class=&#8220;theme-margin-bottom-20&#8243;]<div class=\"theme-component-list theme-component-list-style-2\">\n<ul>\n<li>Professionell ausgebildete Chauffeure<\/li>\n<li>24\/7 Full-Service-Transport<\/li>\n<li>Globales Netzwerk von Transportpartnern<\/li>\n<\/ul>\n<\/div>[\/vc_column][\/vc_row][vc_row][vc_column el_class=&#8220;theme-margin-bottom-0&#8243;][vc_custom_heading text=&#8220;Vorteile&#8220; font_container=&#8220;tag:h3|text_align:center&#8220; use_theme_fonts=&#8220;yes&#8220; el_class=&#8220;theme-margin-top-60 theme-margin-bottom-50&#8243;][\/vc_column][\/vc_row][vc_row][vc_column el_class=&#8220;theme-margin-bottom-0&#8243;]\n            <div class=\"theme-component-feature theme-component-feature-style-1\">\n                [vc_row_inner][vc_column_inner width=&#8220;1\/3&#8243;]\r\n            <div class=\"theme-component-feature-item\">\r\n                <span class=\"theme-icon-feature-check theme-component-feature-item-icon\"><span><\/span><\/span>\r\n                <h4 class=\"theme-component-feature-item-header\">Sicherheit<\/h4><p>Erfahrenes Personal und professionell ausgebildete Chauffeure.<\/p>\n\r\n            <\/div>\r\n        [\/vc_column_inner][vc_column_inner width=&#8220;1\/3&#8243;]\r\n            <div class=\"theme-component-feature-item\">\r\n                <span class=\"theme-icon-feature-price theme-component-feature-item-icon\"><span><\/span><\/span>\r\n                <h4 class=\"theme-component-feature-item-header\">Erschwingliche Preise<\/h4><p>Wir k\u00f6nnen Ihnen das richtige Fahrzeug zum richtigen Preis anbieten, das zu Ihrem Budget passt.<\/p>\n\r\n            <\/div>\r\n        [\/vc_column_inner][vc_column_inner width=&#8220;1\/3&#8243;]\r\n            <div class=\"theme-component-feature-item\">\r\n                <span class=\"theme-icon-feature-route-1 theme-component-feature-item-icon\"><span><\/span><\/span>\r\n                <h4 class=\"theme-component-feature-item-header\">Eine gro\u00dfe Flotte<\/h4><p>Wir verf\u00fcgen \u00fcber eine gro\u00dfe Fahrzeugflotte, die Vip-Transfers und private Bustransferservices anbietet.<\/p>\n\r\n            <\/div>\r\n        [\/vc_column_inner][\/vc_row_inner]\n            <\/div>\n        [\/vc_column][\/vc_row]<\/p>\n<\/div>","protected":false},"excerpt":{"rendered":"<p>[vc_row][vc_column width=&#8220;1\/3&#8243;][vc_single_image image=&#8220;23941&#8243; img_size=&#8220;full&#8220; css=&#8220;&#8220;][\/vc_column][vc_column width=&#8220;2\/3&#8243;][vc_column_text css=&#8220;&#8220; el_class=&#8220;theme-padding-top-30&#8243;]SakoLifeTransfer bietet professionelle und zuverl\u00e4ssige Transferservices f\u00fcr Unternehmen und Organisationen. Ganz gleich, ob Sie einen Transport f\u00fcr Firmenveranstaltungen, Meetings oder Flughafentransfers f\u00fcr Ihre F\u00fchrungskr\u00e4fte ben\u00f6tigen, unsere Transferservices f\u00fcr Unternehmen sind genau auf Ihre Bed\u00fcrfnisse zugeschnitten.[\/vc_column_text][\/vc_column][\/vc_row][vc_row el_class=&#8220;theme-margin-top-20&#8243;][vc_column][vc_column_text css=&#8220;&#8220; el_class=&#8220;theme-padding-top-30&#8243;] Professionalit\u00e4t: Unsere Fahrer sind erfahren und geschult, um unseren Firmenkunden [&#8230;]<\/p>\n","protected":false},"author":5,"featured_media":0,"parent":0,"menu_order":0,"comment_status":"closed","ping_status":"closed","template":"","meta":{"footnotes":""},"class_list":["post-25317","page","type-page","status-publish","hentry"],"_links":{"self":[{"href":"https:\/\/sakolifetransfer.com\/de\/wp-json\/wp\/v2\/pages\/25317","targetHints":{"allow":["GET"]}}],"collection":[{"href":"https:\/\/sakolifetransfer.com\/de\/wp-json\/wp\/v2\/pages"}],"about":[{"href":"https:\/\/sakolifetransfer.com\/de\/wp-json\/wp\/v2\/types\/page"}],"author":[{"embeddable":true,"href":"https:\/\/sakolifetransfer.com\/de\/wp-json\/wp\/v2\/users\/5"}],"replies":[{"embeddable":true,"href":"https:\/\/sakolifetransfer.com\/de\/wp-json\/wp\/v2\/comments?post=25317"}],"version-history":[{"count":9,"href":"https:\/\/sakolifetransfer.com\/de\/wp-json\/wp\/v2\/pages\/25317\/revisions"}],"predecessor-version":[{"id":26094,"href":"https:\/\/sakolifetransfer.com\/de\/wp-json\/wp\/v2\/pages\/25317\/revisions\/26094"}],"wp:attachment":[{"href":"https:\/\/sakolifetransfer.com\/de\/wp-json\/wp\/v2\/media?parent=25317"}],"curies":[{"name":"wp","href":"https:\/\/api.w.org\/{rel}","templated":true}]}}