{"id":25369,"date":"2024-07-03T11:27:52","date_gmt":"2024-07-03T08:27:52","guid":{"rendered":"https:\/\/sakolifetransfer.com\/return-conditions\/"},"modified":"2024-07-12T17:18:33","modified_gmt":"2024-07-12T14:18:33","slug":"return-conditions","status":"publish","type":"page","link":"https:\/\/sakolifetransfer.com\/de\/return-conditions\/","title":{"rendered":"R\u00fcckgabebedingungen"},"content":{"rendered":"<div class=\"wpb-content-wrapper\"><p>[vc_row][vc_column width=&#8220;2\/3&#8243;][vc_custom_heading text=&#8220;R\u00fcckgabebedingungen&#8220; font_container=&#8220;tag:h3|text_align:left&#8220; use_theme_fonts=&#8220;yes&#8220; css=&#8220;&#8220;][vc_column_text css=&#8220;&#8220;]Wir von SakoLifeTransfer m\u00f6chten, dass Sie mit unseren Reisen zufrieden sind. Wenn Sie Ihre Buchung stornieren oder \u00e4ndern m\u00fcssen, lesen Sie bitte die folgenden Richtlinien:[\/vc_column_text][\/vc_column][vc_column width=&#8220;1\/3&#8243;][vc_single_image image=&#8220;23923&#8243; img_size=&#8220;full&#8220; css=&#8220;&#8220; el_class=&#8220;theme-image-style-1&#8243;][\/vc_column][\/vc_row][vc_row][vc_column width=&#8220;1\/2&#8243;][vc_custom_heading text=&#8220;1. die Stornierungsbedingungen:&#8220; font_container=&#8220;tag:h3|text_align:left&#8220; use_theme_fonts=&#8220;yes&#8220; css=&#8220;&#8220;][vc_column_text css=&#8220;&#8220;]<\/p>\n<ul>\n<li style=\"list-style-type: none;\">\n<ul>\n<li>Bei Stornierungen, die mindestens 14 Tage vor dem Datum der Tour erfolgen, wird der volle Betrag zur\u00fcckerstattet.<\/li>\n<li>Bei einer Stornierung innerhalb von 14 Tagen vor dem Tourdatum wird eine Stornierungsgeb\u00fchr von 50% erhoben.<\/li>\n<li>F\u00fcr Stornierungen am Tag der Tour wird keine R\u00fcckerstattung gew\u00e4hrt.<\/li>\n<\/ul>\n<\/li>\n<\/ul>\n<p>[\/vc_column_text][\/vc_column][vc_column width=&#8220;1\/2&#8243;][vc_custom_heading text=&#8220;2. die Modifizierungspolitik:&#8220; font_container=&#8220;tag:h3|text_align:left&#8220; use_theme_fonts=&#8220;yes&#8220; css=&#8220;&#8220;][vc_column_text css=&#8220;&#8220;]<\/p>\n<ul>\n<li style=\"list-style-type: none;\">\n<ul>\n<li>Buchungs\u00e4nderungen k\u00f6nnen bis zu 14 Tage vor dem Datum der Tour vorgenommen werden, je nach Verf\u00fcgbarkeit.<\/li>\n<li>\u00c4nderungen, die innerhalb von 14 Tagen vor dem Tourdatum vorgenommen werden, k\u00f6nnen geb\u00fchrenpflichtig sein.<\/li>\n<\/ul>\n<\/li>\n<\/ul>\n<p>[\/vc_column_text][\/vc_column][\/vc_row][vc_row][vc_column][vc_custom_heading text=&#8220;Erstattungsprozess&#8220; font_container=&#8220;tag:h3|text_align:left&#8220; use_theme_fonts=&#8220;yes&#8220; css=&#8220;&#8220;][vc_column_text css=&#8220;&#8220;]R\u00fcckerstattungen bei Stornierungen werden mit der gleichen Zahlungsmethode abgewickelt, die f\u00fcr die urspr\u00fcngliche Buchung verwendet wurde. Es kann bis zu 7-14 Werktage dauern, bis die R\u00fcckerstattung auf Ihrem Konto gutgeschrieben wird.[\/vc_column_text][\/vc_column][\/vc_row]<\/p>\n<\/div>","protected":false},"excerpt":{"rendered":"<p>[vc_row][vc_column width=&#8220;2\/3&#8243;][vc_custom_heading text=&#8220;R\u00fcckgabebedingungen&#8220; font_container=&#8220;tag:h3|text_align:left&#8220; use_theme_fonts=&#8220;yes&#8220; css=&#8220;&#8220;][vc_column_text css=&#8220;&#8220;]Wir von SakoLifeTransfer m\u00f6chten, dass Sie mit unseren Reisen zufrieden sind. Wenn Sie Ihre Buchung stornieren oder \u00e4ndern m\u00fcssen, lesen Sie bitte die folgenden Richtlinien:[\/vc_column_text][\/vc_column][vc_column width=&#8220;1\/3&#8243;][vc_single_image image=&#8220;23923&#8243; img_size=&#8220;full&#8220; css=&#8220;&#8220; el_class=&#8220;theme-image-style-1&#8243;][\/vc_column][\/vc_row][vc_row][vc_column width=&#8220;1\/2&#8243;][vc_custom_heading text=&#8220;1. die Stornierungsbedingungen:&#8220; font_container=&#8220;tag:h3|text_align:left&#8220; use_theme_fonts=&#8220;yes&#8220; css=&#8220;&#8220;][vc_column_text css=&#8220;&#8220;] Bei Stornierungen, die mindestens 14 Tage vor dem Datum der Tour [&#8230;]<\/p>\n","protected":false},"author":5,"featured_media":0,"parent":0,"menu_order":0,"comment_status":"closed","ping_status":"closed","template":"","meta":{"footnotes":""},"class_list":["post-25369","page","type-page","status-publish","hentry"],"_links":{"self":[{"href":"https:\/\/sakolifetransfer.com\/de\/wp-json\/wp\/v2\/pages\/25369","targetHints":{"allow":["GET"]}}],"collection":[{"href":"https:\/\/sakolifetransfer.com\/de\/wp-json\/wp\/v2\/pages"}],"about":[{"href":"https:\/\/sakolifetransfer.com\/de\/wp-json\/wp\/v2\/types\/page"}],"author":[{"embeddable":true,"href":"https:\/\/sakolifetransfer.com\/de\/wp-json\/wp\/v2\/users\/5"}],"replies":[{"embeddable":true,"href":"https:\/\/sakolifetransfer.com\/de\/wp-json\/wp\/v2\/comments?post=25369"}],"version-history":[{"count":3,"href":"https:\/\/sakolifetransfer.com\/de\/wp-json\/wp\/v2\/pages\/25369\/revisions"}],"predecessor-version":[{"id":25599,"href":"https:\/\/sakolifetransfer.com\/de\/wp-json\/wp\/v2\/pages\/25369\/revisions\/25599"}],"wp:attachment":[{"href":"https:\/\/sakolifetransfer.com\/de\/wp-json\/wp\/v2\/media?parent=25369"}],"curies":[{"name":"wp","href":"https:\/\/api.w.org\/{rel}","templated":true}]}}