{"id":25373,"date":"2024-07-03T11:28:05","date_gmt":"2024-07-03T08:28:05","guid":{"rendered":"https:\/\/sakolifetransfer.com\/privacy-policies\/"},"modified":"2024-07-12T17:16:20","modified_gmt":"2024-07-12T14:16:20","slug":"datenschutzbestimmungen","status":"publish","type":"page","link":"https:\/\/sakolifetransfer.com\/de\/datenschutzbestimmungen\/","title":{"rendered":"Datenschutzbestimmungen"},"content":{"rendered":"<div class=\"wpb-content-wrapper\"><p>[vc_row][vc_column width=&#8220;1\/2&#8243;][vc_custom_heading text=&#8220;\u00dcber SakoLife Transfer&#8220; font_container=&#8220;tag:h3|text_align:left&#8220; use_theme_fonts=&#8220;yes&#8220; css=&#8220;&#8220;][vc_column_text css=&#8220;&#8220;]Wir von SakoLifeTransfer verpflichten uns, Ihre Privatsph\u00e4re zu sch\u00fctzen. Wenn Sie unsere Website besuchen oder mit uns m\u00fcndlich, schriftlich oder elektronisch kommunizieren, k\u00f6nnen wir Ihre personenbezogenen Daten gem\u00e4\u00df dem Gesetz zum Schutz personenbezogener Daten Nr. 6698 (&#8222;KVKK&#8220;) erfassen, verarbeiten, speichern und sch\u00fctzen. Als Institution, die alle Vorkehrungen zum Schutz Ihrer Daten trifft und mit \u00e4u\u00dferster Sensibilit\u00e4t handelt, m\u00f6chten wir Sie dar\u00fcber informieren, wie und f\u00fcr welche Zwecke wir Ihre personenbezogenen Daten im Rahmen der KVKK und der damit verbundenen Gesetze verarbeiten und welche Ma\u00dfnahmen wir zum Schutz Ihrer personenbezogenen Daten ergreifen.[\/vc_column_text][\/vc_column][vc_column width=&#8220;1\/2&#8243;][vc_single_image image=&#8220;23921&#8243; img_size=&#8220;full&#8220; css=&#8220;&#8220; el_class=&#8220;theme-image-style-1&#8243;][\/vc_column][\/vc_row][vc_row][vc_column][vc_custom_heading text=&#8220;Verarbeitung und Zweck der pers\u00f6nlichen Daten&#8220; font_container=&#8220;tag:h3|text_align:left&#8220; use_theme_fonts=&#8220;yes&#8220; css=&#8220;&#8220;][vc_column_text css=&#8220;&#8220;]<\/p>\n<h5>Bei SakoLifeTransfer verarbeiten wir Ihre pers\u00f6nlichen Daten nur mit Ihrer ausdr\u00fccklichen Zustimmung oder unter den folgenden rechtm\u00e4\u00dfigen Bedingungen:<\/h5>\n<p>[\/vc_column_text][vc_column_text css=&#8220;&#8220;]<\/p>\n<ul>\n<li>Wenn dies ausdr\u00fccklich in Gesetzen vorgesehen ist.<\/li>\n<li>Wenn es zum Schutz des Lebens oder der k\u00f6rperlichen Unversehrtheit der Person zwingend erforderlich ist, die aufgrund tats\u00e4chlicher Unm\u00f6glichkeit nicht in der Lage ist, ihre Zustimmung zu \u00e4u\u00dfern oder deren Zustimmung rechtlich nicht anerkannt ist.<\/li>\n<li>Wenn es f\u00fcr die Erf\u00fcllung oder das Zustandekommen eines Vertrags erforderlich ist.<\/li>\n<li>Wenn es f\u00fcr den f\u00fcr die Verarbeitung Verantwortlichen zwingend erforderlich ist, um seinen gesetzlichen Verpflichtungen nachzukommen.<\/li>\n<li>Wenn die Daten von der betroffenen Person \u00f6ffentlich gemacht wurden.<\/li>\n<li>Wenn sie f\u00fcr die Begr\u00fcndung, die Aus\u00fcbung oder den Schutz eines Rechts zwingend erforderlich ist.<\/li>\n<li>Wenn es f\u00fcr die berechtigten Interessen des f\u00fcr die Verarbeitung Verantwortlichen zwingend erforderlich ist, vorausgesetzt, dass die Grundrechte und -freiheiten der betroffenen Person dadurch nicht beeintr\u00e4chtigt werden.<\/li>\n<\/ul>\n<p>[\/vc_column_text][\/vc_column][\/vc_row][vc_row][vc_column][vc_custom_heading text=&#8220;Methoden und rechtliche Gr\u00fcnde f\u00fcr das Sammeln von pers\u00f6nlichen Daten&#8220; font_container=&#8220;tag:h3|text_align:left&#8220; use_theme_fonts=&#8220;yes&#8220; css=&#8220;&#8220;][vc_column_text css=&#8220;&#8220;]Ihre pers\u00f6nlichen Daten werden aus verschiedenen rechtlichen Gr\u00fcnden und mit verschiedenen Methoden erhoben und verarbeitet, z.B. wenn Sie unsere Website besuchen oder mit uns in m\u00fcndlicher, schriftlicher oder elektronischer Form kommunizieren. Die auf diese Weise und aus rechtlichen Gr\u00fcnden erhobenen personenbezogenen Daten werden zu den in dieser Datenschutzerkl\u00e4rung genannten Zwecken, gem\u00e4\u00df den in Artikel 5 und 6 des KVKK genannten Bedingungen und zur vollst\u00e4ndigen und genauen Erf\u00fcllung der sich aus Gesetzen und Vertr\u00e4gen ergebenden rechtlichen Verpflichtungen von SakoLifeTransfer verarbeitet.[\/vc_column_text][\/vc_column][\/vc_row][vc_row][vc_column][vc_custom_heading text=&#8220;Schutz von pers\u00f6nlichen Daten&#8220; font_container=&#8220;tag:h3|text_align:left&#8220; use_theme_fonts=&#8220;yes&#8220; css=&#8220;&#8220;][vc_column_text css=&#8220;&#8220;]Bei SakoLifeTransfer ergreifen wir alle notwendigen technischen und administrativen Ma\u00dfnahmen, um gesammelte und verarbeitete pers\u00f6nliche Daten vor unbefugtem Zugriff zu sch\u00fctzen und m\u00f6glichen Schaden von den Beteiligten abzuwenden. Wir stellen sicher, dass die Software, die wir in unserem Betrieb einsetzen, den erforderlichen technologischen und sicherheitstechnischen Standards entspricht, dass die Dritten, mit denen wir zusammenarbeiten, sorgf\u00e4ltig ausgew\u00e4hlt werden, dass unsere Mitarbeiter in dieser Hinsicht geschult werden und dass unsere Datenschutzpolitik innerhalb des Unternehmens eingehalten wird.[\/vc_column_text][\/vc_column][\/vc_row][vc_row][vc_column][vc_custom_heading text=&#8220;Rechte der betroffenen Person&#8220; font_container=&#8220;tag:h3|text_align:left&#8220; use_theme_fonts=&#8220;yes&#8220; css=&#8220;&#8220;][vc_column_text css=&#8220;&#8220;]Gem\u00e4\u00df Artikel 11 des KVKK hat jede nat\u00fcrliche Person, deren personenbezogene Daten verarbeitet werden, bestimmte Rechte. Zu diesen Rechten geh\u00f6rt das Recht zu erfahren, ob ihre personenbezogenen Daten verarbeitet werden, Auskunft zu verlangen, wenn ihre personenbezogenen Daten verarbeitet wurden, den Zweck der Verarbeitung personenbezogener Daten zu erfahren und ob sie entsprechend ihrem Zweck verwendet werden, die Dritten zu erfahren, an die personenbezogene Daten im Inland oder im Ausland \u00fcbermittelt werden, die Berichtigung unvollst\u00e4ndiger oder unrichtiger Daten zu verlangen, die L\u00f6schung oder Vernichtung personenbezogener Daten unter den in Artikel 7 des KVKK festgelegten Bedingungen zu verlangen, die Benachrichtigung von Dritten, an die personenbezogene Daten \u00fcbermittelt wurden, \u00fcber die Berichtigung oder L\u00f6schung zu verlangen, sich der Verarbeitung personenbezogener Daten ausschlie\u00dflich durch automatisierte Systeme zu widersetzen, die f\u00fcr die betroffene Person ung\u00fcnstige Ergebnisse hervorbringen, und Ersatz des Schadens zu verlangen, der durch die unrechtm\u00e4\u00dfige Verarbeitung personenbezogener Daten entstanden ist.[\/vc_column_text][\/vc_column][\/vc_row]<\/p>\n<\/div>","protected":false},"excerpt":{"rendered":"<p>[vc_row][vc_column width=&#8220;1\/2&#8243;][vc_custom_heading text=&#8220;\u00dcber SakoLife Transfer&#8220; font_container=&#8220;tag:h3|text_align:left&#8220; use_theme_fonts=&#8220;yes&#8220; css=&#8220;&#8220;][vc_column_text css=&#8220;&#8220;]Wir von SakoLifeTransfer verpflichten uns, Ihre Privatsph\u00e4re zu sch\u00fctzen. Wenn Sie unsere Website besuchen oder mit uns m\u00fcndlich, schriftlich oder elektronisch kommunizieren, k\u00f6nnen wir Ihre personenbezogenen Daten gem\u00e4\u00df dem Gesetz zum Schutz personenbezogener Daten Nr. 6698 (&#8222;KVKK&#8220;) erfassen, verarbeiten, speichern und sch\u00fctzen. Als Institution, die alle Vorkehrungen [&#8230;]<\/p>\n","protected":false},"author":5,"featured_media":0,"parent":0,"menu_order":0,"comment_status":"closed","ping_status":"closed","template":"","meta":{"footnotes":""},"class_list":["post-25373","page","type-page","status-publish","hentry"],"_links":{"self":[{"href":"https:\/\/sakolifetransfer.com\/de\/wp-json\/wp\/v2\/pages\/25373","targetHints":{"allow":["GET"]}}],"collection":[{"href":"https:\/\/sakolifetransfer.com\/de\/wp-json\/wp\/v2\/pages"}],"about":[{"href":"https:\/\/sakolifetransfer.com\/de\/wp-json\/wp\/v2\/types\/page"}],"author":[{"embeddable":true,"href":"https:\/\/sakolifetransfer.com\/de\/wp-json\/wp\/v2\/users\/5"}],"replies":[{"embeddable":true,"href":"https:\/\/sakolifetransfer.com\/de\/wp-json\/wp\/v2\/comments?post=25373"}],"version-history":[{"count":3,"href":"https:\/\/sakolifetransfer.com\/de\/wp-json\/wp\/v2\/pages\/25373\/revisions"}],"predecessor-version":[{"id":25504,"href":"https:\/\/sakolifetransfer.com\/de\/wp-json\/wp\/v2\/pages\/25373\/revisions\/25504"}],"wp:attachment":[{"href":"https:\/\/sakolifetransfer.com\/de\/wp-json\/wp\/v2\/media?parent=25373"}],"curies":[{"name":"wp","href":"https:\/\/api.w.org\/{rel}","templated":true}]}}