{"id":25079,"date":"2019-04-05T09:23:56","date_gmt":"2019-04-05T06:23:56","guid":{"rendered":"https:\/\/sakolifetransfer.com\/about-us-i\/"},"modified":"2024-07-12T15:54:43","modified_gmt":"2024-07-12T12:54:43","slug":"o-nas","status":"publish","type":"page","link":"https:\/\/sakolifetransfer.com\/pl\/o-nas\/","title":{"rendered":"O nas"},"content":{"rendered":"<div class=\"wpb-content-wrapper\"><p>[vc_row][vc_column width=&#8221;1\/2&#8243;][vc_custom_heading text=&#8221;O nas&#8221; font_container=&#8221;tag:h3|text_align:left&#8221; use_theme_fonts=&#8221;yes&#8221; css=&#8221;&#8221;][vc_column_text css=&#8221;&#8221;]W <strong>SakoLifeTransfer<\/strong> dok\u0142adamy wszelkich stara\u0144, aby \u015bwiadczy\u0107 wygodne i niezawodne us\u0142ugi transferu. Niezale\u017cnie od tego, czy potrzebujesz transportu z lotniska do hotelu, z hotelu na lotnisko, czy w obr\u0119bie miasta, jeste\u015bmy tutaj, aby Ci pom\u00f3c. Naszym celem jest uczynienie podr\u00f3\u017cy bezstresowymi i przyjemnymi, stawiaj\u0105c na pierwszym miejscu zadowolenie klienta.[\/vc_column_text]<div class=\"theme-component-list theme-component-list-style-2 theme-margin-top-40\">\n<ul>\n<li>Profesjonalnie wyszkoleni szoferzy<\/li>\n<li>Transport z pe\u0142nym zakresem us\u0142ug 24\/7<\/li>\n<li>Globalna sie\u0107 partner\u00f3w transportowych<\/li>\n<\/ul>\n<\/div>[\/vc_column][vc_column width=&#8221;1\/2&#8243;][vc_single_image image=&#8221;23916&#8243; img_size=&#8221;full&#8221; css=&#8221;&#8221; el_class=&#8221;theme-image-style-1&#8243;][\/vc_column][\/vc_row][vc_row][vc_column width=&#8221;1\/2&#8243;][vc_single_image image=&#8221;23914&#8243; img_size=&#8221;full&#8221; css=&#8221;&#8221; el_class=&#8221;theme-image-style-1&#8243;][\/vc_column][vc_column width=&#8221;1\/2&#8243;][vc_custom_heading text=&#8221;Nasza misja&#8221; font_container=&#8221;tag:h3|text_align:left&#8221; use_theme_fonts=&#8221;yes&#8221; css=&#8221;&#8221;][vc_column_text css=&#8221;&#8221;]Nasz\u0105 misj\u0105 jest u\u0142atwianie i usprawnianie podr\u00f3\u017cy naszych klient\u00f3w poprzez \u015bwiadczenie najbardziej niezawodnych i komfortowych us\u0142ug transferowych. Zdajemy sobie spraw\u0119, \u017ce ka\u017cdy z naszych klient\u00f3w jest wyj\u0105tkowy i wa\u017cny, dlatego staramy si\u0119 oferowa\u0107 spersonalizowane us\u0142ugi.[\/vc_column_text][\/vc_column][\/vc_row][vc_row][vc_column width=&#8221;1\/2&#8243;][vc_custom_heading text=&#8221;Nasze warto\u015bci&#8221; font_container=&#8221;tag:h3|text_align:left&#8221; use_theme_fonts=&#8221;yes&#8221; css=&#8221;&#8221;][vc_column_text css=&#8221;&#8221;]<\/p>\n<ul>\n<li><strong>Niezawodno\u015b\u0107<\/strong>: Dotrzymujemy obietnic sk\u0142adanych naszym klientom, zapewniaj\u0105c terminowe i bezpieczne us\u0142ugi.<\/li>\n<li><strong>Zadowolenie klienta<\/strong>: Pracujemy z podej\u015bciem skoncentrowanym na kliencie, odpowiadaj\u0105c na jego potrzeby i oczekiwania w najlepszy mo\u017cliwy spos\u00f3b.<\/li>\n<li><strong>Profesjonalizm<\/strong>: Dzi\u0119ki naszemu wyszkolonemu i do\u015bwiadczonemu zespo\u0142owi zapewniamy najwy\u017csz\u0105 jako\u015b\u0107 us\u0142ug.<\/li>\n<li><strong>Elastyczno\u015b\u0107<\/strong>: Oferujemy elastyczne rozwi\u0105zania dostosowane do potrzeb naszych klient\u00f3w.<\/li>\n<\/ul>\n<p>[\/vc_column_text][\/vc_column][vc_column width=&#8221;1\/2&#8243;][vc_single_image image=&#8221;23917&#8243; img_size=&#8221;full&#8221; css=&#8221;&#8221; el_class=&#8221;theme-image-style-1&#8243;][\/vc_column][\/vc_row][vc_row][vc_column width=&#8221;1\/2&#8243;][vc_single_image image=&#8221;23796&#8243; img_size=&#8221;full&#8221; css=&#8221;&#8221; el_class=&#8221;theme-image-style-1&#8243;][\/vc_column][vc_column width=&#8221;1\/2&#8243;][vc_custom_heading text=&#8221;Dlaczego warto wybra\u0107 SakoLifeTransfer?&#8221; font_container=&#8221;tag:h3|text_align:left&#8221; use_theme_fonts=&#8221;yes&#8221; css=&#8221;&#8221;][vc_column_text css=&#8221;&#8221;]<\/p>\n<ul>\n<li><strong>Obs\u0142uga 24\/7<\/strong>: Nasz zesp\u00f3\u0142 obs\u0142ugi klienta jest dost\u0119pny przez ca\u0142\u0105 dob\u0119, gotowy do pomocy w dowolnym momencie podr\u00f3\u017cy.<\/li>\n<li><strong>Komfortowe pojazdy<\/strong>: Dzi\u0119ki naszej nowoczesnej i dobrze utrzymanej flocie zapewniamy komfortowe i bezpieczne podr\u00f3\u017ce.<\/li>\n<li><strong>Konkurencyjne ceny<\/strong>: Oferujemy wysokiej jako\u015bci us\u0142ugi w przyst\u0119pnych cenach, chroni\u0105c Tw\u00f3j bud\u017cet.<\/li>\n<\/ul>\n<p>[\/vc_column_text]<div class=\"theme-component-list theme-component-list-style-2 theme-margin-top-40\">W SakoLifeTransfer jeste\u015bmy dumni z zapewniania najlepszych us\u0142ug naszym cenionym klientom. Jeste\u015bmy tutaj, aby uczyni\u0107 Twoje podr\u00f3\u017ce przyjemniejszymi. Dzi\u0119kujemy za wybranie nas.<\/div>[\/vc_column][\/vc_row][vc_row full_width=&#8221;stretch_row_content_no_spaces&#8221;][vc_column]\n            <div class=\"theme-component-process-list\">\n                [vc_row_inner equal_height=&#8221;yes&#8221;][vc_column_inner width=&#8221;1\/4&#8243;]\n            <div class=\"theme-component-process-list-item theme-component-process-list-item-even\">\n                <div>01<\/div>\n                <span class=\"theme-icon-feature-calendar\"><\/span>\n                <p>Ka\u017cdy z naszych kierowc\u00f3w cechuje si\u0119 profesjonalizmem i punktualno\u015bci\u0105<\/p>\n            <\/div>\n        [\/vc_column_inner][vc_column_inner width=&#8221;1\/4&#8243;]\n            <div class=\"theme-component-process-list-item theme-component-process-list-item-odd\">\n                <div>02<\/div>\n                <span class=\"theme-icon-feature-recurring-1\"><\/span>\n                <p>Zawsze idziemy o krok dalej, je\u015bli chodzi o bezpiecze\u0144stwo<\/p>\n            <\/div>\n        [\/vc_column_inner][vc_column_inner width=&#8221;1\/4&#8243;]\n            <div class=\"theme-component-process-list-item theme-component-process-list-item-even\">\n                <div>03<\/div>\n                <span class=\"theme-icon-feature-bag-1\"><\/span>\n                <p>Mo\u017cesz polega\u0107 na naszej wiedzy i do\u015bwiadczeniu, aby poprowadzi\u0107 Ci\u0119 podczas wycieczki<\/p>\n            <\/div>\n        [\/vc_column_inner][vc_column_inner width=&#8221;1\/4&#8243;]\n            <div class=\"theme-component-process-list-item theme-component-process-list-item-odd\">\n                <div>04<\/div>\n                <span class=\"theme-icon-feature-award\"><\/span>\n                <p>Najwy\u017csza jako\u015b\u0107 i nagradzana obs\u0142uga klienta<\/p>\n            <\/div>\n        [\/vc_column_inner][\/vc_row_inner]\n            <\/div>\n        [\/vc_column][\/vc_row][vc_row el_class=&#8221;theme-margin-top-40&#8243;][vc_column]\n            <div class=\"theme-component-counter-box\" data-animation_duration=\"2000\">\n                [vc_row_inner el_class=&#8221;theme-column-margin-0&#8243;][vc_column_inner width=&#8221;1\/4&#8243;]\n            <div class=\"theme-component-counter-box-item\" data-value=\"3412\">\n                <span class=\"theme-component-counter-box-item-circle-1\"><\/span>\n                <span class=\"theme-component-counter-box-item-circle-2\"><\/span>\n                <span class=\"theme-component-counter-box-item-value\">0<\/span>\n                <span class=\"theme-component-counter-box-item-label\">Zadowolony klient<\/span>\n                <span class=\"theme-component-counter-box-item-tick theme-icon-meta-tick-3\"><\/span>   \n            <\/div>\n        [\/vc_column_inner][vc_column_inner width=&#8221;1\/4&#8243;]\n            <div class=\"theme-component-counter-box-item\" data-value=\"1706\">\n                <span class=\"theme-component-counter-box-item-circle-1\"><\/span>\n                <span class=\"theme-component-counter-box-item-circle-2\"><\/span>\n                <span class=\"theme-component-counter-box-item-value\">0<\/span>\n                <span class=\"theme-component-counter-box-item-label\">Transfer zako\u0144czony<\/span>\n                <span class=\"theme-component-counter-box-item-tick theme-icon-meta-tick-3\"><\/span>   \n            <\/div>\n        [\/vc_column_inner][vc_column_inner width=&#8221;1\/4&#8243;]\n            <div class=\"theme-component-counter-box-item\" data-value=\"795\">\n                <span class=\"theme-component-counter-box-item-circle-1\"><\/span>\n                <span class=\"theme-component-counter-box-item-circle-2\"><\/span>\n                <span class=\"theme-component-counter-box-item-value\">0<\/span>\n                <span class=\"theme-component-counter-box-item-label\">Us\u0142uga VIP<\/span>\n                <span class=\"theme-component-counter-box-item-tick theme-icon-meta-tick-3\"><\/span>   \n            <\/div>\n        [\/vc_column_inner][vc_column_inner width=&#8221;1\/4&#8243;]\n            <div class=\"theme-component-counter-box-item\" data-value=\"15\">\n                <span class=\"theme-component-counter-box-item-circle-1\"><\/span>\n                <span class=\"theme-component-counter-box-item-circle-2\"><\/span>\n                <span class=\"theme-component-counter-box-item-value\">0<\/span>\n                <span class=\"theme-component-counter-box-item-label\">Lata do\u015bwiadczenia<\/span>\n                <span class=\"theme-component-counter-box-item-tick theme-icon-meta-tick-3\"><\/span>   \n            <\/div>\n        [\/vc_column_inner][\/vc_row_inner]\n            <\/div>\n        [\/vc_column][\/vc_row][vc_row disable_element=&#8221;yes&#8221; el_class=&#8221;theme-section-padding&#8221;][vc_column el_class=&#8221;theme-margin-top-100 theme-margin-bottom-0&#8243;]\r\n            <p class=\"theme-component-paragraph-large theme-component-paragraph-large-style-2 aligncenter theme-padding-bottom-80\">\r\n                Prywatny szofer, wycieczka krajoznawcza?<br \/>\nProsimy o wype\u0142nienie poni\u017cszego formularza z pytaniami lub komentarzami\r\n            <\/p>\r\n        [vc_row][vc_column el_class=\"theme-margin-bottom-0\"]<p class=\"wpcf7-contact-form-not-found\"><strong>B\u0142\u0105d:<\/strong> Brak formularza kontaktowego.<\/p>[\/vc_column][\/vc_row][\/vc_column][\/vc_row]<\/p>\n<\/div>","protected":false},"excerpt":{"rendered":"<p>[vc_row][vc_column width=&#8221;1\/2&#8243;][vc_custom_heading text=&#8221;O nas&#8221; font_container=&#8221;tag:h3|text_align:left&#8221; use_theme_fonts=&#8221;yes&#8221; css=&#8221;&#8221;][vc_column_text css=&#8221;&#8221;]W SakoLifeTransfer dok\u0142adamy wszelkich stara\u0144, aby \u015bwiadczy\u0107 wygodne i niezawodne us\u0142ugi transferu. Niezale\u017cnie od tego, czy potrzebujesz transportu z lotniska do hotelu, z hotelu na lotnisko, czy w obr\u0119bie miasta, jeste\u015bmy tutaj, aby Ci pom\u00f3c. Naszym celem jest uczynienie podr\u00f3\u017cy bezstresowymi i przyjemnymi, stawiaj\u0105c na pierwszym miejscu zadowolenie [&#8230;]<\/p>\n","protected":false},"author":5,"featured_media":24734,"parent":0,"menu_order":0,"comment_status":"closed","ping_status":"closed","template":"","meta":{"footnotes":""},"class_list":["post-25079","page","type-page","status-publish","has-post-thumbnail","hentry"],"_links":{"self":[{"href":"https:\/\/sakolifetransfer.com\/pl\/wp-json\/wp\/v2\/pages\/25079","targetHints":{"allow":["GET"]}}],"collection":[{"href":"https:\/\/sakolifetransfer.com\/pl\/wp-json\/wp\/v2\/pages"}],"about":[{"href":"https:\/\/sakolifetransfer.com\/pl\/wp-json\/wp\/v2\/types\/page"}],"author":[{"embeddable":true,"href":"https:\/\/sakolifetransfer.com\/pl\/wp-json\/wp\/v2\/users\/5"}],"replies":[{"embeddable":true,"href":"https:\/\/sakolifetransfer.com\/pl\/wp-json\/wp\/v2\/comments?post=25079"}],"version-history":[{"count":7,"href":"https:\/\/sakolifetransfer.com\/pl\/wp-json\/wp\/v2\/pages\/25079\/revisions"}],"predecessor-version":[{"id":26049,"href":"https:\/\/sakolifetransfer.com\/pl\/wp-json\/wp\/v2\/pages\/25079\/revisions\/26049"}],"wp:featuredmedia":[{"embeddable":true,"href":"https:\/\/sakolifetransfer.com\/pl\/wp-json\/wp\/v2\/media\/24734"}],"wp:attachment":[{"href":"https:\/\/sakolifetransfer.com\/pl\/wp-json\/wp\/v2\/media?parent=25079"}],"curies":[{"name":"wp","href":"https:\/\/api.w.org\/{rel}","templated":true}]}}