{"id":25107,"date":"2024-07-03T11:25:42","date_gmt":"2024-07-03T08:25:42","guid":{"rendered":"https:\/\/sakolifetransfer.com\/cookie-policy\/"},"modified":"2024-09-09T14:53:42","modified_gmt":"2024-09-09T11:53:42","slug":"polityka-dotyczaca-plikow-cookie","status":"publish","type":"page","link":"https:\/\/sakolifetransfer.com\/pl\/polityka-dotyczaca-plikow-cookie\/","title":{"rendered":"Polityka dotycz\u0105ca plik\u00f3w cookie"},"content":{"rendered":"<div class=\"wpb-content-wrapper\"><p>[vc_row][vc_column width=&#8221;2\/3&#8243;][vc_custom_heading text=&#8221;Definicje&#8221; font_container=&#8221;tag:h3|text_align:left&#8221; use_theme_fonts=&#8221;yes&#8221; css=&#8221;&#8221;][vc_column_text css=&#8221;&#8221;]Pliki cookie to ma\u0142e pliki tekstowe u\u017cywane w celu poprawy komfortu u\u017cytkowania i zapewnienia wydajnego dzia\u0142ania witryn internetowych. Niniejsza polityka wyja\u015bnia, w jaki spos\u00f3b pliki cookie s\u0105 u\u017cywane i jak mo\u017cna je kontrolowa\u0107 na stronie internetowej SakoLife Transfer (zwanej dalej &#8222;Stron\u0105&#8221;).[\/vc_column_text][\/vc_column][vc_column width=&#8221;1\/3&#8243;][vc_single_image image=&#8221;23919&#8243; img_size=&#8221;full&#8221; css=&#8221;&#8221; el_class=&#8221;theme-image-style-1&#8243;][\/vc_column][\/vc_row][vc_row][vc_column][vc_custom_heading text=&#8221;Korzystanie z plik\u00f3w cookie&#8221; font_container=&#8221;tag:h3|text_align:left&#8221; use_theme_fonts=&#8221;yes&#8221; css=&#8221;&#8221;][vc_column_text css=&#8221;&#8221;]<\/p>\n<ul>\n<li><strong>Niezb\u0119dne pliki cookie<\/strong>: S\u0105 one niezb\u0119dne do zapewnienia podstawowej funkcjonalno\u015bci Witryny. Te pliki cookie odpowiadaj\u0105 na \u017c\u0105dania kierowane do witryny, zapewniaj\u0105c jej prawid\u0142owe funkcjonowanie.<\/li>\n<li><strong>Wydajno\u015bciowe i analityczne pliki cookie<\/strong>: S\u0142u\u017c\u0105 do pomiaru i poprawy wydajno\u015bci Witryny. Te pliki cookie pomagaj\u0105 nam zrozumie\u0107, kt\u00f3re strony s\u0105 odwiedzane, kt\u00f3re linki s\u0105 klikane i w jaki spos\u00f3b u\u017cytkownik korzysta z witryny.<\/li>\n<li><strong>Reklamowe pliki cookie<\/strong>: S\u0105 one wykorzystywane do dostarczania spersonalizowanych reklam opartych na zainteresowaniach u\u017cytkownika. Te pliki cookie mog\u0105 pom\u00f3c reklamodawcom mierzy\u0107 skuteczno\u015b\u0107 ich kampanii reklamowych.<\/li>\n<\/ul>\n<p>[\/vc_column_text][\/vc_column][\/vc_row][vc_row][vc_column width=&#8221;1\/2&#8243;][vc_custom_heading text=&#8221;Kontrola plik\u00f3w cookie&#8221; font_container=&#8221;tag:h3|text_align:left&#8221; use_theme_fonts=&#8221;yes&#8221; css=&#8221;&#8221;][vc_column_text css=&#8221;&#8221;]U\u017cytkownik mo\u017ce kontrolowa\u0107 lub usuwa\u0107 pliki cookie za pomoc\u0105 ustawie\u0144 przegl\u0105darki. Wy\u0142\u0105czenie niekt\u00f3rych plik\u00f3w cookie mo\u017ce jednak uniemo\u017cliwi\u0107 prawid\u0142owe dzia\u0142anie niekt\u00f3rych funkcji Witryny.[\/vc_column_text][\/vc_column][vc_column width=&#8221;1\/2&#8243;][vc_custom_heading text=&#8221;Aktualizacje&#8221; font_container=&#8221;tag:h3|text_align:left&#8221; use_theme_fonts=&#8221;yes&#8221; css=&#8221;&#8221;][vc_column_text css=&#8221;&#8221;]Niniejsza Polityka dotycz\u0105ca plik\u00f3w cookie mo\u017ce by\u0107 aktualizowana lub modyfikowana w razie potrzeby. Dalsze korzystanie z Witryny po opublikowaniu zaktualizowanych zasad oznacza, \u017ce u\u017cytkownik akceptuje te zasady.[\/vc_column_text][\/vc_column][\/vc_row][vc_row][vc_column][vc_custom_heading text=&#8221;Kontakt&#8221; font_container=&#8221;tag:h3|text_align:left&#8221; use_theme_fonts=&#8221;yes&#8221; css=&#8221;&#8221;][vc_column_text css=&#8221;&#8221;]Aby uzyska\u0107 wi\u0119cej informacji na temat naszej Polityki plik\u00f3w cookie lub przes\u0142a\u0107 pytania, prosimy o kontakt mailowy <strong>[info@sakolifetransfer .com]<\/strong>[\/vc_column_text][\/vc_column][\/vc_row]<\/p>\n<\/div>","protected":false},"excerpt":{"rendered":"<p>[vc_row][vc_column width=&#8221;2\/3&#8243;][vc_custom_heading text=&#8221;Definicje&#8221; font_container=&#8221;tag:h3|text_align:left&#8221; use_theme_fonts=&#8221;yes&#8221; css=&#8221;&#8221;][vc_column_text css=&#8221;&#8221;]Pliki cookie to ma\u0142e pliki tekstowe u\u017cywane w celu poprawy komfortu u\u017cytkowania i zapewnienia wydajnego dzia\u0142ania witryn internetowych. Niniejsza polityka wyja\u015bnia, w jaki spos\u00f3b pliki cookie s\u0105 u\u017cywane i jak mo\u017cna je kontrolowa\u0107 na stronie internetowej SakoLife Transfer (zwanej dalej &#8222;Stron\u0105&#8221;).[\/vc_column_text][\/vc_column][vc_column width=&#8221;1\/3&#8243;][vc_single_image image=&#8221;23919&#8243; img_size=&#8221;full&#8221; css=&#8221;&#8221; el_class=&#8221;theme-image-style-1&#8243;][\/vc_column][\/vc_row][vc_row][vc_column][vc_custom_heading text=&#8221;Korzystanie z plik\u00f3w [&#8230;]<\/p>\n","protected":false},"author":5,"featured_media":0,"parent":0,"menu_order":0,"comment_status":"closed","ping_status":"closed","template":"","meta":{"footnotes":""},"class_list":["post-25107","page","type-page","status-publish","hentry"],"_links":{"self":[{"href":"https:\/\/sakolifetransfer.com\/pl\/wp-json\/wp\/v2\/pages\/25107","targetHints":{"allow":["GET"]}}],"collection":[{"href":"https:\/\/sakolifetransfer.com\/pl\/wp-json\/wp\/v2\/pages"}],"about":[{"href":"https:\/\/sakolifetransfer.com\/pl\/wp-json\/wp\/v2\/types\/page"}],"author":[{"embeddable":true,"href":"https:\/\/sakolifetransfer.com\/pl\/wp-json\/wp\/v2\/users\/5"}],"replies":[{"embeddable":true,"href":"https:\/\/sakolifetransfer.com\/pl\/wp-json\/wp\/v2\/comments?post=25107"}],"version-history":[{"count":4,"href":"https:\/\/sakolifetransfer.com\/pl\/wp-json\/wp\/v2\/pages\/25107\/revisions"}],"predecessor-version":[{"id":27058,"href":"https:\/\/sakolifetransfer.com\/pl\/wp-json\/wp\/v2\/pages\/25107\/revisions\/27058"}],"wp:attachment":[{"href":"https:\/\/sakolifetransfer.com\/pl\/wp-json\/wp\/v2\/media?parent=25107"}],"curies":[{"name":"wp","href":"https:\/\/api.w.org\/{rel}","templated":true}]}}