{"id":25123,"date":"2024-07-04T14:37:41","date_gmt":"2024-07-04T11:37:41","guid":{"rendered":"https:\/\/sakolifetransfer.com\/tour\/"},"modified":"2024-07-13T17:32:51","modified_gmt":"2024-07-13T14:32:51","slug":"wycieczka","status":"publish","type":"page","link":"https:\/\/sakolifetransfer.com\/pl\/wycieczka\/","title":{"rendered":"Wycieczka"},"content":{"rendered":"<div class=\"wpb-content-wrapper\"><p>[vc_row css=&#8221;.vc_custom_1720094857542{margin-bottom: 50px !important;padding-top: 25px !important;padding-right: 25px !important;padding-bottom: 25px !important;padding-left: 25px !important;background-color: rgba(153,153,153,0.14) !important;*background-color: rgb(153,153,153) !important;border-radius: 5px !important;}&#8221;][vc_column el_class=&#8221;theme-margin-bottom-0&#8243;][vc_column_text css=&#8221;&#8221;]<\/p>\n<h3 style=\"text-align: center;\">Odkryj Turcj\u0119 z SakoLife Tour<\/h3>\n<p>My, SakoLife Tour, lokalne biuro podr\u00f3\u017cy w Alanyi, organizujemy niedrogie jednodniowe wycieczki. Do\u0142\u0105cz do nas podczas wycieczek z popularnych kurort\u00f3w wakacyjnych, takich jak Alanya, Side, Mahmutlar, Manavgat, Bodrum, Marmaris, Fethiye, Sarigerme, Ozdere, Belek, Antalya, Kemer, Kusadas\u0131, Didim, Stambu\u0142 i wielu innych w regionie Morza Egejskiego i \u015ar\u00f3dziemnego. Poznaj zar\u00f3wno europejsk\u0105, jak i cz\u0119\u015bciowo azjatyck\u0105 stron\u0119 Turcji z tureckimi przewodnikami.<\/p>\n<p>Podr\u00f3\u017cowanie z SakoLife Tour oznacza profesjonalizm, punktualno\u015b\u0107 i szczero\u015b\u0107. Na \u017cyczenie mo\u017cemy r\u00f3wnie\u017c zorganizowa\u0107 specjalne programy wycieczek. Sprawd\u017a oferowane przez nas atrakcje i dodaj wymarzone miejsca do swojej listy! Odkrywaj, eksploruj i podr\u00f3\u017cuj z nami. Z niecierpliwo\u015bci\u0105 czekamy na naszych cenionych klient\u00f3w![\/vc_column_text][\/vc_column][\/vc_row][vc_row el_class=&#8221;tourrow&#8221;][vc_column width=&#8221;1\/3&#8243; el_class=&#8221;theme-margin-bottom-0&#8243;][vc_single_image image=&#8221;24044&#8243; img_size=&#8221;400&#8243; alignment=&#8221;center&#8221; style=&#8221;vc_box_rounded&#8221; onclick=&#8221;custom_link&#8221; css=&#8221;&#8221; link=&#8221;https:\/\/sakolifetour.com\/wycieczki\/alanya&#8221;][vc_column_text css=&#8221;.vc_custom_1720877102899{margin-top: 10px !important;margin-right: 10px !important;margin-left: 10px !important;padding-bottom: 5px !important;background-color: #ff700a !important;border-radius: 3px !important;border-color: #ff700a !important;}&#8221;]<\/p>\n<p style=\"text-align: center; color: white; font-weight: 600; text-decoration: none;\"><strong><img loading=\"lazy\" decoding=\"async\" class=\"alignnone size-full wp-image-24043\" style=\"display: block; margin-left: auto; margin-right: auto;\" src=\"https:\/\/sakolifetransfer.com\/wp-content\/uploads\/2024\/07\/Basliksiz-1.png\" alt=\"\" width=\"20\" height=\"20\"><a style=\"color: white; text-decoration: none; font-weight: 600;\" href=\"https:\/\/sakolifetour.com\/offers\/fethiye\">Przegl\u0105d ofert<\/a><br \/>\n<\/strong>[\/vc_column_text][vc_column_text css=&#8221;.vc_custom_1720877118626{padding-right: 10px !important;padding-bottom: 10px !important;padding-left: 10px !important;}&#8221;]<a style=\"color: #556677; text-decoration: none;\" href=\"https:\/\/sakolifetour.com\/wycieczki\/alanya\">Nasze biuro podr\u00f3\u017cy oferuje wycieczki fakultatywne z ka\u017cdego hotelu w Alanyi i okolicach! Zapraszamy na wycieczki do magicznego Pamukkale i Kapadocji w Atrakcjach Turystycznych.<\/a>[\/vc_column_text][\/vc_column][vc_column width=&#8221;1\/3&#8243;][vc_single_image image=&#8221;24065&#8243; img_size=&#8221;400&#8243; alignment=&#8221;center&#8221; style=&#8221;vc_box_rounded&#8221; onclick=&#8221;custom_link&#8221; css=&#8221;&#8221; link=&#8221;https:\/\/sakolifetour.com\/wycieczki\/side&#8221;][vc_column_text css=&#8221;.vc_custom_1720877143299{margin-top: 10px !important;margin-right: 10px !important;margin-left: 10px !important;padding-bottom: 5px !important;background-color: #ff700a !important;border-radius: 3px !important;border-color: #ff700a !important;}&#8221;]<\/p>\n<p style=\"text-align: center; color: white; font-weight: 600; text-decoration: none;\"><strong><img loading=\"lazy\" decoding=\"async\" class=\"alignnone size-full wp-image-24043\" style=\"display: block; margin-left: auto; margin-right: auto;\" src=\"https:\/\/sakolifetransfer.com\/wp-content\/uploads\/2024\/07\/Basliksiz-1.png\" alt=\"\" width=\"20\" height=\"20\" \/><a style=\"color: white; text-decoration: none; font-weight: 600;\" href=\"https:\/\/sakolifetour.com\/wycieczki\/side\">Przegl\u0105d ofert<\/a> <\/strong><\/p>\n<p>[\/vc_column_text][vc_column_text css=&#8221;.vc_custom_1720877153379{padding-right: 10px !important;padding-bottom: 10px !important;padding-left: 10px !important;}&#8221;]<a style=\"color: #556677; text-decoration: none;\" href=\"https:\/\/sakolifetour.com\/wycieczki\/side\">To malownicze miasto oferuje zar\u00f3wno pi\u0119kne pla\u017ce, jak i bogate dziedzictwo historyczne, przyci\u0105gaj\u0105c turyst\u00f3w z ca\u0142ego \u015bwiata. Side jest domem dla wielu staro\u017cytnych ruin.<\/a>[\/vc_column_text][\/vc_column][vc_column width=&#8221;1\/3&#8243;][vc_single_image image=&#8221;24067&#8243; img_size=&#8221;400&#8243; alignment=&#8221;center&#8221; style=&#8221;vc_box_rounded&#8221; onclick=&#8221;custom_link&#8221; css=&#8221;&#8221; link=&#8221;https:\/\/sakolifetour.com\/wycieczki\/manavgat&#8221;][vc_column_text css=&#8221;.vc_custom_1720877172170{margin-top: 10px !important;margin-right: 10px !important;margin-left: 10px !important;padding-bottom: 5px !important;background-color: #ff700a !important;border-radius: 3px !important;border-color: #ff700a !important;}&#8221;]<\/p>\n<p style=\"text-align: center; color: white; font-weight: 600; text-decoration: none;\"><strong><img loading=\"lazy\" decoding=\"async\" class=\"alignnone size-full wp-image-24043\" style=\"display: block; margin-left: auto; margin-right: auto;\" src=\"https:\/\/sakolifetransfer.com\/wp-content\/uploads\/2024\/07\/Basliksiz-1.png\" alt=\"\" width=\"20\" height=\"20\" \/><a style=\"color: white; text-decoration: none; font-weight: 600;\" href=\"https:\/\/sakolifetour.com\/wycieczki\/manavgat\">Przegl\u0105d ofert<\/a> <\/strong><\/p>\n<p>[\/vc_column_text][vc_column_text css=&#8221;.vc_custom_1720877181186{padding-right: 10px !important;padding-bottom: 10px !important;padding-left: 10px !important;}&#8221;]<a style=\"color: #556677; text-decoration: none;\" href=\"https:\/\/sakolifetour.com\/wycieczki\/manavgat\">Wodospad Manavgat jest jedn\u0105 z g\u0142\u00f3wnych atrakcji miasta. Jest to imponuj\u0105cy widok, szczeg\u00f3lnie w miesi\u0105cach wiosennych i letnich, kiedy strumie\u0144 wodospadu jest pe\u0142en wody.<\/a>[\/vc_column_text][\/vc_column][\/vc_row][vc_row el_class=&#8221;tourrow&#8221;][vc_column width=&#8221;1\/3&#8243; el_class=&#8221;theme-margin-bottom-0&#8243;][vc_single_image image=&#8221;24069&#8243; img_size=&#8221;400&#8243; alignment=&#8221;center&#8221; style=&#8221;vc_box_rounded&#8221; onclick=&#8221;custom_link&#8221; css=&#8221;&#8221; link=&#8221;https:\/\/sakolifetour.com\/wycieczki\/antalya&#8221;][vc_column_text css=&#8221;.vc_custom_1720877206140{margin-top: 10px !important;margin-right: 10px !important;margin-left: 10px !important;padding-bottom: 5px !important;background-color: #ff700a !important;border-radius: 3px !important;border-color: #ff700a !important;}&#8221;]<\/p>\n<p style=\"text-align: center; color: white; font-weight: 600; text-decoration: none;\"><strong><img loading=\"lazy\" decoding=\"async\" class=\"alignnone size-full wp-image-24043\" style=\"display: block; margin-left: auto; margin-right: auto;\" src=\"https:\/\/sakolifetransfer.com\/wp-content\/uploads\/2024\/07\/Basliksiz-1.png\" alt=\"\" width=\"20\" height=\"20\" \/><a style=\"color: white; text-decoration: none; font-weight: 600;\" href=\"https:\/\/sakolifetour.com\/wycieczki\/antalya\">Przegl\u0105d ofert<\/a> <\/strong><\/p>\n<p>[\/vc_column_text][vc_column_text css=&#8221;.vc_custom_1720877259923{padding-right: 10px !important;padding-bottom: 10px !important;padding-left: 10px !important;}&#8221;]<a style=\"color: #556677; text-decoration: none;\" href=\"https:\/\/sakolifetour.com\/wycieczki\/antalya\">Jest to urokliwe miejsce, kt\u00f3re \u0142\u0105czy w sobie pi\u0119kno Morza \u015ar\u00f3dziemnego, fascynuj\u0105c\u0105 histori\u0119 i szerok\u0105 gam\u0119 atrakcji turystycznych, takich jak stare miasto i wodospad D\u00fcden.<\/a>[\/vc_column_text][\/vc_column][vc_column width=&#8221;1\/3&#8243;][vc_single_image image=&#8221;24071&#8243; img_size=&#8221;400&#8243; alignment=&#8221;center&#8221; style=&#8221;vc_box_rounded&#8221; onclick=&#8221;custom_link&#8221; css=&#8221;&#8221; link=&#8221;https:\/\/sakolifetour.com\/wycieczki\/belek&#8221;][vc_column_text css=&#8221;.vc_custom_1720104610508{margin-top: 10px !important;margin-right: 10px !important;margin-left: 10px !important;padding-bottom: 5px !important;background-color: #ff700a !important;border-radius: 3px !important;border-color: #ff700a !important;}&#8221;]<\/p>\n<p style=\"text-align: center; color: white; font-weight: 600; text-decoration: none;\"><strong><img loading=\"lazy\" decoding=\"async\" class=\"alignnone size-full wp-image-24043\" style=\"display: block; margin-left: auto; margin-right: auto;\" src=\"https:\/\/sakolifetransfer.com\/wp-content\/uploads\/2024\/07\/Basliksiz-1.png\" alt=\"\" width=\"20\" height=\"20\" \/><a style=\"color: white; text-decoration: none; font-weight: 600;\" href=\"https:\/\/sakolifetour.com\/offers\/belek\">Przegl\u0105d ofert<\/a> <\/strong>[\/vc_column_text][vc_column_text css=&#8221;.vc_custom_1720877218515{padding-right: 10px !important;padding-bottom: 10px !important;padding-left: 10px !important;}&#8221;]<a style=\"color: #556677; text-decoration: none;\" href=\"https:\/\/sakolifetour.com\/wycieczki\/kemer\">Ten luksusowy kurort znany jest g\u0142\u00f3wnie z pi\u0119knych pla\u017c, \u015bwiatowej klasy p\u00f3l golfowych i wysokiej jako\u015bci obiekt\u00f3w hotelowych. Rezerwat przyrody rzeki K\u00f6pr\u00fcl\u00fc znajduje si\u0119 w pobli\u017cu Belek.<\/a>[\/vc_column_text][\/vc_column][vc_column width=&#8221;1\/3&#8243;][vc_single_image image=&#8221;24072&#8243; img_size=&#8221;400&#8243; alignment=&#8221;center&#8221; style=&#8221;vc_box_rounded&#8221; onclick=&#8221;custom_link&#8221; css=&#8221;&#8221; link=&#8221;https:\/\/sakolifetour.com\/wycieczki\/kemer&#8221;][vc_column_text css=&#8221;.vc_custom_1720877317459{margin-top: 10px !important;margin-right: 10px !important;margin-left: 10px !important;padding-bottom: 5px !important;background-color: #ff700a !important;border-radius: 3px !important;border-color: #ff700a !important;}&#8221;]<\/p>\n<p style=\"text-align: center; color: white; font-weight: 600; text-decoration: none;\"><strong><img loading=\"lazy\" decoding=\"async\" class=\"alignnone size-full wp-image-24043\" style=\"display: block; margin-left: auto; margin-right: auto;\" src=\"https:\/\/sakolifetransfer.com\/wp-content\/uploads\/2024\/07\/Basliksiz-1.png\" alt=\"\" width=\"20\" height=\"20\" \/><a style=\"color: white; text-decoration: none; font-weight: 600;\" href=\"https:\/\/sakolifetour.com\/wycieczki\/manavgat\">Przegl\u0105d ofert<\/a> <\/strong><\/p>\n<p>[\/vc_column_text][vc_column_text css=&#8221;.vc_custom_1720881167976{padding-right: 10px !important;padding-bottom: 10px !important;padding-left: 10px !important;}&#8221;]<a style=\"color: #556677; text-decoration: none;\" href=\"https:\/\/sakolifetour.com\/wycieczki\/kemer\">W pobli\u017cu Kemer znajduje si\u0119 rezerwat przyrody G\u00f6yn\u00fck Canyon, Park Narodowy Olimpos-Beyda\u011flar\u0131 i staro\u017cytne miasto Olimpos. Kemer oferuje wiele mo\u017cliwo\u015bci uprawiania sport\u00f3w wodnych.<\/a>[\/vc_column_text][\/vc_column][\/vc_row][vc_row el_class=&#8221;tourrow&#8221;][vc_column width=&#8221;1\/3&#8243; el_class=&#8221;theme-margin-bottom-0&#8243;][vc_single_image image=&#8221;24074&#8243; img_size=&#8221;400&#8243; alignment=&#8221;center&#8221; style=&#8221;vc_box_rounded&#8221; onclick=&#8221;custom_link&#8221; css=&#8221;&#8221; link=&#8221;https:\/\/sakolifetour.com\/wycieczki\/kusadasi&#8221;][vc_column_text css=&#8221;.vc_custom_1720877377691{margin-top: 10px !important;margin-right: 10px !important;margin-left: 10px !important;padding-bottom: 5px !important;background-color: #ff700a !important;border-radius: 3px !important;border-color: #ff700a !important;}&#8221;]<\/p>\n<p style=\"text-align: center; color: white; font-weight: 600; text-decoration: none;\"><strong><img loading=\"lazy\" decoding=\"async\" class=\"alignnone size-full wp-image-24043\" style=\"display: block; margin-left: auto; margin-right: auto;\" src=\"https:\/\/sakolifetransfer.com\/wp-content\/uploads\/2024\/07\/Basliksiz-1.png\" alt=\"\" width=\"20\" height=\"20\" \/><a style=\"color: white; text-decoration: none; font-weight: 600;\" href=\"https:\/\/sakolifetour.com\/wycieczki\/kusadasi\">Przegl\u0105d ofert<\/a> <\/strong><\/p>\n<p>[\/vc_column_text][vc_column_text css=&#8221;.vc_custom_1720877424011{padding-right: 10px !important;padding-bottom: 10px !important;padding-left: 10px !important;}&#8221;]<a style=\"color: #556677; text-decoration: none;\" href=\"https:\/\/sakolifetour.com\/offers\/kusadasi\">Kusadasi wita urokliwymi pla\u017cami i turkusowym morzem. Podczas spaceru wzd\u0142u\u017c brzegu mo\u017cna poczu\u0107 orze\u017awiaj\u0105c\u0105 morsk\u0105 bryz\u0119 i rozkoszowa\u0107 si\u0119 s\u0142o\u0144cem.<\/a>[\/vc_column_text][\/vc_column][vc_column width=&#8221;1\/3&#8243;][vc_single_image image=&#8221;24075&#8243; img_size=&#8221;400&#8243; alignment=&#8221;center&#8221; style=&#8221;vc_box_rounded&#8221; onclick=&#8221;custom_link&#8221; css=&#8221;&#8221; link=&#8221;https:\/\/sakolifetour.com\/wycieczki\/marmaris&#8221;][vc_column_text css=&#8221;.vc_custom_1720877386091{margin-top: 10px !important;margin-right: 10px !important;margin-left: 10px !important;padding-bottom: 5px !important;background-color: #ff700a !important;border-radius: 3px !important;border-color: #ff700a !important;}&#8221;]<\/p>\n<p style=\"text-align: center; color: white; font-weight: 600; text-decoration: none;\"><strong><img loading=\"lazy\" decoding=\"async\" class=\"alignnone size-full wp-image-24043\" style=\"display: block; margin-left: auto; margin-right: auto;\" src=\"https:\/\/sakolifetransfer.com\/wp-content\/uploads\/2024\/07\/Basliksiz-1.png\" alt=\"\" width=\"20\" height=\"20\" \/><a style=\"color: white; text-decoration: none; font-weight: 600;\" href=\"https:\/\/sakolifetour.com\/wycieczki\/marmaris\">Przegl\u0105d ofert<\/a> <\/strong><\/p>\n<p>[\/vc_column_text][vc_column_text css=&#8221;.vc_custom_1720877413914{padding-right: 10px !important;padding-bottom: 10px !important;padding-left: 10px !important;}&#8221;]<a style=\"color: #556677; text-decoration: none;\" href=\"https:\/\/sakolifetour.com\/wycieczki\/marmaris\">Zamek Marmaris znajduje si\u0119 na wzg\u00f3rzu nad miastem i oferuje spektakularne widoki na Marmaris i okoliczne wybrze\u017ce. Warto r\u00f3wnie\u017c zobaczy\u0107 staro\u017cytny rzymski amfiteatr.<\/a>[\/vc_column_text][\/vc_column][vc_column width=&#8221;1\/3&#8243;][vc_single_image image=&#8221;24076&#8243; img_size=&#8221;400&#8243; alignment=&#8221;center&#8221; style=&#8221;vc_box_rounded&#8221; onclick=&#8221;custom_link&#8221; css=&#8221;&#8221; link=&#8221;https:\/\/sakolifetour.com\/wycieczki\/bodrum&#8221;][vc_column_text css=&#8221;.vc_custom_1720877393803{margin-top: 10px !important;margin-right: 10px !important;margin-left: 10px !important;padding-bottom: 5px !important;background-color: #ff700a !important;border-radius: 3px !important;border-color: #ff700a !important;}&#8221;]<\/p>\n<p style=\"text-align: center; color: white; font-weight: 600; text-decoration: none;\"><strong><img loading=\"lazy\" decoding=\"async\" class=\"alignnone size-full wp-image-24043\" style=\"display: block; margin-left: auto; margin-right: auto;\" src=\"https:\/\/sakolifetransfer.com\/wp-content\/uploads\/2024\/07\/Basliksiz-1.png\" alt=\"\" width=\"20\" height=\"20\" \/><a style=\"color: white; text-decoration: none; font-weight: 600;\" href=\"https:\/\/sakolifetour.com\/wycieczki\/bodrum\">Przegl\u0105d ofert<\/a> <\/strong><\/p>\n<p>[\/vc_column_text][vc_column_text css=&#8221;.vc_custom_1720877404394{padding-right: 10px !important;padding-bottom: 10px !important;padding-left: 10px !important;}&#8221;]<a style=\"color: #556677; text-decoration: none;\" href=\"https:\/\/sakolifetour.com\/wycieczki\/bodrum\">Bodrum to \u015bwietna baza wypadowa na wycieczki fakultatywne. Oferujemy wycieczki do zabytk\u00f3w Efezu i Pamukkale, a tak\u017ce rejsy na greckie wyspy Kos i Rodos.<\/a>[\/vc_column_text][\/vc_column][\/vc_row][vc_row el_class=&#8221;tourrow&#8221;][vc_column width=&#8221;1\/3&#8243; el_class=&#8221;theme-margin-bottom-0&#8243;][vc_single_image image=&#8221;24081&#8243; img_size=&#8221;400&#8243; alignment=&#8221;center&#8221; style=&#8221;vc_box_rounded&#8221; onclick=&#8221;custom_link&#8221; css=&#8221;&#8221; link=&#8221;https:\/\/sakolifetour.com\/wycieczki\/istanbul&#8221;][vc_column_text css=&#8221;.vc_custom_1720877480906{margin-top: 10px !important;margin-right: 10px !important;margin-left: 10px !important;padding-bottom: 5px !important;background-color: #ff700a !important;border-radius: 3px !important;border-color: #ff700a !important;}&#8221;]<\/p>\n<p style=\"text-align: center; color: white; font-weight: 600; text-decoration: none;\"><strong><img loading=\"lazy\" decoding=\"async\" class=\"alignnone size-full wp-image-24043\" style=\"display: block; margin-left: auto; margin-right: auto;\" src=\"https:\/\/sakolifetransfer.com\/wp-content\/uploads\/2024\/07\/Basliksiz-1.png\" alt=\"\" width=\"20\" height=\"20\" \/><a style=\"color: white; text-decoration: none; font-weight: 600;\" href=\"https:\/\/sakolifetour.com\/wycieczki\/istanbul\">Przegl\u0105d ofert<\/a> <\/strong><\/p>\n<p>[\/vc_column_text][vc_column_text css=&#8221;.vc_custom_1720877490243{padding-right: 10px !important;padding-bottom: 10px !important;padding-left: 10px !important;}&#8221;]<a style=\"color: #556677; text-decoration: none;\" href=\"https:\/\/sakolifetour.com\/wycieczki\/istanbul\">Stambu\u0142 to jedno z najbardziej fascynuj\u0105cych i historycznych miast na \u015bwiecie. Jest to jedyne miasto le\u017c\u0105ce na dw\u00f3ch kontynentach: Europejskim i Azjatyckim. Mo\u017cesz odwiedzi\u0107 B\u0142\u0119kitny Meczet, Hagia Sophia, Pa\u0142ac Topkapi.<\/a>[\/vc_column_text][\/vc_column][vc_column width=&#8221;1\/3&#8243;][vc_single_image image=&#8221;24082&#8243; img_size=&#8221;400&#8243; alignment=&#8221;center&#8221; style=&#8221;vc_box_rounded&#8221; onclick=&#8221;custom_link&#8221; css=&#8221;&#8221; link=&#8221;https:\/\/sakolifetour.com\/wycieczki\/izmir&#8221;][vc_column_text css=&#8221;.vc_custom_1720877468555{margin-top: 10px !important;margin-right: 10px !important;margin-left: 10px !important;padding-bottom: 5px !important;background-color: #ff700a !important;border-radius: 3px !important;border-color: #ff700a !important;}&#8221;]<\/p>\n<p style=\"text-align: center; color: white; font-weight: 600; text-decoration: none;\"><strong><img loading=\"lazy\" decoding=\"async\" class=\"alignnone size-full wp-image-24043\" style=\"display: block; margin-left: auto; margin-right: auto;\" src=\"https:\/\/sakolifetransfer.com\/wp-content\/uploads\/2024\/07\/Basliksiz-1.png\" alt=\"\" width=\"20\" height=\"20\" \/><a style=\"color: white; text-decoration: none; font-weight: 600;\" href=\"https:\/\/sakolifetour.com\/wycieczki\/izmir\">Przegl\u0105d ofert<\/a> <\/strong><\/p>\n<p>[\/vc_column_text][vc_column_text css=&#8221;.vc_custom_1720877499283{padding-right: 10px !important;padding-bottom: 10px !important;padding-left: 10px !important;}&#8221;]<a style=\"color: #556677; text-decoration: none;\" href=\"https:\/\/sakolifetour.com\/wycieczki\/izmir\">Do\u0142\u0105cz do nas w tym urzekaj\u0105cym mie\u015bcie, aby odby\u0107 odkrywcz\u0105 i wzbogacaj\u0105c\u0105 podr\u00f3\u017c. Izmir, harmonijne po\u0142\u0105czenie historii, kultury i natury, czeka, aby Ci\u0119 oczarowa\u0107.  <\/a>[\/vc_column_text][\/vc_column][vc_column width=&#8221;1\/3&#8243;][vc_single_image image=&#8221;24078&#8243; img_size=&#8221;400&#8243; alignment=&#8221;center&#8221; style=&#8221;vc_box_rounded&#8221; onclick=&#8221;custom_link&#8221; css=&#8221;&#8221; link=&#8221;https:\/\/sakolifetour.com\/wycieczki\/fethiye&#8221;][vc_column_text css=&#8221;.vc_custom_1720877460243{margin-top: 10px !important;margin-right: 10px !important;margin-left: 10px !important;padding-bottom: 5px !important;background-color: #ff700a !important;border-radius: 3px !important;border-color: #ff700a !important;}&#8221;]<\/p>\n<p style=\"text-align: center; color: white; font-weight: 600; text-decoration: none;\"><strong><img loading=\"lazy\" decoding=\"async\" class=\"alignnone size-full wp-image-24043\" style=\"display: block; margin-left: auto; margin-right: auto;\" src=\"https:\/\/sakolifetransfer.com\/wp-content\/uploads\/2024\/07\/Basliksiz-1.png\" alt=\"\" width=\"20\" height=\"20\" \/><a style=\"color: white; text-decoration: none; font-weight: 600;\" href=\"https:\/\/sakolifetour.com\/wycieczki\/fethiye\">Review Offers<\/a><br \/>\n<\/strong>[\/vc_column_text][vc_column_text css=&#8221;.vc_custom_1720877508466{padding-right: 10px !important;padding-bottom: 10px !important;padding-left: 10px !important;}&#8221;]<a style=\"color: #556677; text-decoration: none;\" href=\"https:\/\/sakolifetour.com\/wycieczki\/fethiye\">Popularny kurort, kt\u00f3ry oferuje pi\u0119kne pla\u017ce, malownicze krajobrazy, zabytki i r\u00f3\u017cnorodne atrakcje turystyczne, takie jak \u00d6l\u00fcdeniz, Fethiye Marina i Sakl\u0131kent Gorge.<\/a>[\/vc_column_text][\/vc_column][\/vc_row]<\/p>\n<\/div>","protected":false},"excerpt":{"rendered":"<p>[vc_row css=&#8221;.vc_custom_1720094857542{margin-bottom: 50px !important;padding-top: 25px !important;padding-right: 25px !important;padding-bottom: 25px !important;padding-left: 25px !important;background-color: rgba(153,153,153,0.14) !important;*background-color: rgb(153,153,153) !important;border-radius: 5px !important;}&#8221;][vc_column el_class=&#8221;theme-margin-bottom-0&#8243;][vc_column_text css=&#8221;&#8221;] Odkryj Turcj\u0119 z SakoLife Tour My, SakoLife Tour, lokalne biuro podr\u00f3\u017cy w Alanyi, organizujemy niedrogie jednodniowe wycieczki. Do\u0142\u0105cz do nas podczas wycieczek z popularnych kurort\u00f3w wakacyjnych, takich jak Alanya, Side, Mahmutlar, Manavgat, Bodrum, Marmaris, Fethiye, [&#8230;]<\/p>\n","protected":false},"author":5,"featured_media":0,"parent":0,"menu_order":0,"comment_status":"closed","ping_status":"closed","template":"","meta":{"footnotes":""},"class_list":["post-25123","page","type-page","status-publish","hentry"],"_links":{"self":[{"href":"https:\/\/sakolifetransfer.com\/pl\/wp-json\/wp\/v2\/pages\/25123","targetHints":{"allow":["GET"]}}],"collection":[{"href":"https:\/\/sakolifetransfer.com\/pl\/wp-json\/wp\/v2\/pages"}],"about":[{"href":"https:\/\/sakolifetransfer.com\/pl\/wp-json\/wp\/v2\/types\/page"}],"author":[{"embeddable":true,"href":"https:\/\/sakolifetransfer.com\/pl\/wp-json\/wp\/v2\/users\/5"}],"replies":[{"embeddable":true,"href":"https:\/\/sakolifetransfer.com\/pl\/wp-json\/wp\/v2\/comments?post=25123"}],"version-history":[{"count":72,"href":"https:\/\/sakolifetransfer.com\/pl\/wp-json\/wp\/v2\/pages\/25123\/revisions"}],"predecessor-version":[{"id":26400,"href":"https:\/\/sakolifetransfer.com\/pl\/wp-json\/wp\/v2\/pages\/25123\/revisions\/26400"}],"wp:attachment":[{"href":"https:\/\/sakolifetransfer.com\/pl\/wp-json\/wp\/v2\/media?parent=25123"}],"curies":[{"name":"wp","href":"https:\/\/api.w.org\/{rel}","templated":true}]}}