{"id":25127,"date":"2024-07-03T13:02:17","date_gmt":"2024-07-03T10:02:17","guid":{"rendered":"https:\/\/sakolifetransfer.com\/vip-transfer-services\/"},"modified":"2024-07-12T16:06:02","modified_gmt":"2024-07-12T13:06:02","slug":"uslugi-transferu-vip","status":"publish","type":"page","link":"https:\/\/sakolifetransfer.com\/pl\/uslugi-transferu-vip\/","title":{"rendered":"Us\u0142ugi transferu VIP"},"content":{"rendered":"<div class=\"wpb-content-wrapper\"><p>[vc_row][vc_column width=&#8221;1\/3&#8243;][vc_single_image image=&#8221;23931&#8243; img_size=&#8221;full&#8221; css=&#8221;&#8221;][\/vc_column][vc_column width=&#8221;2\/3&#8243;]\r\n            <p class=\"theme-component-paragraph-large theme-component-paragraph-large-style-2 alignleft theme-padding-top-0 theme-padding-bottom-0\">\r\n                Us\u0142ugi transferu VIP\r\n            <\/p>\r\n        [vc_column_text css=&#8221;&#8221; el_class=&#8221;theme-padding-top-30&#8243;]W SakoLifeTransfer oferujemy us\u0142ugi transferu VIP, aby uczyni\u0107 podr\u00f3\u017c bardziej komfortow\u0105 i luksusow\u0105. Nasza us\u0142uga VIP Transfer obejmuje prywatne pojazdy i do\u015bwiadczony personel do transfer\u00f3w lotniskowych i transfer\u00f3w z hotelu na lotnisko. Nasza us\u0142uga VIP Transfer zosta\u0142a zaprojektowana z my\u015bl\u0105 o zapewnieniu spersonalizowanych i komfortowych wra\u017ce\u0144 z podr\u00f3\u017cy, aby uczyni\u0107 j\u0105 przyjemniejsz\u0105 i bezstresow\u0105.[\/vc_column_text][\/vc_column][\/vc_row][vc_row el_class=&#8221;theme-margin-top-20&#8243;][vc_column]\r\n            <p class=\"theme-component-paragraph-large theme-component-paragraph-large-style-2 alignleft theme-padding-top-0 theme-padding-bottom-0\">\r\n                Nasze us\u0142ugi\r\n            <\/p>\r\n        [vc_column_text css=&#8221;&#8221; el_class=&#8221;theme-padding-top-30&#8243;]<\/p>\n<ul>\n<li><strong>Komfortowe pojazdy<\/strong>: W naszej us\u0142udze transferu VIP korzystamy ze specjalnie wyselekcjonowanych luksusowych pojazd\u00f3w dla Twojego komfortu. Dzi\u0119ki przestronnym wn\u0119trzom, wygodnym fotelom i najnowocze\u015bniejszemu wyposa\u017ceniu staramy si\u0119 uprzyjemni\u0107 podr\u00f3\u017c.<\/li>\n<li><strong>Us\u0142uga prywatnego kierowcy<\/strong>: Nasi do\u015bwiadczeni i przyja\u017ani kierowcy b\u0119d\u0105 towarzyszy\u0107 Ci podczas ca\u0142ej podr\u00f3\u017cy, zapewniaj\u0105c wszelkie wsparcie potrzebne dla Twojego komfortu.<\/li>\n<li><strong>Spersonalizowana us\u0142ug<\/strong>a: Nasza us\u0142uga transferu VIP zosta\u0142a zaprojektowana tak, aby spe\u0142nia\u0107 specjalne potrzeby i preferencje naszych klient\u00f3w. Naszym celem jest spe\u0142nienie Twoich pr\u00f3\u015bb i zapewnienie Ci jak najwi\u0119kszego komfortu podr\u00f3\u017cy.<\/li>\n<li><strong>Bezpiecze\u0144stwo i niezawodno\u015b\u0107<\/strong>: Priorytetowo traktujemy Twoje bezpiecze\u0144stwo i zapewniamy, \u017ce wszystkie nasze pojazdy s\u0105 dobrze utrzymane i prowadzone przez do\u015bwiadczonych profesjonalist\u00f3w.<\/li>\n<\/ul>\n<p>Do\u015bwiadcz luksusu i komfortu naszych us\u0142ug transferu VIP. Zarezerwuj transfer VIP z SakoLifeTransfer ju\u017c dzi\u015b.[\/vc_column_text][\/vc_column][\/vc_row][vc_row el_class=&#8221;theme-column-style-6 theme-padding-bottom-0&#8243;][vc_column el_class=&#8221;theme-margin-bottom-20&#8243;]<div class=\"theme-component-list theme-component-list-style-2\">\n<ul>\n<li>Profesjonalnie wyszkoleni szoferzy<\/li>\n<li>Transport z pe\u0142nym zakresem us\u0142ug 24\/7<\/li>\n<li>Globalna sie\u0107 partner\u00f3w transportowych<\/li>\n<\/ul>\n<\/div>[\/vc_column][\/vc_row][vc_row][vc_column el_class=&#8221;theme-margin-bottom-0&#8243;][vc_custom_heading text=&#8221;Zalety&#8221; font_container=&#8221;tag:h3|text_align:center&#8221; use_theme_fonts=&#8221;yes&#8221; el_class=&#8221;theme-margin-top-60 theme-margin-bottom-50&#8243;][\/vc_column][\/vc_row][vc_row][vc_column el_class=&#8221;theme-margin-bottom-0&#8243;]\n            <div class=\"theme-component-feature theme-component-feature-style-1\">\n                [vc_row_inner][vc_column_inner width=&#8221;1\/3&#8243;]\r\n            <div class=\"theme-component-feature-item\">\r\n                <span class=\"theme-icon-feature-check theme-component-feature-item-icon\"><span><\/span><\/span>\r\n                <h4 class=\"theme-component-feature-item-header\">Bezpiecze\u0144stwo<\/h4><p>Do\u015bwiadczony personel i profesjonalnie przeszkoleni szoferzy.<\/p>\n\r\n            <\/div>\r\n        [\/vc_column_inner][vc_column_inner width=&#8221;1\/3&#8243;]\r\n            <div class=\"theme-component-feature-item\">\r\n                <span class=\"theme-icon-feature-price theme-component-feature-item-icon\"><span><\/span><\/span>\r\n                <h4 class=\"theme-component-feature-item-header\">Przyst\u0119pne ceny<\/h4><p>Mo\u017cemy zaoferowa\u0107 odpowiedni pojazd w odpowiedniej cenie, aby dopasowa\u0107 si\u0119 do Twojego bud\u017cetu.<\/p>\n\r\n            <\/div>\r\n        [\/vc_column_inner][vc_column_inner width=&#8221;1\/3&#8243;]\r\n            <div class=\"theme-component-feature-item\">\r\n                <span class=\"theme-icon-feature-route-1 theme-component-feature-item-icon\"><span><\/span><\/span>\r\n                <h4 class=\"theme-component-feature-item-header\">Du\u017ca flota<\/h4><p>Oferujemy du\u017c\u0105 flot\u0119 pojazd\u00f3w oferuj\u0105cych us\u0142ugi Vip Transfer i Private Bus Transfer.<\/p>\n\r\n            <\/div>\r\n        [\/vc_column_inner][\/vc_row_inner]\n            <\/div>\n        [\/vc_column][\/vc_row]<\/p>\n<\/div>","protected":false},"excerpt":{"rendered":"<p>[vc_row][vc_column width=&#8221;1\/3&#8243;][vc_single_image image=&#8221;23931&#8243; img_size=&#8221;full&#8221; css=&#8221;&#8221;][\/vc_column][vc_column width=&#8221;2\/3&#8243;][vc_column_text css=&#8221;&#8221; el_class=&#8221;theme-padding-top-30&#8243;]W SakoLifeTransfer oferujemy us\u0142ugi transferu VIP, aby uczyni\u0107 podr\u00f3\u017c bardziej komfortow\u0105 i luksusow\u0105. Nasza us\u0142uga VIP Transfer obejmuje prywatne pojazdy i do\u015bwiadczony personel do transfer\u00f3w lotniskowych i transfer\u00f3w z hotelu na lotnisko. Nasza us\u0142uga VIP Transfer zosta\u0142a zaprojektowana z my\u015bl\u0105 o zapewnieniu spersonalizowanych i komfortowych wra\u017ce\u0144 z podr\u00f3\u017cy, [&#8230;]<\/p>\n","protected":false},"author":5,"featured_media":0,"parent":0,"menu_order":0,"comment_status":"closed","ping_status":"closed","template":"","meta":{"footnotes":""},"class_list":["post-25127","page","type-page","status-publish","hentry"],"_links":{"self":[{"href":"https:\/\/sakolifetransfer.com\/pl\/wp-json\/wp\/v2\/pages\/25127","targetHints":{"allow":["GET"]}}],"collection":[{"href":"https:\/\/sakolifetransfer.com\/pl\/wp-json\/wp\/v2\/pages"}],"about":[{"href":"https:\/\/sakolifetransfer.com\/pl\/wp-json\/wp\/v2\/types\/page"}],"author":[{"embeddable":true,"href":"https:\/\/sakolifetransfer.com\/pl\/wp-json\/wp\/v2\/users\/5"}],"replies":[{"embeddable":true,"href":"https:\/\/sakolifetransfer.com\/pl\/wp-json\/wp\/v2\/comments?post=25127"}],"version-history":[{"count":9,"href":"https:\/\/sakolifetransfer.com\/pl\/wp-json\/wp\/v2\/pages\/25127\/revisions"}],"predecessor-version":[{"id":26057,"href":"https:\/\/sakolifetransfer.com\/pl\/wp-json\/wp\/v2\/pages\/25127\/revisions\/26057"}],"wp:attachment":[{"href":"https:\/\/sakolifetransfer.com\/pl\/wp-json\/wp\/v2\/media?parent=25127"}],"curies":[{"name":"wp","href":"https:\/\/api.w.org\/{rel}","templated":true}]}}