{"id":25131,"date":"2024-07-03T13:00:08","date_gmt":"2024-07-03T10:00:08","guid":{"rendered":"https:\/\/sakolifetransfer.com\/city-and-inter-city-transfer-services\/"},"modified":"2024-07-12T16:08:52","modified_gmt":"2024-07-12T13:08:52","slug":"uslugi-transferu-miejskiego-i-miedzymiastowego","status":"publish","type":"page","link":"https:\/\/sakolifetransfer.com\/pl\/uslugi-transferu-miejskiego-i-miedzymiastowego\/","title":{"rendered":"Us\u0142ugi transferu miejskiego i mi\u0119dzymiastowego"},"content":{"rendered":"<div class=\"wpb-content-wrapper\"><p>[vc_row][vc_column width=&#8221;1\/3&#8243;][vc_single_image image=&#8221;23945&#8243; img_size=&#8221;full&#8221; css=&#8221;&#8221;][\/vc_column][vc_column width=&#8221;2\/3&#8243;]\r\n            <p class=\"theme-component-paragraph-large theme-component-paragraph-large-style-2 alignleft theme-padding-top-0 theme-padding-bottom-0\">\r\n                Us\u0142ugi transferu miejskiego i mi\u0119dzymiastowego\r\n            <\/p>\r\n        [vc_column_text css=&#8221;&#8221; el_class=&#8221;theme-padding-top-30&#8243;]SakoLifeTransfer zapewnia niezawodne i wygodne us\u0142ugi transferu miejskiego i mi\u0119dzymiastowego dla os\u00f3b indywidualnych i grup. Niezale\u017cnie od tego, czy potrzebujesz transportu w obr\u0119bie miasta, czy do miejsca docelowego poza miastem, nasze us\u0142ugi transferu s\u0105 zaprojektowane tak, aby spe\u0142ni\u0107 Twoje potrzeby.[\/vc_column_text][\/vc_column][\/vc_row][vc_row el_class=&#8221;theme-margin-top-20&#8243;][vc_column]\r\n            <p class=\"theme-component-paragraph-large theme-component-paragraph-large-style-2 alignleft theme-padding-top-0 theme-padding-bottom-0\">\r\n                Kluczowe cechy naszych us\u0142ug transferu miejskiego i mi\u0119dzymiastowego:\r\n            <\/p>\r\n        [vc_column_text css=&#8221;&#8221; el_class=&#8221;theme-padding-top-30&#8243;]<\/p>\n<ul>\n<li><strong>Wygodne pojazdy<\/strong>: Oferujemy szerok\u0105 gam\u0119 pojazd\u00f3w dostosowanych do Twoich potrzeb, zapewniaj\u0105c komfortow\u0105 podr\u00f3\u017c dla Ciebie i Twojej grupy.<\/li>\n<li><strong>Profesjonalni kierowcy<\/strong>: Nasi kierowcy maj\u0105 do\u015bwiadczenie i wiedz\u0119 na temat okolicy, zapewniaj\u0105c bezpieczn\u0105 i sprawn\u0105 podr\u00f3\u017c do miejsca docelowego.<\/li>\n<li><strong>Indywidualne<\/strong> plany podr\u00f3\u017cy: Oferujemy niestandardowe trasy dostosowane do Twoich potrzeb, niezale\u017cnie od tego, czy podr\u00f3\u017cujesz s\u0142u\u017cbowo, czy rekreacyjnie.<\/li>\n<li><strong>Dost\u0119pno\u015b\u0107 24\/7<\/strong>: Nasze us\u0142ugi transferu s\u0105 dost\u0119pne 24 godziny na dob\u0119, 7 dni w tygodniu, dzi\u0119ki czemu mo\u017cesz podr\u00f3\u017cowa\u0107 wtedy, gdy jest to dla Ciebie wygodne.<\/li>\n<li>Konkurencyjne <strong>stawki<\/strong>: Oferujemy konkurencyjne stawki za nasze us\u0142ugi transferu miejskiego i mi\u0119dzymiastowego, dzi\u0119ki czemu jest to przyst\u0119pna cenowo opcja dla Twoich potrzeb zwi\u0105zanych z podr\u00f3\u017c\u0105.<\/li>\n<\/ul>\n<p>Do\u015bwiadcz wygody i komfortu naszych us\u0142ug transferu miejskiego i mi\u0119dzymiastowego. Skontaktuj si\u0119 z SakoLifeTransfer ju\u017c dzi\u015b, aby zarezerwowa\u0107 transfer i cieszy\u0107 si\u0119 bezstresow\u0105 podr\u00f3\u017c\u0105 do miejsca docelowego.[\/vc_column_text][\/vc_column][\/vc_row][vc_row el_class=&#8221;theme-column-style-6 theme-padding-bottom-0&#8243;][vc_column el_class=&#8221;theme-margin-bottom-20&#8243;]<div class=\"theme-component-list theme-component-list-style-2\">\n<ul>\n<li>Profesjonalnie wyszkoleni szoferzy<\/li>\n<li>Transport z pe\u0142nym zakresem us\u0142ug 24\/7<\/li>\n<li>Globalna sie\u0107 partner\u00f3w transportowych<\/li>\n<\/ul>\n<\/div>[\/vc_column][\/vc_row][vc_row][vc_column el_class=&#8221;theme-margin-bottom-0&#8243;][vc_custom_heading text=&#8221;Zalety&#8221; font_container=&#8221;tag:h3|text_align:center&#8221; use_theme_fonts=&#8221;yes&#8221; el_class=&#8221;theme-margin-top-60 theme-margin-bottom-50&#8243;][\/vc_column][\/vc_row][vc_row][vc_column el_class=&#8221;theme-margin-bottom-0&#8243;]\n            <div class=\"theme-component-feature theme-component-feature-style-1\">\n                [vc_row_inner][vc_column_inner width=&#8221;1\/3&#8243;]\r\n            <div class=\"theme-component-feature-item\">\r\n                <span class=\"theme-icon-feature-check theme-component-feature-item-icon\"><span><\/span><\/span>\r\n                <h4 class=\"theme-component-feature-item-header\">Bezpiecze\u0144stwo<\/h4><p>Do\u015bwiadczony personel i profesjonalnie przeszkoleni szoferzy.<\/p>\n\r\n            <\/div>\r\n        [\/vc_column_inner][vc_column_inner width=&#8221;1\/3&#8243;]\r\n            <div class=\"theme-component-feature-item\">\r\n                <span class=\"theme-icon-feature-price theme-component-feature-item-icon\"><span><\/span><\/span>\r\n                <h4 class=\"theme-component-feature-item-header\">Przyst\u0119pne ceny<\/h4><p>Mo\u017cemy zaoferowa\u0107 odpowiedni pojazd w odpowiedniej cenie, aby dopasowa\u0107 si\u0119 do Twojego bud\u017cetu.<\/p>\n\r\n            <\/div>\r\n        [\/vc_column_inner][vc_column_inner width=&#8221;1\/3&#8243;]\r\n            <div class=\"theme-component-feature-item\">\r\n                <span class=\"theme-icon-feature-route-1 theme-component-feature-item-icon\"><span><\/span><\/span>\r\n                <h4 class=\"theme-component-feature-item-header\">Du\u017ca flota<\/h4><p>Oferujemy du\u017c\u0105 flot\u0119 pojazd\u00f3w oferuj\u0105cych us\u0142ugi Vip Transfer i Private Bus Transfer.<\/p>\n\r\n            <\/div>\r\n        [\/vc_column_inner][\/vc_row_inner]\n            <\/div>\n        [\/vc_column][\/vc_row]<\/p>\n<\/div>","protected":false},"excerpt":{"rendered":"<p>[vc_row][vc_column width=&#8221;1\/3&#8243;][vc_single_image image=&#8221;23945&#8243; img_size=&#8221;full&#8221; css=&#8221;&#8221;][\/vc_column][vc_column width=&#8221;2\/3&#8243;][vc_column_text css=&#8221;&#8221; el_class=&#8221;theme-padding-top-30&#8243;]SakoLifeTransfer zapewnia niezawodne i wygodne us\u0142ugi transferu miejskiego i mi\u0119dzymiastowego dla os\u00f3b indywidualnych i grup. Niezale\u017cnie od tego, czy potrzebujesz transportu w obr\u0119bie miasta, czy do miejsca docelowego poza miastem, nasze us\u0142ugi transferu s\u0105 zaprojektowane tak, aby spe\u0142ni\u0107 Twoje potrzeby.[\/vc_column_text][\/vc_column][\/vc_row][vc_row el_class=&#8221;theme-margin-top-20&#8243;][vc_column][vc_column_text css=&#8221;&#8221; el_class=&#8221;theme-padding-top-30&#8243;] Wygodne pojazdy: Oferujemy szerok\u0105 gam\u0119 [&#8230;]<\/p>\n","protected":false},"author":5,"featured_media":0,"parent":0,"menu_order":0,"comment_status":"closed","ping_status":"closed","template":"","meta":{"footnotes":""},"class_list":["post-25131","page","type-page","status-publish","hentry"],"_links":{"self":[{"href":"https:\/\/sakolifetransfer.com\/pl\/wp-json\/wp\/v2\/pages\/25131","targetHints":{"allow":["GET"]}}],"collection":[{"href":"https:\/\/sakolifetransfer.com\/pl\/wp-json\/wp\/v2\/pages"}],"about":[{"href":"https:\/\/sakolifetransfer.com\/pl\/wp-json\/wp\/v2\/types\/page"}],"author":[{"embeddable":true,"href":"https:\/\/sakolifetransfer.com\/pl\/wp-json\/wp\/v2\/users\/5"}],"replies":[{"embeddable":true,"href":"https:\/\/sakolifetransfer.com\/pl\/wp-json\/wp\/v2\/comments?post=25131"}],"version-history":[{"count":9,"href":"https:\/\/sakolifetransfer.com\/pl\/wp-json\/wp\/v2\/pages\/25131\/revisions"}],"predecessor-version":[{"id":26061,"href":"https:\/\/sakolifetransfer.com\/pl\/wp-json\/wp\/v2\/pages\/25131\/revisions\/26061"}],"wp:attachment":[{"href":"https:\/\/sakolifetransfer.com\/pl\/wp-json\/wp\/v2\/media?parent=25131"}],"curies":[{"name":"wp","href":"https:\/\/api.w.org\/{rel}","templated":true}]}}