{"id":25143,"date":"2024-07-03T12:25:37","date_gmt":"2024-07-03T09:25:37","guid":{"rendered":"https:\/\/sakolifetransfer.com\/airport-pickup\/"},"modified":"2024-07-12T16:01:11","modified_gmt":"2024-07-12T13:01:11","slug":"odbior-z-lotniska","status":"publish","type":"page","link":"https:\/\/sakolifetransfer.com\/pl\/odbior-z-lotniska\/","title":{"rendered":"Odbi\u00f3r z lotniska"},"content":{"rendered":"<div class=\"wpb-content-wrapper\"><p>[vc_row][vc_column width=&#8221;1\/3&#8243;][vc_single_image image=&#8221;23925&#8243; img_size=&#8221;full&#8221; css=&#8221;&#8221;][\/vc_column][vc_column width=&#8221;2\/3&#8243;]\r\n            <p class=\"theme-component-paragraph-large theme-component-paragraph-large-style-2 alignleft theme-padding-top-0 theme-padding-bottom-0\">\r\n                Us\u0142ugi spotkania i powitania na lotnisku\r\n            <\/p>\r\n        [vc_column_text css=&#8221;&#8221; el_class=&#8221;theme-padding-top-30&#8243;]W SakoLifeTransfer oferujemy us\u0142ugi spotkania i powitania na lotnisku, aby zapewni\u0107 naszym klientom p\u0142ynn\u0105 i bezstresow\u0105 podr\u00f3\u017c. Nasza us\u0142uga spotkania i powitania obejmuje osobistego konsjer\u017ca, kt\u00f3ry spotka si\u0119 z Tob\u0105 na lotnisku, pomo\u017ce z baga\u017cem i odprowadzi do pojazdu. Niezale\u017cnie od tego, czy przylatujesz, czy odlatujesz, nasza us\u0142uga spotkania i powitania ma na celu zapewnienie p\u0142ynnego przej\u015bcia przez lotnisko.[\/vc_column_text][\/vc_column][\/vc_row][vc_row el_class=&#8221;theme-margin-top-20&#8243;][vc_column]\r\n            <p class=\"theme-component-paragraph-large theme-component-paragraph-large-style-2 alignleft theme-padding-top-0 theme-padding-bottom-0\">\r\n                Kluczowe cechy naszej us\u0142ugi Meet and Greet:\r\n            <\/p>\r\n        [vc_column_text css=&#8221;&#8221; el_class=&#8221;theme-padding-top-30&#8243;]<\/p>\n<ul>\n<li><strong>Spersonalizowana<\/strong> obs\u0142uga: Nasz profesjonalny konsjer\u017c b\u0119dzie tam, aby powita\u0107 Ci\u0119 spersonalizowanym znakiem, co u\u0142atwi Ci zlokalizowanie go na lotnisku.<\/li>\n<li><strong>Pomoc z baga\u017cem<\/strong>: Nasz konsjer\u017c pomo\u017ce ci z baga\u017cem, zapewniaj\u0105c jego bezpieczny za\u0142adunek i roz\u0142adunek z pojazdu.<\/li>\n<li><strong>Efektywne transfer<\/strong>y: Zapewniamy sprawne i terminowe transfery z i na lotnisko, gwarantuj\u0105c, \u017ce dotrzesz do celu na czas i bez stresu.<\/li>\n<li><strong>Dost\u0119pno\u015b\u0107 24\/7<\/strong>: Nasza us\u0142uga spotkania i powitania jest dost\u0119pna 24 godziny na dob\u0119, 7 dni w tygodniu, wi\u0119c mo\u017cesz na nas polega\u0107 we wszystkich kwestiach zwi\u0105zanych z transferem na lotnisko.<\/li>\n<\/ul>\n<p>Poczuj wygod\u0119 i komfort, korzystaj\u0105c z naszych us\u0142ug spotkania i powitania na lotnisku. Skontaktuj si\u0119 z SakoLifeTransfer ju\u017c dzi\u015b, aby zarezerwowa\u0107 transfer z lotniska z us\u0142ug\u0105 spotkania i powitania.[\/vc_column_text][\/vc_column][\/vc_row][vc_row el_class=&#8221;theme-column-style-6 theme-padding-bottom-0&#8243;][vc_column el_class=&#8221;theme-margin-bottom-20&#8243;]<div class=\"theme-component-list theme-component-list-style-2\">\n<ul>\n<li>Professionally trained chauffeurs<\/li>\n<li>Full-service transportation 24\/7<\/li>\n<li>Global network of transportation partners<\/li>\n<\/ul>\n<\/div>[\/vc_column][\/vc_row][vc_row][vc_column el_class=&#8221;theme-margin-bottom-0&#8243;][vc_custom_heading text=&#8221;Zalety&#8221; font_container=&#8221;tag:h3|text_align:center&#8221; use_theme_fonts=&#8221;yes&#8221; el_class=&#8221;theme-margin-top-60 theme-margin-bottom-50&#8243;][\/vc_column][\/vc_row][vc_row][vc_column el_class=&#8221;theme-margin-bottom-0&#8243;]\n            <div class=\"theme-component-feature theme-component-feature-style-1\">\n                [vc_row_inner][vc_column_inner width=&#8221;1\/3&#8243;]\r\n            <div class=\"theme-component-feature-item\">\r\n                <span class=\"theme-icon-feature-check theme-component-feature-item-icon\"><span><\/span><\/span>\r\n                <h4 class=\"theme-component-feature-item-header\">Bezpiecze\u0144stwo<\/h4><p>Do\u015bwiadczony personel i profesjonalnie przeszkoleni szoferzy.<\/p>\n\r\n            <\/div>\r\n        [\/vc_column_inner][vc_column_inner width=&#8221;1\/3&#8243;]\r\n            <div class=\"theme-component-feature-item\">\r\n                <span class=\"theme-icon-feature-price theme-component-feature-item-icon\"><span><\/span><\/span>\r\n                <h4 class=\"theme-component-feature-item-header\">Przyst\u0119pne ceny<\/h4><p>Mo\u017cemy zaoferowa\u0107 odpowiedni pojazd w odpowiedniej cenie, aby dopasowa\u0107 si\u0119 do Twojego bud\u017cetu.<\/p>\n\r\n            <\/div>\r\n        [\/vc_column_inner][vc_column_inner width=&#8221;1\/3&#8243;]\r\n            <div class=\"theme-component-feature-item\">\r\n                <span class=\"theme-icon-feature-route-1 theme-component-feature-item-icon\"><span><\/span><\/span>\r\n                <h4 class=\"theme-component-feature-item-header\">Du\u017ca flota<\/h4><p>Oferujemy du\u017c\u0105 flot\u0119 pojazd\u00f3w oferuj\u0105cych us\u0142ugi Vip Transfer i Private Bus Transfer.<\/p>\n\r\n            <\/div>\r\n        [\/vc_column_inner][\/vc_row_inner]\n            <\/div>\n        [\/vc_column][\/vc_row]<\/p>\n<\/div>","protected":false},"excerpt":{"rendered":"<p>[vc_row][vc_column width=&#8221;1\/3&#8243;][vc_single_image image=&#8221;23925&#8243; img_size=&#8221;full&#8221; css=&#8221;&#8221;][\/vc_column][vc_column width=&#8221;2\/3&#8243;][vc_column_text css=&#8221;&#8221; el_class=&#8221;theme-padding-top-30&#8243;]W SakoLifeTransfer oferujemy us\u0142ugi spotkania i powitania na lotnisku, aby zapewni\u0107 naszym klientom p\u0142ynn\u0105 i bezstresow\u0105 podr\u00f3\u017c. Nasza us\u0142uga spotkania i powitania obejmuje osobistego konsjer\u017ca, kt\u00f3ry spotka si\u0119 z Tob\u0105 na lotnisku, pomo\u017ce z baga\u017cem i odprowadzi do pojazdu. Niezale\u017cnie od tego, czy przylatujesz, czy odlatujesz, nasza us\u0142uga [&#8230;]<\/p>\n","protected":false},"author":5,"featured_media":0,"parent":0,"menu_order":0,"comment_status":"closed","ping_status":"closed","template":"","meta":{"footnotes":""},"class_list":["post-25143","page","type-page","status-publish","hentry"],"_links":{"self":[{"href":"https:\/\/sakolifetransfer.com\/pl\/wp-json\/wp\/v2\/pages\/25143","targetHints":{"allow":["GET"]}}],"collection":[{"href":"https:\/\/sakolifetransfer.com\/pl\/wp-json\/wp\/v2\/pages"}],"about":[{"href":"https:\/\/sakolifetransfer.com\/pl\/wp-json\/wp\/v2\/types\/page"}],"author":[{"embeddable":true,"href":"https:\/\/sakolifetransfer.com\/pl\/wp-json\/wp\/v2\/users\/5"}],"replies":[{"embeddable":true,"href":"https:\/\/sakolifetransfer.com\/pl\/wp-json\/wp\/v2\/comments?post=25143"}],"version-history":[{"count":9,"href":"https:\/\/sakolifetransfer.com\/pl\/wp-json\/wp\/v2\/pages\/25143\/revisions"}],"predecessor-version":[{"id":26051,"href":"https:\/\/sakolifetransfer.com\/pl\/wp-json\/wp\/v2\/pages\/25143\/revisions\/26051"}],"wp:attachment":[{"href":"https:\/\/sakolifetransfer.com\/pl\/wp-json\/wp\/v2\/media?parent=25143"}],"curies":[{"name":"wp","href":"https:\/\/api.w.org\/{rel}","templated":true}]}}