{"id":25147,"date":"2024-07-03T11:28:55","date_gmt":"2024-07-03T08:28:55","guid":{"rendered":"https:\/\/sakolifetransfer.com\/frequently-asked-questions\/"},"modified":"2024-09-09T14:25:03","modified_gmt":"2024-09-09T11:25:03","slug":"czesto-zadawane-pytania","status":"publish","type":"page","link":"https:\/\/sakolifetransfer.com\/pl\/czesto-zadawane-pytania\/","title":{"rendered":"Cz\u0119sto zadawane pytania"},"content":{"rendered":"<div class=\"wpb-content-wrapper\"><p>[vc_row][vc_column][vc_column_text css=&#8221;&#8221;]<\/p>\n<h2><strong>Cz\u0119sto zadawane pytania<\/strong><\/h2>\n<p>[\/vc_column_text][\/vc_column][\/vc_row][vc_row][vc_column][vc_custom_heading text=&#8221;1. Jak mog\u0119 zarezerwowa\u0107 transfer?&#8221; font_container=&#8221;tag:h3|text_align:left&#8221; use_theme_fonts=&#8221;yes&#8221; css=&#8221;&#8221;][vc_column_text css=&#8221;&#8221;]<\/p>\n<ul>\n<li>Mo\u017cesz \u0142atwo utworzy\u0107 rezerwacj\u0119 za po\u015brednictwem naszej strony internetowej SakoLife Transfer. Post\u0119puj zgodnie z krokami rezerwacji, wybieraj\u0105c tras\u0119, kt\u00f3r\u0105 chcesz jecha\u0107, oraz wprowadzaj\u0105c informacje o dacie i godzinie. Mo\u017cesz r\u00f3wnie\u017c dokona\u0107 rezerwacji za po\u015brednictwem naszego call center.  <\/li>\n<\/ul>\n<p>[\/vc_column_text][\/vc_column][\/vc_row][vc_row][vc_column][vc_custom_heading text=&#8221;2. Jak mog\u0119 anulowa\u0107 rezerwacj\u0119 transfer?&#8221; font_container=&#8221;tag:h3|text_align:left&#8221; use_theme_fonts=&#8221;yes&#8221; css=&#8221;&#8221;][vc_column_text css=&#8221;&#8221;]<\/p>\n<ul>\n<li>Aby anulowa\u0107 rezerwacj\u0119, mo\u017cna skontaktowa\u0107 si\u0119 z naszym telecentrum lub zarz\u0105dza\u0107 rezerwacjami za po\u015brednictwem konta na naszej stronie internetowej.<\/li>\n<\/ul>\n<p>[\/vc_column_text][\/vc_column][\/vc_row][vc_row][vc_column][vc_custom_heading text=&#8221;3. Jakie s\u0105 opcje p\u0142atno\u015bci?&#8221; font_container=&#8221;tag:h3|text_align:left&#8221; use_theme_fonts=&#8221;yes&#8221; css=&#8221;&#8221;][vc_column_text css=&#8221;&#8221;]<\/p>\n<ul>\n<li>Za nasze us\u0142ugi transferu mo\u017cna zap\u0142aci\u0107 got\u00f3wk\u0105 podczas transferu<\/li>\n<\/ul>\n<p>[\/vc_column_text][\/vc_column][\/vc_row][vc_row][vc_column][vc_custom_heading text=&#8221;4. Jakimi typami pojazd\u00f3w oferujesz us\u0142ugi transferu?&#8221; font_container=&#8221;tag:h3|text_align:left&#8221; use_theme_fonts=&#8221;yes&#8221; css=&#8221;&#8221;][vc_column_text css=&#8221;&#8221;]<\/p>\n<ul>\n<li>Jako SakoLife Transfer oferujemy wygodn\u0105 i luksusow\u0105 podr\u00f3\u017c naszymi pojazdami VIP i busami VIP. Mo\u017cesz wybra\u0107 rodzaj pojazdu zgodnie z w\u0142asnymi potrzebami. <\/li>\n<\/ul>\n<p>[\/vc_column_text][\/vc_column][\/vc_row][vc_row][vc_column][vc_custom_heading text=&#8221;5. Co jest wliczone w cen\u0119 transfer?&#8221; font_container=&#8221;tag:h3|text_align:left&#8221; use_theme_fonts=&#8221;yes&#8221; css=&#8221;&#8221;][vc_column_text css=&#8221;&#8221;]<\/p>\n<ul>\n<li>Op\u0142ata za transfer obejmuje transport i us\u0142ugi profesjonalnego kierowcy na okre\u015blonej trasie. Za us\u0142ugi VIP i dodatkowe \u017cyczenia mog\u0105 zosta\u0107 naliczone dodatkowe op\u0142aty. Szczeg\u00f3\u0142y mo\u017cna sprawdzi\u0107 podczas dokonywania rezerwacji.  <\/li>\n<\/ul>\n<p>[\/vc_column_text][\/vc_column][\/vc_row][vc_row][vc_column][vc_custom_heading text=&#8221;6. Jakie \u015brodki ostro\u017cno\u015bci podejmujesz podczas transfer?&#8221; font_container=&#8221;tag:h3|text_align:left&#8221; use_theme_fonts=&#8221;yes&#8221; css=&#8221;&#8221;][vc_column_text css=&#8221;&#8221;]<\/p>\n<ul>\n<li>Nasze pojazdy s\u0105 regularnie dezynfekowane, a nasi kierowcy \u015bwiadcz\u0105 us\u0142ugi zgodnie z zasadami higieny.<\/li>\n<\/ul>\n<p>[\/vc_column_text][\/vc_column][\/vc_row][vc_row][vc_column][vc_custom_heading text=&#8221;7 Czy powinienem wykupi\u0107 ubezpieczenie transferu?&#8221; font_container=&#8221;tag:h3|text_align:left&#8221; use_theme_fonts=&#8221;yes&#8221; css=&#8221;&#8221;][vc_column_text css=&#8221;&#8221;]<\/p>\n<ul>\n<li>Zalecamy posiadanie ubezpieczenia podr\u00f3\u017cnego. Chroni ono przed dodatkowymi kosztami, zabezpieczaj\u0105c podr\u00f3\u017c w ewentualnych nieoczekiwanych sytuacjach. <\/li>\n<\/ul>\n<p>[\/vc_column_text][\/vc_column][\/vc_row][vc_row][vc_column][vc_custom_heading text=&#8221;8. Czy dost\u0119pne s\u0105 specjalne foteliki dla dzieci?&#8221; font_container=&#8221;tag:h3|text_align:left&#8221; use_theme_fonts=&#8221;yes&#8221; css=&#8221;&#8221;][vc_column_text css=&#8221;&#8221;]<\/p>\n<ul>\n<li>Tak, oferujemy foteliki bezpiecze\u0144stwa odpowiednie dla dzieci. Mo\u017cna o to poprosi\u0107, zaznaczaj\u0105c tak\u0105 pro\u015bb\u0119 w momencie dokonywania rezerwacji. <\/li>\n<\/ul>\n<p>[\/vc_column_text][\/vc_column][\/vc_row][vc_row][vc_column][vc_custom_heading text=&#8221;9. Czy mo\u017cliwy jest transfer ze zwierz\u0119tami?&#8221; font_container=&#8221;tag:h3|text_align:left&#8221; use_theme_fonts=&#8221;yes&#8221; css=&#8221;&#8221;][vc_column_text css=&#8221;&#8221;]<\/p>\n<ul>\n<li>Nasza us\u0142uga transferu jest dost\u0119pna dla zwierz\u0105t domowych. \u017byczenia dotycz\u0105ce podr\u00f3\u017cy ze zwierz\u0119tami mo\u017cna zg\u0142asza\u0107 w momencie dokonywania rezerwacji. <\/li>\n<\/ul>\n<p>[\/vc_column_text][\/vc_column][\/vc_row][vc_row][vc_column][vc_custom_heading text=&#8221;10. Jak mog\u0119 zmieni\u0107 rezerwacj\u0119?&#8221; font_container=&#8221;tag:h3|text_align:left&#8221; use_theme_fonts=&#8221;yes&#8221; css=&#8221;&#8221;][vc_column_text css=&#8221;&#8221;]<\/p>\n<ul>\n<li>Rezerwacj\u0119 mo\u017cna zmieni\u0107 w sekcji zarz\u0105dzania rezerwacjami na naszej stronie internetowej lub za po\u015brednictwem naszego centrum obs\u0142ugi telefonicznej.<\/li>\n<\/ul>\n<p>[\/vc_column_text][\/vc_column][\/vc_row][vc_row][vc_column][vc_column_text css=&#8221;&#8221;]<\/p>\n<h5><strong>Te najcz\u0119\u015bciej zadawane pytania maj\u0105 na celu dostarczenie og\u00f3lnych informacji na temat SakoLife Transfer. Aby uzyska\u0107 bardziej szczeg\u00f3\u0142owe informacje na temat pakiet\u00f3w transferowych i rezerwacji, prosimy o kontakt. <\/strong><\/h5>\n<p>[\/vc_column_text][\/vc_column][\/vc_row]<\/p>\n<\/div>","protected":false},"excerpt":{"rendered":"<p>[vc_row][vc_column][vc_column_text css=&#8221;&#8221;] Cz\u0119sto zadawane pytania [\/vc_column_text][\/vc_column][\/vc_row][vc_row][vc_column][vc_custom_heading text=&#8221;1. Jak mog\u0119 zarezerwowa\u0107 transfer?&#8221; font_container=&#8221;tag:h3|text_align:left&#8221; use_theme_fonts=&#8221;yes&#8221; css=&#8221;&#8221;][vc_column_text css=&#8221;&#8221;] Mo\u017cesz \u0142atwo utworzy\u0107 rezerwacj\u0119 za po\u015brednictwem naszej strony internetowej SakoLife Transfer. Post\u0119puj zgodnie z krokami rezerwacji, wybieraj\u0105c tras\u0119, kt\u00f3r\u0105 chcesz jecha\u0107, oraz wprowadzaj\u0105c informacje o dacie i godzinie. Mo\u017cesz r\u00f3wnie\u017c dokona\u0107 rezerwacji za po\u015brednictwem naszego call center. [\/vc_column_text][\/vc_column][\/vc_row][vc_row][vc_column][vc_custom_heading text=&#8221;2. Jak [&#8230;]<\/p>\n","protected":false},"author":3,"featured_media":0,"parent":0,"menu_order":0,"comment_status":"closed","ping_status":"closed","template":"","meta":{"footnotes":""},"class_list":["post-25147","page","type-page","status-publish","hentry"],"_links":{"self":[{"href":"https:\/\/sakolifetransfer.com\/pl\/wp-json\/wp\/v2\/pages\/25147","targetHints":{"allow":["GET"]}}],"collection":[{"href":"https:\/\/sakolifetransfer.com\/pl\/wp-json\/wp\/v2\/pages"}],"about":[{"href":"https:\/\/sakolifetransfer.com\/pl\/wp-json\/wp\/v2\/types\/page"}],"author":[{"embeddable":true,"href":"https:\/\/sakolifetransfer.com\/pl\/wp-json\/wp\/v2\/users\/3"}],"replies":[{"embeddable":true,"href":"https:\/\/sakolifetransfer.com\/pl\/wp-json\/wp\/v2\/comments?post=25147"}],"version-history":[{"count":4,"href":"https:\/\/sakolifetransfer.com\/pl\/wp-json\/wp\/v2\/pages\/25147\/revisions"}],"predecessor-version":[{"id":27053,"href":"https:\/\/sakolifetransfer.com\/pl\/wp-json\/wp\/v2\/pages\/25147\/revisions\/27053"}],"wp:attachment":[{"href":"https:\/\/sakolifetransfer.com\/pl\/wp-json\/wp\/v2\/media?parent=25147"}],"curies":[{"name":"wp","href":"https:\/\/api.w.org\/{rel}","templated":true}]}}