{"id":25310,"date":"2019-12-12T09:19:06","date_gmt":"2019-12-12T06:19:06","guid":{"rendered":"https:\/\/sakolifetransfer.com\/airport-transfer\/"},"modified":"2024-07-12T16:03:01","modified_gmt":"2024-07-12T13:03:01","slug":"transfer-z-lotniska","status":"publish","type":"page","link":"https:\/\/sakolifetransfer.com\/pl\/transfer-z-lotniska\/","title":{"rendered":"Transfer z lotniska"},"content":{"rendered":"<div class=\"wpb-content-wrapper\"><p>[vc_row][vc_column width=&#8221;1\/3&#8243;][vc_single_image image=&#8221;23927&#8243; img_size=&#8221;full&#8221; css=&#8221;&#8221;][\/vc_column][vc_column width=&#8221;2\/3&#8243;]\r\n            <p class=\"theme-component-paragraph-large theme-component-paragraph-large-style-2 alignleft theme-padding-top-0 theme-padding-bottom-0\">\r\n                Transfer z lotniska\r\n            <\/p>\r\n        [vc_column_text css=&#8221;&#8221; el_class=&#8221;theme-padding-top-30&#8243;]W SakoLifeTransfer sprawiamy, \u017ce podr\u00f3\u017ce s\u0105 \u0142atwiejsze i wygodniejsze dzi\u0119ki naszej us\u0142udze transferu lotniskowego. Transfer lotniskowy zapewnia wygodny i niezawodny transport na pocz\u0105tku lub na ko\u0144cu podr\u00f3\u017cy. Dzi\u0119ki naszym prywatnym pojazdom i do\u015bwiadczonym kierowcom zapewniamy sprawny i wygodny transfer na lotnisko.[\/vc_column_text][\/vc_column][\/vc_row][vc_row el_class=&#8221;theme-margin-top-20&#8243;][vc_column]\r\n            <p class=\"theme-component-paragraph-large theme-component-paragraph-large-style-2 alignleft theme-padding-top-0 theme-padding-bottom-0\">\r\n                Nasze us\u0142ugi\r\n            <\/p>\r\n        [vc_column_text css=&#8221;&#8221; el_class=&#8221;theme-padding-top-30&#8243;]<\/p>\n<ul>\n<li><strong>Prywatne pojazdy<\/strong>: Do naszych transfer\u00f3w u\u017cywamy starannie wyselekcjonowanych pojazd\u00f3w, aby zapewni\u0107 Ci komfort. Dzi\u0119ki przestronnym wn\u0119trzom i nowoczesnym udogodnieniom sprawiamy, \u017ce podr\u00f3\u017c staje si\u0119 przyjemniejsza.<\/li>\n<li><strong>Profesjonalni kierowcy<\/strong>: Nasi do\u015bwiadczeni i przyja\u017ani kierowcy b\u0119d\u0105 wspiera\u0107 Ci\u0119 podczas transferu na lotnisko i zapewni\u0105 Ci bezpieczn\u0105 podr\u00f3\u017c.<\/li>\n<li><strong>Us\u0142uga 24\/7<\/strong>: Nasza us\u0142uga transferu na lotnisko jest dost\u0119pna 24 godziny na dob\u0119, 7 dni w tygodniu. Mo\u017cesz skontaktowa\u0107 si\u0119 z nami w dowolnym momencie i \u0142atwo zorganizowa\u0107 transfer.<\/li>\n<li><strong>Bezpiecze\u0144stwo i komfort<\/strong>: Zadowolenie klienta i bezpiecze\u0144stwo s\u0105 dla nas wa\u017cne. Nasze pojazdy s\u0105 regularnie serwisowane, co zapewnia bezpiecze\u0144stwo podczas podr\u00f3\u017cy.<\/li>\n<\/ul>\n<p>Wybierz SakoLifeTransfer, aby skorzysta\u0107 z wygodnego i bezpiecznego transferu lotniskowego na pocz\u0105tku lub na ko\u0144cu podr\u00f3\u017cy. Skontaktuj si\u0119 z nami ju\u017c dzi\u015b, aby skorzysta\u0107 z naszych us\u0142ug i dokona\u0107 rezerwacji.[\/vc_column_text][\/vc_column][\/vc_row][vc_row el_class=&#8221;theme-column-style-6 theme-padding-bottom-0&#8243;][vc_column el_class=&#8221;theme-margin-bottom-20&#8243;]<div class=\"theme-component-list theme-component-list-style-2\">\n<ul>\n<li>Profesjonalnie wyszkoleni szoferzy<\/li>\n<li>Transport z pe\u0142nym zakresem us\u0142ug 24\/7<\/li>\n<li>Globalna sie\u0107 partner\u00f3w transportowych<\/li>\n<\/ul>\n<\/div>[\/vc_column][\/vc_row][vc_row][vc_column el_class=&#8221;theme-margin-bottom-0&#8243;][vc_custom_heading text=&#8221;Zalety&#8221; font_container=&#8221;tag:h3|text_align:center&#8221; use_theme_fonts=&#8221;yes&#8221; el_class=&#8221;theme-margin-top-60 theme-margin-bottom-50&#8243;][\/vc_column][\/vc_row][vc_row][vc_column el_class=&#8221;theme-margin-bottom-0&#8243;]\n            <div class=\"theme-component-feature theme-component-feature-style-1\">\n                [vc_row_inner][vc_column_inner width=&#8221;1\/3&#8243;]\r\n            <div class=\"theme-component-feature-item\">\r\n                <span class=\"theme-icon-feature-check theme-component-feature-item-icon\"><span><\/span><\/span>\r\n                <h4 class=\"theme-component-feature-item-header\">Bezpiecze\u0144stwo<\/h4><p>Do\u015bwiadczony personel i profesjonalnie przeszkoleni szoferzy.<\/p>\n\r\n            <\/div>\r\n        [\/vc_column_inner][vc_column_inner width=&#8221;1\/3&#8243;]\r\n            <div class=\"theme-component-feature-item\">\r\n                <span class=\"theme-icon-feature-price theme-component-feature-item-icon\"><span><\/span><\/span>\r\n                <h4 class=\"theme-component-feature-item-header\">Przyst\u0119pne ceny<\/h4><p>Mo\u017cemy zaoferowa\u0107 odpowiedni pojazd w odpowiedniej cenie, aby dopasowa\u0107 si\u0119 do Twojego bud\u017cetu.<\/p>\n\r\n            <\/div>\r\n        [\/vc_column_inner][vc_column_inner width=&#8221;1\/3&#8243;]\r\n            <div class=\"theme-component-feature-item\">\r\n                <span class=\"theme-icon-feature-route-1 theme-component-feature-item-icon\"><span><\/span><\/span>\r\n                <h4 class=\"theme-component-feature-item-header\">Du\u017ca flota<\/h4><p>Oferujemy du\u017c\u0105 flot\u0119 pojazd\u00f3w oferuj\u0105cych us\u0142ugi Vip Transfer i Private Bus Transfer.<\/p>\n\r\n            <\/div>\r\n        [\/vc_column_inner][\/vc_row_inner]\n            <\/div>\n        [\/vc_column][\/vc_row]<\/p>\n<\/div>","protected":false},"excerpt":{"rendered":"<p>[vc_row][vc_column width=&#8221;1\/3&#8243;][vc_single_image image=&#8221;23927&#8243; img_size=&#8221;full&#8221; css=&#8221;&#8221;][\/vc_column][vc_column width=&#8221;2\/3&#8243;][vc_column_text css=&#8221;&#8221; el_class=&#8221;theme-padding-top-30&#8243;]W SakoLifeTransfer sprawiamy, \u017ce podr\u00f3\u017ce s\u0105 \u0142atwiejsze i wygodniejsze dzi\u0119ki naszej us\u0142udze transferu lotniskowego. Transfer lotniskowy zapewnia wygodny i niezawodny transport na pocz\u0105tku lub na ko\u0144cu podr\u00f3\u017cy. Dzi\u0119ki naszym prywatnym pojazdom i do\u015bwiadczonym kierowcom zapewniamy sprawny i wygodny transfer na lotnisko.[\/vc_column_text][\/vc_column][\/vc_row][vc_row el_class=&#8221;theme-margin-top-20&#8243;][vc_column][vc_column_text css=&#8221;&#8221; el_class=&#8221;theme-padding-top-30&#8243;] Prywatne pojazdy: Do naszych [&#8230;]<\/p>\n","protected":false},"author":5,"featured_media":0,"parent":0,"menu_order":0,"comment_status":"closed","ping_status":"closed","template":"","meta":{"footnotes":""},"class_list":["post-25310","page","type-page","status-publish","hentry"],"_links":{"self":[{"href":"https:\/\/sakolifetransfer.com\/pl\/wp-json\/wp\/v2\/pages\/25310","targetHints":{"allow":["GET"]}}],"collection":[{"href":"https:\/\/sakolifetransfer.com\/pl\/wp-json\/wp\/v2\/pages"}],"about":[{"href":"https:\/\/sakolifetransfer.com\/pl\/wp-json\/wp\/v2\/types\/page"}],"author":[{"embeddable":true,"href":"https:\/\/sakolifetransfer.com\/pl\/wp-json\/wp\/v2\/users\/5"}],"replies":[{"embeddable":true,"href":"https:\/\/sakolifetransfer.com\/pl\/wp-json\/wp\/v2\/comments?post=25310"}],"version-history":[{"count":9,"href":"https:\/\/sakolifetransfer.com\/pl\/wp-json\/wp\/v2\/pages\/25310\/revisions"}],"predecessor-version":[{"id":26053,"href":"https:\/\/sakolifetransfer.com\/pl\/wp-json\/wp\/v2\/pages\/25310\/revisions\/26053"}],"wp:attachment":[{"href":"https:\/\/sakolifetransfer.com\/pl\/wp-json\/wp\/v2\/media?parent=25310"}],"curies":[{"name":"wp","href":"https:\/\/api.w.org\/{rel}","templated":true}]}}