{"id":25314,"date":"2019-12-12T09:20:18","date_gmt":"2019-12-12T06:20:18","guid":{"rendered":"https:\/\/sakolifetransfer.com\/corporate-travel\/"},"modified":"2024-07-12T16:11:59","modified_gmt":"2024-07-12T13:11:59","slug":"wynajem-samochodow-vip-z-szoferem","status":"publish","type":"page","link":"https:\/\/sakolifetransfer.com\/pl\/wynajem-samochodow-vip-z-szoferem\/","title":{"rendered":"Wynajem samochod\u00f3w VIP z szoferem"},"content":{"rendered":"<div class=\"wpb-content-wrapper\"><p>[vc_row][vc_column width=&#8221;1\/3&#8243;][vc_single_image image=&#8221;23938&#8243; img_size=&#8221;full&#8221; css=&#8221;&#8221;][\/vc_column][vc_column width=&#8221;2\/3&#8243;]\r\n            <p class=\"theme-component-paragraph-large theme-component-paragraph-large-style-2 alignleft theme-padding-top-0 theme-padding-bottom-0\">\r\n                Wynajem samochod\u00f3w VIP z szoferem\r\n            <\/p>\r\n        [vc_column_text css=&#8221;&#8221; el_class=&#8221;theme-padding-top-30&#8243;]SakoLifeTransfer oferuje us\u0142ugi wynajmu samochod\u00f3w VIP z szoferem dla os\u00f3b poszukuj\u0105cych luksusowych i wygodnych wra\u017ce\u0144 z podr\u00f3\u017cy. Nasza us\u0142uga wynajmu samochod\u00f3w VIP obejmuje profesjonalnego kierowc\u0119, kt\u00f3ry zaspokoi wszystkie potrzeby zwi\u0105zane z podr\u00f3\u017c\u0105, zapewniaj\u0105c p\u0142ynn\u0105 i przyjemn\u0105 podr\u00f3\u017c.[\/vc_column_text][\/vc_column][\/vc_row][vc_row el_class=&#8221;theme-margin-top-20&#8243;][vc_column]\r\n            <p class=\"theme-component-paragraph-large theme-component-paragraph-large-style-2 alignleft theme-padding-top-0 theme-padding-bottom-0\">\r\n                Kluczowe cechy naszej us\u0142ugi wynajmu samochod\u00f3w VIP z szoferem:\r\n            <\/p>\r\n        [vc_column_text css=&#8221;&#8221; el_class=&#8221;theme-padding-top-30&#8243;]<\/p>\n<ul>\n<li><strong>Luxurious Vehicles<\/strong>: We provide a fleet of high-end, luxury vehicles for your VIP car rental, ensuring a stylish and comfortable ride.<\/li>\n<li><strong>Professional Chauffeurs<\/strong>: Our chauffeurs are experienced, courteous, and well-trained, ensuring a safe and enjoyable journey.<\/li>\n<li><strong>Customized Itineraries<\/strong>: We offer customized travel itineraries to suit your needs, whether you&#8217;re traveling for business or pleasure.<\/li>\n<li><strong>Privacy and Comfort<\/strong>: Our VIP car rental service offers complete privacy and comfort, allowing you to relax and enjoy your journey.<\/li>\n<li><strong>24\/7 Availability<\/strong>: Our chauffeured VIP car rental service is available 24 hours a day, 7 days a week, so you can travel at any time that suits you.<\/li>\n<\/ul>\n<p>Experience the ultimate in luxury and comfort with our chauffeured VIP car rental service. Contact SakoLifeTransfer today to book your VIP car rental and enjoy a luxurious travel experience.[\/vc_column_text][\/vc_column][\/vc_row][vc_row el_class=&#8221;theme-column-style-6 theme-padding-bottom-0&#8243;][vc_column el_class=&#8221;theme-margin-bottom-20&#8243;]<div class=\"theme-component-list theme-component-list-style-2\">\n<ul>\n<li>Profesjonalnie wyszkoleni szoferzy<\/li>\n<li>Transport z pe\u0142nym zakresem us\u0142ug 24\/7<\/li>\n<li>Globalna sie\u0107 partner\u00f3w transportowych<\/li>\n<\/ul>\n<\/div>[\/vc_column][\/vc_row][vc_row][vc_column el_class=&#8221;theme-margin-bottom-0&#8243;][vc_custom_heading text=&#8221;Zalety&#8221; font_container=&#8221;tag:h3|text_align:center&#8221; use_theme_fonts=&#8221;yes&#8221; el_class=&#8221;theme-margin-top-60 theme-margin-bottom-50&#8243;][\/vc_column][\/vc_row][vc_row][vc_column el_class=&#8221;theme-margin-bottom-0&#8243;]\n            <div class=\"theme-component-feature theme-component-feature-style-1\">\n                [vc_row_inner][vc_column_inner width=&#8221;1\/3&#8243;]\r\n            <div class=\"theme-component-feature-item\">\r\n                <span class=\"theme-icon-feature-check theme-component-feature-item-icon\"><span><\/span><\/span>\r\n                <h4 class=\"theme-component-feature-item-header\">Bezpiecze\u0144stwo<\/h4><p>Do\u015bwiadczony personel i profesjonalnie przeszkoleni szoferzy.<\/p>\n\r\n            <\/div>\r\n        [\/vc_column_inner][vc_column_inner width=&#8221;1\/3&#8243;]\r\n            <div class=\"theme-component-feature-item\">\r\n                <span class=\"theme-icon-feature-price theme-component-feature-item-icon\"><span><\/span><\/span>\r\n                <h4 class=\"theme-component-feature-item-header\">Przyst\u0119pne ceny<\/h4><p>Mo\u017cemy zaoferowa\u0107 odpowiedni pojazd w odpowiedniej cenie, aby dopasowa\u0107 si\u0119 do Twojego bud\u017cetu.<\/p>\n\r\n            <\/div>\r\n        [\/vc_column_inner][vc_column_inner width=&#8221;1\/3&#8243;]\r\n            <div class=\"theme-component-feature-item\">\r\n                <span class=\"theme-icon-feature-route-1 theme-component-feature-item-icon\"><span><\/span><\/span>\r\n                <h4 class=\"theme-component-feature-item-header\">Du\u017ca flota<\/h4><p>Oferujemy du\u017c\u0105 flot\u0119 pojazd\u00f3w oferuj\u0105cych us\u0142ugi Vip Transfer i Private Bus Transfer.<\/p>\n\r\n            <\/div>\r\n        [\/vc_column_inner][\/vc_row_inner]\n            <\/div>\n        [\/vc_column][\/vc_row]<\/p>\n<\/div>","protected":false},"excerpt":{"rendered":"<p>[vc_row][vc_column width=&#8221;1\/3&#8243;][vc_single_image image=&#8221;23938&#8243; img_size=&#8221;full&#8221; css=&#8221;&#8221;][\/vc_column][vc_column width=&#8221;2\/3&#8243;][vc_column_text css=&#8221;&#8221; el_class=&#8221;theme-padding-top-30&#8243;]SakoLifeTransfer oferuje us\u0142ugi wynajmu samochod\u00f3w VIP z szoferem dla os\u00f3b poszukuj\u0105cych luksusowych i wygodnych wra\u017ce\u0144 z podr\u00f3\u017cy. Nasza us\u0142uga wynajmu samochod\u00f3w VIP obejmuje profesjonalnego kierowc\u0119, kt\u00f3ry zaspokoi wszystkie potrzeby zwi\u0105zane z podr\u00f3\u017c\u0105, zapewniaj\u0105c p\u0142ynn\u0105 i przyjemn\u0105 podr\u00f3\u017c.[\/vc_column_text][\/vc_column][\/vc_row][vc_row el_class=&#8221;theme-margin-top-20&#8243;][vc_column][vc_column_text css=&#8221;&#8221; el_class=&#8221;theme-padding-top-30&#8243;] Luxurious Vehicles: We provide a fleet of high-end, [&#8230;]<\/p>\n","protected":false},"author":5,"featured_media":0,"parent":0,"menu_order":0,"comment_status":"closed","ping_status":"closed","template":"","meta":{"footnotes":""},"class_list":["post-25314","page","type-page","status-publish","hentry"],"_links":{"self":[{"href":"https:\/\/sakolifetransfer.com\/pl\/wp-json\/wp\/v2\/pages\/25314","targetHints":{"allow":["GET"]}}],"collection":[{"href":"https:\/\/sakolifetransfer.com\/pl\/wp-json\/wp\/v2\/pages"}],"about":[{"href":"https:\/\/sakolifetransfer.com\/pl\/wp-json\/wp\/v2\/types\/page"}],"author":[{"embeddable":true,"href":"https:\/\/sakolifetransfer.com\/pl\/wp-json\/wp\/v2\/users\/5"}],"replies":[{"embeddable":true,"href":"https:\/\/sakolifetransfer.com\/pl\/wp-json\/wp\/v2\/comments?post=25314"}],"version-history":[{"count":13,"href":"https:\/\/sakolifetransfer.com\/pl\/wp-json\/wp\/v2\/pages\/25314\/revisions"}],"predecessor-version":[{"id":26065,"href":"https:\/\/sakolifetransfer.com\/pl\/wp-json\/wp\/v2\/pages\/25314\/revisions\/26065"}],"wp:attachment":[{"href":"https:\/\/sakolifetransfer.com\/pl\/wp-json\/wp\/v2\/media?parent=25314"}],"curies":[{"name":"wp","href":"https:\/\/api.w.org\/{rel}","templated":true}]}}