{"id":25318,"date":"2019-12-12T09:20:43","date_gmt":"2019-12-12T06:20:43","guid":{"rendered":"https:\/\/sakolifetransfer.com\/charter-service\/"},"modified":"2024-07-12T16:14:47","modified_gmt":"2024-07-12T13:14:47","slug":"korporacyjne-uslugi-transferowe","status":"publish","type":"page","link":"https:\/\/sakolifetransfer.com\/pl\/korporacyjne-uslugi-transferowe\/","title":{"rendered":"Korporacyjne us\u0142ugi transferowe"},"content":{"rendered":"<div class=\"wpb-content-wrapper\"><p>[vc_row][vc_column width=&#8221;1\/3&#8243;][vc_single_image image=&#8221;23941&#8243; img_size=&#8221;full&#8221; css=&#8221;&#8221;][\/vc_column][vc_column width=&#8221;2\/3&#8243;]\r\n            <p class=\"theme-component-paragraph-large theme-component-paragraph-large-style-2 alignleft theme-padding-top-0 theme-padding-bottom-0\">\r\n                Korporacyjne us\u0142ugi transferowe\r\n            <\/p>\r\n        [vc_column_text css=&#8221;&#8221; el_class=&#8221;theme-padding-top-30&#8243;]SakoLifeTransfer zapewnia profesjonalne i niezawodne us\u0142ugi transferu korporacyjnego dla firm i organizacji. Niezale\u017cnie od tego, czy potrzebujesz transportu na imprezy firmowe, spotkania, czy transfery lotniskowe dla kadry kierowniczej, nasze us\u0142ugi transferu korporacyjnego s\u0105 dostosowane do Twoich potrzeb.[\/vc_column_text][\/vc_column][\/vc_row][vc_row el_class=&#8221;theme-margin-top-20&#8243;][vc_column]\r\n            <p class=\"theme-component-paragraph-large theme-component-paragraph-large-style-2 alignleft theme-padding-top-0 theme-padding-bottom-0\">\r\n                Kluczowe cechy naszych us\u0142ug transferu korporacyjnego:\r\n            <\/p>\r\n        [vc_column_text css=&#8221;&#8221; el_class=&#8221;theme-padding-top-30&#8243;]<\/p>\n<ul>\n<li><strong>Profesjonalizm<\/strong>: Nasi kierowcy s\u0105 do\u015bwiadczeni i przeszkoleni, aby zapewni\u0107 najwy\u017cszy poziom profesjonalizmu i obs\u0142ugi naszych klient\u00f3w korporacyjnych.<\/li>\n<li><strong>Punktualno\u015b\u0107<\/strong>: Rozumiemy, jak wa\u017cna jest punktualno\u015b\u0107 podczas imprez firmowych i spotka\u0144, dlatego zapewniamy, \u017ce nasze transfery s\u0105 zawsze punktualne.<\/li>\n<li><strong>Komfort<\/strong>: Nasza flota pojazd\u00f3w jest dobrze utrzymana i zaprojektowana z my\u015bl\u0105 o komforcie, zapewniaj\u0105c przyjemn\u0105 i relaksuj\u0105c\u0105 podr\u00f3\u017c dla kadry kierowniczej.<\/li>\n<li><strong>Prywatno\u015b\u0107<\/strong>: Szanujemy prywatno\u015b\u0107 naszych klient\u00f3w korporacyjnych i zapewniamy, \u017ce wszystkie transfery s\u0105 przeprowadzane w spos\u00f3b dyskretny i poufny.<\/li>\n<li><strong>Us\u0142ugi dostosowane<\/strong> do potrzeb klienta: Oferujemy niestandardowe us\u0142ugi transferu, aby spe\u0142ni\u0107 specyficzne potrzeby Twojej organizacji, niezale\u017cnie od tego, czy potrzebujesz transportu dla ma\u0142ej grupy, czy du\u017cej imprezy firmowej.<\/li>\n<\/ul>\n<p>Przekonaj si\u0119 o niezawodno\u015bci i profesjonalizmie naszych us\u0142ug transferu korporacyjnego. Skontaktuj si\u0119 z SakoLifeTransfer ju\u017c dzi\u015b, aby zarezerwowa\u0107 transfer korporacyjny i zapewni\u0107 p\u0142ynny i bezproblemowy transport dla swojej organizacji.[\/vc_column_text][\/vc_column][\/vc_row][vc_row el_class=&#8221;theme-column-style-6 theme-padding-bottom-0&#8243;][vc_column el_class=&#8221;theme-margin-bottom-20&#8243;]<div class=\"theme-component-list theme-component-list-style-2\">\n<ul>\n<li>Profesjonalnie wyszkoleni szoferzy<\/li>\n<li>Transport z pe\u0142nym zakresem us\u0142ug 24\/7<\/li>\n<li>Globalna sie\u0107 partner\u00f3w transportowych<\/li>\n<\/ul>\n<\/div>[\/vc_column][\/vc_row][vc_row][vc_column el_class=&#8221;theme-margin-bottom-0&#8243;][vc_custom_heading text=&#8221;Zalety&#8221; font_container=&#8221;tag:h3|text_align:center&#8221; use_theme_fonts=&#8221;yes&#8221; el_class=&#8221;theme-margin-top-60 theme-margin-bottom-50&#8243;][\/vc_column][\/vc_row][vc_row][vc_column el_class=&#8221;theme-margin-bottom-0&#8243;]\n            <div class=\"theme-component-feature theme-component-feature-style-1\">\n                [vc_row_inner][vc_column_inner width=&#8221;1\/3&#8243;]\r\n            <div class=\"theme-component-feature-item\">\r\n                <span class=\"theme-icon-feature-check theme-component-feature-item-icon\"><span><\/span><\/span>\r\n                <h4 class=\"theme-component-feature-item-header\">Bezpiecze\u0144stwo<\/h4><p>Do\u015bwiadczony personel i profesjonalnie przeszkoleni szoferzy.<\/p>\n\r\n            <\/div>\r\n        [\/vc_column_inner][vc_column_inner width=&#8221;1\/3&#8243;]\r\n            <div class=\"theme-component-feature-item\">\r\n                <span class=\"theme-icon-feature-price theme-component-feature-item-icon\"><span><\/span><\/span>\r\n                <h4 class=\"theme-component-feature-item-header\">Przyst\u0119pne ceny<\/h4><p>Mo\u017cemy zaoferowa\u0107 odpowiedni pojazd w odpowiedniej cenie, aby dopasowa\u0107 si\u0119 do Twojego bud\u017cetu.<\/p>\n\r\n            <\/div>\r\n        [\/vc_column_inner][vc_column_inner width=&#8221;1\/3&#8243;]\r\n            <div class=\"theme-component-feature-item\">\r\n                <span class=\"theme-icon-feature-route-1 theme-component-feature-item-icon\"><span><\/span><\/span>\r\n                <h4 class=\"theme-component-feature-item-header\">Du\u017ca flota<\/h4><p>Oferujemy du\u017c\u0105 flot\u0119 pojazd\u00f3w oferuj\u0105cych us\u0142ugi Vip Transfer i Private Bus Transfer.<\/p>\n\r\n            <\/div>\r\n        [\/vc_column_inner][\/vc_row_inner]\n            <\/div>\n        [\/vc_column][\/vc_row]<\/p>\n<\/div>","protected":false},"excerpt":{"rendered":"<p>[vc_row][vc_column width=&#8221;1\/3&#8243;][vc_single_image image=&#8221;23941&#8243; img_size=&#8221;full&#8221; css=&#8221;&#8221;][\/vc_column][vc_column width=&#8221;2\/3&#8243;][vc_column_text css=&#8221;&#8221; el_class=&#8221;theme-padding-top-30&#8243;]SakoLifeTransfer zapewnia profesjonalne i niezawodne us\u0142ugi transferu korporacyjnego dla firm i organizacji. Niezale\u017cnie od tego, czy potrzebujesz transportu na imprezy firmowe, spotkania, czy transfery lotniskowe dla kadry kierowniczej, nasze us\u0142ugi transferu korporacyjnego s\u0105 dostosowane do Twoich potrzeb.[\/vc_column_text][\/vc_column][\/vc_row][vc_row el_class=&#8221;theme-margin-top-20&#8243;][vc_column][vc_column_text css=&#8221;&#8221; el_class=&#8221;theme-padding-top-30&#8243;] Profesjonalizm: Nasi kierowcy s\u0105 do\u015bwiadczeni i przeszkoleni, aby [&#8230;]<\/p>\n","protected":false},"author":5,"featured_media":0,"parent":0,"menu_order":0,"comment_status":"closed","ping_status":"closed","template":"","meta":{"footnotes":""},"class_list":["post-25318","page","type-page","status-publish","hentry"],"_links":{"self":[{"href":"https:\/\/sakolifetransfer.com\/pl\/wp-json\/wp\/v2\/pages\/25318","targetHints":{"allow":["GET"]}}],"collection":[{"href":"https:\/\/sakolifetransfer.com\/pl\/wp-json\/wp\/v2\/pages"}],"about":[{"href":"https:\/\/sakolifetransfer.com\/pl\/wp-json\/wp\/v2\/types\/page"}],"author":[{"embeddable":true,"href":"https:\/\/sakolifetransfer.com\/pl\/wp-json\/wp\/v2\/users\/5"}],"replies":[{"embeddable":true,"href":"https:\/\/sakolifetransfer.com\/pl\/wp-json\/wp\/v2\/comments?post=25318"}],"version-history":[{"count":9,"href":"https:\/\/sakolifetransfer.com\/pl\/wp-json\/wp\/v2\/pages\/25318\/revisions"}],"predecessor-version":[{"id":26063,"href":"https:\/\/sakolifetransfer.com\/pl\/wp-json\/wp\/v2\/pages\/25318\/revisions\/26063"}],"wp:attachment":[{"href":"https:\/\/sakolifetransfer.com\/pl\/wp-json\/wp\/v2\/media?parent=25318"}],"curies":[{"name":"wp","href":"https:\/\/api.w.org\/{rel}","templated":true}]}}