{"id":25370,"date":"2024-07-03T11:27:52","date_gmt":"2024-07-03T08:27:52","guid":{"rendered":"https:\/\/sakolifetransfer.com\/return-conditions\/"},"modified":"2024-07-12T15:50:59","modified_gmt":"2024-07-12T12:50:59","slug":"warunki-zwrotu","status":"publish","type":"page","link":"https:\/\/sakolifetransfer.com\/pl\/warunki-zwrotu\/","title":{"rendered":"Warunki zwrotu"},"content":{"rendered":"<div class=\"wpb-content-wrapper\"><p>[vc_row][vc_column width=&#8221;2\/3&#8243;][vc_custom_heading text=&#8221;Warunki zwrotu&#8221; font_container=&#8221;tag:h3|text_align:left&#8221; use_theme_fonts=&#8221;yes&#8221; css=&#8221;&#8221;][vc_column_text css=&#8221;&#8221;]W SakoLifeTransfer chcemy zapewni\u0107 satysfakcj\u0119 z naszych wycieczek. Je\u015bli chcesz anulowa\u0107 lub zmodyfikowa\u0107 rezerwacj\u0119, zapoznaj si\u0119 z poni\u017cszymi zasadami:[\/vc_column_text][\/vc_column][vc_column width=&#8221;1\/3&#8243;][vc_single_image image=&#8221;23923&#8243; img_size=&#8221;full&#8221; css=&#8221;&#8221; el_class=&#8221;theme-image-style-1&#8243;][\/vc_column][\/vc_row][vc_row][vc_column width=&#8221;1\/2&#8243;][vc_custom_heading text=&#8221;1.Zasady anulowania rezerwacji:&#8221; font_container=&#8221;tag:h3|text_align:left&#8221; use_theme_fonts=&#8221;yes&#8221; css=&#8221;&#8221;][vc_column_text css=&#8221;&#8221;]<\/p>\n<ul>\n<li style=\"list-style-type: none;\">\n<ul>\n<li>Pe\u0142ne zwroty koszt\u00f3w zostan\u0105 przyznane w przypadku anulowania rezerwacji na co najmniej 14 dni przed dat\u0105 wycieczki.<\/li>\n<li>Anulacje dokonane w ci\u0105gu 14 dni od daty wycieczki podlegaj\u0105 50% op\u0142acie za anulowanie.<\/li>\n<li>W przypadku anulowania rezerwacji w dniu wycieczki nie przys\u0142uguje zwrot koszt\u00f3w.<\/li>\n<\/ul>\n<\/li>\n<\/ul>\n<p>[\/vc_column_text][\/vc_column][vc_column width=&#8221;1\/2&#8243;][vc_custom_heading text=&#8221;2.Polityka modyfikacji:&#8221; font_container=&#8221;tag:h3|text_align:left&#8221; use_theme_fonts=&#8221;yes&#8221; css=&#8221;&#8221;][vc_column_text css=&#8221;&#8221;]<\/p>\n<ul>\n<li style=\"list-style-type: none;\">\n<ul>\n<li>Modyfikacji rezerwacji mo\u017cna dokona\u0107 do 14 dni przed dat\u0105 wycieczki, w zale\u017cno\u015bci od dost\u0119pno\u015bci.<\/li>\n<li>Modyfikacje dokonane w ci\u0105gu 14 dni od daty wycieczki mog\u0105 podlega\u0107 op\u0142acie.<\/li>\n<\/ul>\n<\/li>\n<\/ul>\n<p>[\/vc_column_text][\/vc_column][\/vc_row][vc_row][vc_column][vc_custom_heading text=&#8221;Proces zwrotu koszt\u00f3w&#8221; font_container=&#8221;tag:h3|text_align:left&#8221; use_theme_fonts=&#8221;yes&#8221; css=&#8221;&#8221;][vc_column_text css=&#8221;&#8221;]Zwroty koszt\u00f3w w przypadku anulowania rezerwacji b\u0119d\u0105 przetwarzane przy u\u017cyciu tej samej metody p\u0142atno\u015bci, kt\u00f3ra zosta\u0142a u\u017cyta do dokonania pierwotnej rezerwacji. Zwrot \u015brodk\u00f3w zostanie uwzgl\u0119dniony na koncie w ci\u0105gu 7-14 dni roboczych.[\/vc_column_text][\/vc_column][\/vc_row]<\/p>\n<\/div>","protected":false},"excerpt":{"rendered":"<p>[vc_row][vc_column width=&#8221;2\/3&#8243;][vc_custom_heading text=&#8221;Warunki zwrotu&#8221; font_container=&#8221;tag:h3|text_align:left&#8221; use_theme_fonts=&#8221;yes&#8221; css=&#8221;&#8221;][vc_column_text css=&#8221;&#8221;]W SakoLifeTransfer chcemy zapewni\u0107 satysfakcj\u0119 z naszych wycieczek. Je\u015bli chcesz anulowa\u0107 lub zmodyfikowa\u0107 rezerwacj\u0119, zapoznaj si\u0119 z poni\u017cszymi zasadami:[\/vc_column_text][\/vc_column][vc_column width=&#8221;1\/3&#8243;][vc_single_image image=&#8221;23923&#8243; img_size=&#8221;full&#8221; css=&#8221;&#8221; el_class=&#8221;theme-image-style-1&#8243;][\/vc_column][\/vc_row][vc_row][vc_column width=&#8221;1\/2&#8243;][vc_custom_heading text=&#8221;1.Zasady anulowania rezerwacji:&#8221; font_container=&#8221;tag:h3|text_align:left&#8221; use_theme_fonts=&#8221;yes&#8221; css=&#8221;&#8221;][vc_column_text css=&#8221;&#8221;] Pe\u0142ne zwroty koszt\u00f3w zostan\u0105 przyznane w przypadku anulowania rezerwacji na co najmniej 14 dni przed dat\u0105 [&#8230;]<\/p>\n","protected":false},"author":5,"featured_media":0,"parent":0,"menu_order":0,"comment_status":"closed","ping_status":"closed","template":"","meta":{"footnotes":""},"class_list":["post-25370","page","type-page","status-publish","hentry"],"_links":{"self":[{"href":"https:\/\/sakolifetransfer.com\/pl\/wp-json\/wp\/v2\/pages\/25370","targetHints":{"allow":["GET"]}}],"collection":[{"href":"https:\/\/sakolifetransfer.com\/pl\/wp-json\/wp\/v2\/pages"}],"about":[{"href":"https:\/\/sakolifetransfer.com\/pl\/wp-json\/wp\/v2\/types\/page"}],"author":[{"embeddable":true,"href":"https:\/\/sakolifetransfer.com\/pl\/wp-json\/wp\/v2\/users\/5"}],"replies":[{"embeddable":true,"href":"https:\/\/sakolifetransfer.com\/pl\/wp-json\/wp\/v2\/comments?post=25370"}],"version-history":[{"count":3,"href":"https:\/\/sakolifetransfer.com\/pl\/wp-json\/wp\/v2\/pages\/25370\/revisions"}],"predecessor-version":[{"id":25508,"href":"https:\/\/sakolifetransfer.com\/pl\/wp-json\/wp\/v2\/pages\/25370\/revisions\/25508"}],"wp:attachment":[{"href":"https:\/\/sakolifetransfer.com\/pl\/wp-json\/wp\/v2\/media?parent=25370"}],"curies":[{"name":"wp","href":"https:\/\/api.w.org\/{rel}","templated":true}]}}