{"id":25374,"date":"2024-07-03T11:28:05","date_gmt":"2024-07-03T08:28:05","guid":{"rendered":"https:\/\/sakolifetransfer.com\/privacy-policies\/"},"modified":"2024-07-12T15:50:40","modified_gmt":"2024-07-12T12:50:40","slug":"polityka-prywatnosci","status":"publish","type":"page","link":"https:\/\/sakolifetransfer.com\/pl\/polityka-prywatnosci\/","title":{"rendered":"Polityka prywatno\u015bci"},"content":{"rendered":"<div class=\"wpb-content-wrapper\"><p>[vc_row][vc_column width=&#8221;1\/2&#8243;][vc_custom_heading text=&#8221;Informacje o SakoLife Transfer&#8221; font_container=&#8221;tag:h3|text_align:left&#8221; use_theme_fonts=&#8221;yes&#8221; css=&#8221;&#8221;][vc_column_text css=&#8221;&#8221;]W SakoLifeTransfer dok\u0142adamy wszelkich stara\u0144, aby chroni\u0107 prywatno\u015b\u0107 u\u017cytkownik\u00f3w. Gdy u\u017cytkownik odwiedza nasz\u0105 witryn\u0119 internetow\u0105 lub kontaktuje si\u0119 z nami za po\u015brednictwem komunikacji ustnej, pisemnej lub elektronicznej, mo\u017cemy gromadzi\u0107, przetwarza\u0107, przechowywa\u0107 i chroni\u0107 jego dane osobowe zgodnie z ustaw\u0105 o ochronie danych osobowych nr 6698 (&#8222;KVKK&#8221;). Jako instytucja, kt\u00f3ra podejmuje wszelkie \u015brodki ostro\u017cno\u015bci w celu ochrony danych i dzia\u0142a z najwy\u017csz\u0105 wra\u017cliwo\u015bci\u0105, chcieliby\u015bmy poinformowa\u0107 Ci\u0119 o tym, w jaki spos\u00f3b i do jakich cel\u00f3w przetwarzamy Twoje dane osobowe zgodnie z KVKK i powi\u0105zanymi przepisami oraz jakie \u015brodki podejmujemy w celu ochrony Twoich danych osobowych.[\/vc_column_text][\/vc_column][vc_column width=&#8221;1\/2&#8243;][vc_single_image image=&#8221;23921&#8243; img_size=&#8221;full&#8221; css=&#8221;&#8221; el_class=&#8221;theme-image-style-1&#8243;][\/vc_column][\/vc_row][vc_row][vc_column][vc_custom_heading text=&#8221;Przetwarzanie i cele danych osobowych&#8221; font_container=&#8221;tag:h3|text_align:left&#8221; use_theme_fonts=&#8221;yes&#8221; css=&#8221;&#8221;][vc_column_text css=&#8221;&#8221;]<\/p>\n<h5>W SakoLifeTransfer przetwarzamy dane osobowe wy\u0142\u0105cznie za wyra\u017an\u0105 zgod\u0105 u\u017cytkownika lub na nast\u0119puj\u0105cych zgodnych z prawem warunkach:<\/h5>\n<p>[\/vc_column_text][vc_column_text css=&#8221;&#8221;]<\/p>\n<ul>\n<li>Gdy jest to wyra\u017anie przewidziane przez prawo.<\/li>\n<li>Gdy jest to obowi\u0105zkowe dla ochrony \u017cycia lub integralno\u015bci fizycznej osoby, kt\u00f3ra nie jest w stanie wyrazi\u0107 zgody z powodu faktycznej niemo\u017cno\u015bci lub kt\u00f3rej zgoda nie jest prawnie uznawana.<\/li>\n<li>Gdy jest to konieczne do wykonania lub zawarcia umowy.<\/li>\n<li>Gdy jest to obowi\u0105zkowe dla administratora w celu wype\u0142nienia obowi\u0105zku prawnego.<\/li>\n<li>Gdy dane zosta\u0142y upublicznione przez osob\u0119, kt\u00f3rej dane dotycz\u0105.<\/li>\n<li>Gdy jest to obowi\u0105zkowe dla ustanowienia, wykonywania lub ochrony prawa.<\/li>\n<li>Gdy jest to obowi\u0105zkowe ze wzgl\u0119du na uzasadnione interesy administratora, pod warunkiem, \u017ce nie narusza to podstawowych praw i wolno\u015bci osoby, kt\u00f3rej dane dotycz\u0105.<\/li>\n<\/ul>\n<p>[\/vc_column_text][\/vc_column][\/vc_row][vc_row][vc_column][vc_custom_heading text=&#8221;Metody i powody prawne gromadzenia danych osobowych&#8221; font_container=&#8221;tag:h3|text_align:left&#8221; use_theme_fonts=&#8221;yes&#8221; css=&#8221;&#8221;][vc_column_text css=&#8221;&#8221;]Dane osobowe u\u017cytkownika s\u0105 gromadzone i przetwarzane z r\u00f3\u017cnych przyczyn prawnych i przy u\u017cyciu r\u00f3\u017cnych metod, na przyk\u0142ad podczas odwiedzania naszej witryny internetowej lub nawi\u0105zywania z nami kontaktu za po\u015brednictwem komunikacji ustnej, pisemnej lub elektronicznej. Dane osobowe zebrane za pomoc\u0105 tych metod i przyczyn prawnych s\u0105 przetwarzane w celach okre\u015blonych w niniejszej Polityce prywatno\u015bci, zgodnie z warunkami okre\u015blonymi w art. 5 i 6 KVKK oraz w celu pe\u0142nego i dok\u0142adnego wype\u0142nienia zobowi\u0105za\u0144 prawnych SakoLifeTransfer wynikaj\u0105cych z przepis\u00f3w i um\u00f3w.[\/vc_column_text][\/vc_column][\/vc_row][vc_row][vc_column][vc_custom_heading text=&#8221;Ochrona danych osobowych&#8221; font_container=&#8221;tag:h3|text_align:left&#8221; use_theme_fonts=&#8221;yes&#8221; css=&#8221;&#8221;][vc_column_text css=&#8221;&#8221;]W SakoLifeTransfer podejmujemy wszelkie niezb\u0119dne \u015brodki techniczne i administracyjne w celu ochrony gromadzonych i przetwarzanych danych osobowych przed nieuprawnionym dost\u0119pem oraz w celu zapobiegania potencjalnym szkodom dla zaanga\u017cowanych stron. Zapewniamy, \u017ce oprogramowanie, z kt\u00f3rego korzystamy w naszej dzia\u0142alno\u015bci, spe\u0142nia niezb\u0119dne standardy technologiczne i bezpiecze\u0144stwa, \u017ce strony trzecie, z kt\u00f3rymi wsp\u00f3\u0142pracujemy, s\u0105 starannie wybierane, \u017ce nasi pracownicy s\u0105 przeszkoleni w tym zakresie oraz \u017ce nasza polityka ochrony danych jest przestrzegana w firmie.[\/vc_column_text][\/vc_column][\/vc_row][vc_row][vc_column][vc_custom_heading text=&#8221;Prawa osoby, kt\u00f3rej dane dotycz\u0105&#8221; font_container=&#8221;tag:h3|text_align:left&#8221; use_theme_fonts=&#8221;yes&#8221; css=&#8221;&#8221;][vc_column_text css=&#8221;&#8221;]Zgodnie z art. 11 KVKK ka\u017cda osoba fizyczna, kt\u00f3rej dane osobowe s\u0105 przetwarzane, ma okre\u015blone prawa. Prawa te obejmuj\u0105 prawo do dowiedzenia si\u0119, czy ich dane osobowe s\u0105 przetwarzane, do za\u017c\u0105dania informacji, czy ich dane osobowe zosta\u0142y przetworzone, do poznania celu przetwarzania danych osobowych i tego, czy s\u0105 one wykorzystywane zgodnie z ich celem, do poznania os\u00f3b trzecich, kt\u00f3rym dane osobowe s\u0105 przekazywane w kraju lub za granic\u0105, do \u017c\u0105dania sprostowania niekompletnych lub niedok\u0142adnych danych, \u017c\u0105dania usuni\u0119cia lub zniszczenia danych osobowych na warunkach okre\u015blonych w art. 7 KVKK, \u017c\u0105dania powiadomienia stron trzecich, kt\u00f3rym dane osobowe zosta\u0142y przekazane, o sprostowaniu lub usuni\u0119ciu danych osobowych, sprzeciwu wobec przetwarzania danych osobowych wy\u0142\u0105cznie za po\u015brednictwem zautomatyzowanych system\u00f3w, kt\u00f3re przynosz\u0105 niekorzystne skutki dla osoby, kt\u00f3rej dane dotycz\u0105, oraz \u017c\u0105dania odszkodowania za szkody wynikaj\u0105ce z niezgodnego z prawem przetwarzania danych osobowych.[\/vc_column_text][\/vc_column][\/vc_row]<\/p>\n<\/div>","protected":false},"excerpt":{"rendered":"<p>[vc_row][vc_column width=&#8221;1\/2&#8243;][vc_custom_heading text=&#8221;Informacje o SakoLife Transfer&#8221; font_container=&#8221;tag:h3|text_align:left&#8221; use_theme_fonts=&#8221;yes&#8221; css=&#8221;&#8221;][vc_column_text css=&#8221;&#8221;]W SakoLifeTransfer dok\u0142adamy wszelkich stara\u0144, aby chroni\u0107 prywatno\u015b\u0107 u\u017cytkownik\u00f3w. Gdy u\u017cytkownik odwiedza nasz\u0105 witryn\u0119 internetow\u0105 lub kontaktuje si\u0119 z nami za po\u015brednictwem komunikacji ustnej, pisemnej lub elektronicznej, mo\u017cemy gromadzi\u0107, przetwarza\u0107, przechowywa\u0107 i chroni\u0107 jego dane osobowe zgodnie z ustaw\u0105 o ochronie danych osobowych nr 6698 (&#8222;KVKK&#8221;). [&#8230;]<\/p>\n","protected":false},"author":5,"featured_media":0,"parent":0,"menu_order":0,"comment_status":"closed","ping_status":"closed","template":"","meta":{"footnotes":""},"class_list":["post-25374","page","type-page","status-publish","hentry"],"_links":{"self":[{"href":"https:\/\/sakolifetransfer.com\/pl\/wp-json\/wp\/v2\/pages\/25374","targetHints":{"allow":["GET"]}}],"collection":[{"href":"https:\/\/sakolifetransfer.com\/pl\/wp-json\/wp\/v2\/pages"}],"about":[{"href":"https:\/\/sakolifetransfer.com\/pl\/wp-json\/wp\/v2\/types\/page"}],"author":[{"embeddable":true,"href":"https:\/\/sakolifetransfer.com\/pl\/wp-json\/wp\/v2\/users\/5"}],"replies":[{"embeddable":true,"href":"https:\/\/sakolifetransfer.com\/pl\/wp-json\/wp\/v2\/comments?post=25374"}],"version-history":[{"count":3,"href":"https:\/\/sakolifetransfer.com\/pl\/wp-json\/wp\/v2\/pages\/25374\/revisions"}],"predecessor-version":[{"id":25503,"href":"https:\/\/sakolifetransfer.com\/pl\/wp-json\/wp\/v2\/pages\/25374\/revisions\/25503"}],"wp:attachment":[{"href":"https:\/\/sakolifetransfer.com\/pl\/wp-json\/wp\/v2\/media?parent=25374"}],"curies":[{"name":"wp","href":"https:\/\/api.w.org\/{rel}","templated":true}]}}