{"id":25081,"date":"2019-04-05T09:23:56","date_gmt":"2019-04-05T06:23:56","guid":{"rendered":"https:\/\/sakolifetransfer.com\/about-us-i\/"},"modified":"2024-07-11T13:26:29","modified_gmt":"2024-07-11T10:26:29","slug":"hakkimizda","status":"publish","type":"page","link":"https:\/\/sakolifetransfer.com\/tr\/hakkimizda\/","title":{"rendered":"Hakk\u0131m\u0131zda"},"content":{"rendered":"<div class=\"wpb-content-wrapper\"><p>[vc_row][vc_column width=&#8221;1\/2&#8243;][vc_custom_heading text=&#8221;Hakk\u0131m\u0131zda&#8221; font_container=&#8221;tag:h3|text_align:left&#8221; use_theme_fonts=&#8221;yes&#8221; css=&#8221;&#8221;][vc_column_text css=&#8221;&#8221;]<strong>SakoLifeTransfer<\/strong> olarak, kendimizi konforlu ve g\u00fcvenilir transfer hizmetleri sunmaya adad\u0131k. \u0130ster havaliman\u0131ndan otelinize, ister otelden havaliman\u0131na veya \u015fehir i\u00e7inde ula\u015f\u0131ma ihtiyac\u0131n\u0131z olsun, size yard\u0131mc\u0131 olmak i\u00e7in buraday\u0131z. Amac\u0131m\u0131z, m\u00fc\u015fteri memnuniyetini \u00f6n planda tutarak yolculuklar\u0131n\u0131z\u0131 stressiz ve keyifli hale getirmektir.[\/vc_column_text]<div class=\"theme-component-list theme-component-list-style-2 theme-margin-top-40\">\n<ul>\n<li>Profesyonel E\u011fitimli \u015eof\u00f6rler<\/li>\n<li>7\/24 Tam Hizmet Ta\u015f\u0131mac\u0131l\u0131\u011f\u0131<\/li>\n<li>K\u00fcresel Ta\u015f\u0131mac\u0131l\u0131k Ortaklar\u0131<\/li>\n<\/ul>\n<\/div>[\/vc_column][vc_column width=&#8221;1\/2&#8243;][vc_single_image image=&#8221;23916&#8243; img_size=&#8221;full&#8221; css=&#8221;&#8221; el_class=&#8221;theme-image-style-1&#8243;][\/vc_column][\/vc_row][vc_row][vc_column width=&#8221;1\/2&#8243;][vc_single_image image=&#8221;23914&#8243; img_size=&#8221;full&#8221; css=&#8221;&#8221; el_class=&#8221;theme-image-style-1&#8243;][\/vc_column][vc_column width=&#8221;1\/2&#8243;][vc_custom_heading text=&#8221;Misyonumuz&#8221; font_container=&#8221;tag:h3|text_align:left&#8221; use_theme_fonts=&#8221;yes&#8221; css=&#8221;&#8221;][vc_column_text css=&#8221;&#8221;]Misyonumuz, en g\u00fcvenilir ve konforlu transfer hizmetlerini sunarak m\u00fc\u015fterilerimizin yolculuklar\u0131n\u0131 kolayla\u015ft\u0131rmak ve geli\u015ftirmektir. M\u00fc\u015fterilerimizin her birinin benzersiz ve \u00f6nemli oldu\u011funun fark\u0131nday\u0131z ve buna g\u00f6re ki\u015fiselle\u015ftirilmi\u015f hizmetler sunmaya \u00e7al\u0131\u015f\u0131yoruz.[\/vc_column_text][\/vc_column][\/vc_row][vc_row][vc_column width=&#8221;1\/2&#8243;][vc_custom_heading text=&#8221;De\u011ferlerimiz&#8221; font_container=&#8221;tag:h3|text_align:left&#8221; use_theme_fonts=&#8221;yes&#8221; css=&#8221;&#8221;][vc_column_text css=&#8221;&#8221;]<\/p>\n<ul>\n<li><strong>G\u00fcvenilirlik<\/strong>: M\u00fc\u015fterilerimize verdi\u011fimiz s\u00f6zleri tutuyor, zaman\u0131nda ve g\u00fcvenli hizmetler sunuyoruz.<\/li>\n<li><strong>M\u00fc\u015fteri Memnuniyeti<\/strong>: M\u00fc\u015fteri odakl\u0131 bir yakla\u015f\u0131mla \u00e7al\u0131\u015f\u0131yor, onlar\u0131n ihtiya\u00e7 ve beklentilerine en iyi \u015fekilde cevap veriyoruz.<\/li>\n<li><strong>Profesyonellik<\/strong>: E\u011fitimli ve deneyimli ekibimizle en y\u00fcksek kalitede hizmet sunuyoruz.<\/li>\n<li><strong>Esneklik<\/strong>: M\u00fc\u015fterilerimizin ihtiya\u00e7lar\u0131na g\u00f6re uyarlanm\u0131\u015f esnek \u00e7\u00f6z\u00fcmler sunuyoruz.<\/li>\n<\/ul>\n<p>[\/vc_column_text][\/vc_column][vc_column width=&#8221;1\/2&#8243;][vc_single_image image=&#8221;23917&#8243; img_size=&#8221;full&#8221; css=&#8221;&#8221; el_class=&#8221;theme-image-style-1&#8243;][\/vc_column][\/vc_row][vc_row][vc_column width=&#8221;1\/2&#8243;][vc_single_image image=&#8221;23796&#8243; img_size=&#8221;full&#8221; css=&#8221;&#8221; el_class=&#8221;theme-image-style-1&#8243;][\/vc_column][vc_column width=&#8221;1\/2&#8243;][vc_custom_heading text=&#8221;Neden SakoLifeTransfer&#8217;i Se\u00e7melisiniz?&#8221; font_container=&#8221;tag:h3|text_align:left&#8221; use_theme_fonts=&#8221;yes&#8221; css=&#8221;&#8221;][vc_column_text css=&#8221;&#8221;]<\/p>\n<ul>\n<li><strong>7\/24 Hizmet<\/strong>: M\u00fc\u015fteri destek ekibimiz g\u00fcn\u00fcn her saati hizmetinizdedir ve yolculu\u011funuz s\u0131ras\u0131nda size her an yard\u0131mc\u0131 olmaya haz\u0131rd\u0131r.<\/li>\n<li><strong>Konforlu Ara\u00e7lar<\/strong>: Modern ve bak\u0131ml\u0131 filomuzla konforlu ve g\u00fcvenli yolculuklar sa\u011fl\u0131yoruz.<\/li>\n<li><strong>Rekabet\u00e7i Fiyatlar<\/strong>: B\u00fct\u00e7enizi koruyarak uygun fiyatlarla y\u00fcksek kaliteli hizmetler sunuyoruz.<\/li>\n<\/ul>\n<p>[\/vc_column_text]<div class=\"theme-component-list theme-component-list-style-2 theme-margin-top-40\">SakoLifeTransfer olarak siz de\u011ferli m\u00fc\u015fterilerimize en iyi hizmeti sunmaktan gurur duyuyoruz. Seyahatlerinizi daha keyifli hale getirmek i\u00e7in buraday\u0131z. Bizi tercih etti\u011finiz i\u00e7in te\u015fekk\u00fcr ederiz.<\/div>[\/vc_column][\/vc_row][vc_row full_width=&#8221;stretch_row_content_no_spaces&#8221;][vc_column]\n            <div class=\"theme-component-process-list\">\n                [vc_row_inner equal_height=&#8221;yes&#8221;][vc_column_inner width=&#8221;1\/4&#8243;]\n            <div class=\"theme-component-process-list-item theme-component-process-list-item-even\">\n                <div>01<\/div>\n                <span class=\"theme-icon-feature-calendar\"><\/span>\n                <p>\u015eof\u00f6rlerimizin her biri profesyonellik ve dakiklik ile karakterize edilir<\/p>\n            <\/div>\n        [\/vc_column_inner][vc_column_inner width=&#8221;1\/4&#8243;]\n            <div class=\"theme-component-process-list-item theme-component-process-list-item-odd\">\n                <div>02<\/div>\n                <span class=\"theme-icon-feature-recurring-1\"><\/span>\n                <p>G\u00fcvenlik s\u00f6z konusu oldu\u011funda her zaman ekstra yol kat ediyoruz<\/p>\n            <\/div>\n        [\/vc_column_inner][vc_column_inner width=&#8221;1\/4&#8243;]\n            <div class=\"theme-component-process-list-item theme-component-process-list-item-even\">\n                <div>03<\/div>\n                <span class=\"theme-icon-feature-bag-1\"><\/span>\n                <p>Turunuzda size rehberlik edecek bilgi ve deneyimlerimize g\u00fcvenebilirsiniz<\/p>\n            <\/div>\n        [\/vc_column_inner][vc_column_inner width=&#8221;1\/4&#8243;]\n            <div class=\"theme-component-process-list-item theme-component-process-list-item-odd\">\n                <div>04<\/div>\n                <span class=\"theme-icon-feature-award\"><\/span>\n                <p>\u00dcst\u00fcn kalite ve \u00f6d\u00fcll\u00fc m\u00fc\u015fteri hizmetleri<\/p>\n            <\/div>\n        [\/vc_column_inner][\/vc_row_inner]\n            <\/div>\n        [\/vc_column][\/vc_row][vc_row el_class=&#8221;theme-margin-top-40&#8243;][vc_column]\n            <div class=\"theme-component-counter-box\" data-animation_duration=\"2000\">\n                [vc_row_inner el_class=&#8221;theme-column-margin-0&#8243;][vc_column_inner width=&#8221;1\/4&#8243;]\n            <div class=\"theme-component-counter-box-item\" data-value=\"3412\">\n                <span class=\"theme-component-counter-box-item-circle-1\"><\/span>\n                <span class=\"theme-component-counter-box-item-circle-2\"><\/span>\n                <span class=\"theme-component-counter-box-item-value\">0<\/span>\n                <span class=\"theme-component-counter-box-item-label\">Mutlu M\u00fc\u015fteri<\/span>\n                <span class=\"theme-component-counter-box-item-tick theme-icon-meta-tick-3\"><\/span>   \n            <\/div>\n        [\/vc_column_inner][vc_column_inner width=&#8221;1\/4&#8243;]\n            <div class=\"theme-component-counter-box-item\" data-value=\"1706\">\n                <span class=\"theme-component-counter-box-item-circle-1\"><\/span>\n                <span class=\"theme-component-counter-box-item-circle-2\"><\/span>\n                <span class=\"theme-component-counter-box-item-value\">0<\/span>\n                <span class=\"theme-component-counter-box-item-label\">Tamamlanm\u0131\u015f Transfer<\/span>\n                <span class=\"theme-component-counter-box-item-tick theme-icon-meta-tick-3\"><\/span>   \n            <\/div>\n        [\/vc_column_inner][vc_column_inner width=&#8221;1\/4&#8243;]\n            <div class=\"theme-component-counter-box-item\" data-value=\"795\">\n                <span class=\"theme-component-counter-box-item-circle-1\"><\/span>\n                <span class=\"theme-component-counter-box-item-circle-2\"><\/span>\n                <span class=\"theme-component-counter-box-item-value\">0<\/span>\n                <span class=\"theme-component-counter-box-item-label\">VIP Hizmet<\/span>\n                <span class=\"theme-component-counter-box-item-tick theme-icon-meta-tick-3\"><\/span>   \n            <\/div>\n        [\/vc_column_inner][vc_column_inner width=&#8221;1\/4&#8243;]\n            <div class=\"theme-component-counter-box-item\" data-value=\"15\">\n                <span class=\"theme-component-counter-box-item-circle-1\"><\/span>\n                <span class=\"theme-component-counter-box-item-circle-2\"><\/span>\n                <span class=\"theme-component-counter-box-item-value\">0<\/span>\n                <span class=\"theme-component-counter-box-item-label\">Deneyim Y\u0131llar\u0131<\/span>\n                <span class=\"theme-component-counter-box-item-tick theme-icon-meta-tick-3\"><\/span>   \n            <\/div>\n        [\/vc_column_inner][\/vc_row_inner]\n            <\/div>\n        [\/vc_column][\/vc_row][vc_row disable_element=&#8221;yes&#8221; el_class=&#8221;theme-section-padding&#8221;][vc_column el_class=&#8221;theme-margin-top-100 theme-margin-bottom-0&#8243;]\r\n            <p class=\"theme-component-paragraph-large theme-component-paragraph-large-style-2 aligncenter theme-padding-bottom-80\">\r\n                \u00d6zel \u015fof\u00f6r, gezi turu?<br \/>\nSorular\u0131n\u0131z veya yorumlar\u0131n\u0131z i\u00e7in l\u00fctfen a\u015fa\u011f\u0131daki formu doldurun\r\n            <\/p>\r\n        [vc_row][vc_column el_class=\"theme-margin-bottom-0\"]<p class=\"wpcf7-contact-form-not-found\"><strong>Hata:<\/strong> \u0130leti\u015fim formu bulunamad\u0131.<\/p>[\/vc_column][\/vc_row][\/vc_column][\/vc_row]<\/p>\n<\/div>","protected":false},"excerpt":{"rendered":"<p>[vc_row][vc_column width=&#8221;1\/2&#8243;][vc_custom_heading text=&#8221;Hakk\u0131m\u0131zda&#8221; font_container=&#8221;tag:h3|text_align:left&#8221; use_theme_fonts=&#8221;yes&#8221; css=&#8221;&#8221;][vc_column_text css=&#8221;&#8221;]SakoLifeTransfer olarak, kendimizi konforlu ve g\u00fcvenilir transfer hizmetleri sunmaya adad\u0131k. \u0130ster havaliman\u0131ndan otelinize, ister otelden havaliman\u0131na veya \u015fehir i\u00e7inde ula\u015f\u0131ma ihtiyac\u0131n\u0131z olsun, size yard\u0131mc\u0131 olmak i\u00e7in buraday\u0131z. Amac\u0131m\u0131z, m\u00fc\u015fteri memnuniyetini \u00f6n planda tutarak yolculuklar\u0131n\u0131z\u0131 stressiz ve keyifli hale getirmektir.[\/vc_column_text][\/vc_column][vc_column width=&#8221;1\/2&#8243;][vc_single_image image=&#8221;23916&#8243; img_size=&#8221;full&#8221; css=&#8221;&#8221; el_class=&#8221;theme-image-style-1&#8243;][\/vc_column][\/vc_row][vc_row][vc_column width=&#8221;1\/2&#8243;][vc_single_image image=&#8221;23914&#8243; img_size=&#8221;full&#8221; css=&#8221;&#8221; el_class=&#8221;theme-image-style-1&#8243;][\/vc_column][vc_column [&#8230;]<\/p>\n","protected":false},"author":5,"featured_media":24736,"parent":0,"menu_order":0,"comment_status":"closed","ping_status":"closed","template":"","meta":{"footnotes":""},"class_list":["post-25081","page","type-page","status-publish","has-post-thumbnail","hentry"],"_links":{"self":[{"href":"https:\/\/sakolifetransfer.com\/tr\/wp-json\/wp\/v2\/pages\/25081","targetHints":{"allow":["GET"]}}],"collection":[{"href":"https:\/\/sakolifetransfer.com\/tr\/wp-json\/wp\/v2\/pages"}],"about":[{"href":"https:\/\/sakolifetransfer.com\/tr\/wp-json\/wp\/v2\/types\/page"}],"author":[{"embeddable":true,"href":"https:\/\/sakolifetransfer.com\/tr\/wp-json\/wp\/v2\/users\/5"}],"replies":[{"embeddable":true,"href":"https:\/\/sakolifetransfer.com\/tr\/wp-json\/wp\/v2\/comments?post=25081"}],"version-history":[{"count":13,"href":"https:\/\/sakolifetransfer.com\/tr\/wp-json\/wp\/v2\/pages\/25081\/revisions"}],"predecessor-version":[{"id":25810,"href":"https:\/\/sakolifetransfer.com\/tr\/wp-json\/wp\/v2\/pages\/25081\/revisions\/25810"}],"wp:featuredmedia":[{"embeddable":true,"href":"https:\/\/sakolifetransfer.com\/tr\/wp-json\/wp\/v2\/media\/24736"}],"wp:attachment":[{"href":"https:\/\/sakolifetransfer.com\/tr\/wp-json\/wp\/v2\/media?parent=25081"}],"curies":[{"name":"wp","href":"https:\/\/api.w.org\/{rel}","templated":true}]}}