{"id":25109,"date":"2024-07-03T11:25:42","date_gmt":"2024-07-03T08:25:42","guid":{"rendered":"https:\/\/sakolifetransfer.com\/cookie-policy\/"},"modified":"2024-09-09T14:51:50","modified_gmt":"2024-09-09T11:51:50","slug":"cerez-politikasi","status":"publish","type":"page","link":"https:\/\/sakolifetransfer.com\/tr\/cerez-politikasi\/","title":{"rendered":"\u00c7erez Politikas\u0131"},"content":{"rendered":"<div class=\"wpb-content-wrapper\"><p>[vc_row][vc_column width=&#8221;2\/3&#8243;][vc_custom_heading text=&#8221;Tan\u0131mlar&#8221; font_container=&#8221;tag:h3|text_align:left&#8221; use_theme_fonts=&#8221;yes&#8221; css=&#8221;&#8221;][vc_column_text css=&#8221;&#8221;]\u00c7erezler, kullan\u0131c\u0131 deneyimini iyile\u015ftirmek ve web sitelerinin verimli \u00e7al\u0131\u015fmas\u0131n\u0131 sa\u011flamak i\u00e7in kullan\u0131lan k\u00fc\u00e7\u00fck metin dosyalar\u0131d\u0131r. Bu politika, SakoLife Transfer web sitesinde (bundan b\u00f6yle &#8220;Site&#8221; olarak an\u0131lacakt\u0131r) \u00e7erezlerin nas\u0131l kullan\u0131ld\u0131\u011f\u0131n\u0131 ve nas\u0131l kontrol edilebilece\u011fini a\u00e7\u0131klamaktad\u0131r.[\/vc_column_text][\/vc_column][vc_column width=&#8221;1\/3&#8243;][vc_single_image image=&#8221;23919&#8243; img_size=&#8221;full&#8221; css=&#8221;&#8221; el_class=&#8221;theme-image-style-1&#8243;][\/vc_column][\/vc_row][vc_row][vc_column][vc_custom_heading text=&#8221;\u00c7erezlerin Kullan\u0131m\u0131&#8221; font_container=&#8221;tag:h3|text_align:left&#8221; use_theme_fonts=&#8221;yes&#8221; css=&#8221;&#8221;][vc_column_text css=&#8221;&#8221;]<\/p>\n<ul>\n<li><strong>Temel \u00c7erezler<\/strong>: Bunlar, Site&#8217;nin temel i\u015flevselli\u011fini sa\u011flamak i\u00e7in gereklidir. Bu \u00e7erezler siteye yap\u0131lan taleplere yan\u0131t vererek web sitesinin d\u00fczg\u00fcn \u00e7al\u0131\u015fmas\u0131n\u0131 sa\u011flar.<\/li>\n<li><strong>Performans ve Analiz \u00c7erezleri<\/strong>: Bunlar, Site&#8217;nin performans\u0131n\u0131 \u00f6l\u00e7mek ve geli\u015ftirmek i\u00e7in kullan\u0131l\u0131r. Bu \u00e7erezler hangi sayfalar\u0131n ziyaret edildi\u011fini, hangi ba\u011flant\u0131lar\u0131n t\u0131kland\u0131\u011f\u0131n\u0131 ve siteyi nas\u0131l kulland\u0131\u011f\u0131n\u0131z\u0131 anlamam\u0131za yard\u0131mc\u0131 olur.<\/li>\n<li><strong>Reklam \u00c7erezleri<\/strong>: Bunlar, ilgi alanlar\u0131n\u0131za g\u00f6re ki\u015fiselle\u015ftirilmi\u015f reklamlar sunmak i\u00e7in kullan\u0131l\u0131r. Bu \u00e7erezler, reklamverenlerin reklam kampanyalar\u0131n\u0131n etkinli\u011fini \u00f6l\u00e7melerine yard\u0131mc\u0131 olabilir.<\/li>\n<\/ul>\n<p>[\/vc_column_text][\/vc_column][\/vc_row][vc_row][vc_column width=&#8221;1\/2&#8243;][vc_custom_heading text=&#8221;\u00c7erezleri Kontrol Etme&#8221; font_container=&#8221;tag:h3|text_align:left&#8221; use_theme_fonts=&#8221;yes&#8221; css=&#8221;&#8221;][vc_column_text css=&#8221;&#8221;]Taray\u0131c\u0131 ayarlar\u0131n\u0131z\u0131 kullanarak \u00e7erezleri kontrol edebilir veya silebilirsiniz. Ancak, baz\u0131 \u00e7erezlerin devre d\u0131\u015f\u0131 b\u0131rak\u0131lmas\u0131, Site&#8217;nin belirli i\u015flevlerinin d\u00fczg\u00fcn \u00e7al\u0131\u015fmas\u0131n\u0131 engelleyebilir.[\/vc_column_text][\/vc_column][vc_column width=&#8221;1\/2&#8243;][vc_custom_heading text=&#8221;G\u00fcncellemeler&#8221; font_container=&#8221;tag:h3|text_align:left&#8221; use_theme_fonts=&#8221;yes&#8221; css=&#8221;&#8221;][vc_column_text css=&#8221;&#8221;]Bu \u00c7erez Politikas\u0131 gerekti\u011finde g\u00fcncellenebilir veya de\u011fi\u015ftirilebilir. G\u00fcncellenen politikalar\u0131n yay\u0131nlanmas\u0131ndan sonra Siteyi kullanmaya devam etmeniz, bu politikalar\u0131 kabul etti\u011finiz anlam\u0131na gelir.[\/vc_column_text][\/vc_column][\/vc_row][vc_row][vc_column][vc_custom_heading text=&#8221;\u0130leti\u015fim&#8221; font_container=&#8221;tag:h3|text_align:left&#8221; use_theme_fonts=&#8221;yes&#8221; css=&#8221;&#8221;][vc_column_text css=&#8221;&#8221;]\u00c7erez Politikam\u0131z hakk\u0131nda daha fazla bilgi almak veya sorular\u0131n\u0131z\u0131 iletmek i\u00e7in l\u00fctfen e-posta g\u00f6nderin  <strong>[info@sakolifetransfer .com]<\/strong>[\/vc_column_text][\/vc_column][\/vc_row]<\/p>\n<\/div>","protected":false},"excerpt":{"rendered":"<p>[vc_row][vc_column width=&#8221;2\/3&#8243;][vc_custom_heading text=&#8221;Tan\u0131mlar&#8221; font_container=&#8221;tag:h3|text_align:left&#8221; use_theme_fonts=&#8221;yes&#8221; css=&#8221;&#8221;][vc_column_text css=&#8221;&#8221;]\u00c7erezler, kullan\u0131c\u0131 deneyimini iyile\u015ftirmek ve web sitelerinin verimli \u00e7al\u0131\u015fmas\u0131n\u0131 sa\u011flamak i\u00e7in kullan\u0131lan k\u00fc\u00e7\u00fck metin dosyalar\u0131d\u0131r. Bu politika, SakoLife Transfer web sitesinde (bundan b\u00f6yle &#8220;Site&#8221; olarak an\u0131lacakt\u0131r) \u00e7erezlerin nas\u0131l kullan\u0131ld\u0131\u011f\u0131n\u0131 ve nas\u0131l kontrol edilebilece\u011fini a\u00e7\u0131klamaktad\u0131r.[\/vc_column_text][\/vc_column][vc_column width=&#8221;1\/3&#8243;][vc_single_image image=&#8221;23919&#8243; img_size=&#8221;full&#8221; css=&#8221;&#8221; el_class=&#8221;theme-image-style-1&#8243;][\/vc_column][\/vc_row][vc_row][vc_column][vc_custom_heading text=&#8221;\u00c7erezlerin Kullan\u0131m\u0131&#8221; font_container=&#8221;tag:h3|text_align:left&#8221; use_theme_fonts=&#8221;yes&#8221; css=&#8221;&#8221;][vc_column_text css=&#8221;&#8221;] Temel \u00c7erezler: Bunlar, Site&#8217;nin [&#8230;]<\/p>\n","protected":false},"author":3,"featured_media":0,"parent":0,"menu_order":0,"comment_status":"closed","ping_status":"closed","template":"","meta":{"footnotes":""},"class_list":["post-25109","page","type-page","status-publish","hentry"],"_links":{"self":[{"href":"https:\/\/sakolifetransfer.com\/tr\/wp-json\/wp\/v2\/pages\/25109","targetHints":{"allow":["GET"]}}],"collection":[{"href":"https:\/\/sakolifetransfer.com\/tr\/wp-json\/wp\/v2\/pages"}],"about":[{"href":"https:\/\/sakolifetransfer.com\/tr\/wp-json\/wp\/v2\/types\/page"}],"author":[{"embeddable":true,"href":"https:\/\/sakolifetransfer.com\/tr\/wp-json\/wp\/v2\/users\/3"}],"replies":[{"embeddable":true,"href":"https:\/\/sakolifetransfer.com\/tr\/wp-json\/wp\/v2\/comments?post=25109"}],"version-history":[{"count":4,"href":"https:\/\/sakolifetransfer.com\/tr\/wp-json\/wp\/v2\/pages\/25109\/revisions"}],"predecessor-version":[{"id":27057,"href":"https:\/\/sakolifetransfer.com\/tr\/wp-json\/wp\/v2\/pages\/25109\/revisions\/27057"}],"wp:attachment":[{"href":"https:\/\/sakolifetransfer.com\/tr\/wp-json\/wp\/v2\/media?parent=25109"}],"curies":[{"name":"wp","href":"https:\/\/api.w.org\/{rel}","templated":true}]}}