{"id":25125,"date":"2024-07-04T14:37:41","date_gmt":"2024-07-04T11:37:41","guid":{"rendered":"https:\/\/sakolifetransfer.com\/tour\/"},"modified":"2024-07-13T17:34:10","modified_gmt":"2024-07-13T14:34:10","slug":"tur","status":"publish","type":"page","link":"https:\/\/sakolifetransfer.com\/tr\/tur\/","title":{"rendered":"Tur"},"content":{"rendered":"<div class=\"wpb-content-wrapper\"><p>[vc_row css=&#8221;.vc_custom_1720094857542{margin-bottom: 50px !important;padding-top: 25px !important;padding-right: 25px !important;padding-bottom: 25px !important;padding-left: 25px !important;background-color: rgba(153,153,153,0.14) !important;*background-color: rgb(153,153,153) !important;border-radius: 5px !important;}&#8221;][vc_column el_class=&#8221;theme-margin-bottom-0&#8243;][vc_column_text css=&#8221;&#8221;]<\/p>\n<h3 style=\"text-align: center;\">SakoLife Tur ile T\u00fcrkiye&#8217;yi Ke\u015ffedin<\/h3>\n<p>Alanya&#8217;da yerel bir seyahat acentesi olan SakoLife Tour olarak uygun fiyatl\u0131 g\u00fcnl\u00fck geziler d\u00fczenliyoruz. Alanya, Side, Mahmutlar, Manavgat, Bodrum, Marmaris, Fethiye, Sar\u0131germe, \u00d6zdere, Belek, Antalya, Kemer, Ku\u015fadas\u0131, Didim, \u0130stanbul ve daha bir\u00e7ok Ege ve Akdeniz b\u00f6lgesindeki pop\u00fcler tatil beldelerinden geziler i\u00e7in bize kat\u0131l\u0131n. T\u00fcrk rehberler e\u015fli\u011finde T\u00fcrkiye&#8217;nin hem Avrupa hem de k\u0131smen Asya yakas\u0131n\u0131 ke\u015ffedin.<\/p>\n<p>SakoLife Tour ile seyahat etmek profesyonellik, dakiklik ve samimiyet demektir. Talep \u00fczerine \u00f6zel tur programlar\u0131 da d\u00fczenleyebiliriz. Sundu\u011fumuz cazibe merkezlerine g\u00f6z at\u0131n ve hayalinizdeki destinasyonlar\u0131 listenize ekleyin! Ke\u015ffedin, ke\u015ffedin ve bizimle seyahat edin. Siz de\u011ferli m\u00fc\u015fterilerimizi heyecanla bekliyoruz![\/vc_column_text][\/vc_column][\/vc_row][vc_row el_class=&#8221;tourrow&#8221;][vc_column width=&#8221;1\/3&#8243; el_class=&#8221;theme-margin-bottom-0&#8243;][vc_single_image image=&#8221;24044&#8243; img_size=&#8221;400&#8243; alignment=&#8221;center&#8221; style=&#8221;vc_box_rounded&#8221; onclick=&#8221;custom_link&#8221; css=&#8221;&#8221; link=&#8221;https:\/\/sakolifetour.com\/wycieczki\/alanya&#8221;][vc_column_text css=&#8221;.vc_custom_1720877102899{margin-top: 10px !important;margin-right: 10px !important;margin-left: 10px !important;padding-bottom: 5px !important;background-color: #ff700a !important;border-radius: 3px !important;border-color: #ff700a !important;}&#8221;]<\/p>\n<p style=\"text-align: center; color: white; font-weight: 600; text-decoration: none;\"><strong><img loading=\"lazy\" decoding=\"async\" class=\"alignnone size-full wp-image-24043\" style=\"display: block; margin-left: auto; margin-right: auto;\" src=\"https:\/\/sakolifetransfer.com\/wp-content\/uploads\/2024\/07\/Basliksiz-1.png\" alt=\"\" width=\"20\" height=\"20\"><a style=\"color: white; text-decoration: none; font-weight: 600;\" href=\"https:\/\/sakolifetour.com\/offers\/fethiye\">Teklifleri \u0130ncele<\/a><br \/>\n<\/strong>[\/vc_column_text][vc_column_text css=&#8221;.vc_custom_1720877118626{padding-right: 10px !important;padding-bottom: 10px !important;padding-left: 10px !important;}&#8221;]<a style=\"color: #556677; text-decoration: none;\" href=\"https:\/\/sakolifetour.com\/wycieczki\/alanya\">Seyahat acentemiz Alanya ve \u00e7evresindeki her otelden iste\u011fe ba\u011fl\u0131 geziler sunmaktad\u0131r! Sizi Turistik Geziler kapsam\u0131nda b\u00fcy\u00fcl\u00fc Pamukkale ve Kapadokya&#8217;ya yapaca\u011f\u0131m\u0131z gezilerde bize kat\u0131lmaya davet ediyoruz.<\/a>[\/vc_column_text][\/vc_column][vc_column width=&#8221;1\/3&#8243;][vc_single_image image=&#8221;24065&#8243; img_size=&#8221;400&#8243; alignment=&#8221;center&#8221; style=&#8221;vc_box_rounded&#8221; onclick=&#8221;custom_link&#8221; css=&#8221;&#8221; link=&#8221;https:\/\/sakolifetour.com\/wycieczki\/side&#8221;][vc_column_text css=&#8221;.vc_custom_1720877143299{margin-top: 10px !important;margin-right: 10px !important;margin-left: 10px !important;padding-bottom: 5px !important;background-color: #ff700a !important;border-radius: 3px !important;border-color: #ff700a !important;}&#8221;]<\/p>\n<p style=\"text-align: center; color: white; font-weight: 600; text-decoration: none;\"><strong><img loading=\"lazy\" decoding=\"async\" class=\"alignnone size-full wp-image-24043\" style=\"display: block; margin-left: auto; margin-right: auto;\" src=\"https:\/\/sakolifetransfer.com\/wp-content\/uploads\/2024\/07\/Basliksiz-1.png\" alt=\"\" width=\"20\" height=\"20\" \/><a style=\"color: white; text-decoration: none; font-weight: 600;\" href=\"https:\/\/sakolifetour.com\/wycieczki\/side\">Teklifleri \u0130ncele<\/a> <\/strong><\/p>\n<p>[\/vc_column_text][vc_column_text css=&#8221;.vc_custom_1720877153379{padding-right: 10px !important;padding-bottom: 10px !important;padding-left: 10px !important;}&#8221;]<a style=\"color: #556677; text-decoration: none;\" href=\"https:\/\/sakolifetour.com\/wycieczki\/side\">Bu pitoresk kasaba hem g\u00fczel plajlar hem de zengin bir tarihi miras sunarak d\u00fcnyan\u0131n d\u00f6rt bir yan\u0131ndan turistleri kendine \u00e7ekmektedir. Side bir\u00e7ok antik kal\u0131nt\u0131ya ev sahipli\u011fi yapmaktad\u0131r.<\/a>[\/vc_column_text][\/vc_column][vc_column width=&#8221;1\/3&#8243;][vc_single_image image=&#8221;24067&#8243; img_size=&#8221;400&#8243; alignment=&#8221;center&#8221; style=&#8221;vc_box_rounded&#8221; onclick=&#8221;custom_link&#8221; css=&#8221;&#8221; link=&#8221;https:\/\/sakolifetour.com\/wycieczki\/manavgat&#8221;][vc_column_text css=&#8221;.vc_custom_1720877172170{margin-top: 10px !important;margin-right: 10px !important;margin-left: 10px !important;padding-bottom: 5px !important;background-color: #ff700a !important;border-radius: 3px !important;border-color: #ff700a !important;}&#8221;]<\/p>\n<p style=\"text-align: center; color: white; font-weight: 600; text-decoration: none;\"><strong><img loading=\"lazy\" decoding=\"async\" class=\"alignnone size-full wp-image-24043\" style=\"display: block; margin-left: auto; margin-right: auto;\" src=\"https:\/\/sakolifetransfer.com\/wp-content\/uploads\/2024\/07\/Basliksiz-1.png\" alt=\"\" width=\"20\" height=\"20\" \/><a style=\"color: white; text-decoration: none; font-weight: 600;\" href=\"https:\/\/sakolifetour.com\/wycieczki\/manavgat\">Teklifleri \u0130ncele<\/a> <\/strong><\/p>\n<p>[\/vc_column_text][vc_column_text css=&#8221;.vc_custom_1720877181186{padding-right: 10px !important;padding-bottom: 10px !important;padding-left: 10px !important;}&#8221;]<a style=\"color: #556677; text-decoration: none;\" href=\"https:\/\/sakolifetour.com\/wycieczki\/manavgat\">Manavgat \u015eelalesi \u015fehrin ba\u015fl\u0131ca cazibe merkezlerinden biridir. \u00d6zellikle \u015felale deresinin suyla dolu oldu\u011fu bahar ve yaz aylar\u0131nda etkileyici bir manzarad\u0131r.<\/a>[\/vc_column_text][\/vc_column][\/vc_row][vc_row el_class=&#8221;tourrow&#8221;][vc_column width=&#8221;1\/3&#8243; el_class=&#8221;theme-margin-bottom-0&#8243;][vc_single_image image=&#8221;24069&#8243; img_size=&#8221;400&#8243; alignment=&#8221;center&#8221; style=&#8221;vc_box_rounded&#8221; onclick=&#8221;custom_link&#8221; css=&#8221;&#8221; link=&#8221;https:\/\/sakolifetour.com\/wycieczki\/antalya&#8221;][vc_column_text css=&#8221;.vc_custom_1720877206140{margin-top: 10px !important;margin-right: 10px !important;margin-left: 10px !important;padding-bottom: 5px !important;background-color: #ff700a !important;border-radius: 3px !important;border-color: #ff700a !important;}&#8221;]<\/p>\n<p style=\"text-align: center; color: white; font-weight: 600; text-decoration: none;\"><strong><img loading=\"lazy\" decoding=\"async\" class=\"alignnone size-full wp-image-24043\" style=\"display: block; margin-left: auto; margin-right: auto;\" src=\"https:\/\/sakolifetransfer.com\/wp-content\/uploads\/2024\/07\/Basliksiz-1.png\" alt=\"\" width=\"20\" height=\"20\" \/><a style=\"color: white; text-decoration: none; font-weight: 600;\" href=\"https:\/\/sakolifetour.com\/wycieczki\/antalya\">Teklifleri \u0130ncele<\/a> <\/strong><\/p>\n<p>[\/vc_column_text][vc_column_text css=&#8221;.vc_custom_1720877259923{padding-right: 10px !important;padding-bottom: 10px !important;padding-left: 10px !important;}&#8221;]<a style=\"color: #556677; text-decoration: none;\" href=\"https:\/\/sakolifetour.com\/wycieczki\/antalya\">Buras\u0131 Akdeniz&#8217;in g\u00fczelli\u011fini, b\u00fcy\u00fcleyici tarihi ve eski \u015fehir ile D\u00fcden \u015eelalesi gibi \u00e7ok \u00e7e\u015fitli turistik mekanlar\u0131 bir araya getiren b\u00fcy\u00fcleyici bir yerdir.<\/a>[\/vc_column_text][\/vc_column][vc_column width=&#8221;1\/3&#8243;][vc_single_image image=&#8221;24071&#8243; img_size=&#8221;400&#8243; alignment=&#8221;center&#8221; style=&#8221;vc_box_rounded&#8221; onclick=&#8221;custom_link&#8221; css=&#8221;&#8221; link=&#8221;https:\/\/sakolifetour.com\/wycieczki\/belek&#8221;][vc_column_text css=&#8221;.vc_custom_1720104610508{margin-top: 10px !important;margin-right: 10px !important;margin-left: 10px !important;padding-bottom: 5px !important;background-color: #ff700a !important;border-radius: 3px !important;border-color: #ff700a !important;}&#8221;]<\/p>\n<p style=\"text-align: center; color: white; font-weight: 600; text-decoration: none;\"><strong><img loading=\"lazy\" decoding=\"async\" class=\"alignnone size-full wp-image-24043\" style=\"display: block; margin-left: auto; margin-right: auto;\" src=\"https:\/\/sakolifetransfer.com\/wp-content\/uploads\/2024\/07\/Basliksiz-1.png\" alt=\"\" width=\"20\" height=\"20\" \/><a style=\"color: white; text-decoration: none; font-weight: 600;\" href=\"https:\/\/sakolifetour.com\/offers\/belek\">Teklifleri \u0130ncele<\/a> <\/strong>[\/vc_column_text][vc_column_text css=&#8221;.vc_custom_1720877218515{padding-right: 10px !important;padding-bottom: 10px !important;padding-left: 10px !important;}&#8221;]<a style=\"color: #556677; text-decoration: none;\" href=\"https:\/\/sakolifetour.com\/wycieczki\/kemer\">Bu l\u00fcks tatil k\u00f6y\u00fc esas olarak g\u00fczel plajlar\u0131, d\u00fcnya standartlar\u0131nda golf sahalar\u0131 ve y\u00fcksek kaliteli otel tesisleri ile tan\u0131nmaktad\u0131r. K\u00f6pr\u00fcl\u00fc Nehir Tabiat\u0131 Koruma Alan\u0131 Belek yak\u0131nlar\u0131nda yer almaktad\u0131r.<\/a>[\/vc_column_text][\/vc_column][vc_column width=&#8221;1\/3&#8243;][vc_single_image image=&#8221;24072&#8243; img_size=&#8221;400&#8243; alignment=&#8221;center&#8221; style=&#8221;vc_box_rounded&#8221; onclick=&#8221;custom_link&#8221; css=&#8221;&#8221; link=&#8221;https:\/\/sakolifetour.com\/wycieczki\/kemer&#8221;][vc_column_text css=&#8221;.vc_custom_1720877317459{margin-top: 10px !important;margin-right: 10px !important;margin-left: 10px !important;padding-bottom: 5px !important;background-color: #ff700a !important;border-radius: 3px !important;border-color: #ff700a !important;}&#8221;]<\/p>\n<p style=\"text-align: center; color: white; font-weight: 600; text-decoration: none;\"><strong><img loading=\"lazy\" decoding=\"async\" class=\"alignnone size-full wp-image-24043\" style=\"display: block; margin-left: auto; margin-right: auto;\" src=\"https:\/\/sakolifetransfer.com\/wp-content\/uploads\/2024\/07\/Basliksiz-1.png\" alt=\"\" width=\"20\" height=\"20\" \/><a style=\"color: white; text-decoration: none; font-weight: 600;\" href=\"https:\/\/sakolifetour.com\/wycieczki\/manavgat\">Teklifleri \u0130ncele<\/a> <\/strong><\/p>\n<p>[\/vc_column_text][vc_column_text css=&#8221;.vc_custom_1720881243890{padding-right: 10px !important;padding-bottom: 10px !important;padding-left: 10px !important;}&#8221;]<a style=\"color: #556677; text-decoration: none;\" href=\"https:\/\/sakolifetour.com\/wycieczki\/kemer\">Kemer yak\u0131nlar\u0131nda G\u00f6yn\u00fck Kanyonu Tabiat\u0131 Koruma Alan\u0131, Olimpos-Beyda\u011flar\u0131 Milli Park\u0131 ve Olimpos Antik Kenti bulunmaktad\u0131r. Kemer, su sporlar\u0131 aktiviteleri i\u00e7in bir\u00e7ok f\u0131rsat sunmaktad\u0131r.<\/a>[\/vc_column_text][\/vc_column][\/vc_row][vc_row el_class=&#8221;tourrow&#8221;][vc_column width=&#8221;1\/3&#8243; el_class=&#8221;theme-margin-bottom-0&#8243;][vc_single_image image=&#8221;24074&#8243; img_size=&#8221;400&#8243; alignment=&#8221;center&#8221; style=&#8221;vc_box_rounded&#8221; onclick=&#8221;custom_link&#8221; css=&#8221;&#8221; link=&#8221;https:\/\/sakolifetour.com\/wycieczki\/kusadasi&#8221;][vc_column_text css=&#8221;.vc_custom_1720877377691{margin-top: 10px !important;margin-right: 10px !important;margin-left: 10px !important;padding-bottom: 5px !important;background-color: #ff700a !important;border-radius: 3px !important;border-color: #ff700a !important;}&#8221;]<\/p>\n<p style=\"text-align: center; color: white; font-weight: 600; text-decoration: none;\"><strong><img loading=\"lazy\" decoding=\"async\" class=\"alignnone size-full wp-image-24043\" style=\"display: block; margin-left: auto; margin-right: auto;\" src=\"https:\/\/sakolifetransfer.com\/wp-content\/uploads\/2024\/07\/Basliksiz-1.png\" alt=\"\" width=\"20\" height=\"20\" \/><a style=\"color: white; text-decoration: none; font-weight: 600;\" href=\"https:\/\/sakolifetour.com\/wycieczki\/kusadasi\">Teklifleri \u0130ncele<\/a> <\/strong><\/p>\n<p>[\/vc_column_text][vc_column_text css=&#8221;.vc_custom_1720877424011{padding-right: 10px !important;padding-bottom: 10px !important;padding-left: 10px !important;}&#8221;]<a style=\"color: #556677; text-decoration: none;\" href=\"https:\/\/sakolifetour.com\/offers\/kusadasi\">Ku\u015fadas\u0131 sizi b\u00fcy\u00fcleyici plajlar\u0131 ve turkuaz mavisi deniziyle kar\u015f\u0131l\u0131yor. K\u0131y\u0131 boyunca gezinirken ferahlat\u0131c\u0131 deniz meltemini hissedebilir ve g\u00fcne\u015fi i\u00e7inize \u00e7ekebilirsiniz.<\/a>[\/vc_column_text][\/vc_column][vc_column width=&#8221;1\/3&#8243;][vc_single_image image=&#8221;24075&#8243; img_size=&#8221;400&#8243; alignment=&#8221;center&#8221; style=&#8221;vc_box_rounded&#8221; onclick=&#8221;custom_link&#8221; css=&#8221;&#8221; link=&#8221;https:\/\/sakolifetour.com\/wycieczki\/marmaris&#8221;][vc_column_text css=&#8221;.vc_custom_1720877386091{margin-top: 10px !important;margin-right: 10px !important;margin-left: 10px !important;padding-bottom: 5px !important;background-color: #ff700a !important;border-radius: 3px !important;border-color: #ff700a !important;}&#8221;]<\/p>\n<p style=\"text-align: center; color: white; font-weight: 600; text-decoration: none;\"><strong><img loading=\"lazy\" decoding=\"async\" class=\"alignnone size-full wp-image-24043\" style=\"display: block; margin-left: auto; margin-right: auto;\" src=\"https:\/\/sakolifetransfer.com\/wp-content\/uploads\/2024\/07\/Basliksiz-1.png\" alt=\"\" width=\"20\" height=\"20\" \/><a style=\"color: white; text-decoration: none; font-weight: 600;\" href=\"https:\/\/sakolifetour.com\/wycieczki\/marmaris\">Teklifleri \u0130ncele<\/a> <\/strong><\/p>\n<p>[\/vc_column_text][vc_column_text css=&#8221;.vc_custom_1720877413914{padding-right: 10px !important;padding-bottom: 10px !important;padding-left: 10px !important;}&#8221;]<a style=\"color: #556677; text-decoration: none;\" href=\"https:\/\/sakolifetour.com\/wycieczki\/marmaris\">\u015eehrin yukar\u0131s\u0131ndaki bir tepede yer alan Marmaris Kalesi, Marmaris ve \u00e7evresindeki sahil \u015feridinin muhte\u015fem manzaralar\u0131n\u0131 sunmaktad\u0131r. Antik Roma amfitiyatrosu da g\u00f6r\u00fclmeye de\u011ferdir.<\/a>[\/vc_column_text][\/vc_column][vc_column width=&#8221;1\/3&#8243;][vc_single_image image=&#8221;24076&#8243; img_size=&#8221;400&#8243; alignment=&#8221;center&#8221; style=&#8221;vc_box_rounded&#8221; onclick=&#8221;custom_link&#8221; css=&#8221;&#8221; link=&#8221;https:\/\/sakolifetour.com\/wycieczki\/bodrum&#8221;][vc_column_text css=&#8221;.vc_custom_1720877393803{margin-top: 10px !important;margin-right: 10px !important;margin-left: 10px !important;padding-bottom: 5px !important;background-color: #ff700a !important;border-radius: 3px !important;border-color: #ff700a !important;}&#8221;]<\/p>\n<p style=\"text-align: center; color: white; font-weight: 600; text-decoration: none;\"><strong><img loading=\"lazy\" decoding=\"async\" class=\"alignnone size-full wp-image-24043\" style=\"display: block; margin-left: auto; margin-right: auto;\" src=\"https:\/\/sakolifetransfer.com\/wp-content\/uploads\/2024\/07\/Basliksiz-1.png\" alt=\"\" width=\"20\" height=\"20\" \/><a style=\"color: white; text-decoration: none; font-weight: 600;\" href=\"https:\/\/sakolifetour.com\/wycieczki\/bodrum\">Teklifleri \u0130ncele<\/a> <\/strong><\/p>\n<p>[\/vc_column_text][vc_column_text css=&#8221;.vc_custom_1720877404394{padding-right: 10px !important;padding-bottom: 10px !important;padding-left: 10px !important;}&#8221;]<a style=\"color: #556677; text-decoration: none;\" href=\"https:\/\/sakolifetour.com\/wycieczki\/bodrum\">Bodrum, iste\u011fe ba\u011fl\u0131 geziler i\u00e7in harika bir ba\u015flang\u0131\u00e7 noktas\u0131d\u0131r. Efes ve Pamukkale an\u0131tlar\u0131na gezilerin yan\u0131 s\u0131ra Yunan adalar\u0131 Kos ve Rodos&#8217;a yolculuklar sunuyoruz.<\/a>[\/vc_column_text][\/vc_column][\/vc_row][vc_row el_class=&#8221;tourrow&#8221;][vc_column width=&#8221;1\/3&#8243; el_class=&#8221;theme-margin-bottom-0&#8243;][vc_single_image image=&#8221;24081&#8243; img_size=&#8221;400&#8243; alignment=&#8221;center&#8221; style=&#8221;vc_box_rounded&#8221; onclick=&#8221;custom_link&#8221; css=&#8221;&#8221; link=&#8221;https:\/\/sakolifetour.com\/wycieczki\/istanbul&#8221;][vc_column_text css=&#8221;.vc_custom_1720877480906{margin-top: 10px !important;margin-right: 10px !important;margin-left: 10px !important;padding-bottom: 5px !important;background-color: #ff700a !important;border-radius: 3px !important;border-color: #ff700a !important;}&#8221;]<\/p>\n<p style=\"text-align: center; color: white; font-weight: 600; text-decoration: none;\"><strong><img loading=\"lazy\" decoding=\"async\" class=\"alignnone size-full wp-image-24043\" style=\"display: block; margin-left: auto; margin-right: auto;\" src=\"https:\/\/sakolifetransfer.com\/wp-content\/uploads\/2024\/07\/Basliksiz-1.png\" alt=\"\" width=\"20\" height=\"20\" \/><a style=\"color: white; text-decoration: none; font-weight: 600;\" href=\"https:\/\/sakolifetour.com\/wycieczki\/istanbul\">Teklifleri \u0130ncele<\/a> <\/strong><\/p>\n<p>[\/vc_column_text][vc_column_text css=&#8221;.vc_custom_1720877490243{padding-right: 10px !important;padding-bottom: 10px !important;padding-left: 10px !important;}&#8221;]<a style=\"color: #556677; text-decoration: none;\" href=\"https:\/\/sakolifetour.com\/wycieczki\/istanbul\">\u0130stanbul, d\u00fcnyan\u0131n en b\u00fcy\u00fcleyici ve tarihi \u015fehirlerinden biridir. \u0130ki k\u0131ta \u00fczerinde yer alan tek \u015fehirdir: Avrupa ve Asya. Sultanahmet Camii, Ayasofya, Topkap\u0131 Saray\u0131&#8217;n\u0131 ziyaret edebilirsiniz.<\/a>[\/vc_column_text][\/vc_column][vc_column width=&#8221;1\/3&#8243;][vc_single_image image=&#8221;24082&#8243; img_size=&#8221;400&#8243; alignment=&#8221;center&#8221; style=&#8221;vc_box_rounded&#8221; onclick=&#8221;custom_link&#8221; css=&#8221;&#8221; link=&#8221;https:\/\/sakolifetour.com\/wycieczki\/izmir&#8221;][vc_column_text css=&#8221;.vc_custom_1720877468555{margin-top: 10px !important;margin-right: 10px !important;margin-left: 10px !important;padding-bottom: 5px !important;background-color: #ff700a !important;border-radius: 3px !important;border-color: #ff700a !important;}&#8221;]<\/p>\n<p style=\"text-align: center; color: white; font-weight: 600; text-decoration: none;\"><strong><img loading=\"lazy\" decoding=\"async\" class=\"alignnone size-full wp-image-24043\" style=\"display: block; margin-left: auto; margin-right: auto;\" src=\"https:\/\/sakolifetransfer.com\/wp-content\/uploads\/2024\/07\/Basliksiz-1.png\" alt=\"\" width=\"20\" height=\"20\" \/><a style=\"color: white; text-decoration: none; font-weight: 600;\" href=\"https:\/\/sakolifetour.com\/wycieczki\/izmir\">Teklifleri \u0130ncele<\/a> <\/strong><\/p>\n<p>[\/vc_column_text][vc_column_text css=&#8221;.vc_custom_1720877499283{padding-right: 10px !important;padding-bottom: 10px !important;padding-left: 10px !important;}&#8221;]<a style=\"color: #556677; text-decoration: none;\" href=\"https:\/\/sakolifetour.com\/wycieczki\/izmir\">Bu b\u00fcy\u00fcleyici \u015fehirde bir ke\u015fif ve zenginle\u015fme yolculu\u011fu i\u00e7in bize kat\u0131l\u0131n. Tarih, k\u00fclt\u00fcr ve do\u011fan\u0131n uyumlu bir kar\u0131\u015f\u0131m\u0131 olan \u0130zmir, sizi b\u00fcy\u00fclemeyi bekliyor.  <\/a>[\/vc_column_text][\/vc_column][vc_column width=&#8221;1\/3&#8243;][vc_single_image image=&#8221;24078&#8243; img_size=&#8221;400&#8243; alignment=&#8221;center&#8221; style=&#8221;vc_box_rounded&#8221; onclick=&#8221;custom_link&#8221; css=&#8221;&#8221; link=&#8221;https:\/\/sakolifetour.com\/wycieczki\/fethiye&#8221;][vc_column_text css=&#8221;.vc_custom_1720877460243{margin-top: 10px !important;margin-right: 10px !important;margin-left: 10px !important;padding-bottom: 5px !important;background-color: #ff700a !important;border-radius: 3px !important;border-color: #ff700a !important;}&#8221;]<\/p>\n<p style=\"text-align: center; color: white; font-weight: 600; text-decoration: none;\"><strong><img loading=\"lazy\" decoding=\"async\" class=\"alignnone size-full wp-image-24043\" style=\"display: block; margin-left: auto; margin-right: auto;\" src=\"https:\/\/sakolifetransfer.com\/wp-content\/uploads\/2024\/07\/Basliksiz-1.png\" alt=\"\" width=\"20\" height=\"20\" \/><a style=\"color: white; text-decoration: none; font-weight: 600;\" href=\"https:\/\/sakolifetour.com\/wycieczki\/fethiye\">Review Offers<\/a><br \/>\n<\/strong>[\/vc_column_text][vc_column_text css=&#8221;.vc_custom_1720877508466{padding-right: 10px !important;padding-bottom: 10px !important;padding-left: 10px !important;}&#8221;]<a style=\"color: #556677; text-decoration: none;\" href=\"https:\/\/sakolifetour.com\/wycieczki\/fethiye\">G\u00fczel plajlar, pitoresk manzaralar, tarihi eserler ve \u00d6l\u00fcdeniz, Fethiye Marina ve Sakl\u0131kent Bo\u011faz\u0131 gibi \u00e7e\u015fitli turistik yerler sunan pop\u00fcler bir tatil beldesidir.<\/a>[\/vc_column_text][\/vc_column][\/vc_row]<\/p>\n<\/div>","protected":false},"excerpt":{"rendered":"<p>[vc_row css=&#8221;.vc_custom_1720094857542{margin-bottom: 50px !important;padding-top: 25px !important;padding-right: 25px !important;padding-bottom: 25px !important;padding-left: 25px !important;background-color: rgba(153,153,153,0.14) !important;*background-color: rgb(153,153,153) !important;border-radius: 5px !important;}&#8221;][vc_column el_class=&#8221;theme-margin-bottom-0&#8243;][vc_column_text css=&#8221;&#8221;] SakoLife Tur ile T\u00fcrkiye&#8217;yi Ke\u015ffedin Alanya&#8217;da yerel bir seyahat acentesi olan SakoLife Tour olarak uygun fiyatl\u0131 g\u00fcnl\u00fck geziler d\u00fczenliyoruz. Alanya, Side, Mahmutlar, Manavgat, Bodrum, Marmaris, Fethiye, Sar\u0131germe, \u00d6zdere, Belek, Antalya, Kemer, Ku\u015fadas\u0131, Didim, \u0130stanbul ve [&#8230;]<\/p>\n","protected":false},"author":5,"featured_media":0,"parent":0,"menu_order":0,"comment_status":"closed","ping_status":"closed","template":"","meta":{"footnotes":""},"class_list":["post-25125","page","type-page","status-publish","hentry"],"_links":{"self":[{"href":"https:\/\/sakolifetransfer.com\/tr\/wp-json\/wp\/v2\/pages\/25125","targetHints":{"allow":["GET"]}}],"collection":[{"href":"https:\/\/sakolifetransfer.com\/tr\/wp-json\/wp\/v2\/pages"}],"about":[{"href":"https:\/\/sakolifetransfer.com\/tr\/wp-json\/wp\/v2\/types\/page"}],"author":[{"embeddable":true,"href":"https:\/\/sakolifetransfer.com\/tr\/wp-json\/wp\/v2\/users\/5"}],"replies":[{"embeddable":true,"href":"https:\/\/sakolifetransfer.com\/tr\/wp-json\/wp\/v2\/comments?post=25125"}],"version-history":[{"count":74,"href":"https:\/\/sakolifetransfer.com\/tr\/wp-json\/wp\/v2\/pages\/25125\/revisions"}],"predecessor-version":[{"id":26402,"href":"https:\/\/sakolifetransfer.com\/tr\/wp-json\/wp\/v2\/pages\/25125\/revisions\/26402"}],"wp:attachment":[{"href":"https:\/\/sakolifetransfer.com\/tr\/wp-json\/wp\/v2\/media?parent=25125"}],"curies":[{"name":"wp","href":"https:\/\/api.w.org\/{rel}","templated":true}]}}