{"id":25129,"date":"2024-07-03T13:02:17","date_gmt":"2024-07-03T10:02:17","guid":{"rendered":"https:\/\/sakolifetransfer.com\/vip-transfer-services\/"},"modified":"2024-07-11T16:25:48","modified_gmt":"2024-07-11T13:25:48","slug":"vip-transfer-hizmetleri","status":"publish","type":"page","link":"https:\/\/sakolifetransfer.com\/tr\/vip-transfer-hizmetleri\/","title":{"rendered":"VIP Transfer Hizmetleri"},"content":{"rendered":"<div class=\"wpb-content-wrapper\"><p>[vc_row][vc_column width=&#8221;1\/3&#8243;][vc_single_image image=&#8221;23931&#8243; img_size=&#8221;full&#8221; css=&#8221;&#8221;][\/vc_column][vc_column width=&#8221;2\/3&#8243;]\r\n            <p class=\"theme-component-paragraph-large theme-component-paragraph-large-style-2 alignleft theme-padding-top-0 theme-padding-bottom-0\">\r\n                VIP Transfer Hizmetleri\r\n            <\/p>\r\n        [vc_column_text css=&#8221;&#8221; el_class=&#8221;theme-padding-top-30&#8243;]SakoLifeTransfer olarak, seyahat deneyiminizi daha konforlu ve l\u00fcks hale getirmek i\u00e7in VIP Transfer Hizmetleri sunuyoruz. VIP Transfer hizmetimiz, havaliman\u0131 transferleri ve otelden havaliman\u0131na transferler i\u00e7in \u00f6zel ara\u00e7lar ve deneyimli personel i\u00e7erir. Size ki\u015fiselle\u015ftirilmi\u015f ve konforlu bir seyahat deneyimi sunmak i\u00e7in tasarlanan VIP Transfer hizmetimiz, seyahatlerinizi daha keyifli ve stressiz hale getirmeyi ama\u00e7lamaktad\u0131r.[\/vc_column_text][\/vc_column][\/vc_row][vc_row el_class=&#8221;theme-margin-top-20&#8243;][vc_column]\r\n            <p class=\"theme-component-paragraph-large theme-component-paragraph-large-style-2 alignleft theme-padding-top-0 theme-padding-bottom-0\">\r\n                Hizmetlerimiz\r\n            <\/p>\r\n        [vc_column_text css=&#8221;&#8221; el_class=&#8221;theme-padding-top-30&#8243;]<\/p>\n<ul>\n<li><strong>Konforlu Ara\u00e7lar<\/strong>: VIP transfer hizmetimizde konforunuz i\u00e7in \u00f6zel olarak se\u00e7ilmi\u015f l\u00fcks ara\u00e7lar kullan\u0131yoruz. Geni\u015f i\u00e7 mekanlar, konforlu koltuklar ve son teknoloji ekipmanlarla yolculu\u011funuzu daha keyifli hale getirmeyi ama\u00e7l\u0131yoruz.<\/li>\n<li><strong>\u00d6zel S\u00fcr\u00fcc\u00fc Hizmeti<\/strong>: Deneyimli ve g\u00fcler y\u00fczl\u00fc s\u00fcr\u00fcc\u00fclerimiz yolculu\u011funuz boyunca size e\u015flik edecek ve konforunuz i\u00e7in ihtiyac\u0131n\u0131z olan t\u00fcm deste\u011fi sa\u011flayacakt\u0131r.<\/li>\n<li><strong>Ki\u015fiselle\u015ftirilmi\u015f Hizmet<\/strong>: VIP transfer hizmetimiz, m\u00fc\u015fterilerimizin \u00f6zel ihtiya\u00e7 ve tercihlerini kar\u015f\u0131lamak \u00fczere tasarlanm\u0131\u015ft\u0131r. Taleplerinizi kar\u015f\u0131lamay\u0131 ve yolculu\u011funuzu m\u00fcmk\u00fcn oldu\u011funca konforlu hale getirmeyi ama\u00e7l\u0131yoruz.<\/li>\n<li><strong>G\u00fcvenlik ve G\u00fcvenilirlik<\/strong>: G\u00fcvenli\u011finize \u00f6ncelik veriyor ve t\u00fcm ara\u00e7lar\u0131m\u0131z\u0131n bak\u0131ml\u0131 olmas\u0131n\u0131 ve deneyimli profesyoneller taraf\u0131ndan s\u00fcr\u00fclmesini sa\u011fl\u0131yoruz.<\/li>\n<\/ul>\n<p>VIP Transfer Hizmetlerimizin l\u00fcks ve konforunu ya\u015fay\u0131n. SakoLifeTransfer ile VIP transferinizi bug\u00fcn ay\u0131rt\u0131n.[\/vc_column_text][\/vc_column][\/vc_row][vc_row el_class=&#8221;theme-column-style-6 theme-padding-bottom-0&#8243;][vc_column el_class=&#8221;theme-margin-bottom-20&#8243;]<div class=\"theme-component-list theme-component-list-style-2\">\n<ul>\n<li>Profesyonel E\u011fitimli \u015eof\u00f6rler<\/li>\n<li>7\/24 Tam Hizmet Ta\u015f\u0131mac\u0131l\u0131\u011f\u0131<\/li>\n<li>K\u00fcresel Ta\u015f\u0131mac\u0131l\u0131k Ortaklar\u0131<\/li>\n<\/ul>\n<\/div>[\/vc_column][\/vc_row][vc_row][vc_column el_class=&#8221;theme-margin-bottom-0&#8243;][vc_custom_heading text=&#8221;Avantajlar&#8221; font_container=&#8221;tag:h3|text_align:center&#8221; use_theme_fonts=&#8221;yes&#8221; el_class=&#8221;theme-margin-top-60 theme-margin-bottom-50&#8243;][\/vc_column][\/vc_row][vc_row][vc_column el_class=&#8221;theme-margin-bottom-0&#8243;]\n            <div class=\"theme-component-feature theme-component-feature-style-1\">\n                [vc_row_inner][vc_column_inner width=&#8221;1\/3&#8243;]\r\n            <div class=\"theme-component-feature-item\">\r\n                <span class=\"theme-icon-feature-check theme-component-feature-item-icon\"><span><\/span><\/span>\r\n                <h4 class=\"theme-component-feature-item-header\">\u00d6nce G\u00fcvenlik<\/h4><p>Deneyimli personel ve profesyonel olarak e\u011fitilmi\u015f \u015fof\u00f6rler.<\/p>\n\r\n            <\/div>\r\n        [\/vc_column_inner][vc_column_inner width=&#8221;1\/3&#8243;]\r\n            <div class=\"theme-component-feature-item\">\r\n                <span class=\"theme-icon-feature-price theme-component-feature-item-icon\"><span><\/span><\/span>\r\n                <h4 class=\"theme-component-feature-item-header\">Uygun Fiyatlar<\/h4><p>Size b\u00fct\u00e7enize uygun do\u011fru arac\u0131 do\u011fru fiyata sunabiliriz.<\/p>\n\r\n            <\/div>\r\n        [\/vc_column_inner][vc_column_inner width=&#8221;1\/3&#8243;]\r\n            <div class=\"theme-component-feature-item\">\r\n                <span class=\"theme-icon-feature-route-1 theme-component-feature-item-icon\"><span><\/span><\/span>\r\n                <h4 class=\"theme-component-feature-item-header\">Geni\u015f Bir Filo<\/h4><p>Vip Transfer ve \u00d6zel Otob\u00fcs Transfer hizmetleri sunan geni\u015f bir ara\u00e7 filosu sunuyoruz.<\/p>\n\r\n            <\/div>\r\n        [\/vc_column_inner][\/vc_row_inner]\n            <\/div>\n        [\/vc_column][\/vc_row]<\/p>\n<\/div>","protected":false},"excerpt":{"rendered":"<p>[vc_row][vc_column width=&#8221;1\/3&#8243;][vc_single_image image=&#8221;23931&#8243; img_size=&#8221;full&#8221; css=&#8221;&#8221;][\/vc_column][vc_column width=&#8221;2\/3&#8243;][vc_column_text css=&#8221;&#8221; el_class=&#8221;theme-padding-top-30&#8243;]SakoLifeTransfer olarak, seyahat deneyiminizi daha konforlu ve l\u00fcks hale getirmek i\u00e7in VIP Transfer Hizmetleri sunuyoruz. VIP Transfer hizmetimiz, havaliman\u0131 transferleri ve otelden havaliman\u0131na transferler i\u00e7in \u00f6zel ara\u00e7lar ve deneyimli personel i\u00e7erir. Size ki\u015fiselle\u015ftirilmi\u015f ve konforlu bir seyahat deneyimi sunmak i\u00e7in tasarlanan VIP Transfer hizmetimiz, seyahatlerinizi daha keyifli ve [&#8230;]<\/p>\n","protected":false},"author":3,"featured_media":0,"parent":0,"menu_order":0,"comment_status":"closed","ping_status":"closed","template":"","meta":{"footnotes":""},"class_list":["post-25129","page","type-page","status-publish","hentry"],"_links":{"self":[{"href":"https:\/\/sakolifetransfer.com\/tr\/wp-json\/wp\/v2\/pages\/25129","targetHints":{"allow":["GET"]}}],"collection":[{"href":"https:\/\/sakolifetransfer.com\/tr\/wp-json\/wp\/v2\/pages"}],"about":[{"href":"https:\/\/sakolifetransfer.com\/tr\/wp-json\/wp\/v2\/types\/page"}],"author":[{"embeddable":true,"href":"https:\/\/sakolifetransfer.com\/tr\/wp-json\/wp\/v2\/users\/3"}],"replies":[{"embeddable":true,"href":"https:\/\/sakolifetransfer.com\/tr\/wp-json\/wp\/v2\/comments?post=25129"}],"version-history":[{"count":13,"href":"https:\/\/sakolifetransfer.com\/tr\/wp-json\/wp\/v2\/pages\/25129\/revisions"}],"predecessor-version":[{"id":25894,"href":"https:\/\/sakolifetransfer.com\/tr\/wp-json\/wp\/v2\/pages\/25129\/revisions\/25894"}],"wp:attachment":[{"href":"https:\/\/sakolifetransfer.com\/tr\/wp-json\/wp\/v2\/media?parent=25129"}],"curies":[{"name":"wp","href":"https:\/\/api.w.org\/{rel}","templated":true}]}}