{"id":25133,"date":"2024-07-03T13:00:08","date_gmt":"2024-07-03T10:00:08","guid":{"rendered":"https:\/\/sakolifetransfer.com\/city-and-inter-city-transfer-services\/"},"modified":"2024-07-11T16:23:33","modified_gmt":"2024-07-11T13:23:33","slug":"sehir-ici-ve-sehirler-arasi-transfer-hizmetleri","status":"publish","type":"page","link":"https:\/\/sakolifetransfer.com\/tr\/sehir-ici-ve-sehirler-arasi-transfer-hizmetleri\/","title":{"rendered":"\u015eehir \u0130\u00e7i ve \u015eehirler Aras\u0131 Transfer Hizmetleri"},"content":{"rendered":"<div class=\"wpb-content-wrapper\"><p>[vc_row][vc_column width=&#8221;1\/3&#8243;][vc_single_image image=&#8221;23945&#8243; img_size=&#8221;full&#8221; css=&#8221;&#8221;][\/vc_column][vc_column width=&#8221;2\/3&#8243;]\r\n            <p class=\"theme-component-paragraph-large theme-component-paragraph-large-style-2 alignleft theme-padding-top-0 theme-padding-bottom-0\">\r\n                \u015eehir \u0130\u00e7i ve \u015eehirler Aras\u0131 Transfer Hizmetleri\r\n            <\/p>\r\n        [vc_column_text css=&#8221;&#8221; el_class=&#8221;theme-padding-top-30&#8243;]SakoLifeTransfer, bireyler ve gruplar i\u00e7in g\u00fcvenilir ve uygun \u015fehir i\u00e7i ve \u015fehirler aras\u0131 transfer hizmetleri sunmaktad\u0131r. \u0130ster \u015fehir i\u00e7inde ister \u015fehir d\u0131\u015f\u0131nda bir var\u0131\u015f noktas\u0131na ula\u015f\u0131m ihtiyac\u0131n\u0131z olsun, transfer hizmetlerimiz ihtiya\u00e7lar\u0131n\u0131z\u0131 kar\u015f\u0131layacak \u015fekilde tasarlanm\u0131\u015ft\u0131r.[\/vc_column_text][\/vc_column][\/vc_row][vc_row el_class=&#8221;theme-margin-top-20&#8243;][vc_column]\r\n            <p class=\"theme-component-paragraph-large theme-component-paragraph-large-style-2 alignleft theme-padding-top-0 theme-padding-bottom-0\">\r\n                \u015eehir \u0130\u00e7i ve \u015eehirler Aras\u0131 Transfer Hizmetlerimizin Temel \u00d6zellikleri:\r\n            <\/p>\r\n        [vc_column_text css=&#8221;&#8221; el_class=&#8221;theme-padding-top-30&#8243;]<\/p>\n<ul>\n<li><strong>Konforlu Ara\u00e7lar<\/strong>: Siz ve grubunuz i\u00e7in konforlu bir yolculuk sa\u011flamak \u00fczere ihtiya\u00e7lar\u0131n\u0131za uygun \u00e7e\u015fitli ara\u00e7lar sunuyoruz.<\/li>\n<li><strong>Profesyonel S\u00fcr\u00fcc\u00fcler<\/strong>: S\u00fcr\u00fcc\u00fclerimiz b\u00f6lge hakk\u0131nda deneyimli ve bilgilidir, var\u0131\u015f noktan\u0131za g\u00fcvenli ve verimli bir yolculuk sa\u011flar.<\/li>\n<li><strong>\u00d6zelle\u015ftirilmi\u015f G\u00fczergahlar<\/strong>: \u0130ster i\u015f ister tatil ama\u00e7l\u0131 seyahat ediyor olun, seyahat ihtiya\u00e7lar\u0131n\u0131za uygun \u00f6zelle\u015ftirilmi\u015f g\u00fczergahlar sunuyoruz.<\/li>\n<li><strong>7\/24 Kullan\u0131labilirlik<\/strong>: Transfer hizmetlerimiz haftan\u0131n 7 g\u00fcn\u00fc, g\u00fcn\u00fcn 24 saati mevcuttur, b\u00f6ylece sizin i\u00e7in uygun olan her an seyahat edebilirsiniz.<\/li>\n<li><strong>Rekabet\u00e7i Fiyatlar<\/strong>: \u015eehir i\u00e7i ve \u015fehirler aras\u0131 transfer hizmetlerimiz i\u00e7in rekabet\u00e7i fiyatlar sunarak seyahat ihtiya\u00e7lar\u0131n\u0131z i\u00e7in uygun bir se\u00e7enek haline getiriyoruz.<\/li>\n<\/ul>\n<p>\u015eehir i\u00e7i ve \u015fehirler aras\u0131 transfer hizmetlerimizin rahatl\u0131\u011f\u0131n\u0131 ve konforunu ya\u015fay\u0131n. Transferinizi rezerve etmek ve gidece\u011finiz yere stressiz bir yolculu\u011fun tad\u0131n\u0131 \u00e7\u0131karmak i\u00e7in bug\u00fcn SakoLifeTransfer ile ileti\u015fime ge\u00e7in.[\/vc_column_text][\/vc_column][\/vc_row][vc_row el_class=&#8221;theme-column-style-6 theme-padding-bottom-0&#8243;][vc_column el_class=&#8221;theme-margin-bottom-20&#8243;]<div class=\"theme-component-list theme-component-list-style-2\">\n<ul>\n<li>Profesyonel E\u011fitimli \u015eof\u00f6rler<\/li>\n<li>7\/24 Tam Hizmet Ta\u015f\u0131mac\u0131l\u0131\u011f\u0131<\/li>\n<li>K\u00fcresel Ta\u015f\u0131mac\u0131l\u0131k Ortaklar\u0131<\/li>\n<\/ul>\n<\/div>[\/vc_column][\/vc_row][vc_row][vc_column el_class=&#8221;theme-margin-bottom-0&#8243;][vc_custom_heading text=&#8221;Avantajlar&#8221; font_container=&#8221;tag:h3|text_align:center&#8221; use_theme_fonts=&#8221;yes&#8221; el_class=&#8221;theme-margin-top-60 theme-margin-bottom-50&#8243;][\/vc_column][\/vc_row][vc_row][vc_column el_class=&#8221;theme-margin-bottom-0&#8243;]\n            <div class=\"theme-component-feature theme-component-feature-style-1\">\n                [vc_row_inner][vc_column_inner width=&#8221;1\/3&#8243;]\r\n            <div class=\"theme-component-feature-item\">\r\n                <span class=\"theme-icon-feature-check theme-component-feature-item-icon\"><span><\/span><\/span>\r\n                <h4 class=\"theme-component-feature-item-header\">\u00d6nce G\u00fcvenlik<\/h4><p>Deneyimli personel ve profesyonel olarak e\u011fitilmi\u015f \u015fof\u00f6rler.<\/p>\n\r\n            <\/div>\r\n        [\/vc_column_inner][vc_column_inner width=&#8221;1\/3&#8243;]\r\n            <div class=\"theme-component-feature-item\">\r\n                <span class=\"theme-icon-feature-price theme-component-feature-item-icon\"><span><\/span><\/span>\r\n                <h4 class=\"theme-component-feature-item-header\">Uygun Fiyatlar<\/h4><p>Size b\u00fct\u00e7enize uygun do\u011fru arac\u0131 do\u011fru fiyata sunabiliriz.<\/p>\n\r\n            <\/div>\r\n        [\/vc_column_inner][vc_column_inner width=&#8221;1\/3&#8243;]\r\n            <div class=\"theme-component-feature-item\">\r\n                <span class=\"theme-icon-feature-route-1 theme-component-feature-item-icon\"><span><\/span><\/span>\r\n                <h4 class=\"theme-component-feature-item-header\">Geni\u015f Bir Filo<\/h4><p>Vip Transfer ve \u00d6zel Otob\u00fcs Transfer hizmetleri sunan geni\u015f bir ara\u00e7 filosu sunuyoruz.<\/p>\n\r\n            <\/div>\r\n        [\/vc_column_inner][\/vc_row_inner]\n            <\/div>\n        [\/vc_column][\/vc_row]<\/p>\n<\/div>","protected":false},"excerpt":{"rendered":"<p>[vc_row][vc_column width=&#8221;1\/3&#8243;][vc_single_image image=&#8221;23945&#8243; img_size=&#8221;full&#8221; css=&#8221;&#8221;][\/vc_column][vc_column width=&#8221;2\/3&#8243;][vc_column_text css=&#8221;&#8221; el_class=&#8221;theme-padding-top-30&#8243;]SakoLifeTransfer, bireyler ve gruplar i\u00e7in g\u00fcvenilir ve uygun \u015fehir i\u00e7i ve \u015fehirler aras\u0131 transfer hizmetleri sunmaktad\u0131r. \u0130ster \u015fehir i\u00e7inde ister \u015fehir d\u0131\u015f\u0131nda bir var\u0131\u015f noktas\u0131na ula\u015f\u0131m ihtiyac\u0131n\u0131z olsun, transfer hizmetlerimiz ihtiya\u00e7lar\u0131n\u0131z\u0131 kar\u015f\u0131layacak \u015fekilde tasarlanm\u0131\u015ft\u0131r.[\/vc_column_text][\/vc_column][\/vc_row][vc_row el_class=&#8221;theme-margin-top-20&#8243;][vc_column][vc_column_text css=&#8221;&#8221; el_class=&#8221;theme-padding-top-30&#8243;] Konforlu Ara\u00e7lar: Siz ve grubunuz i\u00e7in konforlu bir yolculuk sa\u011flamak \u00fczere [&#8230;]<\/p>\n","protected":false},"author":3,"featured_media":0,"parent":0,"menu_order":0,"comment_status":"closed","ping_status":"closed","template":"","meta":{"footnotes":""},"class_list":["post-25133","page","type-page","status-publish","hentry"],"_links":{"self":[{"href":"https:\/\/sakolifetransfer.com\/tr\/wp-json\/wp\/v2\/pages\/25133","targetHints":{"allow":["GET"]}}],"collection":[{"href":"https:\/\/sakolifetransfer.com\/tr\/wp-json\/wp\/v2\/pages"}],"about":[{"href":"https:\/\/sakolifetransfer.com\/tr\/wp-json\/wp\/v2\/types\/page"}],"author":[{"embeddable":true,"href":"https:\/\/sakolifetransfer.com\/tr\/wp-json\/wp\/v2\/users\/3"}],"replies":[{"embeddable":true,"href":"https:\/\/sakolifetransfer.com\/tr\/wp-json\/wp\/v2\/comments?post=25133"}],"version-history":[{"count":13,"href":"https:\/\/sakolifetransfer.com\/tr\/wp-json\/wp\/v2\/pages\/25133\/revisions"}],"predecessor-version":[{"id":25893,"href":"https:\/\/sakolifetransfer.com\/tr\/wp-json\/wp\/v2\/pages\/25133\/revisions\/25893"}],"wp:attachment":[{"href":"https:\/\/sakolifetransfer.com\/tr\/wp-json\/wp\/v2\/media?parent=25133"}],"curies":[{"name":"wp","href":"https:\/\/api.w.org\/{rel}","templated":true}]}}