{"id":25137,"date":"2024-07-03T12:58:00","date_gmt":"2024-07-03T09:58:00","guid":{"rendered":"https:\/\/sakolifetransfer.com\/hotel-transfer-services\/"},"modified":"2024-07-11T16:25:51","modified_gmt":"2024-07-11T13:25:51","slug":"otel-transfer-hizmetleri","status":"publish","type":"page","link":"https:\/\/sakolifetransfer.com\/tr\/otel-transfer-hizmetleri\/","title":{"rendered":"Otel Transfer Hizmetleri"},"content":{"rendered":"<div class=\"wpb-content-wrapper\"><p>[vc_row][vc_column width=&#8221;1\/3&#8243;][vc_single_image image=&#8221;23933&#8243; img_size=&#8221;full&#8221; css=&#8221;&#8221;][\/vc_column][vc_column width=&#8221;2\/3&#8243;]\r\n            <p class=\"theme-component-paragraph-large theme-component-paragraph-large-style-2 alignleft theme-padding-top-0 theme-padding-bottom-0\">\r\n                Otel Transfer Hizmetleri\r\n            <\/p>\r\n        [vc_column_text css=&#8221;&#8221; el_class=&#8221;theme-padding-top-30&#8243;]SakoLifeTransfer, misafirlerimiz i\u00e7in sorunsuz ve keyifli bir seyahat deneyimi sa\u011flamak i\u00e7in g\u00fcvenilir ve uygun otel transfer hizmetleri sunmaktad\u0131r. \u0130ster havaliman\u0131ndan geliyor olun, ister ba\u015fka bir yerden otelinize transfer ihtiyac\u0131n\u0131z olsun, otel transfer hizmetlerimiz ihtiya\u00e7lar\u0131n\u0131z\u0131 kar\u015f\u0131lamak \u00fczere tasarlanm\u0131\u015ft\u0131r.[\/vc_column_text][\/vc_column][\/vc_row][vc_row el_class=&#8221;theme-margin-top-20&#8243;][vc_column]\r\n            <p class=\"theme-component-paragraph-large theme-component-paragraph-large-style-2 alignleft theme-padding-top-0 theme-padding-bottom-0\">\r\n                Otel Transfer Hizmetlerimizin Temel \u00d6zellikleri:\r\n            <\/p>\r\n        [vc_column_text css=&#8221;&#8221; el_class=&#8221;theme-padding-top-30&#8243;]<\/p>\n<ul>\n<li><strong>Verimli Transferler<\/strong>: Otelinize ve otelinizden verimli ve zaman\u0131nda transferler sa\u011flayarak var\u0131\u015f noktan\u0131za zaman\u0131nda ve sorunsuz bir \u015fekilde ula\u015fman\u0131z\u0131 sa\u011fl\u0131yoruz.<\/li>\n<li><strong>Konforlu Ara\u00e7lar<\/strong>: Bak\u0131ml\u0131 ve konfor i\u00e7in tasarlanm\u0131\u015f ara\u00e7 filomuz, otelinize keyifli bir yolculuk yapman\u0131z\u0131 sa\u011flar.<\/li>\n<li><strong>Profesyonel S\u00fcr\u00fcc\u00fcler<\/strong>: S\u00fcr\u00fcc\u00fclerimiz b\u00f6lge hakk\u0131nda deneyimli ve bilgilidir, otelinize g\u00fcvenli ve verimli bir \u015fekilde ula\u015fman\u0131z\u0131 sa\u011flar.<\/li>\n<li><strong>7\/24 Kullan\u0131labilirlik<\/strong>: Otel transfer hizmetlerimiz haftan\u0131n 7 g\u00fcn\u00fc, g\u00fcn\u00fcn 24 saati mevcuttur, b\u00f6ylece t\u00fcm transfer ihtiya\u00e7lar\u0131n\u0131z i\u00e7in bize g\u00fcvenebilirsiniz.<\/li>\n<li>Ki\u015fiye <strong>\u00d6zel Hizmet<\/strong>: \u0130ster tek ba\u015f\u0131n\u0131za ister bir grupla seyahat ediyor olun, ihtiya\u00e7lar\u0131n\u0131za uygun \u00f6zelle\u015ftirilmi\u015f transfer hizmetleri sunuyoruz.<\/li>\n<\/ul>\n<p>Otel transfer hizmetlerimizin rahatl\u0131\u011f\u0131n\u0131 ve konforunu ya\u015fay\u0131n. Otel transferinizi rezerve etmek ve konaklama yerinize stressiz bir yolculu\u011fun tad\u0131n\u0131 \u00e7\u0131karmak i\u00e7in bug\u00fcn SakoLifeTransfer ile ileti\u015fime ge\u00e7in.[\/vc_column_text][\/vc_column][\/vc_row][vc_row el_class=&#8221;theme-column-style-6 theme-padding-bottom-0&#8243;][vc_column el_class=&#8221;theme-margin-bottom-20&#8243;]<div class=\"theme-component-list theme-component-list-style-2\">\n<ul>\n<li>Profesyonel E\u011fitimli \u015eof\u00f6rler<\/li>\n<li>7\/24 Tam Hizmet Ta\u015f\u0131mac\u0131l\u0131\u011f\u0131<\/li>\n<li>K\u00fcresel Ta\u015f\u0131mac\u0131l\u0131k Ortaklar\u0131<\/li>\n<\/ul>\n<\/div>[\/vc_column][\/vc_row][vc_row][vc_column el_class=&#8221;theme-margin-bottom-0&#8243;][vc_custom_heading text=&#8221;Avantajlar&#8221; font_container=&#8221;tag:h3|text_align:center&#8221; use_theme_fonts=&#8221;yes&#8221; el_class=&#8221;theme-margin-top-60 theme-margin-bottom-50&#8243;][\/vc_column][\/vc_row][vc_row][vc_column el_class=&#8221;theme-margin-bottom-0&#8243;]\n            <div class=\"theme-component-feature theme-component-feature-style-1\">\n                [vc_row_inner][vc_column_inner width=&#8221;1\/3&#8243;]\r\n            <div class=\"theme-component-feature-item\">\r\n                <span class=\"theme-icon-feature-check theme-component-feature-item-icon\"><span><\/span><\/span>\r\n                <h4 class=\"theme-component-feature-item-header\">\u00d6nce G\u00fcvenlik<\/h4><p>Deneyimli personel ve profesyonel olarak e\u011fitilmi\u015f \u015fof\u00f6rler.<\/p>\n\r\n            <\/div>\r\n        [\/vc_column_inner][vc_column_inner width=&#8221;1\/3&#8243;]\r\n            <div class=\"theme-component-feature-item\">\r\n                <span class=\"theme-icon-feature-price theme-component-feature-item-icon\"><span><\/span><\/span>\r\n                <h4 class=\"theme-component-feature-item-header\">Uygun Fiyatlar<\/h4><p>Size b\u00fct\u00e7enize uygun do\u011fru arac\u0131 do\u011fru fiyata sunabiliriz.<\/p>\n\r\n            <\/div>\r\n        [\/vc_column_inner][vc_column_inner width=&#8221;1\/3&#8243;]\r\n            <div class=\"theme-component-feature-item\">\r\n                <span class=\"theme-icon-feature-route-1 theme-component-feature-item-icon\"><span><\/span><\/span>\r\n                <h4 class=\"theme-component-feature-item-header\">Geni\u015f Bir Filo<\/h4><p>Vip Transfer ve \u00d6zel Otob\u00fcs Transfer hizmetleri sunan geni\u015f bir ara\u00e7 filosu sunuyoruz.<\/p>\n\r\n            <\/div>\r\n        [\/vc_column_inner][\/vc_row_inner]\n            <\/div>\n        [\/vc_column][\/vc_row]<\/p>\n<\/div>","protected":false},"excerpt":{"rendered":"<p>[vc_row][vc_column width=&#8221;1\/3&#8243;][vc_single_image image=&#8221;23933&#8243; img_size=&#8221;full&#8221; css=&#8221;&#8221;][\/vc_column][vc_column width=&#8221;2\/3&#8243;][vc_column_text css=&#8221;&#8221; el_class=&#8221;theme-padding-top-30&#8243;]SakoLifeTransfer, misafirlerimiz i\u00e7in sorunsuz ve keyifli bir seyahat deneyimi sa\u011flamak i\u00e7in g\u00fcvenilir ve uygun otel transfer hizmetleri sunmaktad\u0131r. \u0130ster havaliman\u0131ndan geliyor olun, ister ba\u015fka bir yerden otelinize transfer ihtiyac\u0131n\u0131z olsun, otel transfer hizmetlerimiz ihtiya\u00e7lar\u0131n\u0131z\u0131 kar\u015f\u0131lamak \u00fczere tasarlanm\u0131\u015ft\u0131r.[\/vc_column_text][\/vc_column][\/vc_row][vc_row el_class=&#8221;theme-margin-top-20&#8243;][vc_column][vc_column_text css=&#8221;&#8221; el_class=&#8221;theme-padding-top-30&#8243;] Verimli Transferler: Otelinize ve otelinizden verimli ve zaman\u0131nda [&#8230;]<\/p>\n","protected":false},"author":3,"featured_media":0,"parent":0,"menu_order":0,"comment_status":"closed","ping_status":"closed","template":"","meta":{"footnotes":""},"class_list":["post-25137","page","type-page","status-publish","hentry"],"_links":{"self":[{"href":"https:\/\/sakolifetransfer.com\/tr\/wp-json\/wp\/v2\/pages\/25137","targetHints":{"allow":["GET"]}}],"collection":[{"href":"https:\/\/sakolifetransfer.com\/tr\/wp-json\/wp\/v2\/pages"}],"about":[{"href":"https:\/\/sakolifetransfer.com\/tr\/wp-json\/wp\/v2\/types\/page"}],"author":[{"embeddable":true,"href":"https:\/\/sakolifetransfer.com\/tr\/wp-json\/wp\/v2\/users\/3"}],"replies":[{"embeddable":true,"href":"https:\/\/sakolifetransfer.com\/tr\/wp-json\/wp\/v2\/comments?post=25137"}],"version-history":[{"count":11,"href":"https:\/\/sakolifetransfer.com\/tr\/wp-json\/wp\/v2\/pages\/25137\/revisions"}],"predecessor-version":[{"id":25895,"href":"https:\/\/sakolifetransfer.com\/tr\/wp-json\/wp\/v2\/pages\/25137\/revisions\/25895"}],"wp:attachment":[{"href":"https:\/\/sakolifetransfer.com\/tr\/wp-json\/wp\/v2\/media?parent=25137"}],"curies":[{"name":"wp","href":"https:\/\/api.w.org\/{rel}","templated":true}]}}