{"id":25141,"date":"2024-07-03T12:54:57","date_gmt":"2024-07-03T09:54:57","guid":{"rendered":"https:\/\/sakolifetransfer.com\/group-transfer-services\/"},"modified":"2024-07-11T16:26:42","modified_gmt":"2024-07-11T13:26:42","slug":"grup-transfer-hizmetleri","status":"publish","type":"page","link":"https:\/\/sakolifetransfer.com\/tr\/grup-transfer-hizmetleri\/","title":{"rendered":"Grup Transfer Hizmetleri"},"content":{"rendered":"<div class=\"wpb-content-wrapper\"><p>[vc_row][vc_column width=&#8221;1\/3&#8243;][vc_single_image image=&#8221;23935&#8243; img_size=&#8221;full&#8221; css=&#8221;&#8221;][\/vc_column][vc_column width=&#8221;2\/3&#8243;]\r\n            <p class=\"theme-component-paragraph-large theme-component-paragraph-large-style-2 alignleft theme-padding-top-0 theme-padding-bottom-0\">\r\n                Grup Transfer Hizmetleri\r\n            <\/p>\r\n        [vc_column_text css=&#8221;&#8221; el_class=&#8221;theme-padding-top-30&#8243;]SakoLifeTransfer, her t\u00fcrl\u00fc grup seyahati ihtiyac\u0131 i\u00e7in g\u00fcvenilir ve konforlu grup transfer hizmetleri sunmaktad\u0131r. \u0130ster ailenizle, ister arkada\u015flar\u0131n\u0131zla veya i\u015f arkada\u015flar\u0131n\u0131zla seyahat ediyor olun, grup transfer hizmetlerimiz grubunuzdaki herkes i\u00e7in sorunsuz ve keyifli bir yolculuk sa\u011flamak \u00fczere tasarlanm\u0131\u015ft\u0131r.[\/vc_column_text][\/vc_column][\/vc_row][vc_row el_class=&#8221;theme-margin-top-20&#8243;][vc_column]\r\n            <p class=\"theme-component-paragraph-large theme-component-paragraph-large-style-2 alignleft theme-padding-top-0 theme-padding-bottom-0\">\r\n                Grup Transfer Hizmetlerimizin Temel \u00d6zellikleri:\r\n            <\/p>\r\n        [vc_column_text css=&#8221;&#8221; el_class=&#8221;theme-padding-top-30&#8243;]<\/p>\n<ul>\n<li><strong>Geni\u015f Ara\u00e7lar<\/strong>: Her b\u00fcy\u00fckl\u00fckteki grubu a\u011f\u0131rlayabilecek ve herkesin birlikte rahat\u00e7a seyahat etmesini sa\u011flayacak \u00e7e\u015fitli ara\u00e7lar sunuyoruz.<\/li>\n<li><strong>Profesyonel S\u00fcr\u00fcc\u00fcler<\/strong>: S\u00fcr\u00fcc\u00fclerimiz deneyimli ve naziktir, siz ve grubunuz i\u00e7in g\u00fcvenli ve keyifli bir yolculuk sa\u011flar.<\/li>\n<li><strong>\u00d6zelle\u015ftirilmi\u015f G\u00fczergahlar<\/strong>: \u0130ster tatil ister i\u015f ama\u00e7l\u0131 seyahat ediyor olun, grubunuzun ihtiya\u00e7lar\u0131na uygun \u00f6zelle\u015ftirilmi\u015f seyahat programlar\u0131 sunuyoruz.<\/li>\n<li><strong>7\/24 Kullan\u0131labilirlik<\/strong>: Grup transfer hizmetlerimiz haftan\u0131n 7 g\u00fcn\u00fc, g\u00fcn\u00fcn 24 saati mevcuttur, b\u00f6ylece sizin i\u00e7in uygun olan her an seyahat edebilirsiniz.<\/li>\n<li><strong>Rekabet\u00e7i Fiyatlar<\/strong>: Grup transfer hizmetlerimiz i\u00e7in rekabet\u00e7i fiyatlar sunuyoruz, bu da onu grup seyahat ihtiya\u00e7lar\u0131n\u0131z i\u00e7in uygun fiyatl\u0131 bir se\u00e7enek haline getiriyor.<\/li>\n<\/ul>\n<p>SakoLifeTransfer ile sorunsuz bir grup transferi ya\u015fay\u0131n. Grup transferinizi rezerve etmek ve grubunuz i\u00e7in konforlu ve rahat bir yolculu\u011fun tad\u0131n\u0131 \u00e7\u0131karmak i\u00e7in bug\u00fcn bize ula\u015f\u0131n.[\/vc_column_text][\/vc_column][\/vc_row][vc_row el_class=&#8221;theme-column-style-6 theme-padding-bottom-0&#8243;][vc_column el_class=&#8221;theme-margin-bottom-20&#8243;]<div class=\"theme-component-list theme-component-list-style-2\">\n<ul>\n<li>Profesyonel E\u011fitimli \u015eof\u00f6rler<\/li>\n<li>7\/24 Tam Hizmet Ta\u015f\u0131mac\u0131l\u0131\u011f\u0131<\/li>\n<li>K\u00fcresel Ta\u015f\u0131mac\u0131l\u0131k Ortaklar\u0131<\/li>\n<\/ul>\n<\/div>[\/vc_column][\/vc_row][vc_row][vc_column el_class=&#8221;theme-margin-bottom-0&#8243;][vc_custom_heading text=&#8221;Avantajlar&#8221; font_container=&#8221;tag:h3|text_align:center&#8221; use_theme_fonts=&#8221;yes&#8221; el_class=&#8221;theme-margin-top-60 theme-margin-bottom-50&#8243;][\/vc_column][\/vc_row][vc_row][vc_column el_class=&#8221;theme-margin-bottom-0&#8243;]\n            <div class=\"theme-component-feature theme-component-feature-style-1\">\n                [vc_row_inner][vc_column_inner width=&#8221;1\/3&#8243;]\r\n            <div class=\"theme-component-feature-item\">\r\n                <span class=\"theme-icon-feature-check theme-component-feature-item-icon\"><span><\/span><\/span>\r\n                <h4 class=\"theme-component-feature-item-header\">\u00d6nce G\u00fcvenlik<\/h4><p>Deneyimli personel ve profesyonel olarak e\u011fitilmi\u015f \u015fof\u00f6rler.<\/p>\n\r\n            <\/div>\r\n        [\/vc_column_inner][vc_column_inner width=&#8221;1\/3&#8243;]\r\n            <div class=\"theme-component-feature-item\">\r\n                <span class=\"theme-icon-feature-price theme-component-feature-item-icon\"><span><\/span><\/span>\r\n                <h4 class=\"theme-component-feature-item-header\">Uygun Fiyatlar<\/h4><p>Size b\u00fct\u00e7enize uygun do\u011fru arac\u0131 do\u011fru fiyata sunabiliriz.<\/p>\n\r\n            <\/div>\r\n        [\/vc_column_inner][vc_column_inner width=&#8221;1\/3&#8243;]\r\n            <div class=\"theme-component-feature-item\">\r\n                <span class=\"theme-icon-feature-route-1 theme-component-feature-item-icon\"><span><\/span><\/span>\r\n                <h4 class=\"theme-component-feature-item-header\">Geni\u015f Bir Filo<\/h4><p>Vip Transfer ve \u00d6zel Otob\u00fcs Transfer hizmetleri sunan geni\u015f bir ara\u00e7 filosu sunuyoruz.<\/p>\n\r\n            <\/div>\r\n        [\/vc_column_inner][\/vc_row_inner]\n            <\/div>\n        [\/vc_column][\/vc_row]<\/p>\n<\/div>","protected":false},"excerpt":{"rendered":"<p>[vc_row][vc_column width=&#8221;1\/3&#8243;][vc_single_image image=&#8221;23935&#8243; img_size=&#8221;full&#8221; css=&#8221;&#8221;][\/vc_column][vc_column width=&#8221;2\/3&#8243;][vc_column_text css=&#8221;&#8221; el_class=&#8221;theme-padding-top-30&#8243;]SakoLifeTransfer, her t\u00fcrl\u00fc grup seyahati ihtiyac\u0131 i\u00e7in g\u00fcvenilir ve konforlu grup transfer hizmetleri sunmaktad\u0131r. \u0130ster ailenizle, ister arkada\u015flar\u0131n\u0131zla veya i\u015f arkada\u015flar\u0131n\u0131zla seyahat ediyor olun, grup transfer hizmetlerimiz grubunuzdaki herkes i\u00e7in sorunsuz ve keyifli bir yolculuk sa\u011flamak \u00fczere tasarlanm\u0131\u015ft\u0131r.[\/vc_column_text][\/vc_column][\/vc_row][vc_row el_class=&#8221;theme-margin-top-20&#8243;][vc_column][vc_column_text css=&#8221;&#8221; el_class=&#8221;theme-padding-top-30&#8243;] Geni\u015f Ara\u00e7lar: Her b\u00fcy\u00fckl\u00fckteki grubu a\u011f\u0131rlayabilecek ve [&#8230;]<\/p>\n","protected":false},"author":3,"featured_media":0,"parent":0,"menu_order":0,"comment_status":"closed","ping_status":"closed","template":"","meta":{"footnotes":""},"class_list":["post-25141","page","type-page","status-publish","hentry"],"_links":{"self":[{"href":"https:\/\/sakolifetransfer.com\/tr\/wp-json\/wp\/v2\/pages\/25141","targetHints":{"allow":["GET"]}}],"collection":[{"href":"https:\/\/sakolifetransfer.com\/tr\/wp-json\/wp\/v2\/pages"}],"about":[{"href":"https:\/\/sakolifetransfer.com\/tr\/wp-json\/wp\/v2\/types\/page"}],"author":[{"embeddable":true,"href":"https:\/\/sakolifetransfer.com\/tr\/wp-json\/wp\/v2\/users\/3"}],"replies":[{"embeddable":true,"href":"https:\/\/sakolifetransfer.com\/tr\/wp-json\/wp\/v2\/comments?post=25141"}],"version-history":[{"count":13,"href":"https:\/\/sakolifetransfer.com\/tr\/wp-json\/wp\/v2\/pages\/25141\/revisions"}],"predecessor-version":[{"id":25897,"href":"https:\/\/sakolifetransfer.com\/tr\/wp-json\/wp\/v2\/pages\/25141\/revisions\/25897"}],"wp:attachment":[{"href":"https:\/\/sakolifetransfer.com\/tr\/wp-json\/wp\/v2\/media?parent=25141"}],"curies":[{"name":"wp","href":"https:\/\/api.w.org\/{rel}","templated":true}]}}