{"id":25145,"date":"2024-07-03T12:25:37","date_gmt":"2024-07-03T09:25:37","guid":{"rendered":"https:\/\/sakolifetransfer.com\/airport-pickup\/"},"modified":"2024-07-11T13:56:19","modified_gmt":"2024-07-11T10:56:19","slug":"havaalani-karsilama","status":"publish","type":"page","link":"https:\/\/sakolifetransfer.com\/tr\/havaalani-karsilama\/","title":{"rendered":"Havaalan\u0131 Kar\u015f\u0131lama"},"content":{"rendered":"<div class=\"wpb-content-wrapper\"><p>[vc_row][vc_column width=&#8221;1\/3&#8243;][vc_single_image image=&#8221;23925&#8243; img_size=&#8221;full&#8221; css=&#8221;&#8221;][\/vc_column][vc_column width=&#8221;2\/3&#8243;]\r\n            <p class=\"theme-component-paragraph-large theme-component-paragraph-large-style-2 alignleft theme-padding-top-0 theme-padding-bottom-0\">\r\n                Havaalan\u0131 Kar\u015f\u0131lama ve U\u011furlama Hizmetleri\r\n            <\/p>\r\n        [vc_column_text css=&#8221;&#8221; el_class=&#8221;theme-padding-top-30&#8243;]SakoLifeTransfer&#8217;de, m\u00fc\u015fterilerimize sorunsuz ve stressiz bir seyahat deneyimi sa\u011flamak i\u00e7in havaalan\u0131 kar\u015f\u0131lama ve selamlama hizmetleri sunuyoruz. Kar\u015f\u0131lama ve kar\u015f\u0131lama hizmetimiz, sizi havaalan\u0131nda kar\u015f\u0131layacak, bagaj konusunda yard\u0131mc\u0131 olacak ve arac\u0131n\u0131za kadar e\u015flik edecek ki\u015fisel bir konsiyerj i\u00e7erir. \u0130ster geli\u015f ister gidi\u015f olsun, kar\u015f\u0131lama ve u\u011furlama hizmetimiz size havaliman\u0131nda sorunsuz bir ge\u00e7i\u015f sa\u011flamak \u00fczere tasarlanm\u0131\u015ft\u0131r.[\/vc_column_text][\/vc_column][\/vc_row][vc_row el_class=&#8221;theme-margin-top-20&#8243;][vc_column]\r\n            <p class=\"theme-component-paragraph-large theme-component-paragraph-large-style-2 alignleft theme-padding-top-0 theme-padding-bottom-0\">\r\n                Tan\u0131\u015fma ve Kar\u015f\u0131lama Hizmetimizin Temel \u00d6zellikleri:\r\n            <\/p>\r\n        [vc_column_text css=&#8221;&#8221; el_class=&#8221;theme-padding-top-30&#8243;]<\/p>\n<ul>\n<li><strong>Ki\u015fiselle\u015ftirilmi\u015f Hizmet<\/strong>: Profesyonel konsiyerjimiz sizi ki\u015fiselle\u015ftirilmi\u015f bir i\u015faretle kar\u015f\u0131lamak i\u00e7in orada olacak ve onlar\u0131 havaalan\u0131nda bulman\u0131z\u0131 kolayla\u015ft\u0131racakt\u0131r.<\/li>\n<li><strong>Bagaj Yard\u0131m\u0131<\/strong>: Konsiyerjimiz bagajlar\u0131n\u0131z konusunda size yard\u0131mc\u0131 olacak, g\u00fcvenli bir \u015fekilde arac\u0131n\u0131za y\u00fcklenmesini ve arac\u0131n\u0131zdan indirilmesini sa\u011flayacakt\u0131r.<\/li>\n<li><strong>Verimli Transferler<\/strong>: Havaalan\u0131na ve havaalan\u0131ndan verimli ve zaman\u0131nda transferler sa\u011flayarak var\u0131\u015f noktan\u0131za zaman\u0131nda ve stressiz bir \u015fekilde ula\u015fman\u0131z\u0131 sa\u011fl\u0131yoruz.<\/li>\n<li><strong>7\/24 Kullan\u0131labilirlik<\/strong>: Kar\u015f\u0131lama ve kar\u015f\u0131lama hizmetimiz haftan\u0131n 7 g\u00fcn\u00fc, g\u00fcn\u00fcn 24 saati mevcuttur, b\u00f6ylece t\u00fcm havaalan\u0131 transfer ihtiya\u00e7lar\u0131n\u0131z i\u00e7in bize g\u00fcvenebilirsiniz.<\/li>\n<\/ul>\n<p>Havaalan\u0131 kar\u015f\u0131lama ve u\u011furlama hizmetlerimizin rahatl\u0131\u011f\u0131n\u0131 ve konforunu ya\u015fay\u0131n. Kar\u015f\u0131lama ve kar\u015f\u0131lama hizmeti ile havaalan\u0131 transferinizi rezerve etmek i\u00e7in bug\u00fcn SakoLifeTransfer ile ileti\u015fime ge\u00e7in.[\/vc_column_text][\/vc_column][\/vc_row][vc_row el_class=&#8221;theme-column-style-6 theme-padding-bottom-0&#8243;][vc_column el_class=&#8221;theme-margin-bottom-20&#8243;]<div class=\"theme-component-list theme-component-list-style-2\">\n<ul>\n<li>Profesyonel E\u011fitimli \u015eof\u00f6rler<\/li>\n<li>7\/24 Tam Hizmet Ta\u015f\u0131mac\u0131l\u0131\u011f\u0131<\/li>\n<li>K\u00fcresel Ta\u015f\u0131mac\u0131l\u0131k Ortaklar\u0131<\/li>\n<\/ul>\n<\/div>[\/vc_column][\/vc_row][vc_row][vc_column el_class=&#8221;theme-margin-bottom-0&#8243;][vc_custom_heading text=&#8221;Avantajlar&#8221; font_container=&#8221;tag:h3|text_align:center&#8221; use_theme_fonts=&#8221;yes&#8221; el_class=&#8221;theme-margin-top-60 theme-margin-bottom-50&#8243;][\/vc_column][\/vc_row][vc_row][vc_column el_class=&#8221;theme-margin-bottom-0&#8243;]\n            <div class=\"theme-component-feature theme-component-feature-style-1\">\n                [vc_row_inner][vc_column_inner width=&#8221;1\/3&#8243;]\r\n            <div class=\"theme-component-feature-item\">\r\n                <span class=\"theme-icon-feature-check theme-component-feature-item-icon\"><span><\/span><\/span>\r\n                <h4 class=\"theme-component-feature-item-header\">\u00d6nce G\u00fcvenlik<\/h4><p>Deneyimli personel ve profesyonel olarak e\u011fitilmi\u015f \u015fof\u00f6rler.<\/p>\n\r\n            <\/div>\r\n        [\/vc_column_inner][vc_column_inner width=&#8221;1\/3&#8243;]\r\n            <div class=\"theme-component-feature-item\">\r\n                <span class=\"theme-icon-feature-price theme-component-feature-item-icon\"><span><\/span><\/span>\r\n                <h4 class=\"theme-component-feature-item-header\">Uygun Fiyatlar<\/h4><p>Size b\u00fct\u00e7enize uygun do\u011fru arac\u0131 do\u011fru fiyata sunabiliriz.<\/p>\n\r\n            <\/div>\r\n        [\/vc_column_inner][vc_column_inner width=&#8221;1\/3&#8243;]\r\n            <div class=\"theme-component-feature-item\">\r\n                <span class=\"theme-icon-feature-route-1 theme-component-feature-item-icon\"><span><\/span><\/span>\r\n                <h4 class=\"theme-component-feature-item-header\">Geni\u015f Bir Filo<\/h4><p>Vip Transfer ve \u00d6zel Otob\u00fcs Transfer hizmetleri sunan geni\u015f bir ara\u00e7 filosu sunuyoruz.<\/p>\n\r\n            <\/div>\r\n        [\/vc_column_inner][\/vc_row_inner]\n            <\/div>\n        [\/vc_column][\/vc_row]<\/p>\n<\/div>","protected":false},"excerpt":{"rendered":"<p>[vc_row][vc_column width=&#8221;1\/3&#8243;][vc_single_image image=&#8221;23925&#8243; img_size=&#8221;full&#8221; css=&#8221;&#8221;][\/vc_column][vc_column width=&#8221;2\/3&#8243;][vc_column_text css=&#8221;&#8221; el_class=&#8221;theme-padding-top-30&#8243;]SakoLifeTransfer&#8217;de, m\u00fc\u015fterilerimize sorunsuz ve stressiz bir seyahat deneyimi sa\u011flamak i\u00e7in havaalan\u0131 kar\u015f\u0131lama ve selamlama hizmetleri sunuyoruz. Kar\u015f\u0131lama ve kar\u015f\u0131lama hizmetimiz, sizi havaalan\u0131nda kar\u015f\u0131layacak, bagaj konusunda yard\u0131mc\u0131 olacak ve arac\u0131n\u0131za kadar e\u015flik edecek ki\u015fisel bir konsiyerj i\u00e7erir. \u0130ster geli\u015f ister gidi\u015f olsun, kar\u015f\u0131lama ve u\u011furlama hizmetimiz size havaliman\u0131nda sorunsuz [&#8230;]<\/p>\n","protected":false},"author":3,"featured_media":0,"parent":0,"menu_order":0,"comment_status":"closed","ping_status":"closed","template":"","meta":{"footnotes":""},"class_list":["post-25145","page","type-page","status-publish","hentry"],"_links":{"self":[{"href":"https:\/\/sakolifetransfer.com\/tr\/wp-json\/wp\/v2\/pages\/25145","targetHints":{"allow":["GET"]}}],"collection":[{"href":"https:\/\/sakolifetransfer.com\/tr\/wp-json\/wp\/v2\/pages"}],"about":[{"href":"https:\/\/sakolifetransfer.com\/tr\/wp-json\/wp\/v2\/types\/page"}],"author":[{"embeddable":true,"href":"https:\/\/sakolifetransfer.com\/tr\/wp-json\/wp\/v2\/users\/3"}],"replies":[{"embeddable":true,"href":"https:\/\/sakolifetransfer.com\/tr\/wp-json\/wp\/v2\/comments?post=25145"}],"version-history":[{"count":12,"href":"https:\/\/sakolifetransfer.com\/tr\/wp-json\/wp\/v2\/pages\/25145\/revisions"}],"predecessor-version":[{"id":25854,"href":"https:\/\/sakolifetransfer.com\/tr\/wp-json\/wp\/v2\/pages\/25145\/revisions\/25854"}],"wp:attachment":[{"href":"https:\/\/sakolifetransfer.com\/tr\/wp-json\/wp\/v2\/media?parent=25145"}],"curies":[{"name":"wp","href":"https:\/\/api.w.org\/{rel}","templated":true}]}}