{"id":25149,"date":"2024-07-03T11:28:55","date_gmt":"2024-07-03T08:28:55","guid":{"rendered":"https:\/\/sakolifetransfer.com\/frequently-asked-questions\/"},"modified":"2024-09-09T14:44:54","modified_gmt":"2024-09-09T11:44:54","slug":"sikca-sorulan-sorular","status":"publish","type":"page","link":"https:\/\/sakolifetransfer.com\/tr\/sikca-sorulan-sorular\/","title":{"rendered":"S\u0131k\u00e7a Sorulan Sorular"},"content":{"rendered":"<div class=\"wpb-content-wrapper\"><p>[vc_row][vc_column][vc_column_text css=&#8221;&#8221;]<\/p>\n<h2><strong>S\u0131k\u00e7a Sorulan Sorular<\/strong><\/h2>\n<p>[\/vc_column_text][\/vc_column][\/vc_row][vc_row][vc_column][vc_custom_heading text=&#8221;1. Nas\u0131l transfer rezervasyonu yapabilirim?&#8221; font_container=&#8221;tag:h3|text_align:left&#8221; use_theme_fonts=&#8221;yes&#8221; css=&#8221;&#8221;][vc_column_text css=&#8221;&#8221;]<\/p>\n<ul>\n<li>SakoLife Transfer web sitemiz \u00fczerinden kolayca rezervasyon olu\u015fturabilirsiniz. Gitmek istedi\u011finiz g\u00fczergah\u0131 se\u00e7ip tarih ve saat bilgilerini girerek rezervasyon ad\u0131mlar\u0131n\u0131 takip edin. \u00c7a\u011fr\u0131 merkezimiz \u00fczerinden de rezervasyon yapabilirsiniz.  <\/li>\n<\/ul>\n<p>[\/vc_column_text][\/vc_column][\/vc_row][vc_row][vc_column][vc_custom_heading text=&#8221;2. Transfer rezervasyonumu nas\u0131l iptal edebilirim?&#8221; font_container=&#8221;tag:h3|text_align:left&#8221; use_theme_fonts=&#8221;yes&#8221; css=&#8221;&#8221;][vc_column_text css=&#8221;&#8221;]<\/p>\n<ul>\n<li>Rezervasyonunuzu iptal etmek i\u00e7in \u00e7a\u011fr\u0131 merkezimizle ileti\u015fime ge\u00e7ebilir veya rezervasyonlar\u0131n\u0131z\u0131 web sitemizdeki hesab\u0131n\u0131z \u00fczerinden y\u00f6netebilirsiniz.<\/li>\n<\/ul>\n<p>[\/vc_column_text][\/vc_column][\/vc_row][vc_row][vc_column][vc_custom_heading text=&#8221;3. \u00d6deme se\u00e7enekleri nelerdir?&#8221; font_container=&#8221;tag:h3|text_align:left&#8221; use_theme_fonts=&#8221;yes&#8221; css=&#8221;&#8221;][vc_column_text css=&#8221;&#8221;]<\/p>\n<ul>\n<li>Transfer hizmetlerimiz i\u00e7in transfer s\u0131ras\u0131nda nakit \u00f6deme yapabilirsiniz<\/li>\n<\/ul>\n<p>[\/vc_column_text][\/vc_column][\/vc_row][vc_row][vc_column][vc_custom_heading text=&#8221;4. Hangi ara\u00e7 tipleri ile transfer hizmeti sunuyorsunuz?&#8221; font_container=&#8221;tag:h3|text_align:left&#8221; use_theme_fonts=&#8221;yes&#8221; css=&#8221;&#8221;][vc_column_text css=&#8221;&#8221;]<\/p>\n<ul>\n<li>SakoLife Transfer olarak VIP ara\u00e7lar\u0131m\u0131z ve VIP servislerimiz ile konforlu ve l\u00fcks bir yolculuk sunuyoruz. \u0130htiyac\u0131n\u0131za g\u00f6re ara\u00e7 tipini se\u00e7ebilirsiniz. <\/li>\n<\/ul>\n<p>[\/vc_column_text][\/vc_column][\/vc_row][vc_row][vc_column][vc_custom_heading text=&#8221;5. Transfer fiyat\u0131na neler dahildir?&#8221; font_container=&#8221;tag:h3|text_align:left&#8221; use_theme_fonts=&#8221;yes&#8221; css=&#8221;&#8221;][vc_column_text css=&#8221;&#8221;]<\/p>\n<ul>\n<li>Transfer \u00fccretine belirtilen g\u00fczergah boyunca ula\u015f\u0131m ve profesyonel s\u00fcr\u00fcc\u00fc hizmetleri dahildir. VIP hizmetler ve ekstra talepler i\u00e7in ek \u00fccretlendirme yap\u0131labilir. Rezervasyon s\u0131ras\u0131nda detaylar\u0131 g\u00f6r\u00fcnt\u00fcleyebilirsiniz.  <\/li>\n<\/ul>\n<p>[\/vc_column_text][\/vc_column][\/vc_row][vc_row][vc_column][vc_custom_heading text=&#8221;6. Transfer s\u0131ras\u0131nda ne gibi \u00f6nlemler al\u0131yorsunuz?&#8221; font_container=&#8221;tag:h3|text_align:left&#8221; use_theme_fonts=&#8221;yes&#8221; css=&#8221;&#8221;][vc_column_text css=&#8221;&#8221;]<\/p>\n<ul>\n<li>Ara\u00e7lar\u0131m\u0131z d\u00fczenli olarak dezenfekte edilmekte ve \u015fof\u00f6rlerimiz hijyen kurallar\u0131na uygun olarak hizmet vermektedir.<\/li>\n<\/ul>\n<p>[\/vc_column_text][\/vc_column][\/vc_row][vc_row][vc_column][vc_custom_heading text=&#8221;7. Seyahat sigortas\u0131 yapt\u0131rmal\u0131 m\u0131y\u0131m?&#8221; font_container=&#8221;tag:h3|text_align:left&#8221; use_theme_fonts=&#8221;yes&#8221; css=&#8221;&#8221;][vc_column_text css=&#8221;&#8221;]<\/p>\n<ul>\n<li>Seyahat sigortas\u0131 yapt\u0131rman\u0131z\u0131 tavsiye ederiz. Olas\u0131 beklenmedik durumlarda seyahatinizi g\u00fcvence alt\u0131na alarak sizi ek masraflardan korur. <\/li>\n<\/ul>\n<p>[\/vc_column_text][\/vc_column][\/vc_row][vc_row][vc_column][vc_custom_heading text=&#8221;8. \u00c7ocuklar i\u00e7in \u00f6zel koltuk se\u00e7enekleriniz var m\u0131?&#8221; font_container=&#8221;tag:h3|text_align:left&#8221; use_theme_fonts=&#8221;yes&#8221; css=&#8221;&#8221;][vc_column_text css=&#8221;&#8221;]<\/p>\n<ul>\n<li>Evet, \u00e7ocuklar i\u00e7in uygun g\u00fcvenlik koltuklar\u0131 sunuyoruz. Rezervasyon s\u0131ras\u0131nda bu iste\u011finizi belirterek talepte bulunabilirsiniz. <\/li>\n<\/ul>\n<p>[\/vc_column_text][\/vc_column][\/vc_row][vc_row][vc_column][vc_custom_heading text=&#8221;9. Evcil hayvanlarla transfer m\u00fcmk\u00fcn m\u00fc?&#8221; font_container=&#8221;tag:h3|text_align:left&#8221; use_theme_fonts=&#8221;yes&#8221; css=&#8221;&#8221;][vc_column_text css=&#8221;&#8221;]<\/p>\n<ul>\n<li>Evcil hayvanlar i\u00e7in transfer hizmetimiz mevcuttur. Evcil hayvanlarla seyahat etme taleplerinizi rezervasyon s\u0131ras\u0131nda iletebilirsiniz. <\/li>\n<\/ul>\n<p>[\/vc_column_text][\/vc_column][\/vc_row][vc_row][vc_column][vc_custom_heading text=&#8221;10. How can I change my reservation?&#8221; font_container=&#8221;tag:h3|text_align:left&#8221; use_theme_fonts=&#8221;yes&#8221; css=&#8221;&#8221;][vc_column_text css=&#8221;&#8221;]<\/p>\n<ul>\n<li>Rezervasyonunuzu web sitemizdeki rezervasyon y\u00f6netimi b\u00f6l\u00fcm\u00fcnden veya \u00e7a\u011fr\u0131 merkezimiz arac\u0131l\u0131\u011f\u0131yla de\u011fi\u015ftirebilirsiniz.<\/li>\n<\/ul>\n<p>[\/vc_column_text][\/vc_column][\/vc_row][vc_row][vc_column][vc_column_text css=&#8221;&#8221;]<\/p>\n<h5><strong>Bu SSS, SakoLife Transfer hakk\u0131nda genel bilgi vermek amac\u0131yla haz\u0131rlanm\u0131\u015ft\u0131r. Transfer paketleri ve rezervasyonlar hakk\u0131nda daha detayl\u0131 bilgi i\u00e7in l\u00fctfen bizimle ileti\u015fime ge\u00e7in. <\/strong><\/h5>\n<p>[\/vc_column_text][\/vc_column][\/vc_row]<\/p>\n<\/div>","protected":false},"excerpt":{"rendered":"<p>[vc_row][vc_column][vc_column_text css=&#8221;&#8221;] S\u0131k\u00e7a Sorulan Sorular [\/vc_column_text][\/vc_column][\/vc_row][vc_row][vc_column][vc_custom_heading text=&#8221;1. Nas\u0131l transfer rezervasyonu yapabilirim?&#8221; font_container=&#8221;tag:h3|text_align:left&#8221; use_theme_fonts=&#8221;yes&#8221; css=&#8221;&#8221;][vc_column_text css=&#8221;&#8221;] SakoLife Transfer web sitemiz \u00fczerinden kolayca rezervasyon olu\u015fturabilirsiniz. Gitmek istedi\u011finiz g\u00fczergah\u0131 se\u00e7ip tarih ve saat bilgilerini girerek rezervasyon ad\u0131mlar\u0131n\u0131 takip edin. \u00c7a\u011fr\u0131 merkezimiz \u00fczerinden de rezervasyon yapabilirsiniz. [\/vc_column_text][\/vc_column][\/vc_row][vc_row][vc_column][vc_custom_heading text=&#8221;2. Transfer rezervasyonumu nas\u0131l iptal edebilirim?&#8221; font_container=&#8221;tag:h3|text_align:left&#8221; use_theme_fonts=&#8221;yes&#8221; css=&#8221;&#8221;][vc_column_text css=&#8221;&#8221;] Rezervasyonunuzu iptal [&#8230;]<\/p>\n","protected":false},"author":3,"featured_media":0,"parent":0,"menu_order":0,"comment_status":"closed","ping_status":"closed","template":"","meta":{"footnotes":""},"class_list":["post-25149","page","type-page","status-publish","hentry"],"_links":{"self":[{"href":"https:\/\/sakolifetransfer.com\/tr\/wp-json\/wp\/v2\/pages\/25149","targetHints":{"allow":["GET"]}}],"collection":[{"href":"https:\/\/sakolifetransfer.com\/tr\/wp-json\/wp\/v2\/pages"}],"about":[{"href":"https:\/\/sakolifetransfer.com\/tr\/wp-json\/wp\/v2\/types\/page"}],"author":[{"embeddable":true,"href":"https:\/\/sakolifetransfer.com\/tr\/wp-json\/wp\/v2\/users\/3"}],"replies":[{"embeddable":true,"href":"https:\/\/sakolifetransfer.com\/tr\/wp-json\/wp\/v2\/comments?post=25149"}],"version-history":[{"count":4,"href":"https:\/\/sakolifetransfer.com\/tr\/wp-json\/wp\/v2\/pages\/25149\/revisions"}],"predecessor-version":[{"id":27055,"href":"https:\/\/sakolifetransfer.com\/tr\/wp-json\/wp\/v2\/pages\/25149\/revisions\/27055"}],"wp:attachment":[{"href":"https:\/\/sakolifetransfer.com\/tr\/wp-json\/wp\/v2\/media?parent=25149"}],"curies":[{"name":"wp","href":"https:\/\/api.w.org\/{rel}","templated":true}]}}