{"id":25225,"date":"2019-12-12T09:24:48","date_gmt":"2019-12-12T06:24:48","guid":{"rendered":"https:\/\/sakolifetransfer.com\/intercity-transfers\/"},"modified":"2024-07-11T16:26:00","modified_gmt":"2024-07-11T13:26:00","slug":"sehirlerarasi-transferler","status":"publish","type":"page","link":"https:\/\/sakolifetransfer.com\/tr\/sehirlerarasi-transferler\/","title":{"rendered":"\u015eehirleraras\u0131 Transferler"},"content":{"rendered":"<div class=\"wpb-content-wrapper\"><p>[vc_row][vc_column width=&#8221;1\/3&#8243;][vc_single_image image=&#8221;23929&#8243; img_size=&#8221;full&#8221; css=&#8221;&#8221;][\/vc_column][vc_column width=&#8221;2\/3&#8243;]\r\n            <p class=\"theme-component-paragraph-large theme-component-paragraph-large-style-2 alignleft theme-padding-top-0 theme-padding-bottom-0\">\r\n                \u015eehirleraras\u0131 Transferler\r\n            <\/p>\r\n        [vc_column_text css=&#8221;&#8221; el_class=&#8221;theme-padding-top-30&#8243;]SakoLifeTransfer, \u015fehirleraras\u0131 seyahat etmek isteyenler i\u00e7in g\u00fcvenilir ve konforlu \u015fehirleraras\u0131 transfer hizmetleri sunmaktad\u0131r. \u015eehirleraras\u0131 transferlerimiz, ister i\u015f ister tatil ama\u00e7l\u0131 seyahat ediyor olun, size sorunsuz bir yolculuk sa\u011flamak i\u00e7in tasarlanm\u0131\u015ft\u0131r.[\/vc_column_text][\/vc_column][\/vc_row][vc_row el_class=&#8221;theme-margin-top-20&#8243;][vc_column]\r\n            <p class=\"theme-component-paragraph-large theme-component-paragraph-large-style-2 alignleft theme-padding-top-0 theme-padding-bottom-0\">\r\n                Key Features of Our Intercity Transfer Service:\r\n            <\/p>\r\n        [vc_column_text css=&#8221;&#8221; el_class=&#8221;theme-padding-top-30&#8243;]<\/p>\n<ul>\n<li><strong>Konforlu Ara\u00e7lar<\/strong>: \u015eehirleraras\u0131 transferiniz i\u00e7in geni\u015f ve konforlu ara\u00e7lar sa\u011flayarak keyifli bir yolculuk ge\u00e7irmenizi sa\u011fl\u0131yoruz.<\/li>\n<li><strong>Profesyonel S\u00fcr\u00fcc\u00fcler<\/strong>: S\u00fcr\u00fcc\u00fclerimiz deneyimli ve bilgilidir, gidece\u011finiz yere g\u00fcvenli bir \u015fekilde ve zaman\u0131nda ula\u015fman\u0131z\u0131 sa\u011flar.<\/li>\n<li><strong>\u00d6zelle\u015ftirilmi\u015f Seyahat Planlar\u0131<\/strong>: \u0130ster tek ba\u015f\u0131n\u0131za ister bir grupla seyahat ediyor olun, ihtiya\u00e7lar\u0131n\u0131za uygun \u00f6zelle\u015ftirilmi\u015f seyahat planlar\u0131 sunuyoruz.<\/li>\n<li><strong>7\/24 Kullan\u0131labilirlik<\/strong>: \u015eehirleraras\u0131 transfer hizmetimiz haftan\u0131n 7 g\u00fcn\u00fc, g\u00fcn\u00fcn 24 saati mevcuttur, b\u00f6ylece sizin i\u00e7in uygun olan her an seyahat edebilirsiniz.<\/li>\n<li><strong>Rekabet\u00e7i Fiyatlar<\/strong>: \u015eehirleraras\u0131 transfer hizmetlerimiz i\u00e7in rekabet\u00e7i fiyatlar sunuyoruz, bu da onu seyahat ihtiya\u00e7lar\u0131n\u0131z i\u00e7in uygun fiyatl\u0131 bir se\u00e7enek haline getiriyor.<\/li>\n<\/ul>\n<p>SakoLifeTransfer ile konforlu ve rahat bir \u015fehirleraras\u0131 transfer deneyimi ya\u015fay\u0131n. \u015eehirleraras\u0131 transferinizi rezerve etmek ve \u015fehirler aras\u0131nda sorunsuz bir yolculu\u011fun tad\u0131n\u0131 \u00e7\u0131karmak i\u00e7in bug\u00fcn bize ula\u015f\u0131n.[\/vc_column_text][\/vc_column][\/vc_row][vc_row el_class=&#8221;theme-column-style-6 theme-padding-bottom-0&#8243;][vc_column el_class=&#8221;theme-margin-bottom-20&#8243;]<div class=\"theme-component-list theme-component-list-style-2\">\n<ul>\n<li>Profesyonel E\u011fitimli \u015eof\u00f6rler<\/li>\n<li>7\/24 Tam Hizmet Ta\u015f\u0131mac\u0131l\u0131\u011f\u0131<\/li>\n<li>K\u00fcresel Ta\u015f\u0131mac\u0131l\u0131k Ortaklar\u0131<\/li>\n<\/ul>\n<\/div>[\/vc_column][\/vc_row][vc_row][vc_column el_class=&#8221;theme-margin-bottom-0&#8243;][vc_custom_heading text=&#8221;Avantajlarlar\u0131&#8221; font_container=&#8221;tag:h3|text_align:center&#8221; use_theme_fonts=&#8221;yes&#8221; el_class=&#8221;theme-margin-top-60 theme-margin-bottom-50&#8243;][\/vc_column][\/vc_row][vc_row][vc_column el_class=&#8221;theme-margin-bottom-0&#8243;]\n            <div class=\"theme-component-feature theme-component-feature-style-1\">\n                [vc_row_inner][vc_column_inner width=&#8221;1\/3&#8243;]\r\n            <div class=\"theme-component-feature-item\">\r\n                <span class=\"theme-icon-feature-check theme-component-feature-item-icon\"><span><\/span><\/span>\r\n                <h4 class=\"theme-component-feature-item-header\">\u00d6nce G\u00fcvenlik<\/h4><p>Deneyimli personel ve profesyonel olarak e\u011fitilmi\u015f \u015fof\u00f6rler.<\/p>\n\r\n            <\/div>\r\n        [\/vc_column_inner][vc_column_inner width=&#8221;1\/3&#8243;]\r\n            <div class=\"theme-component-feature-item\">\r\n                <span class=\"theme-icon-feature-price theme-component-feature-item-icon\"><span><\/span><\/span>\r\n                <h4 class=\"theme-component-feature-item-header\">Uygun Fiyatlar<\/h4><p>Size b\u00fct\u00e7enize uygun do\u011fru arac\u0131 do\u011fru fiyata sunabiliriz.<\/p>\n\r\n            <\/div>\r\n        [\/vc_column_inner][vc_column_inner width=&#8221;1\/3&#8243;]\r\n            <div class=\"theme-component-feature-item\">\r\n                <span class=\"theme-icon-feature-route-1 theme-component-feature-item-icon\"><span><\/span><\/span>\r\n                <h4 class=\"theme-component-feature-item-header\">Geni\u015f Bir Filo<\/h4><p>Vip Transfer ve \u00d6zel Otob\u00fcs Transfer hizmetleri sunan geni\u015f bir ara\u00e7 filosu sunuyoruz.<\/p>\n\r\n            <\/div>\r\n        [\/vc_column_inner][\/vc_row_inner]\n            <\/div>\n        [\/vc_column][\/vc_row]<\/p>\n<\/div>","protected":false},"excerpt":{"rendered":"<p>[vc_row][vc_column width=&#8221;1\/3&#8243;][vc_single_image image=&#8221;23929&#8243; img_size=&#8221;full&#8221; css=&#8221;&#8221;][\/vc_column][vc_column width=&#8221;2\/3&#8243;][vc_column_text css=&#8221;&#8221; el_class=&#8221;theme-padding-top-30&#8243;]SakoLifeTransfer, \u015fehirleraras\u0131 seyahat etmek isteyenler i\u00e7in g\u00fcvenilir ve konforlu \u015fehirleraras\u0131 transfer hizmetleri sunmaktad\u0131r. \u015eehirleraras\u0131 transferlerimiz, ister i\u015f ister tatil ama\u00e7l\u0131 seyahat ediyor olun, size sorunsuz bir yolculuk sa\u011flamak i\u00e7in tasarlanm\u0131\u015ft\u0131r.[\/vc_column_text][\/vc_column][\/vc_row][vc_row el_class=&#8221;theme-margin-top-20&#8243;][vc_column][vc_column_text css=&#8221;&#8221; el_class=&#8221;theme-padding-top-30&#8243;] Konforlu Ara\u00e7lar: \u015eehirleraras\u0131 transferiniz i\u00e7in geni\u015f ve konforlu ara\u00e7lar sa\u011flayarak keyifli bir yolculuk ge\u00e7irmenizi sa\u011fl\u0131yoruz. [&#8230;]<\/p>\n","protected":false},"author":5,"featured_media":0,"parent":0,"menu_order":0,"comment_status":"closed","ping_status":"closed","template":"","meta":{"footnotes":""},"class_list":["post-25225","page","type-page","status-publish","hentry"],"_links":{"self":[{"href":"https:\/\/sakolifetransfer.com\/tr\/wp-json\/wp\/v2\/pages\/25225","targetHints":{"allow":["GET"]}}],"collection":[{"href":"https:\/\/sakolifetransfer.com\/tr\/wp-json\/wp\/v2\/pages"}],"about":[{"href":"https:\/\/sakolifetransfer.com\/tr\/wp-json\/wp\/v2\/types\/page"}],"author":[{"embeddable":true,"href":"https:\/\/sakolifetransfer.com\/tr\/wp-json\/wp\/v2\/users\/5"}],"replies":[{"embeddable":true,"href":"https:\/\/sakolifetransfer.com\/tr\/wp-json\/wp\/v2\/comments?post=25225"}],"version-history":[{"count":13,"href":"https:\/\/sakolifetransfer.com\/tr\/wp-json\/wp\/v2\/pages\/25225\/revisions"}],"predecessor-version":[{"id":25896,"href":"https:\/\/sakolifetransfer.com\/tr\/wp-json\/wp\/v2\/pages\/25225\/revisions\/25896"}],"wp:attachment":[{"href":"https:\/\/sakolifetransfer.com\/tr\/wp-json\/wp\/v2\/media?parent=25225"}],"curies":[{"name":"wp","href":"https:\/\/api.w.org\/{rel}","templated":true}]}}