{"id":25312,"date":"2019-12-12T09:19:06","date_gmt":"2019-12-12T06:19:06","guid":{"rendered":"https:\/\/sakolifetransfer.com\/airport-transfer\/"},"modified":"2024-07-11T16:27:21","modified_gmt":"2024-07-11T13:27:21","slug":"havaalani-transferi","status":"publish","type":"page","link":"https:\/\/sakolifetransfer.com\/tr\/havaalani-transferi\/","title":{"rendered":"Havaalan\u0131 Transferi"},"content":{"rendered":"<div class=\"wpb-content-wrapper\"><p>[vc_row][vc_column width=&#8221;1\/3&#8243;][vc_single_image image=&#8221;23927&#8243; img_size=&#8221;full&#8221; css=&#8221;&#8221;][\/vc_column][vc_column width=&#8221;2\/3&#8243;]\r\n            <p class=\"theme-component-paragraph-large theme-component-paragraph-large-style-2 alignleft theme-padding-top-0 theme-padding-bottom-0\">\r\n                Havaalan\u0131 Transferi\r\n            <\/p>\r\n        [vc_column_text css=&#8221;&#8221; el_class=&#8221;theme-padding-top-30&#8243;]SakoLifeTransfer olarak havaliman\u0131 transfer hizmetimizle seyahatlerinizi daha kolay ve konforlu hale getiriyoruz. Havaalan\u0131 transferi, yolculu\u011funuzun ba\u015f\u0131nda veya sonunda size konforlu ve g\u00fcvenilir bir ula\u015f\u0131m sa\u011flar. \u00d6zel ara\u00e7lar\u0131m\u0131z ve deneyimli \u015fof\u00f6rlerimizle havaliman\u0131 transferinizin sorunsuz ve konforlu ge\u00e7mesini sa\u011fl\u0131yoruz.[\/vc_column_text][\/vc_column][\/vc_row][vc_row el_class=&#8221;theme-margin-top-20&#8243;][vc_column]\r\n            <p class=\"theme-component-paragraph-large theme-component-paragraph-large-style-2 alignleft theme-padding-top-0 theme-padding-bottom-0\">\r\n                Hizmetlerimiz\r\n            <\/p>\r\n        [vc_column_text css=&#8221;&#8221; el_class=&#8221;theme-padding-top-30&#8243;]<\/p>\n<ul>\n<li><strong>\u00d6zel Ara\u00e7lar<\/strong>: Konforunuzu sa\u011flamak i\u00e7in transferlerimizde \u00f6zenle se\u00e7ilmi\u015f ara\u00e7lar kullan\u0131yoruz. Geni\u015f i\u00e7 mekanlar ve modern olanaklarla yolculu\u011funuzu daha keyifli hale getiriyoruz.<\/li>\n<li><strong>Profesyonel S\u00fcr\u00fcc\u00fcler<\/strong>: Deneyimli ve g\u00fcler y\u00fczl\u00fc s\u00fcr\u00fcc\u00fclerimiz havaliman\u0131 transferiniz boyunca size destek olacak ve g\u00fcvenli bir \u015fekilde seyahat etmenizi sa\u011flayacakt\u0131r.<\/li>\n<li><strong>7\/24 Hizmet<\/strong>: Havaliman\u0131 transfer hizmetimiz haftan\u0131n 7 g\u00fcn\u00fc, g\u00fcn\u00fcn 24 saati mevcuttur. \u0130htiya\u00e7 duydu\u011funuz her an bizimle ileti\u015fime ge\u00e7ebilir ve transferinizi kolayca ayarlayabilirsiniz.<\/li>\n<li><strong>G\u00fcvenlik ve Konfor<\/strong>: M\u00fc\u015fteri memnuniyeti ve g\u00fcvenlik bizim i\u00e7in \u00f6nemlidir. Ara\u00e7lar\u0131m\u0131z\u0131n bak\u0131m\u0131 d\u00fczenli olarak yap\u0131lmakta ve yolculu\u011funuz s\u0131ras\u0131nda g\u00fcvenli\u011finiz sa\u011flanmaktad\u0131r.<\/li>\n<\/ul>\n<p>Yolculu\u011funuzun ba\u015f\u0131nda veya sonunda konforlu ve g\u00fcvenli bir havaliman\u0131 transferi i\u00e7in SakoLifeTransfer&#8217;i se\u00e7in. Hizmetlerimizden yararlanmak ve rezervasyon yapt\u0131rmak i\u00e7in bug\u00fcn bize ula\u015f\u0131n.[\/vc_column_text][\/vc_column][\/vc_row][vc_row el_class=&#8221;theme-column-style-6 theme-padding-bottom-0&#8243;][vc_column el_class=&#8221;theme-margin-bottom-20&#8243;]<div class=\"theme-component-list theme-component-list-style-2\">\n<ul>\n<li>Profesyonel E\u011fitimli \u015eof\u00f6rler<\/li>\n<li>7\/24 Tam Hizmet Ta\u015f\u0131mac\u0131l\u0131\u011f\u0131<\/li>\n<li>K\u00fcresel Ta\u015f\u0131mac\u0131l\u0131k Ortaklar\u0131<\/li>\n<\/ul>\n<\/div>[\/vc_column][\/vc_row][vc_row][vc_column el_class=&#8221;theme-margin-bottom-0&#8243;][vc_custom_heading text=&#8221;Avantajlar&#8221; font_container=&#8221;tag:h3|text_align:center&#8221; use_theme_fonts=&#8221;yes&#8221; el_class=&#8221;theme-margin-top-60 theme-margin-bottom-50&#8243;][\/vc_column][\/vc_row][vc_row][vc_column el_class=&#8221;theme-margin-bottom-0&#8243;]\n            <div class=\"theme-component-feature theme-component-feature-style-1\">\n                [vc_row_inner][vc_column_inner width=&#8221;1\/3&#8243;]\r\n            <div class=\"theme-component-feature-item\">\r\n                <span class=\"theme-icon-feature-check theme-component-feature-item-icon\"><span><\/span><\/span>\r\n                <h4 class=\"theme-component-feature-item-header\">\u00d6nce G\u00fcvenlik<\/h4><p>Deneyimli personel ve profesyonel olarak e\u011fitilmi\u015f \u015fof\u00f6rler.<\/p>\n\r\n            <\/div>\r\n        [\/vc_column_inner][vc_column_inner width=&#8221;1\/3&#8243;]\r\n            <div class=\"theme-component-feature-item\">\r\n                <span class=\"theme-icon-feature-price theme-component-feature-item-icon\"><span><\/span><\/span>\r\n                <h4 class=\"theme-component-feature-item-header\">Uygun Fiyatlar<\/h4><p>Size b\u00fct\u00e7enize uygun do\u011fru arac\u0131 do\u011fru fiyata sunabiliriz.<\/p>\n\r\n            <\/div>\r\n        [\/vc_column_inner][vc_column_inner width=&#8221;1\/3&#8243;]\r\n            <div class=\"theme-component-feature-item\">\r\n                <span class=\"theme-icon-feature-route-1 theme-component-feature-item-icon\"><span><\/span><\/span>\r\n                <h4 class=\"theme-component-feature-item-header\">Geni\u015f Bir Filo<\/h4><p>Vip Transfer ve \u00d6zel Otob\u00fcs Transfer hizmetleri sunan geni\u015f bir ara\u00e7 filosu sunuyoruz.<\/p>\n\r\n            <\/div>\r\n        [\/vc_column_inner][\/vc_row_inner]\n            <\/div>\n        [\/vc_column][\/vc_row]<\/p>\n<\/div>","protected":false},"excerpt":{"rendered":"<p>[vc_row][vc_column width=&#8221;1\/3&#8243;][vc_single_image image=&#8221;23927&#8243; img_size=&#8221;full&#8221; css=&#8221;&#8221;][\/vc_column][vc_column width=&#8221;2\/3&#8243;][vc_column_text css=&#8221;&#8221; el_class=&#8221;theme-padding-top-30&#8243;]SakoLifeTransfer olarak havaliman\u0131 transfer hizmetimizle seyahatlerinizi daha kolay ve konforlu hale getiriyoruz. Havaalan\u0131 transferi, yolculu\u011funuzun ba\u015f\u0131nda veya sonunda size konforlu ve g\u00fcvenilir bir ula\u015f\u0131m sa\u011flar. \u00d6zel ara\u00e7lar\u0131m\u0131z ve deneyimli \u015fof\u00f6rlerimizle havaliman\u0131 transferinizin sorunsuz ve konforlu ge\u00e7mesini sa\u011fl\u0131yoruz.[\/vc_column_text][\/vc_column][\/vc_row][vc_row el_class=&#8221;theme-margin-top-20&#8243;][vc_column][vc_column_text css=&#8221;&#8221; el_class=&#8221;theme-padding-top-30&#8243;] \u00d6zel Ara\u00e7lar: Konforunuzu sa\u011flamak i\u00e7in transferlerimizde \u00f6zenle se\u00e7ilmi\u015f [&#8230;]<\/p>\n","protected":false},"author":5,"featured_media":0,"parent":0,"menu_order":0,"comment_status":"closed","ping_status":"closed","template":"","meta":{"footnotes":""},"class_list":["post-25312","page","type-page","status-publish","hentry"],"_links":{"self":[{"href":"https:\/\/sakolifetransfer.com\/tr\/wp-json\/wp\/v2\/pages\/25312","targetHints":{"allow":["GET"]}}],"collection":[{"href":"https:\/\/sakolifetransfer.com\/tr\/wp-json\/wp\/v2\/pages"}],"about":[{"href":"https:\/\/sakolifetransfer.com\/tr\/wp-json\/wp\/v2\/types\/page"}],"author":[{"embeddable":true,"href":"https:\/\/sakolifetransfer.com\/tr\/wp-json\/wp\/v2\/users\/5"}],"replies":[{"embeddable":true,"href":"https:\/\/sakolifetransfer.com\/tr\/wp-json\/wp\/v2\/comments?post=25312"}],"version-history":[{"count":12,"href":"https:\/\/sakolifetransfer.com\/tr\/wp-json\/wp\/v2\/pages\/25312\/revisions"}],"predecessor-version":[{"id":25898,"href":"https:\/\/sakolifetransfer.com\/tr\/wp-json\/wp\/v2\/pages\/25312\/revisions\/25898"}],"wp:attachment":[{"href":"https:\/\/sakolifetransfer.com\/tr\/wp-json\/wp\/v2\/media?parent=25312"}],"curies":[{"name":"wp","href":"https:\/\/api.w.org\/{rel}","templated":true}]}}