{"id":25316,"date":"2019-12-12T09:20:18","date_gmt":"2019-12-12T06:20:18","guid":{"rendered":"https:\/\/sakolifetransfer.com\/corporate-travel\/"},"modified":"2024-07-11T16:19:57","modified_gmt":"2024-07-11T13:19:57","slug":"soforlu-vip-arac-kiralama","status":"publish","type":"page","link":"https:\/\/sakolifetransfer.com\/tr\/soforlu-vip-arac-kiralama\/","title":{"rendered":"\u015eof\u00f6rl\u00fc VIP Ara\u00e7 Kiralama"},"content":{"rendered":"<div class=\"wpb-content-wrapper\"><p>[vc_row][vc_column width=&#8221;1\/3&#8243;][vc_single_image image=&#8221;23938&#8243; img_size=&#8221;full&#8221; css=&#8221;&#8221;][\/vc_column][vc_column width=&#8221;2\/3&#8243;]\r\n            <p class=\"theme-component-paragraph-large theme-component-paragraph-large-style-2 alignleft theme-padding-top-0 theme-padding-bottom-0\">\r\n                \u015eof\u00f6rl\u00fc VIP Ara\u00e7 Kiralama\r\n            <\/p>\r\n        [vc_column_text css=&#8221;&#8221; el_class=&#8221;theme-padding-top-30&#8243;]SakoLifeTransfer, l\u00fcks ve konforlu bir seyahat deneyimi arayanlar i\u00e7in \u015fof\u00f6rl\u00fc VIP ara\u00e7 kiralama hizmetleri sunmaktad\u0131r. VIP ara\u00e7 kiralama hizmetimiz, t\u00fcm seyahat ihtiya\u00e7lar\u0131n\u0131z\u0131 kar\u015f\u0131layacak, sorunsuz ve keyifli bir yolculuk sa\u011flayacak profesyonel bir s\u00fcr\u00fcc\u00fc i\u00e7erir.[\/vc_column_text][\/vc_column][\/vc_row][vc_row el_class=&#8221;theme-margin-top-20&#8243;][vc_column]\r\n            <p class=\"theme-component-paragraph-large theme-component-paragraph-large-style-2 alignleft theme-padding-top-0 theme-padding-bottom-0\">\r\n                \u015eof\u00f6rl\u00fc VIP Ara\u00e7 Kiralama Hizmetimizin Temel \u00d6zellikleri:\r\n            <\/p>\r\n        [vc_column_text css=&#8221;&#8221; el_class=&#8221;theme-padding-top-30&#8243;]<\/p>\n<ul>\n<li><strong>L\u00fcks Ara\u00e7lar:<\/strong> VIP ara\u00e7 kiralaman\u0131z i\u00e7in \u015f\u0131k ve konforlu bir s\u00fcr\u00fc\u015f sa\u011flayan \u00fcst d\u00fczey, l\u00fcks ara\u00e7lardan olu\u015fan bir filo sunuyoruz.<\/li>\n<li><strong>Profesyonel \u015eof\u00f6rler: <\/strong>\u015eof\u00f6rlerimiz deneyimli, nazik ve iyi e\u011fitimlidir, g\u00fcvenli ve keyifli bir yolculuk sa\u011flar.<\/li>\n<li><strong>\u00d6zelle\u015ftirilmi\u015f G\u00fczergahlar: <\/strong>\u0130ster i\u015f ister e\u011flence ama\u00e7l\u0131 seyahat ediyor olun, ihtiya\u00e7lar\u0131n\u0131za uygun \u00f6zelle\u015ftirilmi\u015f seyahat g\u00fczergahlar\u0131 sunuyoruz.<\/li>\n<li><strong>Gizlilik ve Konfor: <\/strong>VIP ara\u00e7 kiralama hizmetimiz tam bir gizlilik ve konfor sunarak rahatlaman\u0131za ve yolculu\u011funuzun keyfini \u00e7\u0131karman\u0131za olanak tan\u0131r.<\/li>\n<li><strong>7\/24 Kullan\u0131labilirlik:<\/strong> \u015eof\u00f6rl\u00fc VIP ara\u00e7 kiralama hizmetimiz haftan\u0131n 7 g\u00fcn\u00fc, g\u00fcn\u00fcn 24 saati mevcuttur, b\u00f6ylece size uygun herhangi bir zamanda seyahat edebilirsiniz.<\/li>\n<\/ul>\n<p>\u015eof\u00f6rl\u00fc VIP ara\u00e7 kiralama hizmetimizle l\u00fcks ve konforun en \u00fcst noktas\u0131n\u0131 ya\u015fay\u0131n. VIP ara\u00e7 kiralama rezervasyonunuzu yapmak ve l\u00fcks bir seyahat deneyiminin tad\u0131n\u0131 \u00e7\u0131karmak i\u00e7in bug\u00fcn SakoLifeTransfer ile ileti\u015fime ge\u00e7in.[\/vc_column_text][\/vc_column][\/vc_row][vc_row el_class=&#8221;theme-column-style-6 theme-padding-bottom-0&#8243;][vc_column el_class=&#8221;theme-margin-bottom-20&#8243;]<div class=\"theme-component-list theme-component-list-style-2\">\n<ul>\n<li>Profesyonel E\u011fitimli \u015eof\u00f6rler<\/li>\n<li>7\/24 Tam Hizmet Ta\u015f\u0131mac\u0131l\u0131\u011f\u0131<\/li>\n<li>K\u00fcresel Ta\u015f\u0131mac\u0131l\u0131k Ortaklar\u0131<\/li>\n<\/ul>\n<\/div>[\/vc_column][\/vc_row][vc_row][vc_column el_class=&#8221;theme-margin-bottom-0&#8243;][vc_custom_heading text=&#8221;Avantajlar&#8221; font_container=&#8221;tag:h3|text_align:center&#8221; use_theme_fonts=&#8221;yes&#8221; el_class=&#8221;theme-margin-top-60 theme-margin-bottom-50&#8243;][\/vc_column][\/vc_row][vc_row][vc_column el_class=&#8221;theme-margin-bottom-0&#8243;]\n            <div class=\"theme-component-feature theme-component-feature-style-1\">\n                [vc_row_inner][vc_column_inner width=&#8221;1\/3&#8243;]\r\n            <div class=\"theme-component-feature-item\">\r\n                <span class=\"theme-icon-feature-check theme-component-feature-item-icon\"><span><\/span><\/span>\r\n                <h4 class=\"theme-component-feature-item-header\">\u00d6nce G\u00fcvenlik<\/h4><p>Deneyimli personel ve profesyonel olarak e\u011fitilmi\u015f \u015fof\u00f6rler.<\/p>\n\r\n            <\/div>\r\n        [\/vc_column_inner][vc_column_inner width=&#8221;1\/3&#8243;]\r\n            <div class=\"theme-component-feature-item\">\r\n                <span class=\"theme-icon-feature-price theme-component-feature-item-icon\"><span><\/span><\/span>\r\n                <h4 class=\"theme-component-feature-item-header\">Uygun Fiyatlar<\/h4><p>Size b\u00fct\u00e7enize uygun do\u011fru arac\u0131 do\u011fru fiyata sunabiliriz.<\/p>\n\r\n            <\/div>\r\n        [\/vc_column_inner][vc_column_inner width=&#8221;1\/3&#8243;]\r\n            <div class=\"theme-component-feature-item\">\r\n                <span class=\"theme-icon-feature-route-1 theme-component-feature-item-icon\"><span><\/span><\/span>\r\n                <h4 class=\"theme-component-feature-item-header\">Geni\u015f Bir Filo<\/h4><p>Vip Transfer ve \u00d6zel Otob\u00fcs Transfer hizmetleri sunan geni\u015f bir ara\u00e7 filosu sunuyoruz.<\/p>\n\r\n            <\/div>\r\n        [\/vc_column_inner][\/vc_row_inner]\n            <\/div>\n        [\/vc_column][\/vc_row]<\/p>\n<\/div>","protected":false},"excerpt":{"rendered":"<p>[vc_row][vc_column width=&#8221;1\/3&#8243;][vc_single_image image=&#8221;23938&#8243; img_size=&#8221;full&#8221; css=&#8221;&#8221;][\/vc_column][vc_column width=&#8221;2\/3&#8243;][vc_column_text css=&#8221;&#8221; el_class=&#8221;theme-padding-top-30&#8243;]SakoLifeTransfer, l\u00fcks ve konforlu bir seyahat deneyimi arayanlar i\u00e7in \u015fof\u00f6rl\u00fc VIP ara\u00e7 kiralama hizmetleri sunmaktad\u0131r. VIP ara\u00e7 kiralama hizmetimiz, t\u00fcm seyahat ihtiya\u00e7lar\u0131n\u0131z\u0131 kar\u015f\u0131layacak, sorunsuz ve keyifli bir yolculuk sa\u011flayacak profesyonel bir s\u00fcr\u00fcc\u00fc i\u00e7erir.[\/vc_column_text][\/vc_column][\/vc_row][vc_row el_class=&#8221;theme-margin-top-20&#8243;][vc_column][vc_column_text css=&#8221;&#8221; el_class=&#8221;theme-padding-top-30&#8243;] L\u00fcks Ara\u00e7lar: VIP ara\u00e7 kiralaman\u0131z i\u00e7in \u015f\u0131k ve konforlu bir s\u00fcr\u00fc\u015f sa\u011flayan [&#8230;]<\/p>\n","protected":false},"author":5,"featured_media":0,"parent":0,"menu_order":0,"comment_status":"closed","ping_status":"closed","template":"","meta":{"footnotes":""},"class_list":["post-25316","page","type-page","status-publish","hentry"],"_links":{"self":[{"href":"https:\/\/sakolifetransfer.com\/tr\/wp-json\/wp\/v2\/pages\/25316","targetHints":{"allow":["GET"]}}],"collection":[{"href":"https:\/\/sakolifetransfer.com\/tr\/wp-json\/wp\/v2\/pages"}],"about":[{"href":"https:\/\/sakolifetransfer.com\/tr\/wp-json\/wp\/v2\/types\/page"}],"author":[{"embeddable":true,"href":"https:\/\/sakolifetransfer.com\/tr\/wp-json\/wp\/v2\/users\/5"}],"replies":[{"embeddable":true,"href":"https:\/\/sakolifetransfer.com\/tr\/wp-json\/wp\/v2\/comments?post=25316"}],"version-history":[{"count":17,"href":"https:\/\/sakolifetransfer.com\/tr\/wp-json\/wp\/v2\/pages\/25316\/revisions"}],"predecessor-version":[{"id":25891,"href":"https:\/\/sakolifetransfer.com\/tr\/wp-json\/wp\/v2\/pages\/25316\/revisions\/25891"}],"wp:attachment":[{"href":"https:\/\/sakolifetransfer.com\/tr\/wp-json\/wp\/v2\/media?parent=25316"}],"curies":[{"name":"wp","href":"https:\/\/api.w.org\/{rel}","templated":true}]}}