{"id":25320,"date":"2019-12-12T09:20:43","date_gmt":"2019-12-12T06:20:43","guid":{"rendered":"https:\/\/sakolifetransfer.com\/charter-service\/"},"modified":"2024-07-11T16:22:06","modified_gmt":"2024-07-11T13:22:06","slug":"kurumsal-transfer-hizmetleri","status":"publish","type":"page","link":"https:\/\/sakolifetransfer.com\/tr\/kurumsal-transfer-hizmetleri\/","title":{"rendered":"Kurumsal Transfer Hizmetleri"},"content":{"rendered":"<div class=\"wpb-content-wrapper\"><p>[vc_row][vc_column width=&#8221;1\/3&#8243;][vc_single_image image=&#8221;23941&#8243; img_size=&#8221;full&#8221; css=&#8221;&#8221;][\/vc_column][vc_column width=&#8221;2\/3&#8243;]\r\n            <p class=\"theme-component-paragraph-large theme-component-paragraph-large-style-2 alignleft theme-padding-top-0 theme-padding-bottom-0\">\r\n                Kurumsal Transfer Hizmetleri\r\n            <\/p>\r\n        [vc_column_text css=&#8221;&#8221; el_class=&#8221;theme-padding-top-30&#8243;]SakoLifeTransfer, i\u015fletmeler ve kurulu\u015flar i\u00e7in profesyonel ve g\u00fcvenilir kurumsal transfer hizmetleri sunmaktad\u0131r. Kurumsal etkinlikler, toplant\u0131lar veya y\u00f6neticileriniz i\u00e7in havaalan\u0131 transferleri i\u00e7in ula\u015f\u0131m ihtiyac\u0131n\u0131z olsun, kurumsal transfer hizmetlerimiz ihtiya\u00e7lar\u0131n\u0131z\u0131 kar\u015f\u0131lamak i\u00e7in \u00f6zel olarak haz\u0131rlanm\u0131\u015ft\u0131r.[\/vc_column_text][\/vc_column][\/vc_row][vc_row el_class=&#8221;theme-margin-top-20&#8243;][vc_column]\r\n            <p class=\"theme-component-paragraph-large theme-component-paragraph-large-style-2 alignleft theme-padding-top-0 theme-padding-bottom-0\">\r\n                Kurumsal Transfer Hizmetlerimizin Temel \u00d6zellikleri:\r\n            <\/p>\r\n        [vc_column_text css=&#8221;&#8221; el_class=&#8221;theme-padding-top-30&#8243;]<\/p>\n<ul>\n<li><strong>Profesyonellik<\/strong>: S\u00fcr\u00fcc\u00fclerimiz, kurumsal m\u00fc\u015fterilerimize en \u00fcst d\u00fczeyde profesyonellik ve hizmet sunmak i\u00e7in deneyimli ve e\u011fitimlidir.<\/li>\n<li><strong>Dakiklik<\/strong>: Kurumsal etkinlikler ve toplant\u0131lar i\u00e7in zaman\u0131nda gelmenin \u00f6nemini anl\u0131yoruz, bu nedenle transferlerimizin her zaman dakik olmas\u0131n\u0131 sa\u011fl\u0131yoruz.<\/li>\n<li><strong>Konfor<\/strong>: Ara\u00e7 filomuz bak\u0131ml\u0131d\u0131r ve konfor i\u00e7in tasarlanm\u0131\u015ft\u0131r, y\u00f6neticileriniz i\u00e7in keyifli ve rahatlat\u0131c\u0131 bir yolculuk sa\u011flar.<\/li>\n<li><strong>Gizlilik<\/strong>: Kurumsal m\u00fc\u015fterilerimizin gizlili\u011fine sayg\u0131 duyuyor ve t\u00fcm transferlerin gizli ve gizli bir \u015fekilde y\u00fcr\u00fct\u00fclmesini sa\u011fl\u0131yoruz.<\/li>\n<li><strong>\u00d6zelle\u015ftirilmi\u015f Hizmet<\/strong>: \u0130ster k\u00fc\u00e7\u00fck bir grup ister b\u00fcy\u00fck bir kurumsal etkinlik i\u00e7in ula\u015f\u0131ma ihtiyac\u0131n\u0131z olsun, kurulu\u015funuzun \u00f6zel ihtiya\u00e7lar\u0131n\u0131 kar\u015f\u0131lamak \u00fczere \u00f6zelle\u015ftirilmi\u015f transfer hizmetleri sunuyoruz.<\/li>\n<\/ul>\n<p>Kurumsal transfer hizmetlerimizin g\u00fcvenilirli\u011fini ve profesyonelli\u011fini deneyimleyin. Kurumsal transferinizi rezerve etmek ve kurulu\u015funuz i\u00e7in sorunsuz ve sorunsuz bir ula\u015f\u0131m deneyimi sa\u011flamak i\u00e7in bug\u00fcn SakoLifeTransfer ile ileti\u015fime ge\u00e7in.[\/vc_column_text][\/vc_column][\/vc_row][vc_row el_class=&#8221;theme-column-style-6 theme-padding-bottom-0&#8243;][vc_column el_class=&#8221;theme-margin-bottom-20&#8243;]<div class=\"theme-component-list theme-component-list-style-2\">\n<ul>\n<li>Profesyonel E\u011fitimli \u015eof\u00f6rler<\/li>\n<li>7\/24 Tam Hizmet Ta\u015f\u0131mac\u0131l\u0131\u011f\u0131<\/li>\n<li>K\u00fcresel Ta\u015f\u0131mac\u0131l\u0131k Ortaklar\u0131<\/li>\n<\/ul>\n<\/div>[\/vc_column][\/vc_row][vc_row][vc_column el_class=&#8221;theme-margin-bottom-0&#8243;][vc_custom_heading text=&#8221;Avantajlar&#8221; font_container=&#8221;tag:h3|text_align:center&#8221; use_theme_fonts=&#8221;yes&#8221; el_class=&#8221;theme-margin-top-60 theme-margin-bottom-50&#8243;][\/vc_column][\/vc_row][vc_row][vc_column el_class=&#8221;theme-margin-bottom-0&#8243;]\n            <div class=\"theme-component-feature theme-component-feature-style-1\">\n                [vc_row_inner][vc_column_inner width=&#8221;1\/3&#8243;]\r\n            <div class=\"theme-component-feature-item\">\r\n                <span class=\"theme-icon-feature-check theme-component-feature-item-icon\"><span><\/span><\/span>\r\n                <h4 class=\"theme-component-feature-item-header\">\u00d6nce G\u00fcvenlik<\/h4><p>Deneyimli personel ve profesyonel olarak e\u011fitilmi\u015f \u015fof\u00f6rler.<\/p>\n\r\n            <\/div>\r\n        [\/vc_column_inner][vc_column_inner width=&#8221;1\/3&#8243;]\r\n            <div class=\"theme-component-feature-item\">\r\n                <span class=\"theme-icon-feature-price theme-component-feature-item-icon\"><span><\/span><\/span>\r\n                <h4 class=\"theme-component-feature-item-header\">Uygun Fiyatlar<\/h4><p>Size b\u00fct\u00e7enize uygun do\u011fru arac\u0131 do\u011fru fiyata sunabiliriz.<\/p>\n\r\n            <\/div>\r\n        [\/vc_column_inner][vc_column_inner width=&#8221;1\/3&#8243;]\r\n            <div class=\"theme-component-feature-item\">\r\n                <span class=\"theme-icon-feature-route-1 theme-component-feature-item-icon\"><span><\/span><\/span>\r\n                <h4 class=\"theme-component-feature-item-header\">Geni\u015f Bir Filo<\/h4><p>Vip Transfer ve \u00d6zel Otob\u00fcs Transfer hizmetleri sunan geni\u015f bir ara\u00e7 filosu sunuyoruz.<\/p>\n\r\n            <\/div>\r\n        [\/vc_column_inner][\/vc_row_inner]\n            <\/div>\n        [\/vc_column][\/vc_row]<\/p>\n<\/div>","protected":false},"excerpt":{"rendered":"<p>[vc_row][vc_column width=&#8221;1\/3&#8243;][vc_single_image image=&#8221;23941&#8243; img_size=&#8221;full&#8221; css=&#8221;&#8221;][\/vc_column][vc_column width=&#8221;2\/3&#8243;][vc_column_text css=&#8221;&#8221; el_class=&#8221;theme-padding-top-30&#8243;]SakoLifeTransfer, i\u015fletmeler ve kurulu\u015flar i\u00e7in profesyonel ve g\u00fcvenilir kurumsal transfer hizmetleri sunmaktad\u0131r. Kurumsal etkinlikler, toplant\u0131lar veya y\u00f6neticileriniz i\u00e7in havaalan\u0131 transferleri i\u00e7in ula\u015f\u0131m ihtiyac\u0131n\u0131z olsun, kurumsal transfer hizmetlerimiz ihtiya\u00e7lar\u0131n\u0131z\u0131 kar\u015f\u0131lamak i\u00e7in \u00f6zel olarak haz\u0131rlanm\u0131\u015ft\u0131r.[\/vc_column_text][\/vc_column][\/vc_row][vc_row el_class=&#8221;theme-margin-top-20&#8243;][vc_column][vc_column_text css=&#8221;&#8221; el_class=&#8221;theme-padding-top-30&#8243;] Profesyonellik: S\u00fcr\u00fcc\u00fclerimiz, kurumsal m\u00fc\u015fterilerimize en \u00fcst d\u00fczeyde profesyonellik ve hizmet sunmak i\u00e7in [&#8230;]<\/p>\n","protected":false},"author":5,"featured_media":0,"parent":0,"menu_order":0,"comment_status":"closed","ping_status":"closed","template":"","meta":{"footnotes":""},"class_list":["post-25320","page","type-page","status-publish","hentry"],"_links":{"self":[{"href":"https:\/\/sakolifetransfer.com\/tr\/wp-json\/wp\/v2\/pages\/25320","targetHints":{"allow":["GET"]}}],"collection":[{"href":"https:\/\/sakolifetransfer.com\/tr\/wp-json\/wp\/v2\/pages"}],"about":[{"href":"https:\/\/sakolifetransfer.com\/tr\/wp-json\/wp\/v2\/types\/page"}],"author":[{"embeddable":true,"href":"https:\/\/sakolifetransfer.com\/tr\/wp-json\/wp\/v2\/users\/5"}],"replies":[{"embeddable":true,"href":"https:\/\/sakolifetransfer.com\/tr\/wp-json\/wp\/v2\/comments?post=25320"}],"version-history":[{"count":10,"href":"https:\/\/sakolifetransfer.com\/tr\/wp-json\/wp\/v2\/pages\/25320\/revisions"}],"predecessor-version":[{"id":25892,"href":"https:\/\/sakolifetransfer.com\/tr\/wp-json\/wp\/v2\/pages\/25320\/revisions\/25892"}],"wp:attachment":[{"href":"https:\/\/sakolifetransfer.com\/tr\/wp-json\/wp\/v2\/media?parent=25320"}],"curies":[{"name":"wp","href":"https:\/\/api.w.org\/{rel}","templated":true}]}}