{"id":25372,"date":"2024-07-03T11:27:52","date_gmt":"2024-07-03T08:27:52","guid":{"rendered":"https:\/\/sakolifetransfer.com\/return-conditions\/"},"modified":"2024-07-11T12:59:58","modified_gmt":"2024-07-11T09:59:58","slug":"iade-kosullari","status":"publish","type":"page","link":"https:\/\/sakolifetransfer.com\/tr\/iade-kosullari\/","title":{"rendered":"\u0130ade Ko\u015fullar\u0131"},"content":{"rendered":"<div class=\"wpb-content-wrapper\"><p>[vc_row][vc_column width=&#8221;2\/3&#8243;][vc_custom_heading text=&#8221;\u0130ade Ko\u015fullar\u0131&#8221; font_container=&#8221;tag:h3|text_align:left&#8221; use_theme_fonts=&#8221;yes&#8221; css=&#8221;&#8221;][vc_column_text css=&#8221;&#8221;]SakoLifeTransfer olarak turlar\u0131m\u0131zdan memnuniyetinizi sa\u011flamak istiyoruz. Rezervasyonunuzu iptal etmeniz veya de\u011fi\u015ftirmeniz gerekiyorsa l\u00fctfen a\u015fa\u011f\u0131daki politikalar\u0131 inceleyin:[\/vc_column_text][\/vc_column][vc_column width=&#8221;1\/3&#8243;][vc_single_image image=&#8221;23923&#8243; img_size=&#8221;full&#8221; css=&#8221;&#8221; el_class=&#8221;theme-image-style-1&#8243;][\/vc_column][\/vc_row][vc_row][vc_column width=&#8221;1\/2&#8243;][vc_custom_heading text=&#8221;1. \u0130ptal Politikas\u0131:&#8221; font_container=&#8221;tag:h3|text_align:left&#8221; use_theme_fonts=&#8221;yes&#8221; css=&#8221;&#8221;][vc_column_text css=&#8221;&#8221;]<\/p>\n<ul>\n<li style=\"list-style-type: none;\">\n<ul>\n<li>Tur tarihinden en az 14 g\u00fcn \u00f6nce yap\u0131lan iptaller i\u00e7in tam geri \u00f6deme yap\u0131lacakt\u0131r.<\/li>\n<li>Tur tarihinden itibaren 14 g\u00fcn i\u00e7inde yap\u0131lan iptaller %50 iptal \u00fccretine tabidir.<\/li>\n<li>Tur g\u00fcn\u00fc yap\u0131lan iptaller i\u00e7in geri \u00f6deme yap\u0131lmayacakt\u0131r.<\/li>\n<\/ul>\n<\/li>\n<\/ul>\n<p>[\/vc_column_text][\/vc_column][vc_column width=&#8221;1\/2&#8243;][vc_custom_heading text=&#8221;2. De\u011fi\u015fiklik Politikas\u0131:&#8221; font_container=&#8221;tag:h3|text_align:left&#8221; use_theme_fonts=&#8221;yes&#8221; css=&#8221;&#8221;][vc_column_text css=&#8221;&#8221;]<\/p>\n<ul>\n<li style=\"list-style-type: none;\">\n<ul>\n<li>Rezervasyonlarda yap\u0131lacak de\u011fi\u015fiklikler, m\u00fcsaitlik durumuna ba\u011fl\u0131 olarak tur tarihinden 14 g\u00fcn \u00f6ncesine kadar yap\u0131labilir.<\/li>\n<li>Tur tarihinden itibaren 14 g\u00fcn i\u00e7inde yap\u0131lan de\u011fi\u015fiklikler \u00fccrete tabi olabilir.<\/li>\n<\/ul>\n<\/li>\n<\/ul>\n<p>[\/vc_column_text][\/vc_column][\/vc_row][vc_row][vc_column][vc_custom_heading text=&#8221;Geri \u00d6deme S\u00fcreci&#8221; font_container=&#8221;tag:h3|text_align:left&#8221; use_theme_fonts=&#8221;yes&#8221; css=&#8221;&#8221;][vc_column_text css=&#8221;&#8221;]\u0130ptaller i\u00e7in geri \u00f6demeler, orijinal rezervasyon i\u00e7in kullan\u0131lan ayn\u0131 \u00f6deme y\u00f6ntemi kullan\u0131larak yap\u0131lacakt\u0131r. Para iadesinin hesab\u0131n\u0131za yans\u0131t\u0131lmas\u0131 i\u00e7in l\u00fctfen 7-14 i\u015f g\u00fcn\u00fcne kadar bekleyin.[\/vc_column_text][\/vc_column][\/vc_row]<\/p>\n<\/div>","protected":false},"excerpt":{"rendered":"<p>[vc_row][vc_column width=&#8221;2\/3&#8243;][vc_custom_heading text=&#8221;\u0130ade Ko\u015fullar\u0131&#8221; font_container=&#8221;tag:h3|text_align:left&#8221; use_theme_fonts=&#8221;yes&#8221; css=&#8221;&#8221;][vc_column_text css=&#8221;&#8221;]SakoLifeTransfer olarak turlar\u0131m\u0131zdan memnuniyetinizi sa\u011flamak istiyoruz. Rezervasyonunuzu iptal etmeniz veya de\u011fi\u015ftirmeniz gerekiyorsa l\u00fctfen a\u015fa\u011f\u0131daki politikalar\u0131 inceleyin:[\/vc_column_text][\/vc_column][vc_column width=&#8221;1\/3&#8243;][vc_single_image image=&#8221;23923&#8243; img_size=&#8221;full&#8221; css=&#8221;&#8221; el_class=&#8221;theme-image-style-1&#8243;][\/vc_column][\/vc_row][vc_row][vc_column width=&#8221;1\/2&#8243;][vc_custom_heading text=&#8221;1. \u0130ptal Politikas\u0131:&#8221; font_container=&#8221;tag:h3|text_align:left&#8221; use_theme_fonts=&#8221;yes&#8221; css=&#8221;&#8221;][vc_column_text css=&#8221;&#8221;] Tur tarihinden en az 14 g\u00fcn \u00f6nce yap\u0131lan iptaller i\u00e7in tam geri \u00f6deme yap\u0131lacakt\u0131r. Tur tarihinden itibaren 14 g\u00fcn [&#8230;]<\/p>\n","protected":false},"author":3,"featured_media":0,"parent":0,"menu_order":0,"comment_status":"closed","ping_status":"closed","template":"","meta":{"footnotes":""},"class_list":["post-25372","page","type-page","status-publish","hentry"],"_links":{"self":[{"href":"https:\/\/sakolifetransfer.com\/tr\/wp-json\/wp\/v2\/pages\/25372","targetHints":{"allow":["GET"]}}],"collection":[{"href":"https:\/\/sakolifetransfer.com\/tr\/wp-json\/wp\/v2\/pages"}],"about":[{"href":"https:\/\/sakolifetransfer.com\/tr\/wp-json\/wp\/v2\/types\/page"}],"author":[{"embeddable":true,"href":"https:\/\/sakolifetransfer.com\/tr\/wp-json\/wp\/v2\/users\/3"}],"replies":[{"embeddable":true,"href":"https:\/\/sakolifetransfer.com\/tr\/wp-json\/wp\/v2\/comments?post=25372"}],"version-history":[{"count":4,"href":"https:\/\/sakolifetransfer.com\/tr\/wp-json\/wp\/v2\/pages\/25372\/revisions"}],"predecessor-version":[{"id":25601,"href":"https:\/\/sakolifetransfer.com\/tr\/wp-json\/wp\/v2\/pages\/25372\/revisions\/25601"}],"wp:attachment":[{"href":"https:\/\/sakolifetransfer.com\/tr\/wp-json\/wp\/v2\/media?parent=25372"}],"curies":[{"name":"wp","href":"https:\/\/api.w.org\/{rel}","templated":true}]}}