{"id":25376,"date":"2024-07-03T11:28:05","date_gmt":"2024-07-03T08:28:05","guid":{"rendered":"https:\/\/sakolifetransfer.com\/privacy-policies\/"},"modified":"2024-07-11T12:59:05","modified_gmt":"2024-07-11T09:59:05","slug":"gizlilik-politikasi","status":"publish","type":"page","link":"https:\/\/sakolifetransfer.com\/tr\/gizlilik-politikasi\/","title":{"rendered":"Gizlilik Politikas\u0131"},"content":{"rendered":"<div class=\"wpb-content-wrapper\"><p>[vc_row][vc_column width=&#8221;1\/2&#8243;][vc_custom_heading text=&#8221;SakoLife Transfer Hakk\u0131nda&#8221; font_container=&#8221;tag:h3|text_align:left&#8221; use_theme_fonts=&#8221;yes&#8221; css=&#8221;&#8221;][vc_column_text css=&#8221;&#8221;]SakoLifeTransfer olarak, gizlili\u011finizi korumay\u0131 taahh\u00fct ediyoruz. Web sitemizi ziyaret etti\u011finizde veya bizimle herhangi bir s\u00f6zl\u00fc, yaz\u0131l\u0131 veya elektronik ileti\u015fim yoluyla ileti\u015fime ge\u00e7ti\u011finizde, ki\u015fisel verilerinizi 6698 say\u0131l\u0131 Ki\u015fisel Verilerin Korunmas\u0131 Kanunu (&#8220;KVKK&#8221;) uyar\u0131nca toplayabilir, i\u015fleyebilir, saklayabilir ve koruyabiliriz. Verilerinizi korumak i\u00e7in her t\u00fcrl\u00fc tedbiri alan ve azami hassasiyetle hareket eden bir kurum olarak, KVKK ve ilgili mevzuat kapsam\u0131nda ki\u015fisel verilerinizi nas\u0131l ve hangi ama\u00e7larla i\u015fledi\u011fimiz, ki\u015fisel verilerinizi korumak i\u00e7in hangi tedbirleri ald\u0131\u011f\u0131m\u0131z hakk\u0131nda sizleri bilgilendirmek isteriz.[\/vc_column_text][\/vc_column][vc_column width=&#8221;1\/2&#8243;][vc_single_image image=&#8221;23921&#8243; img_size=&#8221;full&#8221; css=&#8221;&#8221; el_class=&#8221;theme-image-style-1&#8243;][\/vc_column][\/vc_row][vc_row][vc_column][vc_custom_heading text=&#8221;Ki\u015fisel Verilerin \u0130\u015flenmesi ve Ama\u00e7lar\u0131&#8221; font_container=&#8221;tag:h3|text_align:left&#8221; use_theme_fonts=&#8221;yes&#8221; css=&#8221;&#8221;][vc_column_text css=&#8221;&#8221;]<\/p>\n<h5>SakoLifeTransfer olarak, ki\u015fisel verilerinizi yaln\u0131zca a\u00e7\u0131k r\u0131zan\u0131zla veya a\u015fa\u011f\u0131daki yasal ko\u015fullar alt\u0131nda i\u015fliyoruz:<\/h5>\n<p>[\/vc_column_text][vc_column_text css=&#8221;&#8221;]<\/p>\n<ul>\n<li>Yasalar taraf\u0131ndan a\u00e7\u0131k\u00e7a \u00f6ng\u00f6r\u00fcld\u00fc\u011f\u00fcnde.<\/li>\n<li>Fiili imk\u00e2ns\u0131zl\u0131k nedeniyle r\u0131zas\u0131n\u0131 a\u00e7\u0131klayamayacak durumda bulunan veya r\u0131zas\u0131na hukuki ge\u00e7erlilik tan\u0131nmayan ki\u015finin hayat\u0131n\u0131n veya beden b\u00fct\u00fcnl\u00fc\u011f\u00fcn\u00fcn korunmas\u0131 i\u00e7in zorunlu olmas\u0131.<\/li>\n<li>Bir s\u00f6zle\u015fmenin ifas\u0131 veya kurulmas\u0131 i\u00e7in gerekli oldu\u011funda.<\/li>\n<li>Kontrol\u00f6r\u00fcn yasal y\u00fck\u00fcml\u00fcl\u00fc\u011f\u00fcn\u00fc yerine getirmesi i\u00e7in zorunlu oldu\u011funda.<\/li>\n<li>Veriler ilgili ki\u015fi taraf\u0131ndan kamuya a\u00e7\u0131kland\u0131\u011f\u0131nda.<\/li>\n<li>Bir hakk\u0131n tesisi, kullan\u0131lmas\u0131 veya korunmas\u0131 i\u00e7in zorunlu oldu\u011funda.<\/li>\n<li>\u0130lgili ki\u015finin temel hak ve \u00f6zg\u00fcrl\u00fcklerine zarar vermemek kayd\u0131yla, veri sorumlusunun me\u015fru menfaatleri i\u00e7in veri i\u015flenmesinin zorunlu olmas\u0131.<\/li>\n<\/ul>\n<p>[\/vc_column_text][\/vc_column][\/vc_row][vc_row][vc_column][vc_custom_heading text=&#8221;Ki\u015fisel Veri Toplaman\u0131n Y\u00f6ntemleri ve Hukuki Sebepleri&#8221; font_container=&#8221;tag:h3|text_align:left&#8221; use_theme_fonts=&#8221;yes&#8221; css=&#8221;&#8221;][vc_column_text css=&#8221;&#8221;]Ki\u015fisel verileriniz, web sitemizi ziyaret etti\u011finizde veya herhangi bir s\u00f6zl\u00fc, yaz\u0131l\u0131 veya elektronik ileti\u015fim yoluyla bizimle ileti\u015fime ge\u00e7ti\u011finizde oldu\u011fu gibi \u00e7e\u015fitli yasal nedenler ve y\u00f6ntemlerle toplanmakta ve i\u015flenmektedir. Bu y\u00f6ntemlerle ve hukuki sebeplerle toplanan ki\u015fisel veriler, i\u015fbu Gizlilik Politikas\u0131&#8217;nda belirtilen ama\u00e7larla, KVKK&#8217;n\u0131n 5. ve 6. maddelerinde belirtilen \u015fartlara uygun olarak ve SakoLifeTransfer&#8217;in kanunlardan ve s\u00f6zle\u015fmelerden do\u011fan mesuliyetlerini eksiksiz ve do\u011fru bir \u015fekilde yerine getirebilmesi gayesiyle i\u015flenmektedir.[\/vc_column_text][\/vc_column][\/vc_row][vc_row][vc_column][vc_custom_heading text=&#8221;Ki\u015fisel Verilerin Korunmas\u0131&#8221; font_container=&#8221;tag:h3|text_align:left&#8221; use_theme_fonts=&#8221;yes&#8221; css=&#8221;&#8221;][vc_column_text css=&#8221;&#8221;]SakoLifeTransfer olarak, toplanan ve i\u015flenen ki\u015fisel verilerin yetkisiz eri\u015fime kar\u015f\u0131 korunmas\u0131 ve ilgili taraflar\u0131n zarar g\u00f6rmemesi i\u00e7in gerekli teknik ve idari b\u00fct\u00fcn tedbirleri almaktay\u0131z. Operasyonlar\u0131m\u0131zda kulland\u0131\u011f\u0131m\u0131z yaz\u0131l\u0131mlar\u0131n gerekli teknolojik ve g\u00fcvenlik standartlar\u0131n\u0131 kar\u015f\u0131lamas\u0131n\u0131, \u00e7al\u0131\u015ft\u0131\u011f\u0131m\u0131z \u00fc\u00e7\u00fcnc\u00fc taraflar\u0131n \u00f6zenle se\u00e7ilmesini, \u00e7al\u0131\u015fanlar\u0131m\u0131z\u0131n bu konuda e\u011fitilmesini ve \u015firket i\u00e7inde veri koruma politikam\u0131za ba\u011fl\u0131 kal\u0131nmas\u0131n\u0131 sa\u011fl\u0131yoruz.[\/vc_column_text][\/vc_column][\/vc_row][vc_row][vc_column][vc_custom_heading text=&#8221;Veri Sahibinin Haklar\u0131&#8221; font_container=&#8221;tag:h3|text_align:left&#8221; use_theme_fonts=&#8221;yes&#8221; css=&#8221;&#8221;][vc_column_text css=&#8221;&#8221;]KVKK&#8217;n\u0131n 11. maddesi uyar\u0131nca ki\u015fisel verisi i\u015flenen her ger\u00e7ek ki\u015finin belirli haklar\u0131 bulunmaktad\u0131r. Bu haklar, ki\u015fisel verilerinin i\u015flenip i\u015flenmedi\u011fini \u00f6\u011frenme, ki\u015fisel verileri i\u015flenmi\u015fse buna ili\u015fkin bilgi talep etme, ki\u015fisel verilerin i\u015flenme amac\u0131n\u0131 ve bunlar\u0131n amac\u0131na uygun kullan\u0131l\u0131p kullan\u0131lmad\u0131\u011f\u0131n\u0131 \u00f6\u011frenme, yurt i\u00e7inde veya yurt d\u0131\u015f\u0131nda ki\u015fisel verilerin aktar\u0131ld\u0131\u011f\u0131 \u00fc\u00e7\u00fcnc\u00fc ki\u015fileri bilme, eksik veya yanl\u0131\u015f verilerin d\u00fczeltilmesini isteme haklar\u0131n\u0131 i\u00e7ermektedir, KVKK&#8217;n\u0131n 7. maddesinde \u00f6ng\u00f6r\u00fclen \u015fartlar \u00e7er\u00e7evesinde ki\u015fisel verilerin silinmesini veya yok edilmesini isteme, d\u00fczeltme veya silme i\u015fleminin ki\u015fisel verilerin aktar\u0131ld\u0131\u011f\u0131 \u00fc\u00e7\u00fcnc\u00fc ki\u015filere bildirilmesini isteme, ki\u015fisel verilerin m\u00fcnhas\u0131ran otomatik sistemler vas\u0131tas\u0131yla i\u015flenmesi suretiyle ki\u015finin kendisi aleyhine bir sonucun ortaya \u00e7\u0131kmas\u0131na itiraz etme ve ki\u015fisel verilerin kanuna ayk\u0131r\u0131 olarak i\u015flenmesi sebebiyle zarara u\u011framas\u0131 h\u00e2linde zarar\u0131n giderilmesini talep etme.[\/vc_column_text][\/vc_column][\/vc_row]<\/p>\n<\/div>","protected":false},"excerpt":{"rendered":"<p>[vc_row][vc_column width=&#8221;1\/2&#8243;][vc_custom_heading text=&#8221;SakoLife Transfer Hakk\u0131nda&#8221; font_container=&#8221;tag:h3|text_align:left&#8221; use_theme_fonts=&#8221;yes&#8221; css=&#8221;&#8221;][vc_column_text css=&#8221;&#8221;]SakoLifeTransfer olarak, gizlili\u011finizi korumay\u0131 taahh\u00fct ediyoruz. Web sitemizi ziyaret etti\u011finizde veya bizimle herhangi bir s\u00f6zl\u00fc, yaz\u0131l\u0131 veya elektronik ileti\u015fim yoluyla ileti\u015fime ge\u00e7ti\u011finizde, ki\u015fisel verilerinizi 6698 say\u0131l\u0131 Ki\u015fisel Verilerin Korunmas\u0131 Kanunu (&#8220;KVKK&#8221;) uyar\u0131nca toplayabilir, i\u015fleyebilir, saklayabilir ve koruyabiliriz. Verilerinizi korumak i\u00e7in her t\u00fcrl\u00fc tedbiri alan ve azami hassasiyetle [&#8230;]<\/p>\n","protected":false},"author":3,"featured_media":0,"parent":0,"menu_order":0,"comment_status":"closed","ping_status":"closed","template":"","meta":{"footnotes":""},"class_list":["post-25376","page","type-page","status-publish","hentry"],"_links":{"self":[{"href":"https:\/\/sakolifetransfer.com\/tr\/wp-json\/wp\/v2\/pages\/25376","targetHints":{"allow":["GET"]}}],"collection":[{"href":"https:\/\/sakolifetransfer.com\/tr\/wp-json\/wp\/v2\/pages"}],"about":[{"href":"https:\/\/sakolifetransfer.com\/tr\/wp-json\/wp\/v2\/types\/page"}],"author":[{"embeddable":true,"href":"https:\/\/sakolifetransfer.com\/tr\/wp-json\/wp\/v2\/users\/3"}],"replies":[{"embeddable":true,"href":"https:\/\/sakolifetransfer.com\/tr\/wp-json\/wp\/v2\/comments?post=25376"}],"version-history":[{"count":3,"href":"https:\/\/sakolifetransfer.com\/tr\/wp-json\/wp\/v2\/pages\/25376\/revisions"}],"predecessor-version":[{"id":25501,"href":"https:\/\/sakolifetransfer.com\/tr\/wp-json\/wp\/v2\/pages\/25376\/revisions\/25501"}],"wp:attachment":[{"href":"https:\/\/sakolifetransfer.com\/tr\/wp-json\/wp\/v2\/media?parent=25376"}],"curies":[{"name":"wp","href":"https:\/\/api.w.org\/{rel}","templated":true}]}}