{"id":25426,"date":"2019-10-03T11:35:33","date_gmt":"2019-10-03T11:35:33","guid":{"rendered":"https:\/\/sakolifetransfer.com\/page-not-found\/"},"modified":"2024-07-10T11:15:52","modified_gmt":"2024-07-10T08:15:52","slug":"page-not-found","status":"publish","type":"page","link":"https:\/\/sakolifetransfer.com\/tr\/page-not-found\/","title":{"rendered":"Sayfa Bulunamad\u0131"},"content":{"rendered":"<div class=\"wpb-content-wrapper\"><p>[vc_row][vc_column]\n            <div class=\"theme-component-feature theme-component-feature-style-1\">\n                [vc_row_inner][vc_column_inner]\r\n            <div class=\"theme-component-feature-item\">\r\n                <span class=\"theme-icon-feature-error theme-component-feature-item-icon\"><span><\/span><\/span>\r\n                \r\n            <\/div>\r\n        [\/vc_column_inner][\/vc_row_inner]\n            <\/div>\n        [vc_row_inner el_class=&#8221;aligncenter&#8221;][vc_column_inner el_class=&#8221;aligncenter&#8221;][vc_custom_heading text=&#8221;Hata 404. Sayfa Bulunamad\u0131.&#8221; font_container=&#8221;tag:h3|text_align:center&#8221; use_theme_fonts=&#8221;yes&#8221;][vc_column_text]Arad\u0131\u011f\u0131n\u0131z sayfa bulunam\u0131yor.[\/vc_column_text]\r\n            <div class=\"theme-component-button theme-component-button-style-1 aligncenter theme-margin-top-40\">\r\n                <a href=\"http:\/\/quanticalabs.com\/wp_themes4\/autoride\/\" target=\"_self\">\r\n                    Back To Home\r\n                <\/a>\r\n            <\/div>\r\n        [\/vc_column_inner][\/vc_row_inner][\/vc_column][\/vc_row]<\/p>\n<\/div>","protected":false},"excerpt":{"rendered":"<p>[vc_row][vc_column][vc_row_inner el_class=&#8221;aligncenter&#8221;][vc_column_inner el_class=&#8221;aligncenter&#8221;][vc_custom_heading text=&#8221;Hata 404. Sayfa Bulunamad\u0131.&#8221; font_container=&#8221;tag:h3|text_align:center&#8221; use_theme_fonts=&#8221;yes&#8221;][vc_column_text]Arad\u0131\u011f\u0131n\u0131z sayfa bulunam\u0131yor.[\/vc_column_text][\/vc_column_inner][\/vc_row_inner][\/vc_column][\/vc_row]<\/p>\n","protected":false},"author":5,"featured_media":0,"parent":0,"menu_order":0,"comment_status":"closed","ping_status":"closed","template":"","meta":{"footnotes":""},"class_list":["post-25426","page","type-page","status-publish","hentry"],"_links":{"self":[{"href":"https:\/\/sakolifetransfer.com\/tr\/wp-json\/wp\/v2\/pages\/25426","targetHints":{"allow":["GET"]}}],"collection":[{"href":"https:\/\/sakolifetransfer.com\/tr\/wp-json\/wp\/v2\/pages"}],"about":[{"href":"https:\/\/sakolifetransfer.com\/tr\/wp-json\/wp\/v2\/types\/page"}],"author":[{"embeddable":true,"href":"https:\/\/sakolifetransfer.com\/tr\/wp-json\/wp\/v2\/users\/5"}],"replies":[{"embeddable":true,"href":"https:\/\/sakolifetransfer.com\/tr\/wp-json\/wp\/v2\/comments?post=25426"}],"version-history":[{"count":9,"href":"https:\/\/sakolifetransfer.com\/tr\/wp-json\/wp\/v2\/pages\/25426\/revisions"}],"predecessor-version":[{"id":25447,"href":"https:\/\/sakolifetransfer.com\/tr\/wp-json\/wp\/v2\/pages\/25426\/revisions\/25447"}],"wp:attachment":[{"href":"https:\/\/sakolifetransfer.com\/tr\/wp-json\/wp\/v2\/media?parent=25426"}],"curies":[{"name":"wp","href":"https:\/\/api.w.org\/{rel}","templated":true}]}}