{"id":27038,"date":"2024-09-07T16:39:49","date_gmt":"2024-09-07T13:39:49","guid":{"rendered":"https:\/\/sakolifetransfer.com\/uzun-mesafe-satis-sozlesmesi\/"},"modified":"2024-09-09T19:09:11","modified_gmt":"2024-09-09T16:09:11","slug":"mesafeli-satis-sozlesmesi","status":"publish","type":"page","link":"https:\/\/sakolifetransfer.com\/tr\/mesafeli-satis-sozlesmesi\/","title":{"rendered":"Mesafeli Sat\u0131\u015f S\u00f6zle\u015fmesi"},"content":{"rendered":"<div class=\"wpb-content-wrapper\"><p>[vc_row][vc_column][vc_raw_html css=&#8221;&#8221;]PGRpdj4KCgogICAgPG1ldGEgY2hhcnNldD0iVVRGLTgiPgogICAgPG1ldGEgbmFtZT0idmlld3BvcnQiIGNvbnRlbnQ9IndpZHRoPWRldmljZS13aWR0aCwgaW5pdGlhbC1zY2FsZT0xLjAiPgogICAgPHRpdGxlPk1lc2FmZWxpIFNhdMSxxZ8gU8O2emxlxZ9tZXNpPC90aXRsZT4KICAgIDxzdHlsZT4KICAgICAgICBib2R5IHsKICAgICAgICAgICAgZm9udC1mYW1pbHk6IEFyaWFsLCBzYW5zLXNlcmlmOwogICAgICAgICAgICBsaW5lLWhlaWdodDogMS42OwogICAgICAgICAgICBtYXJnaW46IDIwcHg7CiAgICAgICAgICAgIHBhZGRpbmc6IDA7CiAgICAgICAgICAgIGJhY2tncm91bmQtY29sb3I6ICNmNGY0ZjQ7CiAgICAgICAgfQoKICAgICAgICAuY29udHJhY3QtY29udGFpbmVyIHsKICAgICAgICAgICAgYmFja2dyb3VuZC1jb2xvcjogI2ZmZjsKICAgICAgICAgICAgcGFkZGluZzogMjBweDsKICAgICAgICAgICAgYm9yZGVyLXJhZGl1czogOHB4OwogICAgICAgICAgICBib3gtc2hhZG93OiAwIDAgMTBweCByZ2JhKDAsIDAsIDAsIDAuMSk7CiAgICAgICAgICAgIG1heC13aWR0aDogODAwcHg7CiAgICAgICAgICAgIG1hcmdpbjogYXV0bzsKICAgICAgICB9CgogICAgICAgIGgyIHsKICAgICAgICAgICAgY29sb3I6ICMzMzM7CiAgICAgICAgfQoKICAgICAgICBwIHsKICAgICAgICAgICAgbWFyZ2luLWJvdHRvbTogMTVweDsKICAgICAgICB9CgogICAgICAgIC5zZWN0aW9uLXRpdGxlIHsKICAgICAgICAgICAgZm9udC1zaXplOiAxLjJlbTsKICAgICAgICAgICAgY29sb3I6ICNmZjczMDk7CiAgICAgICAgICAgIG1hcmdpbi1ib3R0b206IDEwcHg7CiAgICAgICAgfQogICAgPC9zdHlsZT4KCgoKPGRpdiBjbGFzcz0iY29udHJhY3QtY29udGFpbmVyIj4KICAgIDxoMj5VWlVOIE1FU0FGRSBTQVRJxZ4gU8OWWkxFxZ5NRVNJzIc8L2gyPgoKICAgIDxwIGNsYXNzPSJzZWN0aW9uLXRpdGxlIj4xLiBTw5ZaTEXFnk1FTknMh04gS09OVVNVPC9wPgogICAgPHA+xLDFn2J1IHPDtnpsZcWfbWVuaW4ga29udXN1LCA2NTAyIHNhecSxbMSxIFTDvGtldGljaWxlcmluIEtvcnVubWFzxLEgSGFra8SxbmRhIEthbnVuIHZlIE1lc2FmZWxpIFPDtnpsZcWfbWVsZXIgWcO2bmV0bWVsacSfaSBow7xrw7xtbGVyaSDDp2Vyw6dldmVzaW5kZSBBTElDSSB0YXJhZsSxbmRhbiBTQVRJQ0kneWEgYWl0IDxzdHJvbmc+d3d3LnNha29saWZldHJhbnNmZXIuY29tPC9zdHJvbmc+IGludGVybmV0IHNpdGVzaSDDvHplcmluZGVuIGVsZWt0cm9uaWsgb3J0YW1kYSBzaXBhcmnFn2kgdmVyaWxlbiB0cmFuc2ZlciBoaXptZXRpbmluIHNhdMSxxZ\/EsSB2ZSB0ZXNsaW1pIGlsZSBpbGdpbGkgb2xhcmFrIHRhcmFmbGFyxLFuIGhhayB2ZSB5w7xrw7xtbMO8bMO8a2xlcmluaW4gc2FwdGFubWFzxLFkxLFyLjwvcD4KCiAgICA8cCBjbGFzcz0ic2VjdGlvbi10aXRsZSI+Mi4gSEnMh1pNRVQgVEFOSU1JPC9wPgogICAgPHA+U0FUSUNJLCBpbnRlcm5ldCBzaXRlc2kgw7x6ZXJpbmRlbiBzYXTEsW4gYWzEsW5hbiB0cmFuc2ZlciBoaXptZXRpbmkgcmV6ZXJ2YXN5b24gc8SxcmFzxLFuZGEgYmVsaXJ0aWxlbiB0YXJpaCwgc2FhdCB2ZSB5ZXIgYmlsZ2lsZXJpbmUgdXlndW4gb2xhcmFrIEFMSUNJJ3lhIHN1bmFyLiBIaXptZXRpbiBrYXBzYW3EsSBBTElDSSduxLFuIHdlYiBzaXRlc2kgw7x6ZXJpbmRlbiB5YXB0xLHEn8SxIHJlemVydmFzeW9uIHZlIG1lc2FmZSBzZcOnaW1pIGlsZSBiZWxpcmxlbmlyLiA8L3A+CgogICAgPHAgY2xhc3M9InNlY3Rpb24tdGl0bGUiPjMuIFJFWkVSVkFTWU9OIFZFIE1FU0FGRSBTRcOHSU1JPC9wPgogICAgPHA+QUxJQ0ksIHdlYiBzaXRlc2kgw7x6ZXJpbmRlbiByZXplcnZhc3lvbiB5YXBhcmFrIHRyYW5zZmVyIGhpem1ldGluaSBzYXTEsW4gYWzEsXIuPGJyPgogICAgPHN0cm9uZz40OCBzYWF0IMO2bmNlc2luZGVuIHJlemVydmFzeW9uIHlhcMSxbG1hc8SxIHpvcnVubHVkdXIuPC9zdHJvbmc+IEFMSUNJJ27EsW4gcmV6ZXJ2YXN5b251IDQ4IHNhYXR0ZW4gZGFoYSBrxLFzYSBiaXIgc8O8cmVkZSB5YXBtYXPEsSBkdXJ1bXVuZGEsIFNBVElDSSBoaXptZXRpIGlwdGFsIGV0bWUgdmV5YSB0YXJpaC9zYWF0IGRlxJ9pxZ90aXJtZSBoYWtrxLFuxLEgc2FrbMSxIHR1dGFyLjwvcD4KCiAgICA8cCBjbGFzcz0ic2VjdGlvbi10aXRsZSI+NC4gSEnMh1pNRVRJzIdOIEZJzIdZQVRJIFZFIMOWREVNRSBLT8WeVUxMQVJJPC9wPgogICAgPHA+U2VydmlzIMO8Y3JldGksIEFMSUNJIHRhcmFmxLFuZGFuIHNlw6dpbGVuIG1lc2FmZSwgZ8O8emVyZ2FoIHZlIGRpxJ9lciBzZXJ2aXMgZGV0YXlsYXLEsW5hIGfDtnJlIGhlc2FwbGFuxLFyLjxicj4gw5ZkZW1lIGtyZWRpIGthcnTEsSwgYmFua2EgaGF2YWxlc2kgdmV5YSB3ZWIgc2l0ZXNpbmRlIHN1bnVsYW4gZGnEn2VyIMO2ZGVtZSB5w7ZudGVtbGVyaXlsZSB5YXDEsWxhYmlsaXIuPC9wPgoKICAgIDxwIGNsYXNzPSJzZWN0aW9uLXRpdGxlIj41LiBDQVlNQSBIQUtLSTwvcD4KICAgIDxwPkFMSUNJLCBoaXptZXRpbiBiYcWfbGFtYXPEsW5kYW4gMjQgc2FhdCDDtm5jZXNpbmUga2FkYXIgY2F5bWEgaGFra8SxbsSxIGt1bGxhbmFiaWxpci4gQnUgZHVydW1kYSBBTElDSSB0YXJhZsSxbmRhbiDDtmRlbmVuIGhpem1ldCBiZWRlbGkgaWFkZSBlZGlsaXIuIDxicj4gQ2F5bWEgaGFra8SxbsSxbiBrdWxsYW7EsWxtYXPEsSwgQUxJQ0knbsSxbiBTQVRJQ0kneWEgeWF6xLFsxLEgb2xhcmFrIHZleWEgZS1wb3N0YSBpbGUgYmlsZGlyaW1kZSBidWx1bm1hc8SxIGlsZSBnZXLDp2VrbGXFn2lyLjwvcD4KCiAgICA8cCBjbGFzcz0ic2VjdGlvbi10aXRsZSI+Ni4gSEnMh1pNRVQgScyHUFRBTEnMhyBWRSBERcSeScyHxZ5JzIdLTEnMh0tMRVI8L3A+CiAgICA8cD5TQVRJQ0ksIG3DvGNiaXIgc2ViZXBsZXIgdmV5YSBvbGHEn2Fuw7xzdMO8IGR1cnVtbGFyIG5lZGVuaXlsZSBoaXptZXRpIGlwdGFsIGV0bWUgdmV5YSB0YXJpaCB2ZSBzYWF0aSBkZcSfacWfdGlybWUgaGFra8SxbsSxIHNha2zEsSB0dXRhci48YnI+IMSwcHRhbCB2ZXlhIGRlxJ9pxZ9pa2xpayBkdXJ1bXVuZGEgQUxJQ0kgYmlsZ2lsZW5kaXJpbGVjZWsgdmUgYWx0ZXJuYXRpZiBiaXIgdGFyaWggdmV5YSBzYWF0IMO2bmVyaWxlY2VrdGlyLiBBTElDSSduxLFuIGJ1IHRla2xpZmkga2FidWwgZXRtZW1lc2kgaGFsaW5kZSBoaXptZXQgYmVkZWxpIGlhZGUgZWRpbGVjZWt0aXIuIDwvcD4KCiAgICA8cCBjbGFzcz0ic2VjdGlvbi10aXRsZSI+Ny4gR0nMh1pMScyHTEnMh0sgVkUgR8OcVkVOTEnMh0s8L3A+CiAgICA8cD5BTElDSSduxLFuIGhpem1ldCBzYXTEsW4gYWzEsXJrZW4gdmVyZGnEn2kga2nFn2lzZWwgYmlsZ2lsZXIgU0FUSUNJIHRhcmFmxLFuZGFuIGdpemxpbGlrIGVzYXNsYXLEsW5hIHV5Z3VuIG9sYXJhayBrb3J1bmFjYWsgdmUgw7zDp8O8bmPDvCBracWfaWxlcmxlIHBheWxhxZ\/EsWxtYXlhY2FrdMSxci48L3A+CjwvZGl2PgoKCgo8L2Rpdj4=[\/vc_raw_html][\/vc_column][\/vc_row]<\/p>\n<\/div>","protected":false},"excerpt":{"rendered":"<p>[vc_row][vc_column][vc_raw_html css=&#8221;&#8221;]PGRpdj4KCgogICAgPG1ldGEgY2hhcnNldD0iVVRGLTgiPgogICAgPG1ldGEgbmFtZT0idmlld3BvcnQiIGNvbnRlbnQ9IndpZHRoPWRldmljZS13aWR0aCwgaW5pdGlhbC1zY2FsZT0xLjAiPgogICAgPHRpdGxlPk1lc2FmZWxpIFNhdMSxxZ8gU8O2emxlxZ9tZXNpPC90aXRsZT4KICAgIDxzdHlsZT4KICAgICAgICBib2R5IHsKICAgICAgICAgICAgZm9udC1mYW1pbHk6IEFyaWFsLCBzYW5zLXNlcmlmOwogICAgICAgICAgICBsaW5lLWhlaWdodDogMS42OwogICAgICAgICAgICBtYXJnaW46IDIwcHg7CiAgICAgICAgICAgIHBhZGRpbmc6IDA7CiAgICAgICAgICAgIGJhY2tncm91bmQtY29sb3I6ICNmNGY0ZjQ7CiAgICAgICAgfQoKICAgICAgICAuY29udHJhY3QtY29udGFpbmVyIHsKICAgICAgICAgICAgYmFja2dyb3VuZC1jb2xvcjogI2ZmZjsKICAgICAgICAgICAgcGFkZGluZzogMjBweDsKICAgICAgICAgICAgYm9yZGVyLXJhZGl1czogOHB4OwogICAgICAgICAgICBib3gtc2hhZG93OiAwIDAgMTBweCByZ2JhKDAsIDAsIDAsIDAuMSk7CiAgICAgICAgICAgIG1heC13aWR0aDogODAwcHg7CiAgICAgICAgICAgIG1hcmdpbjogYXV0bzsKICAgICAgICB9CgogICAgICAgIGgyIHsKICAgICAgICAgICAgY29sb3I6ICMzMzM7CiAgICAgICAgfQoKICAgICAgICBwIHsKICAgICAgICAgICAgbWFyZ2luLWJvdHRvbTogMTVweDsKICAgICAgICB9CgogICAgICAgIC5zZWN0aW9uLXRpdGxlIHsKICAgICAgICAgICAgZm9udC1zaXplOiAxLjJlbTsKICAgICAgICAgICAgY29sb3I6ICNmZjczMDk7CiAgICAgICAgICAgIG1hcmdpbi1ib3R0b206IDEwcHg7CiAgICAgICAgfQogICAgPC9zdHlsZT4KCgoKPGRpdiBjbGFzcz0iY29udHJhY3QtY29udGFpbmVyIj4KICAgIDxoMj5VWlVOIE1FU0FGRSBTQVRJxZ4gU8OWWkxFxZ5NRVNJzIc8L2gyPgoKICAgIDxwIGNsYXNzPSJzZWN0aW9uLXRpdGxlIj4xLiBTw5ZaTEXFnk1FTknMh04gS09OVVNVPC9wPgogICAgPHA+xLDFn2J1IHPDtnpsZcWfbWVuaW4ga29udXN1LCA2NTAyIHNhecSxbMSxIFTDvGtldGljaWxlcmluIEtvcnVubWFzxLEgSGFra8SxbmRhIEthbnVuIHZlIE1lc2FmZWxpIFPDtnpsZcWfbWVsZXIgWcO2bmV0bWVsacSfaSBow7xrw7xtbGVyaSDDp2Vyw6dldmVzaW5kZSBBTElDSSB0YXJhZsSxbmRhbiBTQVRJQ0kneWEgYWl0IDxzdHJvbmc+d3d3LnNha29saWZldHJhbnNmZXIuY29tPC9zdHJvbmc+IGludGVybmV0IHNpdGVzaSDDvHplcmluZGVuIGVsZWt0cm9uaWsgb3J0YW1kYSBzaXBhcmnFn2kgdmVyaWxlbiB0cmFuc2ZlciBoaXptZXRpbmluIHNhdMSxxZ\/EsSB2ZSB0ZXNsaW1pIGlsZSBpbGdpbGkgb2xhcmFrIHRhcmFmbGFyxLFuIGhhayB2ZSB5w7xrw7xtbMO8bMO8a2xlcmluaW4gc2FwdGFubWFzxLFkxLFyLjwvcD4KCiAgICA8cCBjbGFzcz0ic2VjdGlvbi10aXRsZSI+Mi4gSEnMh1pNRVQgVEFOSU1JPC9wPgogICAgPHA+U0FUSUNJLCBpbnRlcm5ldCBzaXRlc2kgw7x6ZXJpbmRlbiBzYXTEsW4gYWzEsW5hbiB0cmFuc2ZlciBoaXptZXRpbmkgcmV6ZXJ2YXN5b24gc8SxcmFzxLFuZGEgYmVsaXJ0aWxlbiB0YXJpaCwgc2FhdCB2ZSB5ZXIgYmlsZ2lsZXJpbmUgdXlndW4gb2xhcmFrIEFMSUNJJ3lhIHN1bmFyLiBIaXptZXRpbiBrYXBzYW3EsSBBTElDSSduxLFuIHdlYiBzaXRlc2kgw7x6ZXJpbmRlbiB5YXB0xLHEn8SxIHJlemVydmFzeW9uIHZlIG1lc2FmZSBzZcOnaW1pIGlsZSBiZWxpcmxlbmlyLiA8L3A+CgogICAgPHAgY2xhc3M9InNlY3Rpb24tdGl0bGUiPjMuIFJFWkVSVkFTWU9OIFZFIE1FU0FGRSBTRcOHSU1JPC9wPgogICAgPHA+QUxJQ0ksIHdlYiBzaXRlc2kgw7x6ZXJpbmRlbiByZXplcnZhc3lvbiB5YXBhcmFrIHRyYW5zZmVyIGhpem1ldGluaSBzYXTEsW4gYWzEsXIuPGJyPgogICAgPHN0cm9uZz40OCBzYWF0IMO2bmNlc2luZGVuIHJlemVydmFzeW9uIHlhcMSxbG1hc8SxIHpvcnVubHVkdXIuPC9zdHJvbmc+IEFMSUNJJ27EsW4gcmV6ZXJ2YXN5b251IDQ4IHNhYXR0ZW4gZGFoYSBrxLFzYSBiaXIgc8O8cmVkZSB5YXBtYXPEsSBkdXJ1bXVuZGEsIFNBVElDSSBoaXptZXRpIGlwdGFsIGV0bWUgdmV5YSB0YXJpaC9zYWF0IGRlxJ9pxZ90aXJtZSBoYWtrxLFuxLEgc2FrbMSxIHR1dGFyLjwvcD4KCiAgICA8cCBjbGFzcz0ic2VjdGlvbi10aXRsZSI+NC4gSEnMh1pNRVRJzIdOIEZJzIdZQVRJIFZFIMOWREVNRSBLT8WeVUxMQVJJPC9wPgogICAgPHA+U2VydmlzIMO8Y3JldGksIEFMSUNJIHRhcmFmxLFuZGFuIHNlw6dpbGVuIG1lc2FmZSwgZ8O8emVyZ2FoIHZlIGRpxJ9lciBzZXJ2aXMgZGV0YXlsYXLEsW5hIGfDtnJlIGhlc2FwbGFuxLFyLjxicj4gw5ZkZW1lIGtyZWRpIGthcnTEsSwgYmFua2EgaGF2YWxlc2kgdmV5YSB3ZWIgc2l0ZXNpbmRlIHN1bnVsYW4gZGnEn2VyIMO2ZGVtZSB5w7ZudGVtbGVyaXlsZSB5YXDEsWxhYmlsaXIuPC9wPgoKICAgIDxwIGNsYXNzPSJzZWN0aW9uLXRpdGxlIj41LiBDQVlNQSBIQUtLSTwvcD4KICAgIDxwPkFMSUNJLCBoaXptZXRpbiBiYcWfbGFtYXPEsW5kYW4gMjQgc2FhdCDDtm5jZXNpbmUga2FkYXIgY2F5bWEgaGFra8SxbsSxIGt1bGxhbmFiaWxpci4gQnUgZHVydW1kYSBBTElDSSB0YXJhZsSxbmRhbiDDtmRlbmVuIGhpem1ldCBiZWRlbGkgaWFkZSBlZGlsaXIuIDxicj4gQ2F5bWEgaGFra8SxbsSxbiBrdWxsYW7EsWxtYXPEsSwgQUxJQ0knbsSxbiBTQVRJQ0kneWEgeWF6xLFsxLEgb2xhcmFrIHZleWEgZS1wb3N0YSBpbGUgYmlsZGlyaW1kZSBidWx1bm1hc8SxIGlsZSBnZXLDp2VrbGXFn2lyLjwvcD4KCiAgICA8cCBjbGFzcz0ic2VjdGlvbi10aXRsZSI+Ni4gSEnMh1pNRVQgScyHUFRBTEnMhyBWRSBERcSeScyHxZ5JzIdLTEnMh0tMRVI8L3A+CiAgICA8cD5TQVRJQ0ksIG3DvGNiaXIgc2ViZXBsZXIgdmV5YSBvbGHEn2Fuw7xzdMO8IGR1cnVtbGFyIG5lZGVuaXlsZSBoaXptZXRpIGlwdGFsIGV0bWUgdmV5YSB0YXJpaCB2ZSBzYWF0aSBkZcSfacWfdGlybWUgaGFra8SxbsSxIHNha2zEsSB0dXRhci48YnI+IMSwcHRhbCB2ZXlhIGRlxJ9pxZ9pa2xpayBkdXJ1bXVuZGEgQUxJQ0kgYmlsZ2lsZW5kaXJpbGVjZWsgdmUgYWx0ZXJuYXRpZiBiaXIgdGFyaWggdmV5YSBzYWF0IMO2bmVyaWxlY2VrdGlyLiBBTElDSSduxLFuIGJ1IHRla2xpZmkga2FidWwgZXRtZW1lc2kgaGFsaW5kZSBoaXptZXQgYmVkZWxpIGlhZGUgZWRpbGVjZWt0aXIuIDwvcD4KCiAgICA8cCBjbGFzcz0ic2VjdGlvbi10aXRsZSI+Ny4gR0nMh1pMScyHTEnMh0sgVkUgR8OcVkVOTEnMh0s8L3A+CiAgICA8cD5BTElDSSduxLFuIGhpem1ldCBzYXTEsW4gYWzEsXJrZW4gdmVyZGnEn2kga2nFn2lzZWwgYmlsZ2lsZXIgU0FUSUNJIHRhcmFmxLFuZGFuIGdpemxpbGlrIGVzYXNsYXLEsW5hIHV5Z3VuIG9sYXJhayBrb3J1bmFjYWsgdmUgw7zDp8O8bmPDvCBracWfaWxlcmxlIHBheWxhxZ\/EsWxtYXlhY2FrdMSxci48L3A+CjwvZGl2PgoKCgo8L2Rpdj4=[\/vc_raw_html][\/vc_column][\/vc_row]<\/p>\n","protected":false},"author":5,"featured_media":0,"parent":0,"menu_order":0,"comment_status":"closed","ping_status":"closed","template":"","meta":{"footnotes":""},"class_list":["post-27038","page","type-page","status-publish","hentry"],"_links":{"self":[{"href":"https:\/\/sakolifetransfer.com\/tr\/wp-json\/wp\/v2\/pages\/27038","targetHints":{"allow":["GET"]}}],"collection":[{"href":"https:\/\/sakolifetransfer.com\/tr\/wp-json\/wp\/v2\/pages"}],"about":[{"href":"https:\/\/sakolifetransfer.com\/tr\/wp-json\/wp\/v2\/types\/page"}],"author":[{"embeddable":true,"href":"https:\/\/sakolifetransfer.com\/tr\/wp-json\/wp\/v2\/users\/5"}],"replies":[{"embeddable":true,"href":"https:\/\/sakolifetransfer.com\/tr\/wp-json\/wp\/v2\/comments?post=27038"}],"version-history":[{"count":3,"href":"https:\/\/sakolifetransfer.com\/tr\/wp-json\/wp\/v2\/pages\/27038\/revisions"}],"predecessor-version":[{"id":27059,"href":"https:\/\/sakolifetransfer.com\/tr\/wp-json\/wp\/v2\/pages\/27038\/revisions\/27059"}],"wp:attachment":[{"href":"https:\/\/sakolifetransfer.com\/tr\/wp-json\/wp\/v2\/media?parent=27038"}],"curies":[{"name":"wp","href":"https:\/\/api.w.org\/{rel}","templated":true}]}}